{"id":1473,"date":"2018-11-05T12:20:14","date_gmt":"2018-11-05T11:20:14","guid":{"rendered":"http:\/\/bandyforbundet.no\/bandy\/?page_id=1473"},"modified":"2024-02-07T11:43:44","modified_gmt":"2024-02-07T11:43:44","slug":"serier-6","status":"publish","type":"page","link":"https:\/\/bandyforbundet.no\/bandy\/?page_id=1473","title":{"rendered":"Serier"},"content":{"rendered":"<div class=\"msswb-link-box-grid-frontend-app-v2\" data-url-encoded-attrs=\"%7B%22maxCols%22%3A5%2C%22showTitle%22%3Atrue%2C%22titleColor%22%3A%22%23ffffff%22%2C%22useColorBackground%22%3Atrue%2C%22bgColor%22%3A%22%23353486%22%2C%22overlayColor%22%3A%7B%22r%22%3A69%2C%22g%22%3A126%2C%22b%22%3A191%2C%22a%22%3A0.1%7D%2C%22linkBoxes%22%3A%5B%7B%22link_type%22%3A%22page%22%2C%22blog_id%22%3A4%2C%22ID%22%3A1476%2C%22link%22%3A%22https%3A%2F%2Fbandyforbundet.no%2Fbandy%3Fpage_id%3D1476%22%2C%22image%22%3A%7B%22image_id%22%3A898%2C%22blog_id%22%3A4%2C%22term_id%22%3A101%7D%2C%22featuredImage%22%3Afalse%2C%22showTitle%22%3Atrue%2C%22showAltTitle%22%3Afalse%2C%22altTitle%22%3A%22Neste%20kamper%20LIVE%22%7D%2C%7B%22link_type%22%3A%22url%22%2C%22blog_id%22%3Afalse%2C%22ID%22%3Afalse%2C%22link%22%3A%22https%3A%2F%2Fwp.nif.no%2FPageTournamentsAvansert.aspx%3Fsfid%3D352%26seasonId%3D201013%26autoSearch%3Dtrue%26showSearchPane%3Dfalse%26showHeader%3Dfalse%26showGenerateUrl%3Dfalse%26showInfoPane%3Dfalse%26showPager%3Dfalse%26showToggleSearch%3Dfalse%26showPrintButton%3Dfalse%26showColumns%3D1%26design%3D15%26tournamentName%3DNBF%22%2C%22image%22%3A%7B%22image_id%22%3A1240%2C%22blog_id%22%3A4%2C%22term_id%22%3A107%7D%2C%22featuredImage%22%3Afalse%2C%22showTitle%22%3Atrue%2C%22showAltTitle%22%3Atrue%2C%22altTitle%22%3A%22Alle%20serier%20NBF%22%7D%2C%7B%22link_type%22%3A%22url%22%2C%22blog_id%22%3Afalse%2C%22ID%22%3Afalse%2C%22link%22%3A%22https%3A%2F%2Fwp.nif.no%2FPageTournamentsAvansert.aspx%3Fsfid%3D352%26seasonId%3D201013%26autoSearch%3Dtrue%26showSearchPane%3Dfalse%26showHeader%3Dfalse%26showGenerateUrl%3Dfalse%26showInfoPane%3Dfalse%26showPager%3Dfalse%26showToggleSearch%3Dfalse%26showPrintButton%3Dfalse%26showColumns%3D1%26design%3D15%26tournamentName%3DOslo%20og%20Akershus%22%2C%22image%22%3Afalse%2C%22featuredImage%22%3Afalse%2C%22from_shared%22%3Atrue%2C%22showAltTitle%22%3Atrue%2C%22altTitle%22%3A%22Alle%20serier%20Oslo%20%26%20Akershus%22%7D%2C%7B%22link_type%22%3A%22url%22%2C%22blog_id%22%3Afalse%2C%22ID%22%3Afalse%2C%22link%22%3A%22https%3A%2F%2Fwp.nif.no%2FPageTournamentsAvansert.aspx%3Fsfid%3D352%26seasonId%3D201013%26autoSearch%3Dtrue%26showSearchPane%3Dfalse%26showHeader%3Dfalse%26showGenerateUrl%3Dfalse%26showInfoPane%3Dfalse%26showPager%3Dfalse%26showToggleSearch%3Dfalse%26showPrintButton%3Dfalse%26showColumns%3D1%26design%3D15%26tournamentName%3DBuskerud%22%2C%22image%22%3Afalse%2C%22featuredImage%22%3Afalse%2C%22from_shared%22%3Atrue%2C%22showAltTitle%22%3Atrue%2C%22altTitle%22%3A%22Alle%20serier%20Buskerud%22%7D%2C%7B%22link_type%22%3A%22page%22%2C%22blog_id%22%3A4%2C%22ID%22%3A1478%2C%22link%22%3A%22https%3A%2F%2Fbandyforbundet.no%2Fbandy%3Fpage_id%3D1478%22%2C%22image%22%3A%7B%22image_id%22%3A897%2C%22blog_id%22%3A4%2C%22term_id%22%3A101%7D%2C%22featuredImage%22%3Afalse%2C%22showTitle%22%3Atrue%2C%22showAltTitle%22%3Atrue%2C%22altTitle%22%3A%22Spiller-%20og%20lagstatistikk%2023%2F24%22%7D%5D%7D\" ><\/div>\n\n\n<div style=\"height:50px\" aria-hidden=\"true\" class=\"wp-block-spacer\"><\/div>\n\n\n\n<p>I boksene over finner man linker til resultater og tabeller for alle bandyseriene sesongen 2023\/2024.<\/p>\n\n\n\n<p>For de kampene som blir f\u00f8rt med elektronisk kampskjema (BandyLive) vil man ved \u00e5 trykke p\u00e5 kampnummeret for en kamp, komme til en side med kampfakta for den aktuelle kampen.<\/p>\n\n\n\n<p>For \u00e5 f\u00e5 enda bedre oversikt over hva som skjer med dine favorittlag, anbefaler vi mobilappen MinBandy som kan lastes ned fra App Store eller Google Play.<\/p>\n\n\n\n<div style=\"height:27px\" aria-hidden=\"true\" class=\"wp-block-spacer\"><\/div>\n\n\n\n<p><strong>Hvem og hvordan kan man f\u00f8re elektronisk kampskjema (BandyLive)?<\/strong><\/p>\n\n\n\n<p>I utgangspunktet skal alle sekretariat f\u00f8re elektronisk kampskjema for alle kamper, og vi henviser til v\u00e5re <a href=\"https:\/\/bandyforbundet.no\/bandy\/?page_id=1497\">brukerveiledninger<\/a> for hvordan man raskt kan komme igang med dette.<\/p>\n","protected":false},"excerpt":{"rendered":"<p>I boksene over finner man linker til resultater og tabeller for alle bandyseriene sesongen 2023\/2024. For de kampene som blir f\u00f8rt med elektronisk kampskjema (BandyLive) vil man ved \u00e5 trykke p\u00e5 kampnummeret for en kamp, komme til en side med kampfakta for den aktuelle kampen. For \u00e5 f\u00e5 enda bedre oversikt over hva som skjer [&hellip;]<\/p>\n","protected":false},"author":16,"featured_media":0,"parent":1463,"menu_order":0,"comment_status":"closed","ping_status":"closed","template":"templates\/template-cover.php","meta":{"cover_meta":"{\"showBackgroundImage\":true,\"bgImage\":{\"image_id\":344,\"blog_id\":4,\"term_id\":107,\"selected_size\":\"full\"},\"showOverlay\":true,\"overlayColor\":\"#353486\",\"overlayOpacity\":0.8,\"showIntro\":false,\"introColor\":\"white\",\"intro\":\"\",\"title\":\"SERIER\",\"titleColor\":\"white\",\"showOutro\":true,\"outroColor\":\"white\",\"outro\":\"Bandy\"}","footnotes":""},"class_list":["post-1473","page","type-page","status-publish","hentry"],"_links":{"self":[{"href":"https:\/\/bandyforbundet.no\/bandy\/index.php?rest_route=\/wp\/v2\/pages\/1473","targetHints":{"allow":["GET"]}}],"collection":[{"href":"https:\/\/bandyforbundet.no\/bandy\/index.php?rest_route=\/wp\/v2\/pages"}],"about":[{"href":"https:\/\/bandyforbundet.no\/bandy\/index.php?rest_route=\/wp\/v2\/types\/page"}],"author":[{"embeddable":true,"href":"https:\/\/bandyforbundet.no\/bandy\/index.php?rest_route=\/wp\/v2\/users\/16"}],"replies":[{"embeddable":true,"href":"https:\/\/bandyforbundet.no\/bandy\/index.php?rest_route=%2Fwp%2Fv2%2Fcomments&post=1473"}],"version-history":[{"count":21,"href":"https:\/\/bandyforbundet.no\/bandy\/index.php?rest_route=\/wp\/v2\/pages\/1473\/revisions"}],"predecessor-version":[{"id":6198,"href":"https:\/\/bandyforbundet.no\/bandy\/index.php?rest_route=\/wp\/v2\/pages\/1473\/revisions\/6198"}],"up":[{"embeddable":true,"href":"https:\/\/bandyforbundet.no\/bandy\/index.php?rest_route=\/wp\/v2\/pages\/1463"}],"wp:attachment":[{"href":"https:\/\/bandyforbundet.no\/bandy\/index.php?rest_route=%2Fwp%2Fv2%2Fmedia&parent=1473"}],"curies":[{"name":"wp","href":"https:\/\/api.w.org\/{rel}","templated":true}]}}