{"id":1476,"date":"2018-11-05T12:26:27","date_gmt":"2018-11-05T11:26:27","guid":{"rendered":"http:\/\/bandyforbundet.no\/bandy\/?page_id=1476"},"modified":"2023-11-07T09:06:00","modified_gmt":"2023-11-07T09:06:00","slug":"neste-kamper-live","status":"publish","type":"page","link":"https:\/\/bandyforbundet.no\/bandy\/?page_id=1476","title":{"rendered":"Neste kamper LIVE"},"content":{"rendered":"<div class=\"msswb-link-box-grid-frontend-app-v2\" data-url-encoded-attrs=\"%7B%22maxCols%22%3A6%2C%22showTitle%22%3Atrue%2C%22titleColor%22%3A%22%23ffffff%22%2C%22useColorBackground%22%3Atrue%2C%22bgColor%22%3A%22%23353486%22%2C%22overlayColor%22%3A%7B%22r%22%3A69%2C%22g%22%3A126%2C%22b%22%3A191%2C%22a%22%3A0.1%7D%2C%22linkBoxes%22%3A%5B%7B%22link_type%22%3A%22url%22%2C%22blog_id%22%3Afalse%2C%22ID%22%3Afalse%2C%22link%22%3A%22https%3A%2F%2Fwp.nif.no%2FPageMatchAvansert.aspx%3FtournamentName%3Delite%2520menn%26sfid%3D352%26seasonId%3D201013%26autoSearch%3Dtrue%26showColumns%3D1%2C2%2C6%2C7%2C9%2C12%26showSearchPane%3Dfalse%26showHeader%3Dfalse%26showGenerateUrl%3Dfalse%26showInfoPane%3Dfalse%26showPager%3Dfalse%26showToggleSearch%3Dfalse%26showPrintButton%3Dfalse%26fromDays%3D-1%26toDays%3D15%26pageSize%3D100%26fontSize%3D2%26design%3D15%22%2C%22image%22%3A%7B%22image_id%22%3A898%2C%22blog_id%22%3A4%2C%22term_id%22%3A101%7D%2C%22featuredImage%22%3Afalse%2C%22showTitle%22%3Atrue%2C%22showAltTitle%22%3Atrue%2C%22altTitle%22%3A%22Neste%20kamper%20LIVE%20Eliteserien%20menn%22%7D%2C%7B%22link_type%22%3A%22url%22%2C%22blog_id%22%3Afalse%2C%22ID%22%3Afalse%2C%22link%22%3A%22https%3A%2F%2Fwp.nif.no%2FPageMatchAvansert.aspx%3FtournamentName%3Ddameserien%26sfid%3D352%26seasonId%3D201013%26autoSearch%3Dtrue%26showColumns%3D1%2C2%2C6%2C7%2C9%2C12%26showSearchPane%3Dfalse%26showHeader%3Dfalse%26showGenerateUrl%3Dfalse%26showInfoPane%3Dfalse%26showPager%3Dfalse%26showToggleSearch%3Dfalse%26showPrintButton%3Dfalse%26fromDays%3D-1%26toDays%3D15%26pageSize%3D100%26fontSize%3D2%26design%3D15%22%2C%22image%22%3A%7B%22image_id%22%3A898%2C%22blog_id%22%3A4%2C%22term_id%22%3A101%7D%2C%22featuredImage%22%3Afalse%2C%22showTitle%22%3Atrue%2C%22showAltTitle%22%3Atrue%2C%22altTitle%22%3A%22Neste%20kamper%20LIVE%20Dameserien%22%7D%2C%7B%22link_type%22%3A%22url%22%2C%22blog_id%22%3Afalse%2C%22ID%22%3Afalse%2C%22link%22%3A%22https%3A%2F%2Fwp.nif.no%2FPageMatchAvansert.aspx%3FautoSearch%3Dtrue%26showSearchPane%3Dfalse%26showInfoPane%3Dfalse%26showPager%3Dfalse%26pageSize%3D100%26showColumns%3D1%2C2%2C6%2C7%2C9%2C12%26fontSize%3D2%26showHeader%3Dfalse%26design%3D15%26showGenerateUrl%3Dfalse%26fromDays%3D-1%26toDays%3D15%26showToggleSearch%3Dfalse%26showPrintButton%3Dfalse%26tournamentName%3D1.%20divisjon%26sfid%3D352%26seasonId%3D201013%22%2C%22image%22%3A%7B%22image_id%22%3A898%2C%22blog_id%22%3A4%2C%22term_id%22%3A101%7D%2C%22featuredImage%22%3Afalse%2C%22showTitle%22%3Atrue%2C%22showAltTitle%22%3Atrue%2C%22altTitle%22%3A%22Neste%20kamper%20LIVE%201.divisjon%20menn%22%7D%2C%7B%22link_type%22%3A%22url%22%2C%22blog_id%22%3Afalse%2C%22ID%22%3Afalse%2C%22link%22%3A%22https%3A%2F%2Fwp.nif.no%2FPageMatchAvansert.aspx%3FautoSearch%3Dtrue%26showSearchPane%3Dfalse%26showInfoPane%3Dfalse%26showPager%3Dfalse%26pageSize%3D100%26showColumns%3D1%2C2%2C6%2C7%2C9%2C12%26fontSize%3D2%26showHeader%3Dfalse%26design%3D15%26showGenerateUrl%3Dfalse%26fromDays%3D-1%26toDays%3D15%26showToggleSearch%3Dfalse%26showPrintButton%3Dfalse%26tournamentName%3DNBF%20%C3%98stlandsserien%20Damer%26sfid%3D352%26seasonId%3D201013%22%2C%22image%22%3Afalse%2C%22featuredImage%22%3Afalse%2C%22from_shared%22%3Atrue%2C%22showAltTitle%22%3Atrue%2C%22altTitle%22%3A%22%C3%98stlands-%20serien%20Damer%22%7D%2C%7B%22link_type%22%3A%22url%22%2C%22blog_id%22%3Afalse%2C%22ID%22%3Afalse%2C%22link%22%3A%22https%3A%2F%2Fwp.nif.no%2FPageMatchAvansert.aspx%3FautoSearch%3Dtrue%26showSearchPane%3Dfalse%26showInfoPane%3Dfalse%26showPager%3Dfalse%26pageSize%3D100%26showColumns%3D1%2C2%2C6%2C7%2C9%2C12%2C5%26fontSize%3D2%26showHeader%3Dfalse%26design%3D15%26showGenerateUrl%3Dfalse%26showFilters%3Dtrue%26fromDays%3D-1%26toDays%3D10%26showToggleSearch%3Dfalse%26showPrintButton%3Dfalse%26sfid%3D352%26seasonId%3D201013%22%2C%22image%22%3A%7B%22image_id%22%3A898%2C%22blog_id%22%3A4%2C%22term_id%22%3A101%7D%2C%22featuredImage%22%3Afalse%2C%22showTitle%22%3Atrue%2C%22showAltTitle%22%3Atrue%2C%22altTitle%22%3A%22Neste%20kamper%20LIVE%20Alle%20kamper%22%7D%2C%7B%22link_type%22%3A%22page%22%2C%22blog_id%22%3A4%2C%22ID%22%3A1497%2C%22link%22%3A%22https%3A%2F%2Fbandyforbundet.no%2Fbandy%2F%3Fpage_id%3D1497%22%2C%22image%22%3Afalse%2C%22featuredImage%22%3Afalse%2C%22from_shared%22%3Atrue%2C%22showAltTitle%22%3Atrue%2C%22altTitle%22%3A%22Bruker-%20veiledninger%20for%20%C3%A5%20f%C3%B8re%20elektronisk%20kampskjema%22%7D%5D%7D\" ><\/div>\n\n\n<div style=\"height:50px\" aria-hidden=\"true\" class=\"wp-block-spacer\"><\/div>\n\n\n\n<p>Fra og med sesongen 2018\/2019 startet bandy \u00e5 benytte seg av elektronisk kampskjema, ogs\u00e5 kalt BandyLive.<\/p>\n\n\n\n<p>Med f\u00f8ring av kamper i BandyLive er det mulig \u00e5 f\u00f8lge alle bandykamper, p\u00e5 alle niv\u00e5er, direkte med kampfakta underveis i kampene.<\/p>\n\n\n\n<p>I boksene over finner man kamper de 10 neste dagene for forskjellige utvalg. Trykk p\u00e5 linken \u00abKampinfo\u00bb for en kamp og man vil komme til en live-side med lagoppstillinger og kamphendelser.<\/p>\n\n\n\n<p>For \u00e5 f\u00e5 enda bedre oversikt over hva som skjer med dine favorittlag, anbefaler vi mobilappen MinBandy som kan lastes ned fra App Store eller Google Play.<\/p>\n\n\n\n<p>Vi oppforder klubber og lag om \u00e5 sette seg inn i brukerveiledningene som er utarbeidet.<\/p>\n\n\n\n<p>Vi ber om at alle lagledere registrerer sin spillerstall inn i Turneringsadmin, da dette enkler f\u00f8ringen. L\u00e6r mer her:<\/p>\n\n\n\n<div class=\"wp-block-msswb-panel msswb-panel-container\"><div class=\"mwwsb-panel-header\"><div class=\"mwwsb-panel-title\">Hvordan legge inn spillerstall i TA<\/div><div class=\"mwwsb-panel-icon\"><span class=\"dashicon dashicons dashicons-arrow-down-alt2\"><\/span><\/div><\/div><div class=\"msswb-panel-content\"><div class=\"msswb-display-internal-post-frontend-app-v2\" data-url-encoded-attrs=\"%7B%22displayInternalPost%22%3A%7B%22blog_id%22%3A3%2C%22ID%22%3A4913%7D%7D\" data-dip-id=\"\" ><\/div><\/div><\/div>\n","protected":false},"excerpt":{"rendered":"<p>Fra og med sesongen 2018\/2019 startet bandy \u00e5 benytte seg av elektronisk kampskjema, ogs\u00e5 kalt BandyLive. Med f\u00f8ring av kamper i BandyLive er det mulig \u00e5 f\u00f8lge alle bandykamper, p\u00e5 alle niv\u00e5er, direkte med kampfakta underveis i kampene. I boksene over finner man kamper de 10 neste dagene for forskjellige utvalg. Trykk p\u00e5 linken \u00abKampinfo\u00bb [&hellip;]<\/p>\n","protected":false},"author":16,"featured_media":0,"parent":1473,"menu_order":0,"comment_status":"closed","ping_status":"closed","template":"templates\/template-cover.php","meta":{"cover_meta":"{\"showBackgroundImage\":true,\"bgImage\":{\"image_id\":3297,\"blog_id\":4,\"term_id\":96,\"selected_size\":\"full\"},\"showOverlay\":true,\"overlayColor\":\"#353486\",\"overlayOpacity\":0.8,\"showIntro\":false,\"introColor\":\"white\",\"intro\":\"\",\"title\":\"Neste kamper LIVE\",\"titleColor\":\"white\",\"showOutro\":true,\"outroColor\":\"white\",\"outro\":\"Bandy\"}","footnotes":""},"class_list":["post-1476","page","type-page","status-publish","hentry"],"_links":{"self":[{"href":"https:\/\/bandyforbundet.no\/bandy\/index.php?rest_route=\/wp\/v2\/pages\/1476","targetHints":{"allow":["GET"]}}],"collection":[{"href":"https:\/\/bandyforbundet.no\/bandy\/index.php?rest_route=\/wp\/v2\/pages"}],"about":[{"href":"https:\/\/bandyforbundet.no\/bandy\/index.php?rest_route=\/wp\/v2\/types\/page"}],"author":[{"embeddable":true,"href":"https:\/\/bandyforbundet.no\/bandy\/index.php?rest_route=\/wp\/v2\/users\/16"}],"replies":[{"embeddable":true,"href":"https:\/\/bandyforbundet.no\/bandy\/index.php?rest_route=%2Fwp%2Fv2%2Fcomments&post=1476"}],"version-history":[{"count":13,"href":"https:\/\/bandyforbundet.no\/bandy\/index.php?rest_route=\/wp\/v2\/pages\/1476\/revisions"}],"predecessor-version":[{"id":5798,"href":"https:\/\/bandyforbundet.no\/bandy\/index.php?rest_route=\/wp\/v2\/pages\/1476\/revisions\/5798"}],"up":[{"embeddable":true,"href":"https:\/\/bandyforbundet.no\/bandy\/index.php?rest_route=\/wp\/v2\/pages\/1473"}],"wp:attachment":[{"href":"https:\/\/bandyforbundet.no\/bandy\/index.php?rest_route=%2Fwp%2Fv2%2Fmedia&parent=1476"}],"curies":[{"name":"wp","href":"https:\/\/api.w.org\/{rel}","templated":true}]}}