{"id":1481,"date":"2016-09-05T10:26:50","date_gmt":"2016-09-05T08:26:50","guid":{"rendered":"http:\/\/bandyforbundet.no\/bandy\/?page_id=1481"},"modified":"2021-06-26T16:35:58","modified_gmt":"2021-06-26T16:35:58","slug":"cuper","status":"publish","type":"page","link":"https:\/\/bandyforbundet.no\/bandy\/?page_id=1481","title":{"rendered":"Turneringer\/cuper"},"content":{"rendered":"<div class=\"msswb-link-box-grid-frontend-app-v2\" data-url-encoded-attrs=\"%7B%22maxCols%22%3A3%2C%22linkBoxes%22%3A%5B%7B%22link_type%22%3A%22page%22%2C%22blog_id%22%3A4%2C%22ID%22%3A1475%2C%22link%22%3A%22https%3A%5C%2F%5C%2Fbandyforbundet.no%5C%2Fbandy%3Fpage_id%3D1475%22%2C%22image%22%3A%7B%22image_id%22%3A1317%2C%22blog_id%22%3A4%2C%22term_id%22%3A102%7D%2C%22featuredImage%22%3Afalse%2C%22showTitle%22%3Atrue%2C%22showAltTitle%22%3Afalse%2C%22altTitle%22%3A%22S%5Cu00f8knad%20om%20cup%5C%2Fturnering%22%7D%2C%7B%22link_type%22%3A%22page%22%2C%22blog_id%22%3A4%2C%22ID%22%3A1477%2C%22link%22%3A%22https%3A%5C%2F%5C%2Fbandyforbundet.no%5C%2Fbandy%3Fpage_id%3D1477%22%2C%22image%22%3A%7B%22image_id%22%3A1166%2C%22blog_id%22%3A3%2C%22term_id%22%3A178%7D%2C%22featuredImage%22%3Afalse%2C%22showTitle%22%3Atrue%2C%22showAltTitle%22%3Afalse%2C%22altTitle%22%3A%22Retningslinjer%20for%20cuper%20og%20turneringer%22%7D%2C%7B%22link_type%22%3A%22post%22%2C%22blog_id%22%3A%224%22%2C%22ID%22%3A2145%2C%22link%22%3A%22https%3A%5C%2F%5C%2Fbandyforbundet.no%5C%2Fbandy%3Fp%3D2145%22%2C%22image%22%3A%7B%22image_id%22%3A1059%2C%22blog_id%22%3A4%2C%22term_id%22%3A105%7D%2C%22featuredImage%22%3A%7B%22image_id%22%3A1059%2C%22blog_id%22%3A4%2C%22term_id%22%3A105%7D%2C%22showTitle%22%3Atrue%2C%22showAltTitle%22%3Afalse%2C%22altTitle%22%3A%22Skolemesterskap%22%7D%5D%2C%22showTitle%22%3Atrue%7D\" ><\/div><div style=\"height:50px\" aria-hidden=\"true\" class=\"wp-block-spacer\"><\/div><p><strong>Innskjerping cuper &#8211; Barneidrettsbestemmelser<\/strong><\/p>\n<p>Forbundet \u00f8nsker fortsatt \u00e5 skjerpe kravene til lokale cuper for barn. Det varsles en tettere oppf\u00f8lging mht kravene som stilles ifm cuper for yngre.<\/p>\n<h4 class=\"wp-block-heading\">Se Idrettsforbundets Barneidrettsbestemmelser her:<\/h4><div class=\"wp-block-buttons aligncenter\"><div class=\"wp-block-button\"><a class=\"wp-block-button__link\" href=\"https:\/\/www.idrettsforbundet.no\/tema\/barneidrett\/\" style=\"border-radius:10px\" target=\"_blank\" rel=\"noopener\">Barneidrettsbestemmelsene<\/a><\/div><\/div><div style=\"height:50px\" aria-hidden=\"true\" class=\"wp-block-spacer\"><\/div><p><strong>Innbydelser<\/strong><\/p>\n<p>Dersom dere skal arrangere en turnering,- send ogs\u00e5 innbydelsen til klubbadressen. Ikke bare til de enkelte lagledere (som kan v\u00e6re endret). Dette for \u00e5 sikre at alle lag f\u00e5r en reell mulighet til \u00e5 melde seg p\u00e5.<\/p>\n<div style=\"height:50px\" aria-hidden=\"true\" class=\"wp-block-spacer\"><\/div><div class=\"msswb-display-posts-frontend-app-v2\" data-url-encoded-attrs=\"%7B%22mode%22%3A%22grid%22%2C%22scrollDirection%22%3A%22vertical%22%2C%22displayPostsFromCategories%22%3A%5B%7B%22blog_id%22%3A4%2C%22included%22%3A%5B28%5D%2C%22excluded%22%3A%5B%5D%2C%22filterDate%22%3A%22from1yearago%22%2C%22dateObj%22%3A%7B%22fromDate%22%3A%221%20year%20ago%22%2C%22toDate%22%3A%22%22%7D%7D%5D%2C%22displayPostsFromSharedCategories%22%3A%5B%5D%2C%22maxCols%22%3A3%7D\" ><\/div><div class=\"msswb-display-internal-post-frontend-app-v2\" data-url-encoded-attrs=\"%7B%22displayInternalPost%22%3A%7B%22blog_id%22%3A4%2C%22ID%22%3A1729%7D%7D\" data-dip-id=\"\" ><\/div>","protected":false},"excerpt":{"rendered":"<p>Innskjerping cuper &#8211; Barneidrettsbestemmelser Forbundet \u00f8nsker fortsatt \u00e5 skjerpe kravene til lokale cuper for barn. Det varsles en tettere oppf\u00f8lging mht kravene som stilles ifm cuper for yngre. Se Idrettsforbundets Barneidrettsbestemmelser her: Innbydelser Dersom dere skal arrangere en turnering,- send ogs\u00e5 innbydelsen til klubbadressen. Ikke bare til de enkelte lagledere (som kan v\u00e6re endret). Dette [&hellip;]<\/p>\n","protected":false},"author":45,"featured_media":0,"parent":1463,"menu_order":0,"comment_status":"closed","ping_status":"closed","template":"","meta":{"cover_meta":"","footnotes":""},"class_list":["post-1481","page","type-page","status-publish","hentry"],"_links":{"self":[{"href":"https:\/\/bandyforbundet.no\/bandy\/index.php?rest_route=\/wp\/v2\/pages\/1481","targetHints":{"allow":["GET"]}}],"collection":[{"href":"https:\/\/bandyforbundet.no\/bandy\/index.php?rest_route=\/wp\/v2\/pages"}],"about":[{"href":"https:\/\/bandyforbundet.no\/bandy\/index.php?rest_route=\/wp\/v2\/types\/page"}],"author":[{"embeddable":true,"href":"https:\/\/bandyforbundet.no\/bandy\/index.php?rest_route=\/wp\/v2\/users\/45"}],"replies":[{"embeddable":true,"href":"https:\/\/bandyforbundet.no\/bandy\/index.php?rest_route=%2Fwp%2Fv2%2Fcomments&post=1481"}],"version-history":[{"count":2,"href":"https:\/\/bandyforbundet.no\/bandy\/index.php?rest_route=\/wp\/v2\/pages\/1481\/revisions"}],"predecessor-version":[{"id":2248,"href":"https:\/\/bandyforbundet.no\/bandy\/index.php?rest_route=\/wp\/v2\/pages\/1481\/revisions\/2248"}],"up":[{"embeddable":true,"href":"https:\/\/bandyforbundet.no\/bandy\/index.php?rest_route=\/wp\/v2\/pages\/1463"}],"wp:attachment":[{"href":"https:\/\/bandyforbundet.no\/bandy\/index.php?rest_route=%2Fwp%2Fv2%2Fmedia&parent=1481"}],"curies":[{"name":"wp","href":"https:\/\/api.w.org\/{rel}","templated":true}]}}