{"id":1483,"date":"2016-05-02T12:22:09","date_gmt":"2016-05-02T10:22:09","guid":{"rendered":"http:\/\/bandyforbundet.no\/bandy\/?page_id=1483"},"modified":"2026-01-05T12:13:46","modified_gmt":"2026-01-05T12:13:46","slug":"internasjonalt-og-landslag","status":"publish","type":"page","link":"https:\/\/bandyforbundet.no\/bandy\/?page_id=1483","title":{"rendered":"Landslag"},"content":{"rendered":"<div class=\"msswb-link-box-grid-frontend-app-v2\" data-url-encoded-attrs=\"%7B%22maxCols%22%3A5%2C%22showTitle%22%3Atrue%2C%22titleColor%22%3A%22%23ffffff%22%2C%22useColorBackground%22%3Atrue%2C%22bgColor%22%3A%22%23860404%22%2C%22overlayColor%22%3A%7B%22r%22%3A69%2C%22g%22%3A126%2C%22b%22%3A191%2C%22a%22%3A0.1%7D%2C%22linkBoxes%22%3A%5B%7B%22link_type%22%3A%22page%22%2C%22blog_id%22%3A4%2C%22ID%22%3A7653%2C%22link%22%3A%22https%3A%2F%2Fbandyforbundet.no%2Fbandy%2F%3Fpage_id%3D7653%22%2C%22image%22%3Afalse%2C%22featuredImage%22%3Afalse%2C%22from_shared%22%3Atrue%2C%22showAltTitle%22%3Afalse%2C%22altTitle%22%3A%22%22%7D%2C%7B%22link_type%22%3A%22page%22%2C%22blog_id%22%3A4%2C%22ID%22%3A6873%2C%22link%22%3A%22https%3A%2F%2Fbandyforbundet.no%2Fbandy%2F%3Fpage_id%3D6873%22%2C%22image%22%3Afalse%2C%22featuredImage%22%3Afalse%2C%22from_shared%22%3Atrue%2C%22showAltTitle%22%3Afalse%2C%22altTitle%22%3A%22%22%7D%2C%7B%22link_type%22%3A%22page%22%2C%22blog_id%22%3A4%2C%22ID%22%3A6866%2C%22link%22%3A%22https%3A%2F%2Fbandyforbundet.no%2Fbandy%2F%3Fpage_id%3D6866%22%2C%22image%22%3Afalse%2C%22featuredImage%22%3Afalse%2C%22from_shared%22%3Atrue%2C%22showAltTitle%22%3Afalse%2C%22altTitle%22%3A%22%22%7D%2C%7B%22link_type%22%3A%22page%22%2C%22blog_id%22%3A4%2C%22ID%22%3A1486%2C%22link%22%3A%22http%3A%2F%2Fbandyforbundet.no%2Fbandy%2F%3Fpage_id%3D1486%22%2C%22image%22%3Afalse%2C%22featuredImage%22%3Afalse%2C%22from_shared%22%3Atrue%2C%22showAltTitle%22%3Atrue%2C%22altTitle%22%3A%22Statistikk%20landslag%22%7D%2C%7B%22link_type%22%3A%22url%22%2C%22blog_id%22%3Afalse%2C%22ID%22%3Afalse%2C%22link%22%3A%22http%3A%2F%2Fwww.worldbandy.com%22%2C%22image%22%3A%7B%22image_id%22%3A770%2C%22blog_id%22%3A4%2C%22term_id%22%3A96%7D%2C%22featuredImage%22%3Afalse%2C%22showTitle%22%3Atrue%2C%22showAltTitle%22%3Atrue%2C%22altTitle%22%3A%22FIB%20-%20F%C3%B8lg%20int.%20kamper%22%7D%5D%7D\" ><\/div>\n\n\n<div style=\"height:50px\" aria-hidden=\"true\" class=\"wp-block-spacer\"><\/div>\n\n\n<div class=\"msswb-display-posts-frontend-app-v2\" data-url-encoded-attrs=\"%7B%22mode%22%3A%22grid%22%2C%22scrollDirection%22%3A%22vertical%22%2C%22displayPostsFromCategories%22%3A%5B%7B%22blog_id%22%3A4%2C%22included%22%3A%5B30%5D%2C%22excluded%22%3A%5B%5D%2C%22filterDate%22%3A%22from1yearago%22%2C%22dateObj%22%3A%7B%22fromDate%22%3A%221%20year%20ago%22%2C%22toDate%22%3A%22%22%7D%7D%5D%2C%22displayPostsFromSharedCategories%22%3A%5B%5D%2C%22maxCols%22%3A3%7D\" ><\/div>\n\n\n<div style=\"height:50px\" aria-hidden=\"true\" class=\"wp-block-spacer\"><\/div>\n\n\n\n<p><em><strong>Norges Bandyforbund ble sertifisert som Rent S\u00e6rforbund av Antidoping Norge i 2019. Sertifiseringen m\u00e5 fornyes annet hvert \u00e5r. Som del av sertifiseringen har NBF utarbeidet egen antidopingpolicy, handlingsplan for forebyggende arbeid og beredskapsplan for h\u00e5ndtering av brudd p\u00e5 dopingbestemmelsene.<\/strong><\/em><\/p>\n\n\n\n<p><a href=\"https:\/\/standardnbfdev.localhost\/wp-content\/uploads\/2019\/08\/Handlingsplan-NBF-2019.pdf\">Handlingsplanen NBF<\/a><\/p>\n\n\n\n<p>Hold deg oppdatert her: <a href=\"http:\/\/www.antidoping.no\/\">Antidoping Norge<\/a> <a href=\"https:\/\/www.antidoping.no\/medisinsk\/legemiddelsok\">Legemiddels\u00f8k<\/a><\/p>\n\n\n\n<p>Ta e-l\u00e6ringskurset: <a href=\"http:\/\/www.renutover.no\/\">Ren Ut\u00f8ver<\/a> <a href=\"https:\/\/www.antidoping.no\/forebygging\/rent-idrettslag\">Rent idrettslag<\/a> <a href=\"https:\/\/www.antidoping.no\/forebygging\/rent-saerforbund\">Rent S\u00e6rforbund<\/a><\/p>\n\n\n\n<p>Enkelte idrettsut\u00f8vere har behov for legemidler som inneholder stoffer p\u00e5 dopinglisten. En del av disse m\u00e5 s\u00f8ke om medisinsk fritak (<a href=\"https:\/\/www.antidoping.no\/medisinsk\/medisinsk-fritak-tue\">Medisinsk fritak (TUE) | Antidoping Norge<\/a>). De som er definert som topput\u00f8vere av Antidoping Norge (se <a href=\"https:\/\/www.antidoping.no\/regler\/toppidrettsut%C3%B8verliste\">Toppidrettsut\u00f8verliste | Antidoping Norge<\/a>) skal s\u00f8ke om medisinsk fritak. Ut\u00f8vere p\u00e5 lavere niv\u00e5 enn dette kan bli bedt om \u00e5 s\u00f8ke om fritak, i praksis etter en positiv dopingpr\u00f8ve.<\/p>\n\n\n\n<div style=\"height:50px\" aria-hidden=\"true\" class=\"wp-block-spacer\"><\/div>\n","protected":false},"excerpt":{"rendered":"<p>Norges Bandyforbund ble sertifisert som Rent S\u00e6rforbund av Antidoping Norge i 2019. Sertifiseringen m\u00e5 fornyes annet hvert \u00e5r. Som del av sertifiseringen har NBF utarbeidet egen antidopingpolicy, handlingsplan for forebyggende arbeid og beredskapsplan for h\u00e5ndtering av brudd p\u00e5 dopingbestemmelsene. Handlingsplanen NBF Hold deg oppdatert her: Antidoping Norge Legemiddels\u00f8k Ta e-l\u00e6ringskurset: Ren Ut\u00f8ver Rent idrettslag Rent [&hellip;]<\/p>\n","protected":false},"author":46,"featured_media":0,"parent":1462,"menu_order":0,"comment_status":"closed","ping_status":"closed","template":"templates\/template-cover.php","meta":{"cover_meta":"{\"showBackgroundImage\":true,\"bgImage\":{\"image_id\":290,\"blog_id\":4,\"term_id\":116,\"selected_size\":\"full\"},\"showOverlay\":true,\"overlayColor\":\"#860404\",\"overlayOpacity\":0.8,\"showIntro\":false,\"introColor\":\"white\",\"intro\":\"\",\"title\":\"Landslag\",\"titleColor\":\"white\",\"showOutro\":true,\"outroColor\":\"white\",\"outro\":\"Bandy\"}","footnotes":""},"class_list":["post-1483","page","type-page","status-publish","hentry"],"_links":{"self":[{"href":"https:\/\/bandyforbundet.no\/bandy\/index.php?rest_route=\/wp\/v2\/pages\/1483","targetHints":{"allow":["GET"]}}],"collection":[{"href":"https:\/\/bandyforbundet.no\/bandy\/index.php?rest_route=\/wp\/v2\/pages"}],"about":[{"href":"https:\/\/bandyforbundet.no\/bandy\/index.php?rest_route=\/wp\/v2\/types\/page"}],"author":[{"embeddable":true,"href":"https:\/\/bandyforbundet.no\/bandy\/index.php?rest_route=\/wp\/v2\/users\/46"}],"replies":[{"embeddable":true,"href":"https:\/\/bandyforbundet.no\/bandy\/index.php?rest_route=%2Fwp%2Fv2%2Fcomments&post=1483"}],"version-history":[{"count":11,"href":"https:\/\/bandyforbundet.no\/bandy\/index.php?rest_route=\/wp\/v2\/pages\/1483\/revisions"}],"predecessor-version":[{"id":7794,"href":"https:\/\/bandyforbundet.no\/bandy\/index.php?rest_route=\/wp\/v2\/pages\/1483\/revisions\/7794"}],"up":[{"embeddable":true,"href":"https:\/\/bandyforbundet.no\/bandy\/index.php?rest_route=\/wp\/v2\/pages\/1462"}],"wp:attachment":[{"href":"https:\/\/bandyforbundet.no\/bandy\/index.php?rest_route=%2Fwp%2Fv2%2Fmedia&parent=1483"}],"curies":[{"name":"wp","href":"https:\/\/api.w.org\/{rel}","templated":true}]}}