{"id":1489,"date":"2019-12-04T15:01:29","date_gmt":"2019-12-04T14:01:29","guid":{"rendered":"http:\/\/bandyforbundet.no\/bandy\/?page_id=1489"},"modified":"2023-02-02T11:06:08","modified_gmt":"2023-02-02T11:06:08","slug":"vm-bandy-damer-2020","status":"publish","type":"page","link":"https:\/\/bandyforbundet.no\/bandy\/?page_id=1489","title":{"rendered":"VM Bandy Damer 2020"},"content":{"rendered":"<div class=\"msswb-link-box-grid-frontend-app-v2\" data-url-encoded-attrs=\"%7B%22maxCols%22%3A3%2C%22showTitle%22%3Atrue%2C%22titleColor%22%3A%22%232b2020%22%2C%22useColorBackground%22%3Afalse%2C%22bgColor%22%3A%22%23d45c5c%22%2C%22overlayColor%22%3A%7B%22r%22%3A69%2C%22g%22%3A126%2C%22b%22%3A191%2C%22a%22%3A0.1%7D%2C%22linkBoxes%22%3A%5B%7B%22link_type%22%3A%22url%22%2C%22blog_id%22%3Afalse%2C%22ID%22%3Afalse%2C%22link%22%3A%22https%3A%2F%2Fvmbandy2020.bandyforbundet.no%2F%22%2C%22image%22%3A%7B%22image_id%22%3A8%2C%22blog_id%22%3A5%2C%22term_id%22%3A77%7D%2C%22featuredImage%22%3Afalse%2C%22showTitle%22%3Atrue%2C%22showAltTitle%22%3Atrue%2C%22altTitle%22%3A%22Official%20home%20page%20in%20english%22%7D%2C%7B%22link_type%22%3A%22url%22%2C%22blog_id%22%3Afalse%2C%22ID%22%3Afalse%2C%22link%22%3A%22https%3A%2F%2Fwww.facebook.com%2FBANDY-2020-OSLO-112869273459881%2F%22%2C%22image%22%3A%7B%22image_id%22%3A325%2C%22blog_id%22%3A4%2C%22term_id%22%3A96%7D%2C%22featuredImage%22%3Afalse%2C%22showTitle%22%3Atrue%2C%22showAltTitle%22%3Atrue%2C%22altTitle%22%3A%22Follow%20on%20Facebook%22%7D%2C%7B%22link_type%22%3A%22url%22%2C%22blog_id%22%3Afalse%2C%22ID%22%3Afalse%2C%22link%22%3A%22https%3A%2F%2Fwww.instagram.com%2Fbandy2020oslo%2F%22%2C%22image%22%3A%7B%22image_id%22%3A324%2C%22blog_id%22%3A4%2C%22term_id%22%3A96%7D%2C%22featuredImage%22%3Afalse%2C%22showTitle%22%3Atrue%2C%22showAltTitle%22%3Atrue%2C%22altTitle%22%3A%22Follow%20on%20Instagram%22%7D%5D%7D\" ><\/div>\n\n<div class=\"msswb-display-posts-frontend-app-v2\" data-url-encoded-attrs=\"%7B%22mode%22%3A%22grid%22%2C%22carouselHeight%22%3A500%2C%22carouselMax%22%3A10%2C%22startAnimation%22%3A%22start%22%2C%22design%22%3A%22msswbcard%22%2C%22hideExcerpt%22%3Afalse%2C%22filterDate%22%3A%22fromdate%22%2C%22dateObj%22%3A%7B%7D%2C%22scrollDirection%22%3A%22vertical%22%2C%22displayPostsFromCategories%22%3A%5B%7B%22blog_id%22%3A4%2C%22included%22%3A%5B36%5D%2C%22excluded%22%3A%5B%5D%2C%22filterDate%22%3A%22from1yearago%22%2C%22dateObj%22%3A%7B%22fromDate%22%3A%221%20year%20ago%22%2C%22toDate%22%3A%22%22%7D%7D%5D%2C%22displayPostsFromSharedCategories%22%3A%5B%5D%2C%22maxCols%22%3A3%7D\" ><\/div>\n\n\n<div class=\"wp-block-msswb-spacer msswb-spacer-container show-line\" style=\"height:50px\"><div class=\"line\" style=\"border-bottom-width:1px;border-bottom-color:#541414;height:25px\"><\/div><div class=\"line-center-divider\"><\/div><\/div>\n\n\n\n<p><strong>Billettpriser:<br><\/strong>Onsdag: Dagsbillett for Voldsl\u00f8kka og Bergbanen \u2013 kr. 100,- (for 18 \u00e5r og eldre)<br>Torsdag: Dagsbillett for Voldsl\u00f8kka og Bergbanen \u2013 kr. 100,- (for 18 \u00e5r og eldre)<br>Torsdag: Norge-Sverige p\u00e5 Frogner stadion kl.1800 \u2013 kr. 200,- (for 18 \u00e5r og eldre)<br>Fredag: Dagsbillett for Voldsl\u00f8kka og Bergbanen \u2013 kr. 100,- (for 18 \u00e5r og eldre)<br>Fredag: Dagsbillett semifinaler p\u00e5 Frogner stadion \u2013 kr. 200,- (for 18 \u00e5r og eldre)<br>L\u00f8rdag: Dagsbillett finale- og bronsekamp p\u00e5 Frogner stadion \u2013 kr. 300,- (for 18 \u00e5r og eldre)<br>(17 \u00e5r og yngre er GRATIS alle dager)<\/p>\n","protected":false},"excerpt":{"rendered":"<p>Billettpriser:Onsdag: Dagsbillett for Voldsl\u00f8kka og Bergbanen \u2013 kr. 100,- (for 18 \u00e5r og eldre)Torsdag: Dagsbillett for Voldsl\u00f8kka og Bergbanen \u2013 kr. 100,- (for 18 \u00e5r og eldre)Torsdag: Norge-Sverige p\u00e5 Frogner stadion kl.1800 \u2013 kr. 200,- (for 18 \u00e5r og eldre)Fredag: Dagsbillett for Voldsl\u00f8kka og Bergbanen \u2013 kr. 100,- (for 18 \u00e5r og eldre)Fredag: Dagsbillett semifinaler [&hellip;]<\/p>\n","protected":false},"author":16,"featured_media":0,"parent":1483,"menu_order":0,"comment_status":"closed","ping_status":"closed","template":"","meta":{"cover_meta":"","footnotes":""},"class_list":["post-1489","page","type-page","status-publish","hentry"],"_links":{"self":[{"href":"https:\/\/bandyforbundet.no\/bandy\/index.php?rest_route=\/wp\/v2\/pages\/1489","targetHints":{"allow":["GET"]}}],"collection":[{"href":"https:\/\/bandyforbundet.no\/bandy\/index.php?rest_route=\/wp\/v2\/pages"}],"about":[{"href":"https:\/\/bandyforbundet.no\/bandy\/index.php?rest_route=\/wp\/v2\/types\/page"}],"author":[{"embeddable":true,"href":"https:\/\/bandyforbundet.no\/bandy\/index.php?rest_route=\/wp\/v2\/users\/16"}],"replies":[{"embeddable":true,"href":"https:\/\/bandyforbundet.no\/bandy\/index.php?rest_route=%2Fwp%2Fv2%2Fcomments&post=1489"}],"version-history":[{"count":4,"href":"https:\/\/bandyforbundet.no\/bandy\/index.php?rest_route=\/wp\/v2\/pages\/1489\/revisions"}],"predecessor-version":[{"id":5004,"href":"https:\/\/bandyforbundet.no\/bandy\/index.php?rest_route=\/wp\/v2\/pages\/1489\/revisions\/5004"}],"up":[{"embeddable":true,"href":"https:\/\/bandyforbundet.no\/bandy\/index.php?rest_route=\/wp\/v2\/pages\/1483"}],"wp:attachment":[{"href":"https:\/\/bandyforbundet.no\/bandy\/index.php?rest_route=%2Fwp%2Fv2%2Fmedia&parent=1489"}],"curies":[{"name":"wp","href":"https:\/\/api.w.org\/{rel}","templated":true}]}}