{"id":1490,"date":"2016-01-15T11:22:08","date_gmt":"2016-01-15T10:22:08","guid":{"rendered":"http:\/\/bandyforbundet.no\/bandy\/?page_id=1490"},"modified":"2021-09-15T11:43:59","modified_gmt":"2021-09-15T11:43:59","slug":"om-bandy","status":"publish","type":"page","link":"https:\/\/bandyforbundet.no\/bandy\/?page_id=1490","title":{"rendered":"Praktisk info"},"content":{"rendered":"<div class=\"msswb-link-box-grid-frontend-app-v2\" data-url-encoded-attrs=\"%7B%22maxCols%22%3A5%2C%22showTitle%22%3Atrue%2C%22titleColor%22%3A%22%23ffffff%22%2C%22useColorBackground%22%3Atrue%2C%22bgColor%22%3A%22%2342559c%22%2C%22overlayColor%22%3A%7B%22r%22%3A69%2C%22g%22%3A126%2C%22b%22%3A191%2C%22a%22%3A0.1%7D%2C%22linkBoxes%22%3A%5B%7B%22link_type%22%3A%22page%22%2C%22blog_id%22%3A4%2C%22ID%22%3A1499%2C%22link%22%3A%22https%3A%2F%2Fbandyforbundet.no%2Fbandy%3Fpage_id%3D1499%22%2C%22image%22%3A%7B%22image_id%22%3A930%2C%22blog_id%22%3A3%2C%22term_id%22%3A174%7D%2C%22featuredImage%22%3Afalse%2C%22showTitle%22%3Atrue%2C%22showAltTitle%22%3Afalse%2C%22altTitle%22%3A%22Kontakt%20oss%22%7D%2C%7B%22link_type%22%3A%22page%22%2C%22blog_id%22%3A4%2C%22ID%22%3A1495%2C%22link%22%3A%22https%3A%2F%2Fbandyforbundet.no%2Fbandy%3Fpage_id%3D1495%22%2C%22image%22%3A%7B%22image_id%22%3A392%2C%22blog_id%22%3A4%2C%22term_id%22%3A105%7D%2C%22featuredImage%22%3Afalse%2C%22showTitle%22%3Atrue%2C%22showAltTitle%22%3Atrue%2C%22altTitle%22%3A%22Generaltermin-%20plan%22%7D%2C%7B%22link_type%22%3A%22page%22%2C%22blog_id%22%3A4%2C%22ID%22%3A1516%2C%22link%22%3A%22https%3A%2F%2Fbandyforbundet.no%2Fbandy%3Fpage_id%3D1516%22%2C%22image%22%3A%7B%22image_id%22%3A1316%2C%22blog_id%22%3A4%2C%22term_id%22%3A102%7D%2C%22featuredImage%22%3Afalse%2C%22showTitle%22%3Atrue%2C%22showAltTitle%22%3Atrue%2C%22altTitle%22%3A%22Lagavgifter%22%7D%2C%7B%22link_type%22%3A%22page%22%2C%22blog_id%22%3A4%2C%22ID%22%3A1506%2C%22link%22%3A%22https%3A%2F%2Fbandyforbundet.no%2Fbandy%3Fpage_id%3D1506%22%2C%22image%22%3A%7B%22image_id%22%3A658%2C%22blog_id%22%3A4%2C%22term_id%22%3A116%7D%2C%22featuredImage%22%3Afalse%2C%22showTitle%22%3Atrue%2C%22showAltTitle%22%3Atrue%2C%22altTitle%22%3A%22Lisens%22%7D%2C%7B%22link_type%22%3A%22page%22%2C%22blog_id%22%3A4%2C%22ID%22%3A1501%2C%22link%22%3A%22https%3A%2F%2Fbandyforbundet.no%2Fbandy%3Fpage_id%3D1501%22%2C%22image%22%3A%7B%22image_id%22%3A812%2C%22blog_id%22%3A4%2C%22term_id%22%3A102%7D%2C%22featuredImage%22%3Afalse%2C%22showTitle%22%3Atrue%2C%22showAltTitle%22%3Afalse%2C%22altTitle%22%3A%22Overganger%22%7D%2C%7B%22link_type%22%3A%22page%22%2C%22blog_id%22%3A4%2C%22ID%22%3A1494%2C%22link%22%3A%22https%3A%2F%2Fbandyforbundet.no%2Fbandy%3Fpage_id%3D1494%22%2C%22image%22%3A%7B%22image_id%22%3A1236%2C%22blog_id%22%3A4%2C%22term_id%22%3A98%7D%2C%22featuredImage%22%3Afalse%2C%22showTitle%22%3Atrue%2C%22showAltTitle%22%3Afalse%2C%22altTitle%22%3A%22Dommere%22%7D%2C%7B%22link_type%22%3A%22page%22%2C%22blog_id%22%3A4%2C%22ID%22%3A1517%2C%22link%22%3A%22https%3A%2F%2Fbandyforbundet.no%2Fbandy%3Fpage_id%3D1517%22%2C%22image%22%3A%7B%22image_id%22%3A1140%2C%22blog_id%22%3A3%2C%22term_id%22%3A190%7D%2C%22featuredImage%22%3Afalse%2C%22showTitle%22%3Atrue%2C%22showAltTitle%22%3Afalse%2C%22altTitle%22%3A%22%C3%85rsm%C3%B8ter%22%7D%2C%7B%22link_type%22%3A%22page%22%2C%22blog_id%22%3A4%2C%22ID%22%3A1491%2C%22link%22%3A%22https%3A%2F%2Fbandyforbundet.no%2Fbandy%3Fpage_id%3D1491%22%2C%22image%22%3A%7B%22image_id%22%3A817%2C%22blog_id%22%3A4%2C%22term_id%22%3A105%7D%2C%22featuredImage%22%3Afalse%2C%22showTitle%22%3Atrue%2C%22showAltTitle%22%3Afalse%2C%22altTitle%22%3A%22Anlegg%22%7D%2C%7B%22link_type%22%3A%22page%22%2C%22blog_id%22%3A4%2C%22ID%22%3A1497%2C%22link%22%3A%22https%3A%2F%2Fbandyforbundet.no%2Fbandy%3Fpage_id%3D1497%22%2C%22image%22%3A%7B%22image_id%22%3A763%2C%22blog_id%22%3A4%2C%22term_id%22%3A132%7D%2C%22featuredImage%22%3Afalse%2C%22showTitle%22%3Atrue%2C%22showAltTitle%22%3Atrue%2C%22altTitle%22%3A%22Idretts-%20systemene%22%7D%2C%7B%22link_type%22%3A%22page%22%2C%22blog_id%22%3A4%2C%22ID%22%3A1502%2C%22link%22%3A%22https%3A%2F%2Fbandyforbundet.no%2Fbandy%3Fpage_id%3D1502%22%2C%22image%22%3A%7B%22image_id%22%3A931%2C%22blog_id%22%3A3%2C%22term_id%22%3A174%7D%2C%22featuredImage%22%3Afalse%2C%22showTitle%22%3Atrue%2C%22showAltTitle%22%3Atrue%2C%22altTitle%22%3A%22Varsling%22%7D%5D%7D\" ><\/div>\n\n\n<div style=\"height:50px\" aria-hidden=\"true\" class=\"wp-block-spacer\"><\/div>\n\n\n<div class=\"msswb-display-posts-frontend-app-v2\" data-url-encoded-attrs=\"%7B%22mode%22%3A%22grid%22%2C%22scrollDirection%22%3A%22vertical%22%2C%22displayPostsFromCategories%22%3A%5B%7B%22blog_id%22%3A4%2C%22included%22%3A%5B37%5D%2C%22excluded%22%3A%5B%5D%2C%22filterDate%22%3A%22from1yearago%22%2C%22dateObj%22%3A%7B%22fromDate%22%3A%221%20year%20ago%22%2C%22toDate%22%3A%22%22%7D%7D%5D%2C%22displayPostsFromSharedCategories%22%3A%5B%5D%2C%22maxCols%22%3A3%7D\" ><\/div>\n\n\n<div class=\"wp-block-msswb-spacer msswb-spacer-container show-line\" style=\"height:2px\"><div class=\"line\" style=\"border-bottom-width:1px;border-bottom-color:#220dd5;height:1px\"><\/div><div class=\"line-center-divider\"><\/div><\/div>\n\n\n\n<p><a href=\"http:\/\/arkiv.bandyforbundet.no\/bandy\/\">Vi jobber med \u00e5 f\u00e5 overf\u00f8rt innhold fra de gamle nettsidene, men inntil videre kan dere finne de gamle sidene ved \u00e5 f\u00f8lge denne linken.<\/a><\/p>\n\n\n\n<div class=\"wp-block-msswb-spacer msswb-spacer-container show-line\" style=\"height:2px\"><div class=\"line\" style=\"border-bottom-width:1px;border-bottom-color:#220dd5;height:1px\"><\/div><div class=\"line-center-divider\"><\/div><\/div>\n","protected":false},"excerpt":{"rendered":"<p>Vi jobber med \u00e5 f\u00e5 overf\u00f8rt innhold fra de gamle nettsidene, men inntil videre kan dere finne de gamle sidene ved \u00e5 f\u00f8lge denne linken.<\/p>\n","protected":false},"author":46,"featured_media":0,"parent":1462,"menu_order":0,"comment_status":"closed","ping_status":"closed","template":"","meta":{"cover_meta":"","footnotes":""},"class_list":["post-1490","page","type-page","status-publish","hentry"],"_links":{"self":[{"href":"https:\/\/bandyforbundet.no\/bandy\/index.php?rest_route=\/wp\/v2\/pages\/1490","targetHints":{"allow":["GET"]}}],"collection":[{"href":"https:\/\/bandyforbundet.no\/bandy\/index.php?rest_route=\/wp\/v2\/pages"}],"about":[{"href":"https:\/\/bandyforbundet.no\/bandy\/index.php?rest_route=\/wp\/v2\/types\/page"}],"author":[{"embeddable":true,"href":"https:\/\/bandyforbundet.no\/bandy\/index.php?rest_route=\/wp\/v2\/users\/46"}],"replies":[{"embeddable":true,"href":"https:\/\/bandyforbundet.no\/bandy\/index.php?rest_route=%2Fwp%2Fv2%2Fcomments&post=1490"}],"version-history":[{"count":6,"href":"https:\/\/bandyforbundet.no\/bandy\/index.php?rest_route=\/wp\/v2\/pages\/1490\/revisions"}],"predecessor-version":[{"id":3177,"href":"https:\/\/bandyforbundet.no\/bandy\/index.php?rest_route=\/wp\/v2\/pages\/1490\/revisions\/3177"}],"up":[{"embeddable":true,"href":"https:\/\/bandyforbundet.no\/bandy\/index.php?rest_route=\/wp\/v2\/pages\/1462"}],"wp:attachment":[{"href":"https:\/\/bandyforbundet.no\/bandy\/index.php?rest_route=%2Fwp%2Fv2%2Fmedia&parent=1490"}],"curies":[{"name":"wp","href":"https:\/\/api.w.org\/{rel}","templated":true}]}}