{"id":3135,"date":"2021-09-10T13:03:35","date_gmt":"2021-09-10T13:03:35","guid":{"rendered":"http:\/\/bandyforbundet.no\/bandy\/?page_id=3135"},"modified":"2026-02-17T09:54:56","modified_gmt":"2026-02-17T09:54:56","slug":"utdanning-klubbutviklin","status":"publish","type":"page","link":"https:\/\/bandyforbundet.no\/bandy\/?page_id=3135","title":{"rendered":"Utdanning klubbutvikling"},"content":{"rendered":"\n<div class=\"wp-block-msswb-panel msswb-panel-container\"><div class=\"mwwsb-panel-header\"><div class=\"mwwsb-panel-title\">Idrettskretsen hjelper<\/div><div class=\"mwwsb-panel-icon\"><span class=\"dashicon dashicons dashicons-arrow-down-alt2\"><\/span><\/div><\/div><div class=\"msswb-panel-content\">\n<p>Idrettskrets er det regionale leddet i NIF og de har blant annet fokus p\u00e5 fellesidrettslige omr\u00e5der. Idrettskretsen tilbyr mange kurs som er relevante for klubber som bedriver aktivitet ogs\u00e5 innenfor Norges Bandyforbund.&nbsp;<\/p>\n\n\n\n<p>Nedenfor finner du linker til idrettskretsens kursoversikt.<\/p>\n\n\n\n<p><strong>Idrettskretsen tilbyr blant annet kurs i:<\/strong><\/p>\n\n\n\n<ul class=\"wp-block-list\">\n<li>Klubbadmin (medlemsh\u00e5ndtering, fakturering, medlemsadministrasjon)<\/li>\n\n\n\n<li>Styrearbeid \/ styrearbeid i praksis<\/li>\n\n\n\n<li>Valgkomit\u00e9<\/li>\n\n\n\n<li>\u00c5rsm\u00f8te\u00a0<\/li>\n\n\n\n<li>\u00d8konomi i idretten<\/li>\n<\/ul>\n\n\n\n<p>Finn kurs i din idrettskrets:<\/p>\n\n\n\n<ul class=\"wp-block-list\">\n<li><a href=\"https:\/\/www.idrettsforbundet.no\/idrettskrets\/agder\/kurstilbud\/\" target=\"_blank\" rel=\"noreferrer noopener\">Agder Idrettskrets<\/a><\/li>\n\n\n\n<li><a href=\"https:\/\/www.idrettsforbundet.no\/idrettskrets\/innlandet\/vare-kurs\/\" target=\"_blank\" rel=\"noreferrer noopener\">Innlandet Idrettskrets<\/a><\/li>\n\n\n\n<li><a href=\"https:\/\/www.idrettsforbundet.no\/idrettskrets\/moreogromsdal\/kurs\/\" target=\"_blank\" rel=\"noreferrer noopener\">M\u00f8re og Romsdal Idrettskrets<\/a><\/li>\n\n\n\n<li><a href=\"https:\/\/www.idrettsforbundet.no\/idrettskrets\/nordland\/kurs\/klubbutvikling-og-kurs\/\" target=\"_blank\" rel=\"noreferrer noopener\">Nordland Idrettskrets<\/a><\/li>\n\n\n\n<li><a href=\"https:\/\/www.idrettsforbundet.no\/idrettskrets\/oslo\/kurs-\/\" target=\"_blank\" rel=\"noreferrer noopener\">Oslo Idrettskrets<\/a><\/li>\n\n\n\n<li><a href=\"https:\/\/www.idrettsforbundet.no\/idrettskrets\/rogaland\/kurs---og-klubbutvikling\/\" target=\"_blank\" rel=\"noreferrer noopener\">Rogaland Idrettskrets<\/a><\/li>\n\n\n\n<li><a href=\"https:\/\/www.idrettsforbundet.no\/idrettskrets\/troms\/idrettslag\/kurs\/\">Troms Idrettskrets<\/a><\/li>\n\n\n\n<li><a href=\"https:\/\/www.idrettsforbundet.no\/idrettskrets\/trondelag\/kompetanse\/kurs\/\" target=\"_blank\" rel=\"noreferrer noopener\">Tr\u00f8ndelag Idretttskrets<\/a><\/li>\n\n\n\n<li><a href=\"https:\/\/www.idrettsforbundet.no\/idrettskrets\/vestfoldogtelemark\/kurs\/\" target=\"_blank\" rel=\"noreferrer noopener\">Vestfold og Telemark Idrettskrets<\/a><\/li>\n\n\n\n<li><a href=\"https:\/\/www.idrettsforbundet.no\/idrettskrets\/vestland\/kurs\/\" target=\"_blank\" rel=\"noreferrer noopener\">Vestland Idrettskrets<\/a><\/li>\n\n\n\n<li><a href=\"https:\/\/www.idrettsforbundet.no\/idrettskrets\/viken\/for-idrettslaget\/kurstilbud\/\" data-type=\"link\" data-id=\"https:\/\/www.idrettsforbundet.no\/idrettskrets\/viken\/for-idrettslaget\/kurstilbud\/\" target=\"_blank\" rel=\"noreferrer noopener\">Viken Idrettskrets<\/a><\/li>\n<\/ul>\n<\/div><\/div>\n\n\n\n<div class=\"wp-block-msswb-panel msswb-panel-container\"><div class=\"mwwsb-panel-header\"><div class=\"mwwsb-panel-title\">Klubbkontakt<\/div><div class=\"mwwsb-panel-icon\"><span class=\"dashicon dashicons dashicons-arrow-down-alt2\"><\/span><\/div><\/div><div class=\"msswb-panel-content\"><div class=\"msswb-display-internal-post-frontend-app-v2\" data-url-encoded-attrs=\"%7B%22displayInternalPost%22%3A%7B%22blog_id%22%3A2%2C%22ID%22%3A787%7D%7D\" data-dip-id=\"\" ><\/div><\/div><\/div>\n\n\n\n<div class=\"wp-block-msswb-panel msswb-panel-container\"><div class=\"mwwsb-panel-header\"><div class=\"mwwsb-panel-title\">Klubbes\u00f8k<\/div><div class=\"mwwsb-panel-icon\"><span class=\"dashicon dashicons dashicons-arrow-down-alt2\"><\/span><\/div><\/div><div class=\"msswb-panel-content\"><div class=\"msswb-display-internal-post-frontend-app-v2\" data-url-encoded-attrs=\"%7B%22displayInternalPost%22%3A%7B%22blog_id%22%3A2%2C%22ID%22%3A786%7D%7D\" data-dip-id=\"\" ><\/div><\/div><\/div>\n\n\n\n<div class=\"wp-block-msswb-panel msswb-panel-container\"><div class=\"mwwsb-panel-header\"><div class=\"mwwsb-panel-title\">Startm\u00f8te<\/div><div class=\"mwwsb-panel-icon\"><span class=\"dashicon dashicons dashicons-arrow-down-alt2\"><\/span><\/div><\/div><div class=\"msswb-panel-content\"><div class=\"msswb-display-internal-post-frontend-app-v2\" data-url-encoded-attrs=\"%7B%22displayInternalPost%22%3A%7B%22blog_id%22%3A2%2C%22ID%22%3A785%7D%7D\" data-dip-id=\"\" ><\/div><\/div><\/div>\n\n\n\n<div class=\"wp-block-msswb-panel msswb-panel-container\"><div class=\"mwwsb-panel-header\"><div class=\"mwwsb-panel-title\">Oppf\u00f8lgingsm\u00f8te<\/div><div class=\"mwwsb-panel-icon\"><span class=\"dashicon dashicons dashicons-arrow-down-alt2\"><\/span><\/div><\/div><div class=\"msswb-panel-content\"><div class=\"msswb-display-internal-post-frontend-app-v2\" data-url-encoded-attrs=\"%7B%22displayInternalPost%22%3A%7B%22blog_id%22%3A2%2C%22ID%22%3A784%7D%7D\" data-dip-id=\"\" ><\/div><\/div><\/div>\n\n\n\n<div class=\"wp-block-msswb-panel msswb-panel-container\"><div class=\"mwwsb-panel-header\"><div class=\"mwwsb-panel-title\">Virksomhetsplan<\/div><div class=\"mwwsb-panel-icon\"><span class=\"dashicon dashicons dashicons-arrow-down-alt2\"><\/span><\/div><\/div><div class=\"msswb-panel-content\"><div class=\"msswb-display-internal-post-frontend-app-v2\" data-url-encoded-attrs=\"%7B%22displayInternalPost%22%3A%7B%22blog_id%22%3A2%2C%22ID%22%3A783%7D%7D\" data-dip-id=\"\" ><\/div><\/div><\/div>\n\n\n\n<div class=\"wp-block-msswb-panel msswb-panel-container\"><div class=\"mwwsb-panel-header\"><div class=\"mwwsb-panel-title\">Klubbkveld<\/div><div class=\"mwwsb-panel-icon\"><span class=\"dashicon dashicons dashicons-arrow-down-alt2\"><\/span><\/div><\/div><div class=\"msswb-panel-content\"><div class=\"msswb-display-internal-post-frontend-app-v2\" data-url-encoded-attrs=\"%7B%22displayInternalPost%22%3A%7B%22blog_id%22%3A2%2C%22ID%22%3A782%7D%7D\" data-dip-id=\"\" ><\/div><\/div><\/div>\n\n\n\n<div class=\"wp-block-msswb-spacer msswb-spacer-container\" style=\"height:50px\"><div class=\"line\" style=\"height:25px\"><\/div><div class=\"line-center-divider\"><\/div><\/div>\n","protected":false},"excerpt":{"rendered":"","protected":false},"author":22,"featured_media":0,"parent":1511,"menu_order":0,"comment_status":"closed","ping_status":"closed","template":"templates\/template-cover.php","meta":{"cover_meta":"{\"showBackgroundImage\":true,\"bgImage\":{\"image_id\":649,\"blog_id\":4,\"term_id\":115,\"selected_size\":\"full\"},\"showOverlay\":true,\"overlayColor\":\"#007cba\",\"overlayOpacity\":0.6,\"showIntro\":true,\"introColor\":\"white\",\"intro\":\"Prosess\",\"title\":\"Klubbutvikling\",\"titleColor\":\"white\",\"showOutro\":true,\"outroColor\":\"white\",\"outro\":\"Inspirasjon\"}","footnotes":""},"class_list":["post-3135","page","type-page","status-publish","hentry"],"_links":{"self":[{"href":"https:\/\/bandyforbundet.no\/bandy\/index.php?rest_route=\/wp\/v2\/pages\/3135","targetHints":{"allow":["GET"]}}],"collection":[{"href":"https:\/\/bandyforbundet.no\/bandy\/index.php?rest_route=\/wp\/v2\/pages"}],"about":[{"href":"https:\/\/bandyforbundet.no\/bandy\/index.php?rest_route=\/wp\/v2\/types\/page"}],"author":[{"embeddable":true,"href":"https:\/\/bandyforbundet.no\/bandy\/index.php?rest_route=\/wp\/v2\/users\/22"}],"replies":[{"embeddable":true,"href":"https:\/\/bandyforbundet.no\/bandy\/index.php?rest_route=%2Fwp%2Fv2%2Fcomments&post=3135"}],"version-history":[{"count":5,"href":"https:\/\/bandyforbundet.no\/bandy\/index.php?rest_route=\/wp\/v2\/pages\/3135\/revisions"}],"predecessor-version":[{"id":7924,"href":"https:\/\/bandyforbundet.no\/bandy\/index.php?rest_route=\/wp\/v2\/pages\/3135\/revisions\/7924"}],"up":[{"embeddable":true,"href":"https:\/\/bandyforbundet.no\/bandy\/index.php?rest_route=\/wp\/v2\/pages\/1511"}],"wp:attachment":[{"href":"https:\/\/bandyforbundet.no\/bandy\/index.php?rest_route=%2Fwp%2Fv2%2Fmedia&parent=3135"}],"curies":[{"name":"wp","href":"https:\/\/api.w.org\/{rel}","templated":true}]}}