{"id":5534,"date":"2023-07-07T07:35:58","date_gmt":"2023-07-07T07:35:58","guid":{"rendered":"https:\/\/bandyforbundet.no\/bandy\/?page_id=5534"},"modified":"2025-09-23T11:37:30","modified_gmt":"2025-09-23T11:37:30","slug":"dobbel-representasjon","status":"publish","type":"page","link":"https:\/\/bandyforbundet.no\/bandy\/?page_id=5534","title":{"rendered":"Dobbel representasjon"},"content":{"rendered":"\n<h2 class=\"wp-block-heading\">Dobbel representasjonsrett for jenter 13 &#8211; 22 \u00e5r og gutter 15 &#8211; 22 \u00e5r<\/h2>\n\n\n\n<p>\u00c5rsm\u00f8tet i bandyseksjonen vedtok i 2022 \u00e5 utrede en begrenset dobbel representasjonsrett, i tr\u00e5d med forslag fremmet av Konnerud, Ready og Skeid. Det ble i denne forbindelse nedsatt et utvalg som skulle legge frem et forslag.<\/p>\n\n\n\n<p><em><strong>Intensjonen med ordningen er \u00e5 gi spillere en utviklingsarena i tilleggsklubb, som moderklubb ikke kan gi dem, men likevel slik at spillerne blir lengst mulig i moderklubb for \u00e5 opprettholde et milj\u00f8 og lag der.<\/strong><\/em><\/p>\n\n\n\n<p>\u00c5rsm\u00f8tet i bandy 2024 vedtok dobbelt representasjon som en permanent ordning, etter at det hadde v\u00e6rt en pr\u00f8veordning sesongen 2023\/2024.<\/p>\n\n\n\n<p>Etter s\u00f8knad kan, for sesongen 2025\/2026, jenter mellom 13 og 22 \u00e5r (2012-2003) og gutter mellom 15 \u00e5r og 22 \u00e5r (2010-2003) spille for moderklubb p\u00e5 aldersbestemt niv\u00e5 og tilleggsklubb p\u00e5 seniorniv\u00e5 eller moderklubb p\u00e5 seniorniv\u00e5 og tilleggsklubb p\u00e5 annet seniorniv\u00e5 eller moderklubb p\u00e5 aldersbestemt niv\u00e5 og tilleggsklubb i eldre aldersbestemte klasser.<br>Begrensninger i den doble representasjonen fremg\u00e5r av f\u00f8ringene under. Det gis ikke dispensasjon for \u00e5 inng\u00e5 avtale om dobbel representasjonsrett for spillere utenfor angitte aldersgrupper eller for andre kombinasjoner av spill for klubber p\u00e5 tvers, enn skissert i alternativene under.<\/p>\n\n\n\n<p>Avtale om dobbel representasjon for en sesong kan inng\u00e5s i perioden 15. august til 5. januar etter s\u00f8knad og innbetalt gebyr p\u00e5 kr. 1499,- til NBF.<\/p>\n\n\n\n<div class=\"wp-block-msswb-panel msswb-panel-container\"><div class=\"mwwsb-panel-header\"><div class=\"mwwsb-panel-title\">Avtaleskjema for dobbel representasjonsrett sesongen 2025\/26<\/div><div class=\"mwwsb-panel-icon\"><span class=\"dashicon dashicons dashicons-arrow-down-alt2\"><\/span><\/div><\/div><div class=\"msswb-panel-content\">\n<div class=\"msswb-file\"><a href=\"https:\/\/bandyforbundet.no\/bandy\/wp-content\/uploads\/sites\/4\/2025\/09\/Skjema-Avtale-om-dobbel-representasjonsrett_2526_bandy-Word.docx\" class=\"file-button\" download><span class=\"dashicon dashicons dashicons-download\"><\/span><\/a><a class=\"file-link\" href=\"https:\/\/bandyforbundet.no\/bandy\/wp-content\/uploads\/sites\/4\/2025\/09\/Skjema-Avtale-om-dobbel-representasjonsrett_2526_bandy-Word.docx\">Skjema &#8211; Avtale om dobbel representasjonsrett 2526 &#8211; bandy (docx)<\/a><\/div>\n\n\n\n<div class=\"msswb-file\"><a href=\"https:\/\/bandyforbundet.no\/bandy\/wp-content\/uploads\/sites\/4\/2025\/09\/Skjema-Avtale-om-dobbel-representasjonsrett_2526_bandy-pdf.pdf\" class=\"file-button\" download><span class=\"dashicon dashicons dashicons-download\"><\/span><\/a><a class=\"file-link\" href=\"https:\/\/bandyforbundet.no\/bandy\/wp-content\/uploads\/sites\/4\/2025\/09\/Skjema-Avtale-om-dobbel-representasjonsrett_2526_bandy-pdf.pdf\">Skjema &#8211; Avtale om dobbel representasjonsrett 2526 &#8211; bandy (pdf)<\/a><\/div>\n\n\n\n<div class=\"wp-block-msswb-spacer msswb-spacer-container show-line\" style=\"height:0px\"><div class=\"line\" style=\"height:0px\"><\/div><div class=\"line-center-divider\"><\/div><\/div>\n\n\n\n<p><strong>Skjemaet undertegnes av alle parter og sendes til:<\/strong><br><em>Norges Bandyforbund<br>Postboks 5000, 0840 Oslo<br>E-post: Ann-Mari.Ellefsen@nif.idrett.no<\/em><\/p>\n\n\n\n<p><strong>Avgift p\u00e5 kr.1499,- skal innbetales til konto 1813 76 23176, kvittering sendes vedlagt.<\/strong><br>(S\u00f8knaden behandles ikke uten at NBF har mottatt gyldig dokumentasjon p\u00e5 betalt gebyr.)<\/p>\n<\/div><\/div>\n\n\n\n<div class=\"wp-block-msswb-panel msswb-panel-container\"><div class=\"mwwsb-panel-header\"><div class=\"mwwsb-panel-title\">Liste over spillere med godkjent dobbel representasjon 2025\/26<\/div><div class=\"mwwsb-panel-icon\"><span class=\"dashicon dashicons dashicons-arrow-down-alt2\"><\/span><\/div><\/div><div class=\"msswb-panel-content\"><div class=\"msswb-display-internal-post-frontend-app-v2\" data-url-encoded-attrs=\"%7B%22displayInternalPost%22%3A%7B%22blog_id%22%3A4%2C%22ID%22%3A6696%7D%7D\" data-dip-id=\"\" ><\/div><\/div><\/div>\n\n\n\n<div class=\"wp-block-msswb-spacer msswb-spacer-container show-line\" style=\"height:50px\"><div class=\"line\" style=\"height:25px\"><\/div><div class=\"line-center-divider\"><\/div><\/div>\n\n\n\n<h3 class=\"wp-block-heading\">Rammer for dobbel representasjon:<\/h3>\n\n\n\n<p><strong>Kampreglementet \u00a7 30. Spilleberettigelse for bandyspillere<\/strong><\/p>\n\n\n\n<p><strong>Generelt<\/strong><br>Ingen spiller kan i samme tidsrom spille for to forskjellige klubber som er tilsluttet samme eller forskjellige bandyforbund.<br>Unntatt fra dette er jenter mellom 13 og 22 \u00e5r (2012-2003) og gutter mellom 15 \u00e5r og 22 \u00e5r (2010-2003) med innvilget dobbelt representasjonsrett (se eget regelverk). Seksjonsstyret kan i tillegg, i helt s\u00e6rskilte tilfeller, dispensere fra bestemmelsen for damer\/jenter for spill i herre\/gutteklasser.<\/p>\n\n\n\n<p><strong>Medlemskap, tillitsverv og representasjonsrett<\/strong><br>En person kan v\u00e6re medlem av flere klubber, men bare representere \u00e9n klubb p\u00e5 \u00e5rsm\u00f8ter, ting og i tillitsverv i krets og forbund. Ingen kan v\u00e6re spilleberettiget for mer enn en klubb eller representere mer enn en klubb som dommer. Unntatt er  jenter mellom 13 og 22 \u00e5r (2012-2003) og gutter mellom 15 \u00e5r og 22 \u00e5r (2010-2003), som kan representere to klubber i samme idrett, forutsatt innvilget dobbelt representasjon.<\/p>\n\n\n\n<p>Tillitsvalgt eller dommer kan ikke spille for annen klubbs lag i en divisjon der ogs\u00e5 den klubben man er tillitsvalgt eller dommer for, har lag. Seksjonsstyret kan gi dispensasjon fra begrensningen i fjerde punktum for en sesong av gangen. Selv om dispensasjon gis, m\u00e5 registrering av spiller skje p\u00e5 vanlig m\u00e5te.<\/p>\n\n\n\n<p><strong>F\u00f8lgende kombinasjoner for dobbel representasjon er mulig:<\/strong><br>A. Spill for Moderklubben p\u00e5 aldersbestemt niv\u00e5 og spill for Tilleggsklubben p\u00e5 seniorniv\u00e5.<br>B. Spill for Moderklubben p\u00e5 seniorniv\u00e5 og spill for Tilleggsklubben p\u00e5 seniorniv\u00e5 i samme klasse (herrer\/damer), men ikke i samme divisjon.<br>C. Spill for Moderklubben p\u00e5 aldersbestemt niv\u00e5 og Tilleggsklubben i eldre aldersbestemte klasser.<\/p>\n\n\n\n<div class=\"wp-block-msswb-spacer msswb-spacer-container show-line\" style=\"height:50px\"><div class=\"line\" style=\"height:25px\"><\/div><div class=\"line-center-divider\"><\/div><\/div>\n\n\n\n<h3 class=\"wp-block-heading\">F\u00f8ringer for dobbel representasjon:<\/h3>\n\n\n\n<p>Avtale om dobbel representasjon kan inng\u00e5s i perioden 15. august til 5. januar, gjeldende for en sesong.<\/p>\n\n\n\n<p><strong>En klubb<\/strong> kan kun gjennomf\u00f8re totalt <strong>6<\/strong> doble representasjonsretter pr. sesong. Enten alle til klubben, alle fra klubben, eller alle kombinasjoner derimellom. En klubb kan imidlertid kun tilegne seg <strong>3<\/strong> spillere fra samme klubb med dobbel representasjonsrett.<\/p>\n\n\n\n<p>Det m\u00e5 beregnes inntil fire dagers saksbehandlingstid for godkjennelse av s\u00f8knader om dobbel representasjon.<\/p>\n\n\n\n<p>Ved kampkollisjon beslutter Moderklubben hvor spilleren skal spille.<\/p>\n\n\n\n<p>Dobbel representasjonsrett med spill for tilleggsklubben i NM-sluttspill, kvalifisering for opp- og nedrykk, samt spill i rekruttserien senior <strong>er ikke tillatt<\/strong>.<\/p>\n\n\n\n<p>Den doble representasjonsretten opph\u00f8rer 1. april.<\/p>\n\n\n\n<p>Dersom spilleren g\u00e5r p\u00e5 ordin\u00e6rt utl\u00e5n eller varig overgang til en ny klubb, opph\u00f8rer den doble representasjonsretten. En spiller som allerede er utl\u00e5nt tillates ikke \u00e5 tegne en avtale om dobbel representasjon.<\/p>\n\n\n\n<p>Det gis ikke dispensasjon for \u00e5 inng\u00e5 avtale om dobbel representasjonsrett for spillere utenfor angitte aldersgrupper eller for andre kombinasjoner av spill for klubber p\u00e5 tvers, enn skissert i punktene over.<\/p>\n\n\n\n<p>En tilleggsklubb vil aldri bli berettiget til utviklingsmidler i forbindelse med overgang for en spiller til utenlandsk klubb.<\/p>\n\n\n\n<p>En tilleggsklubb kan ikke benytte spillere p\u00e5 dobbelt representasjon i internasjonale kamper.<\/p>\n\n\n\n<p>En spiller p\u00e5 dobbelt representasjon kan ikke delta for tilleggsklubben i samme serie som moderklubben allerede har lag, med mindre moderklubben, i avtalen om dobbelt representasjon, har frasagt seg retten til selv \u00e5 benytte spilleren i en bestemt serie.<\/p>\n","protected":false},"excerpt":{"rendered":"<p>Dobbel representasjonsrett for jenter 13 &#8211; 22 \u00e5r og gutter 15 &#8211; 22 \u00e5r \u00c5rsm\u00f8tet i bandyseksjonen vedtok i 2022 \u00e5 utrede en begrenset dobbel representasjonsrett, i tr\u00e5d med forslag fremmet av Konnerud, Ready og Skeid. Det ble i denne forbindelse nedsatt et utvalg som skulle legge frem et forslag. Intensjonen med ordningen er \u00e5 [&hellip;]<\/p>\n","protected":false},"author":16,"featured_media":0,"parent":1490,"menu_order":0,"comment_status":"closed","ping_status":"closed","template":"templates\/template-cover.php","meta":{"cover_meta":"{\"showBackgroundImage\":true,\"bgImage\":{\"image_id\":21,\"blog_id\":4,\"term_id\":102,\"selected_size\":\"full\"},\"showOverlay\":true,\"overlayColor\":\"#196287\",\"overlayOpacity\":0.8,\"showIntro\":true,\"introColor\":\"white\",\"intro\":\"Bandy\",\"title\":\"Dobbel representasjonsrett\",\"titleColor\":\"white\",\"showOutro\":true,\"outroColor\":\"white\",\"outro\":\"for jenter 13 - 22 \u00e5r og gutter 15 - 22 \u00e5r\"}","footnotes":""},"class_list":["post-5534","page","type-page","status-publish","hentry"],"_links":{"self":[{"href":"https:\/\/bandyforbundet.no\/bandy\/index.php?rest_route=\/wp\/v2\/pages\/5534","targetHints":{"allow":["GET"]}}],"collection":[{"href":"https:\/\/bandyforbundet.no\/bandy\/index.php?rest_route=\/wp\/v2\/pages"}],"about":[{"href":"https:\/\/bandyforbundet.no\/bandy\/index.php?rest_route=\/wp\/v2\/types\/page"}],"author":[{"embeddable":true,"href":"https:\/\/bandyforbundet.no\/bandy\/index.php?rest_route=\/wp\/v2\/users\/16"}],"replies":[{"embeddable":true,"href":"https:\/\/bandyforbundet.no\/bandy\/index.php?rest_route=%2Fwp%2Fv2%2Fcomments&post=5534"}],"version-history":[{"count":27,"href":"https:\/\/bandyforbundet.no\/bandy\/index.php?rest_route=\/wp\/v2\/pages\/5534\/revisions"}],"predecessor-version":[{"id":7502,"href":"https:\/\/bandyforbundet.no\/bandy\/index.php?rest_route=\/wp\/v2\/pages\/5534\/revisions\/7502"}],"up":[{"embeddable":true,"href":"https:\/\/bandyforbundet.no\/bandy\/index.php?rest_route=\/wp\/v2\/pages\/1490"}],"wp:attachment":[{"href":"https:\/\/bandyforbundet.no\/bandy\/index.php?rest_route=%2Fwp%2Fv2%2Fmedia&parent=5534"}],"curies":[{"name":"wp","href":"https:\/\/api.w.org\/{rel}","templated":true}]}}