{"id":5937,"date":"2023-12-13T08:43:41","date_gmt":"2023-12-13T08:43:41","guid":{"rendered":"https:\/\/bandyforbundet.no\/bandy\/?page_id=5937"},"modified":"2024-04-09T08:03:38","modified_gmt":"2024-04-09T08:03:38","slug":"utdanning-bandytrener","status":"publish","type":"page","link":"https:\/\/bandyforbundet.no\/bandy\/?page_id=5937","title":{"rendered":"Utdanning bandytrener"},"content":{"rendered":"<div class=\"msswb-display-internal-post-frontend-app-v2\" data-url-encoded-attrs=\"%7B%22displayInternalPost%22%3A%7B%22blog_id%22%3A2%2C%22ID%22%3A1722%7D%7D\" data-dip-id=\"\" ><\/div>\n\n\n<h2 class=\"wp-block-heading\">Hva er trenerutvikling i Norges Bandyforbund?<\/h2>\n\n\n\n<p>I forlengelse av <strong>Norges Bandyforbund<\/strong> sin strategiplan rettes det et st\u00f8rre fokus p\u00e5 utvikling og ivaretakelse av alle trenere og instrukt\u00f8rer i NBF. Trenerutvikling skal rette fokus p\u00e5 \u00e5 skape gode og trygge rollemodeller for ut\u00f8vere som bedriver v\u00e5re aktiviteter. Gjennom kurs, utdanning, oppf\u00f8lging og veiledning skal det legges grunnlag for videre utvikling av ressurspersoner, samt legges til rette for at de som \u00f8nsker \u00e5 ta neste steg i Trenerl\u00f8ypen f\u00e5r god kjennskap om dette. <\/p>\n\n\n\n<p>Det vil strebes etter \u00e5 etablere gode m\u00f8teplasser for utveksling av kunnskap og erfaringer for mennesker med rollen som trener. Arenaen vil v\u00e6re for trenere p\u00e5 ulike niv\u00e5.  <\/p>\n\n\n\n<div class=\"wp-block-msswb-panel msswb-panel-container\"><div class=\"mwwsb-panel-header\"><div class=\"mwwsb-panel-title\">Trener 1<\/div><div class=\"mwwsb-panel-icon\"><span class=\"dashicon dashicons dashicons-arrow-down-alt2\"><\/span><\/div><\/div><div class=\"msswb-panel-content\">\n<div class=\"wp-block-msswb-panel msswb-panel-container\"><div class=\"mwwsb-panel-header\"><div class=\"mwwsb-panel-title\">Trener 1 &#8211; Del 1 (Velkommen til)<\/div><div class=\"mwwsb-panel-icon\"><span class=\"dashicon dashicons dashicons-arrow-down-alt2\"><\/span><\/div><\/div><div class=\"msswb-panel-content\"><div class=\"msswb-display-internal-post-frontend-app-v2\" data-url-encoded-attrs=\"%7B%22displayInternalPost%22%3A%7B%22blog_id%22%3A2%2C%22ID%22%3A2075%7D%7D\" data-dip-id=\"\" ><\/div><\/div><\/div>\n\n\n\n<div class=\"wp-block-msswb-panel msswb-panel-container\"><div class=\"mwwsb-panel-header\"><div class=\"mwwsb-panel-title\">Trener 1 &#8211; Del 2-3 (Bandy)<\/div><div class=\"mwwsb-panel-icon\"><span class=\"dashicon dashicons dashicons-arrow-down-alt2\"><\/span><\/div><\/div><div class=\"msswb-panel-content\"><div class=\"msswb-display-internal-post-frontend-app-v2\" data-url-encoded-attrs=\"%7B%22displayInternalPost%22%3A%7B%22blog_id%22%3A2%2C%22ID%22%3A2091%7D%7D\" data-dip-id=\"\" ><\/div><\/div><\/div>\n\n\n\n<div class=\"wp-block-msswb-panel msswb-panel-container\"><div class=\"mwwsb-panel-header\"><div class=\"mwwsb-panel-title\">Trener 1 &#8211; Del 4-7 (Norges Bandyforbund)<\/div><div class=\"mwwsb-panel-icon\"><span class=\"dashicon dashicons dashicons-arrow-down-alt2\"><\/span><\/div><\/div><div class=\"msswb-panel-content\">\n<div class=\"wp-block-msswb-panel msswb-panel-container\"><div class=\"mwwsb-panel-header\"><div class=\"mwwsb-panel-title\">Del 4<\/div><div class=\"mwwsb-panel-icon\"><span class=\"dashicon dashicons dashicons-arrow-down-alt2\"><\/span><\/div><\/div><div class=\"msswb-panel-content\"><div class=\"msswb-display-internal-post-frontend-app-v2\" data-url-encoded-attrs=\"%7B%22displayInternalPost%22%3A%7B%22blog_id%22%3A2%2C%22ID%22%3A2151%7D%7D\" data-dip-id=\"\" ><\/div><\/div><\/div>\n\n\n\n<div class=\"wp-block-msswb-panel msswb-panel-container\"><div class=\"mwwsb-panel-header\"><div class=\"mwwsb-panel-title\">Del 5<\/div><div class=\"mwwsb-panel-icon\"><span class=\"dashicon dashicons dashicons-arrow-down-alt2\"><\/span><\/div><\/div><div class=\"msswb-panel-content\"><div class=\"msswb-display-internal-post-frontend-app-v2\" data-url-encoded-attrs=\"%7B%22displayInternalPost%22%3A%7B%22blog_id%22%3A2%2C%22ID%22%3A2155%7D%7D\" data-dip-id=\"\" ><\/div><\/div><\/div>\n\n\n\n<div class=\"wp-block-msswb-panel msswb-panel-container\"><div class=\"mwwsb-panel-header\"><div class=\"mwwsb-panel-title\">Del 6<\/div><div class=\"mwwsb-panel-icon\"><span class=\"dashicon dashicons dashicons-arrow-down-alt2\"><\/span><\/div><\/div><div class=\"msswb-panel-content\"><div class=\"msswb-display-internal-post-frontend-app-v2\" data-url-encoded-attrs=\"%7B%22displayInternalPost%22%3A%7B%22blog_id%22%3A2%2C%22ID%22%3A2165%7D%7D\" data-dip-id=\"\" ><\/div><\/div><\/div>\n\n\n\n<div class=\"wp-block-msswb-panel msswb-panel-container\"><div class=\"mwwsb-panel-header\"><div class=\"mwwsb-panel-title\">Del 7<\/div><div class=\"mwwsb-panel-icon\"><span class=\"dashicon dashicons dashicons-arrow-down-alt2\"><\/span><\/div><\/div><div class=\"msswb-panel-content\"><div class=\"msswb-display-internal-post-frontend-app-v2\" data-url-encoded-attrs=\"%7B%22displayInternalPost%22%3A%7B%22blog_id%22%3A2%2C%22ID%22%3A2167%7D%7D\" data-dip-id=\"\" ><\/div><\/div><\/div>\n<\/div><\/div>\n<\/div><\/div>\n\n\n\n<div class=\"wp-block-msswb-panel msswb-panel-container\"><div class=\"mwwsb-panel-header\"><div class=\"mwwsb-panel-title\">Trener 2<\/div><div class=\"mwwsb-panel-icon\"><span class=\"dashicon dashicons dashicons-arrow-down-alt2\"><\/span><\/div><\/div><div class=\"msswb-panel-content\"><\/div><\/div>\n\n\n\n<div class=\"wp-block-msswb-spacer msswb-spacer-container\" style=\"height:50px\"><div class=\"line\" style=\"height:25px\"><\/div><div class=\"line-center-divider\"><\/div><\/div>\n\n\n\n<div class=\"wp-block-msswb-spacer msswb-spacer-container\" style=\"height:50px\"><div class=\"line\" style=\"height:25px\"><\/div><div class=\"line-center-divider\"><\/div><\/div>\n","protected":false},"excerpt":{"rendered":"<p>Hva er trenerutvikling i Norges Bandyforbund? I forlengelse av Norges Bandyforbund sin strategiplan rettes det et st\u00f8rre fokus p\u00e5 utvikling og ivaretakelse av alle trenere og instrukt\u00f8rer i NBF. Trenerutvikling skal rette fokus p\u00e5 \u00e5 skape gode og trygge rollemodeller for ut\u00f8vere som bedriver v\u00e5re aktiviteter. Gjennom kurs, utdanning, oppf\u00f8lging og veiledning skal det legges [&hellip;]<\/p>\n","protected":false},"author":30,"featured_media":0,"parent":1511,"menu_order":0,"comment_status":"closed","ping_status":"closed","template":"templates\/template-cover.php","meta":{"cover_meta":"{\"showBackgroundImage\":true,\"bgImage\":{\"image_id\":667,\"blog_id\":4,\"term_id\":113,\"selected_size\":\"full\"},\"showOverlay\":true,\"overlayColor\":\"#007cba\",\"overlayOpacity\":0.6,\"showIntro\":true,\"introColor\":\"white\",\"intro\":\"Kurs\",\"title\":\"Trener\",\"titleColor\":\"white\",\"showOutro\":true,\"outroColor\":\"white\",\"outro\":\"Inspirasjon\"}","footnotes":""},"class_list":["post-5937","page","type-page","status-publish","hentry"],"_links":{"self":[{"href":"https:\/\/bandyforbundet.no\/bandy\/index.php?rest_route=\/wp\/v2\/pages\/5937","targetHints":{"allow":["GET"]}}],"collection":[{"href":"https:\/\/bandyforbundet.no\/bandy\/index.php?rest_route=\/wp\/v2\/pages"}],"about":[{"href":"https:\/\/bandyforbundet.no\/bandy\/index.php?rest_route=\/wp\/v2\/types\/page"}],"author":[{"embeddable":true,"href":"https:\/\/bandyforbundet.no\/bandy\/index.php?rest_route=\/wp\/v2\/users\/30"}],"replies":[{"embeddable":true,"href":"https:\/\/bandyforbundet.no\/bandy\/index.php?rest_route=%2Fwp%2Fv2%2Fcomments&post=5937"}],"version-history":[{"count":5,"href":"https:\/\/bandyforbundet.no\/bandy\/index.php?rest_route=\/wp\/v2\/pages\/5937\/revisions"}],"predecessor-version":[{"id":6491,"href":"https:\/\/bandyforbundet.no\/bandy\/index.php?rest_route=\/wp\/v2\/pages\/5937\/revisions\/6491"}],"up":[{"embeddable":true,"href":"https:\/\/bandyforbundet.no\/bandy\/index.php?rest_route=\/wp\/v2\/pages\/1511"}],"wp:attachment":[{"href":"https:\/\/bandyforbundet.no\/bandy\/index.php?rest_route=%2Fwp%2Fv2%2Fmedia&parent=5937"}],"curies":[{"name":"wp","href":"https:\/\/api.w.org\/{rel}","templated":true}]}}