{"id":7653,"date":"2026-01-05T12:01:52","date_gmt":"2026-01-05T12:01:52","guid":{"rendered":"https:\/\/bandyforbundet.no\/bandy\/?page_id=7653"},"modified":"2026-01-18T15:10:22","modified_gmt":"2026-01-18T15:10:22","slug":"bandy-vm-2026","status":"publish","type":"page","link":"https:\/\/bandyforbundet.no\/bandy\/?page_id=7653","title":{"rendered":"Bandy-VM 2026"},"content":{"rendered":"\n<p style=\"font-size:36px\"><strong>VM i bandy for damer og herrer 2026<\/strong><\/p>\n\n\n\n<p>P\u00e5 denne siden finner du all informasjon om det kommende verdensmesterskapet i bandy for damer og herrer.<\/p>\n\n\n\n<p><strong>Pori, Finland 12. &#8211; 18. januar 2026<\/strong><\/p>\n\n\n\n<p>Det internasjonale bandyforbundet (FIB) har bestemt at det neste \u00e5r skal arrangeres VM for b\u00e5de damer og herrer samme \u00e5r, og at mesterskapene skal arrangeres p\u00e5 samme sted, nemlig i Pori, i Finland. Her samles verdens bandyelite for \u00e5 kjempe om verdensmestertittelen. Vi h\u00e5per at s\u00e5 mange som mulig av v\u00e5re medlemmer \u00f8nsker \u00e5 ta turen til nabolandet og st\u00f8tte v\u00e5re ut\u00f8vere, som representerer Norge og Bandyforbundet med flagget p\u00e5 brystet.<\/p>\n\n\n\n<div class=\"wp-block-msswb-panel msswb-panel-container\"><div class=\"mwwsb-panel-header\"><div class=\"mwwsb-panel-title\">Kampoppsett<\/div><div class=\"mwwsb-panel-icon\"><span class=\"dashicon dashicons dashicons-arrow-down-alt2\"><\/span><\/div><\/div><div class=\"msswb-panel-content\">\n<p>*Alle tidene under er norske tider<\/p>\n\n\n\n<div class=\"wp-block-msswb-panel msswb-panel-container\"><div class=\"mwwsb-panel-header\"><div class=\"mwwsb-panel-title\">Mandag 12.01<\/div><div class=\"mwwsb-panel-icon\"><span class=\"dashicon dashicons dashicons-arrow-down-alt2\"><\/span><\/div><\/div><div class=\"msswb-panel-content\">\n<p><strong>12:00<\/strong>&nbsp;\u2013 Nederland \u2013 Norge (Herrer)<br><strong>15:00<\/strong>&nbsp;\u2013 Sverige \u2013 Ungarn (Herrer)<br><strong>18:00<\/strong>&nbsp;\u2013 Finland \u2013 USA (Herrer)<\/p>\n<\/div><\/div>\n\n\n\n<div class=\"wp-block-msswb-panel msswb-panel-container\"><div class=\"mwwsb-panel-header\"><div class=\"mwwsb-panel-title\">Tirsdag 13.01<\/div><div class=\"mwwsb-panel-icon\"><span class=\"dashicon dashicons dashicons-arrow-down-alt2\"><\/span><\/div><\/div><div class=\"msswb-panel-content\">\n<p><strong>09:00<\/strong>&nbsp;\u2013 Sverige \u2013 Nederland (Herrer)<br><strong>12:00<\/strong>&nbsp;\u2013 Finland \u2013 Ungarn (Herrer)<br><strong>15:00<\/strong>&nbsp;\u2013 Norge \u2013 USA (Herrer)<\/p>\n<\/div><\/div>\n\n\n\n<div class=\"wp-block-msswb-panel msswb-panel-container\"><div class=\"mwwsb-panel-header\"><div class=\"mwwsb-panel-title\">Onsdag 14.01<\/div><div class=\"mwwsb-panel-icon\"><span class=\"dashicon dashicons dashicons-arrow-down-alt2\"><\/span><\/div><\/div><div class=\"msswb-panel-content\">\n<p><strong>07:00<\/strong>&nbsp;\u2013 Nederland \u2013 Finland (Herrer)<br><strong>10:00<\/strong>&nbsp;\u2013 Norge \u2013 Sverige (Herrer)<br><strong>13:00<\/strong>&nbsp;\u2013 USA \u2013 Ungarn (Herrer)<br><strong>15:30<\/strong>&nbsp;\u2013 \u00c5pningsseremoni (Damer)<br><strong>16:00<\/strong>&nbsp;\u2013 Finland \u2013 Sverige (Damer)<br><strong>19:00<\/strong>&nbsp;\u2013 Norge \u2013 USA (Damer)<\/p>\n<\/div><\/div>\n\n\n\n<div class=\"wp-block-msswb-panel msswb-panel-container\"><div class=\"mwwsb-panel-header\"><div class=\"mwwsb-panel-title\">Torsdag 15.01<\/div><div class=\"mwwsb-panel-icon\"><span class=\"dashicon dashicons dashicons-arrow-down-alt2\"><\/span><\/div><\/div><div class=\"msswb-panel-content\">\n<p><strong>07:00<\/strong>&nbsp;\u2013 USA \u2013 Sverige (Herrer)<br><strong>10:00<\/strong>&nbsp;\u2013 USA \u2013 Sverige (Damer)<br><strong>13:00<\/strong>&nbsp;\u2013 Ungarn \u2013 Nederland (Herrer)<br><strong>16:00<\/strong>&nbsp;\u2013 Norge \u2013 Finland (Damer)<br><strong>19:00<\/strong>&nbsp;\u2013 Norge \u2013 Finland (Herrer)<\/p>\n<\/div><\/div>\n\n\n\n<div class=\"wp-block-msswb-panel msswb-panel-container\"><div class=\"mwwsb-panel-header\"><div class=\"mwwsb-panel-title\">Fredag 16.01<\/div><div class=\"mwwsb-panel-icon\"><span class=\"dashicon dashicons dashicons-arrow-down-alt2\"><\/span><\/div><\/div><div class=\"msswb-panel-content\">\n<p><strong>08:00<\/strong>&nbsp;\u2013 Finland \u2013 USA (Damer)<br><strong>11:00<\/strong>&nbsp;\u2013 Nederland \u2013 USA (Herrer)<br><strong>14:00<\/strong>&nbsp;\u2013 Ungarn \u2013 Norge (Herrer)<br><strong>17:00<\/strong>&nbsp;\u2013 Finland \u2013 Sverige (Herrer)<br><strong>20:00<\/strong>&nbsp;\u2013 Sverige \u2013 Norge (Damer)<\/p>\n<\/div><\/div>\n\n\n\n<div class=\"wp-block-msswb-panel msswb-panel-container\"><div class=\"mwwsb-panel-header\"><div class=\"mwwsb-panel-title\">L\u00f8rdag 17.01<\/div><div class=\"mwwsb-panel-icon\"><span class=\"dashicon dashicons dashicons-arrow-down-alt2\"><\/span><\/div><\/div><div class=\"msswb-panel-content\">\n<p><strong>06:30<\/strong>&nbsp;\u2013 Plasseringskamp 5\u20136 (Herrer)<br><strong>09:30<\/strong>&nbsp;\u2013 Semifinale (Damer)<br><strong>12:30<\/strong>&nbsp;\u2013 Semifinale (Herrer)<br><strong>15:30<\/strong>&nbsp;\u2013 Semifinale (Damer)<br><strong>18:15<\/strong>&nbsp;\u2013 Semifinale (Herrer)<\/p>\n<\/div><\/div>\n\n\n\n<div class=\"wp-block-msswb-panel msswb-panel-container\"><div class=\"mwwsb-panel-header\"><div class=\"mwwsb-panel-title\">S\u00f8ndag 18.01<\/div><div class=\"mwwsb-panel-icon\"><span class=\"dashicon dashicons dashicons-arrow-down-alt2\"><\/span><\/div><\/div><div class=\"msswb-panel-content\">\n<p><strong>07:00<\/strong>&nbsp;\u2013 Bronsekamp (Damer)<br><strong>10:00<\/strong>&nbsp;\u2013 Bronsekamp (Herrer)<br><strong>13:00<\/strong>&nbsp;\u2013 Finale (Damer)<br><strong>16:30<\/strong>&nbsp;\u2013 Finale (Herrer)<\/p>\n<\/div><\/div>\n<\/div><\/div>\n\n\n\n<div class=\"wp-block-msswb-panel msswb-panel-container\"><div class=\"mwwsb-panel-header\"><div class=\"mwwsb-panel-title\">Norske resultater<\/div><div class=\"mwwsb-panel-icon\"><span class=\"dashicon dashicons dashicons-arrow-down-alt2\"><\/span><\/div><\/div><div class=\"msswb-panel-content\">\n<div class=\"wp-block-msswb-panel msswb-panel-container\"><div class=\"mwwsb-panel-header\"><div class=\"mwwsb-panel-title\">Herrer<\/div><div class=\"mwwsb-panel-icon\"><span class=\"dashicon dashicons dashicons-arrow-down-alt2\"><\/span><\/div><\/div><div class=\"msswb-panel-content\">\n<p><strong>Innledende kamper<\/strong><\/p>\n\n\n\n<p>Man. 12.01: Nederland 0  &#8211; 21 Norge. Kampfakta: <a href=\"https:\/\/bandygrytan.se\/#\/live\/fx_32525850\" data-type=\"link\" data-id=\"https:\/\/bandygrytan.se\/#\/live\/fx_32525850\">Klikk her<\/a><\/p>\n\n\n\n<p>Tirs. 13.01: Norge 13 &#8211; 3 USA. Kampfakta: <a href=\"https:\/\/bandygrytan.se\/#\/live\/fx_32525855\" data-type=\"link\" data-id=\"https:\/\/bandygrytan.se\/#\/live\/fx_32525855\">Klikk her<\/a><\/p>\n\n\n\n<p>Ons. 14.01: Norge 1 &#8211; 12 Sverige. <a href=\"https:\/\/bandygrytan.se\/#\/live\/fx_32525857\" data-type=\"link\" data-id=\"https:\/\/bandygrytan.se\/#\/live\/fx_32525857\">Klikk her<\/a><\/p>\n\n\n\n<p>Tors. 15.01: Norge 0  &#8211; 7 Finland. Kampfakta: <a href=\"https:\/\/bandygrytan.se\/#\/live\/fx_32525861\" data-type=\"link\" data-id=\"https:\/\/bandygrytan.se\/#\/live\/fx_32525831\">Klikk her<\/a><\/p>\n\n\n\n<p>Fre. 16.01: Ungarn 0 &#8211; 13 Norge. Kampfakta: <a href=\"https:\/\/bandygrytan.se\/#\/live\/fx_32525863\" data-type=\"link\" data-id=\"https:\/\/bandygrytan.se\/#\/live\/fx_32525863\">Klikk her<\/a><\/p>\n\n\n\n<p><strong>Semifinale<\/strong><\/p>\n\n\n\n<p>L\u00f8r. 17.01: Sverige 8 &#8211; 2 Norge. Kampfakta: <a href=\"https:\/\/bandygrytan.se\/#\/live\/fx_32525867\" data-type=\"link\" data-id=\"https:\/\/bandygrytan.se\/#\/live\/fx_32525867\">Klikk her<\/a><\/p>\n\n\n\n<p><strong>Bronsefinale<\/strong><\/p>\n\n\n\n<p>S\u00f8n. 18.01: USA 3 &#8211; 8 Norge. Kampfakta: <a href=\"https:\/\/bandygrytan.se\/#\/live\/fx_32525868\" data-type=\"link\" data-id=\"https:\/\/bandygrytan.se\/#\/live\/fx_32525868\">Klikk her<\/a><\/p>\n<\/div><\/div>\n\n\n\n<div class=\"wp-block-msswb-panel msswb-panel-container\"><div class=\"mwwsb-panel-header\"><div class=\"mwwsb-panel-title\">Damer<\/div><div class=\"mwwsb-panel-icon\"><span class=\"dashicon dashicons dashicons-arrow-down-alt2\"><\/span><\/div><\/div><div class=\"msswb-panel-content\">\n<p>Ons. 14.01: USA 4 &#8211; 1 Norge. Kampfakta: <a href=\"https:\/\/bandygrytan.se\/#\/competitions\/toteam\/fx_1176284-fx_3392382-\/fx_32525829\" data-type=\"link\" data-id=\"https:\/\/bandygrytan.se\/#\/competitions\/toteam\/fx_1176284-fx_3392382-\/fx_32525829\">Klikk her<\/a><\/p>\n\n\n\n<p>Tors. 15.01: Norge 5 &#8211; 0 Finland. Kampfakta: <a href=\"https:\/\/bandygrytan.se\/#\/live\/fx_32525831\" data-type=\"link\" data-id=\"https:\/\/bandygrytan.se\/#\/live\/fx_32525831\">Klikk her<\/a><\/p>\n\n\n\n<p>Fre. 16.01: Sverige 10 &#8211; 1 Norge. Kampfakta: <a href=\"https:\/\/bandygrytan.se\/#\/live\/fx_32525833\" data-type=\"link\" data-id=\"https:\/\/bandygrytan.se\/#\/live\/fx_32525863\">Klikk her<\/a><\/p>\n\n\n\n<p><strong>Semifinale<\/strong><\/p>\n\n\n\n<p>L\u00f8r. 17.01: Norge 5  &#8211; 1 USA. Kampfakta: <a href=\"https:\/\/bandygrytan.se\/#\/live\/fx_32525841\" data-type=\"link\" data-id=\"https:\/\/bandygrytan.se\/#\/live\/fx_32525841\">Klikk her<\/a><\/p>\n\n\n\n<p><strong>VM-finale<\/strong><\/p>\n\n\n\n<p>S\u00f8n. 18.01: Sverige 9 &#8211; 1 Norge. Kampfakta: <a href=\"https:\/\/bandygrytan.se\/#\/live\/fx_32525843\" data-type=\"link\" data-id=\"https:\/\/bandygrytan.se\/#\/live\/fx_32525843\">Klikk her<\/a><\/p>\n<\/div><\/div>\n<\/div><\/div>\n\n\n\n<div class=\"wp-block-msswb-panel msswb-panel-container\"><div class=\"mwwsb-panel-header\"><div class=\"mwwsb-panel-title\">Norges VM-tropper<\/div><div class=\"mwwsb-panel-icon\"><span class=\"dashicon dashicons dashicons-arrow-down-alt2\"><\/span><\/div><\/div><div class=\"msswb-panel-content\">\n<div class=\"wp-block-msswb-panel msswb-panel-container\"><div class=\"mwwsb-panel-header\"><div class=\"mwwsb-panel-title\">Damer<\/div><div class=\"mwwsb-panel-icon\"><span class=\"dashicon dashicons dashicons-arrow-down-alt2\"><\/span><\/div><\/div><div class=\"msswb-panel-content\">\n<figure class=\"wp-block-table\"><table class=\"has-fixed-layout\"><tbody><tr><td><strong>Spiller<\/strong><\/td><td><strong>Klubb<\/strong><\/td><\/tr><tr><td>Martine Hansen Bakken<\/td><td>Ullev\u00e5l<\/td><\/tr><tr><td>Hermine Grove-Knutsen<\/td><td>V\u00e4ster\u00e5s<\/td><\/tr><tr><td>Isabel Robertsen<\/td><td>V\u00e4ster\u00e5s<\/td><\/tr><tr><td>Mathilde Stenstad-Persen<\/td><td>Ullev\u00e5l<\/td><\/tr><tr><td>Anna Egeberg<\/td><td>M\u00f6lndal<\/td><\/tr><tr><td>Julie Storvik<\/td><td>NTNUI<\/td><\/tr><tr><td>Molly Johansson<\/td><td>Villa Lidk\u00f6ping<\/td><\/tr><tr><td>Stine Emilie Pedersen<\/td><td>Ullev\u00e5l<\/td><\/tr><tr><td>Selin Sucu Klem<\/td><td>Solberg<\/td><\/tr><tr><td>Sandra Andresen Folles\u00f8<\/td><td>Ullev\u00e5l<\/td><\/tr><tr><td>Filippa Horn<\/td><td>V\u00e4nersborg<\/td><\/tr><tr><td>Ingebj\u00f8rg Kvaal-Knutsen<\/td><td>Ullev\u00e5l<\/td><\/tr><tr><td>Charlotte Marie Selbekk<\/td><td>V\u00e4ster\u00e5s<\/td><\/tr><tr><td>Lene Aamodt<\/td><td>Drammen&nbsp;<\/td><\/tr><tr><td>Marie Dregler Nordb\u00f8<\/td><td>Ready<\/td><\/tr><tr><td>Laura Andresen Folles\u00f8<\/td><td>Ullev\u00e5l<\/td><\/tr><tr><td>Ingrid Elizabeth Tufte<\/td><td>V\u00e4nersborg<\/td><\/tr><tr><td>Ina Kim Dahl<\/td><td>V\u00e4nersborg<\/td><\/tr><\/tbody><\/table><\/figure>\n<\/div><\/div>\n\n\n\n<div class=\"wp-block-msswb-panel msswb-panel-container\"><div class=\"mwwsb-panel-header\"><div class=\"mwwsb-panel-title\">Herrer<\/div><div class=\"mwwsb-panel-icon\"><span class=\"dashicon dashicons dashicons-arrow-down-alt2\"><\/span><\/div><\/div><div class=\"msswb-panel-content\">\n<figure class=\"wp-block-table\"><table class=\"has-fixed-layout\"><thead><tr><th>Spiller<\/th><th>Klubb<\/th><\/tr><\/thead><tbody><tr><td>Oliver Hereta<\/td><td>Drammen<\/td><\/tr><tr><td>Marius Ler\u00f8<\/td><td>Stab\u00e6k<\/td><\/tr><tr><td>Fritiof Hagberg<\/td><td>Broberg<\/td><\/tr><tr><td>Mathias Farnes<\/td><td>Drammen<\/td><\/tr><tr><td>Marius M\u00f8rch<\/td><td>Drammen<\/td><\/tr><tr><td>Tyler Myrmo<\/td><td>Edsbyn<\/td><\/tr><tr><td>Felix Callander<\/td><td>Gripen<\/td><\/tr><tr><td>Sondre H\u00f8ydahl<\/td><td>Kung\u00e4lv<\/td><\/tr><tr><td>Felix Ljungberg<\/td><td>Ready<\/td><\/tr><tr><td>Jesper Tho<\/td><td>V\u00e4nersborg<\/td><\/tr><tr><td>Stian St\u00e6rkeby<\/td><td>Drammen<\/td><\/tr><tr><td>Thomas St\u00e6rkeby<\/td><td>Drammen<\/td><\/tr><tr><td>Kristian Hagen<\/td><td>Solberg<\/td><\/tr><tr><td>Isac Jerner<\/td><td>Ready<\/td><\/tr><tr><td>Tobias Mofjell<\/td><td>Stab\u00e6k<\/td><\/tr><tr><td>Fredrik Nordby<\/td><td>V\u00e4ster\u00e5s<\/td><\/tr><tr><td>Jonas R\u00f8ine<\/td><td>Drammen<\/td><\/tr><tr><td>Simon Carlsson<\/td><td>Ready<\/td><\/tr><\/tbody><\/table><\/figure>\n<\/div><\/div>\n<\/div><\/div>\n\n\n\n<div class=\"wp-block-msswb-panel msswb-panel-container\"><div class=\"mwwsb-panel-header\"><div class=\"mwwsb-panel-title\">Billett- og arenainformasjon<\/div><div class=\"mwwsb-panel-icon\"><span class=\"dashicon dashicons dashicons-arrow-down-alt2\"><\/span><\/div><\/div><div class=\"msswb-panel-content\">\n<p><strong>Alle kampene spilles i Pori, Finland p\u00e5 arenaen Porin tekoj\u00e4\u00e4rata.<\/strong><\/p>\n\n\n\n<p>Adresse: <a href=\"https:\/\/www.google.com\/url?sa=t&amp;source=web&amp;rct=j&amp;opi=89978449&amp;url=\/maps\/place\/\/data%3D!4m2!3m1!1s0x46890b25cd2e5381:0xa87fdf0a35a55801%3Fsa%3DX%26ved%3D1t:8290%26ictx%3D111&amp;ved=2ahUKEwj_rYy754CRAxUuTVUIHa2LB7cQ4kB6BAggEAM&amp;usg=AOvVaw0cVkzlkmid8NWJPAUL_WI-\">Isom\u00e4entie 7, 28500 Pori, Finland<\/a><\/p>\n\n\n\n<p><strong>Mandag\u2013Onsdag<\/strong><br>Dagsbillett:&nbsp;<strong>15 \u20ac<\/strong><br>Honn\u00f8r &amp; studenter:&nbsp;<strong>7 \u20ac<\/strong><\/p>\n\n\n\n<p><br><strong>Torsdag<\/strong><br>Dagsbillett (hovedtribune):&nbsp;<strong>30 \u20ac<\/strong><br>Dagsbillett:&nbsp;<strong>20 \u20ac<\/strong><br>Honn\u00f8r &amp; studenter:&nbsp;<strong>15 \/ 10 \u20ac<\/strong><\/p>\n\n\n\n<p><br><strong>Fredag<\/strong><br>Dagsbillett (hovedtribune):&nbsp;<strong>30 \u20ac<\/strong><br>Dagsbillett:&nbsp;<strong>20 \u20ac<\/strong><br>Honn\u00f8r &amp; studenter:&nbsp;<strong>15 \/ 10 \u20ac<\/strong><\/p>\n\n\n\n<p><br><strong>L\u00f8rdag<\/strong><br>Dagsbillett (hovedtribune):&nbsp;<strong>30 \u20ac<\/strong><br>Dagsbillett:&nbsp;<strong>20 \u20ac<\/strong><br>Honn\u00f8r &amp; studenter:&nbsp;<strong>15 \/ 10 \u20ac<\/strong><\/p>\n\n\n\n<p><br><strong>S\u00f8ndag<\/strong><br>Dagsbillett (hovedtribune):&nbsp;<strong>40 \u20ac<\/strong><br>Dagsbillett:&nbsp;<strong>30 \u20ac<\/strong><br>Honn\u00f8r &amp; studenter:&nbsp;<strong>20 \/ 15 \u20ac<\/strong><br><br><strong>Ukespass<\/strong><br>Ukerpass (hovedtribune):&nbsp;<strong>120 \u20ac<\/strong><br>Ukerpass:&nbsp;<strong>90 \u20ac<\/strong><br>Honn\u00f8r &amp; studenter:&nbsp;<strong>45 \u20ac<\/strong><\/p>\n\n\n\n<p><a href=\"https:\/\/elippu.net\/bandywc2026\" data-type=\"link\" data-id=\"https:\/\/elippu.net\/bandywc2026\">Kj\u00f8p billetter her<\/a><\/p>\n\n\n\n<div class=\"wp-block-msswb-panel msswb-panel-container\"><div class=\"mwwsb-panel-header\"><div class=\"mwwsb-panel-title\">Viktig informasjon<\/div><div class=\"mwwsb-panel-icon\"><span class=\"dashicon dashicons dashicons-arrow-down-alt2\"><\/span><\/div><\/div><div class=\"msswb-panel-content\">\n<p>Barn under 15 \u00e5r har <strong>gratis<\/strong> inngang.<br>Bevis p\u00e5 rett til inngangsbillett m\u00e5 fremvises p\u00e5 foresp\u00f8rsel ved inngangen.<\/p>\n\n\n\n<h3 class=\"wp-block-heading\"><strong>BETALINGSMETODER<\/strong><\/h3>\n\n\n\n<p>Paytrail-betalingsmetoder benyttes i nettbutikken.<br>Billettsalget til kunstisbanen p\u00e5 kampdager \u00e5pner&nbsp;<strong>60 minutter f\u00f8r<\/strong>&nbsp;starten av dagens f\u00f8rste kamp.<\/p>\n\n\n\n<h3 class=\"wp-block-heading\"><strong>VIP-BILLETTER OG GRUPPER<\/strong><\/h3>\n\n\n\n<p>Salg av VIP- og gruppebilletter h\u00e5ndteres av Antti Parviainen:<br>Telefon:&nbsp;<strong>+358-60-599 7490<\/strong>&nbsp;(tilgjengelig p\u00e5 hverdager fra 09:00 til 16:00)<br>E-post:&nbsp;<strong><a>parviainen.anttijuhani@gmail.com<\/a><\/strong><\/p>\n\n\n\n<h3 class=\"wp-block-heading\"><strong>KONTROLLER BILLETTENE DINE N\u00d8YE!<\/strong><\/h3>\n\n\n\n<ul class=\"wp-block-list\">\n<li>Billetten byttes ikke til en annen dag eller kamp.<\/li>\n\n\n\n<li>Billetten byttes kun dersom kampen avlyses og flyttes til en annen dag.<\/li>\n\n\n\n<li>Arrang\u00f8ren er ansvarlig for arrangementet og eventuelle endringer.<\/li>\n\n\n\n<li>Det finske ishockeyforbundet er ikke ansvarlig for tapte, stj\u00e5lne eller \u00f8delagte billetter.<\/li>\n\n\n\n<li>Innehaveren av billetten m\u00e5 v\u00e6re forberedt p\u00e5 \u00e5 vise dokumentasjon som gir rett til rabatter for spesialgrupper (f.eks. student- eller honn\u00f8rrabatt).<\/li>\n\n\n\n<li>Billetten gir adgang enten som utskrevet papirbillett eller elektronisk via mobilskjerm.<\/li>\n<\/ul>\n\n\n\n<p><strong>D\u00d8RENE \u00c5PNER 30 MINUTTER F\u00d8R STARTEN AV DEN F\u00d8RSTE KAMPEN. DET ER SIKKERHETSKONTROLL VED INNGANGEN.<\/strong><\/p>\n<\/div><\/div>\n\n\n\n<div class=\"wp-block-msswb-panel msswb-panel-container\"><div class=\"mwwsb-panel-header\"><div class=\"mwwsb-panel-title\">Arenakart<\/div><div class=\"mwwsb-panel-icon\"><span class=\"dashicon dashicons dashicons-arrow-down-alt2\"><\/span><\/div><\/div><div class=\"msswb-panel-content\"><div class=\"msswb-image-frontend-app\"data-href-target=\"false\" data-href=\"%22%22\" data-use-link=\"false\" data-screen-width=\"false\" data-alignment=\"%22full%22\" data-url=\"%22%5C%2Fwp-content%5C%2Fuploads%5C%2Fsites%5C%2F4%5C%2F2025%5C%2F11%5C%2Faluekartta.jpg%22\" data-is-background-image=\"false\" data-border-radius=\"0\" data-image-width=\"741\" data-image-height=\"527\" data-selected-image=\"%7B%22image_id%22%3A7672%2C%22blog_id%22%3A4%2C%22term_id%22%3A-1%2C%22selected_size%22%3A%22full%22%7D\" data-image-aspect-ratio=\"0.71\" data-alt-text=\"%22%22\" data-caption=\"%22%22\" data-width=\"400\" data-height=\"284\" data-focal-point=\"\" data-show-light-box=\"false\" >\n<div class=\"msswb-image-block msswbfull\"><div class=\"msswb-image \"><div class=\"image-container fullwidth\" style=\"width:100%;height:100%\"><img decoding=\"async\" style=\"width:100%\" src=\"\/wp-content\/uploads\/sites\/4\/2025\/11\/aluekartta.jpg\" \/><\/div><\/div><div class=\"msswb-image-caption-container\"><div class=\"msswb-image-caption\"><\/div><\/div><\/div>\n<\/div><\/div><\/div>\n<\/div><\/div>\n\n\n\n<div class=\"wp-block-msswb-panel msswb-panel-container\"><div class=\"mwwsb-panel-header\"><div class=\"mwwsb-panel-title\">Str\u00f8mming<\/div><div class=\"mwwsb-panel-icon\"><span class=\"dashicon dashicons dashicons-arrow-down-alt2\"><\/span><\/div><\/div><div class=\"msswb-panel-content\">\n<p>Alle kampene i VM str\u00f8mmes her: <a href=\"https:\/\/www.fib-tv.com\/en\">https:\/\/www.fib-tv.com\/en<\/a><\/p>\n<\/div><\/div>\n\n\n\n<div class=\"wp-block-msswb-panel msswb-panel-container\"><div class=\"mwwsb-panel-header\"><div class=\"mwwsb-panel-title\">Liveoppdateringer<\/div><div class=\"mwwsb-panel-icon\"><span class=\"dashicon dashicons dashicons-arrow-down-alt2\"><\/span><\/div><\/div><div class=\"msswb-panel-content\">\n<p>Alle kampene i VM oppdateres her: <a href=\"https:\/\/bandygrytan.se\">https:\/\/bandygrytan.se<\/a><\/p>\n<\/div><\/div>\n\n\n\n<div class=\"wp-block-msswb-panel msswb-panel-container\"><div class=\"mwwsb-panel-header\"><div class=\"mwwsb-panel-title\">Hotell<\/div><div class=\"mwwsb-panel-icon\"><span class=\"dashicon dashicons dashicons-arrow-down-alt2\"><\/span><\/div><\/div><div class=\"msswb-panel-content\">\n<p>Hotel &amp; Restaurant Amado tilbyr overnatting til konkurransedeltakere og -gjester til rabatterte priser ut 2025.<br>N\u00e5r du bestiller via denne nettsiden, bruk koden&nbsp;<strong>BANDYWC26<\/strong>, s\u00e5 f\u00e5r du f\u00f8lgende priser:<\/p>\n\n\n\n<ul class=\"wp-block-list\">\n<li><strong>99 \u20ac \/ natt \/ enkeltrom<\/strong><\/li>\n\n\n\n<li><strong>129 \u20ac \/ natt \/ dobbeltrom<\/strong><\/li>\n\n\n\n<li><strong>154 \u20ac \/ natt \/ tremannsrom<\/strong><\/li>\n\n\n\n<li><strong>179 \u20ac \/ natt \/ firemannsrom<\/strong><\/li>\n<\/ul>\n\n\n\n<p>Du kan ogs\u00e5 f\u00e5 rabatt ved telefonbestilling dersom du oppgir at du er gjest i forbindelse med konkurransen.<\/p>\n<\/div><\/div>\n\n\n\n<div class=\"wp-block-msswb-panel msswb-panel-container\"><div class=\"mwwsb-panel-header\"><div class=\"mwwsb-panel-title\">F\u00f8lg VM p\u00e5 SoMe<\/div><div class=\"mwwsb-panel-icon\"><span class=\"dashicon dashicons dashicons-arrow-down-alt2\"><\/span><\/div><\/div><div class=\"msswb-panel-content\">\n<p>Klikk her for \u00e5 se v\u00e5r Instagram-side: <a href=\"https:\/\/www.instagram.com\/nbf_bandy\/\" target=\"_blank\" rel=\"noreferrer noopener\">https:\/\/www.instagram.com\/nbf_bandy\/<\/a><\/p>\n<\/div><\/div>\n\n\n\n<div class=\"wp-block-msswb-panel msswb-panel-container\"><div class=\"mwwsb-panel-header\"><div class=\"mwwsb-panel-title\">Kontakt oss<\/div><div class=\"mwwsb-panel-icon\"><span class=\"dashicon dashicons dashicons-arrow-down-alt2\"><\/span><\/div><\/div><div class=\"msswb-panel-content\"><div class=\"msswb-display-internal-post-frontend-app-v2\" data-url-encoded-attrs=\"%7B%22displayInternalPost%22%3A%7B%22blog_id%22%3A4%2C%22ID%22%3A2154%7D%7D\" data-dip-id=\"\" ><\/div><\/div><\/div>\n\n\n<div class=\"msswb-image-frontend-app\"data-href-target=\"false\" data-href=\"%22%22\" data-use-link=\"false\" data-screen-width=\"false\" data-alignment=\"%22full%22\" data-url=\"%22%5C%2Fwp-content%5C%2Fuploads%5C%2Fsites%5C%2F4%5C%2F2025%5C%2F11%5C%2FBANDY2026_PYSTYLOGO_POSA.png%22\" data-is-background-image=\"false\" data-border-radius=\"0\" data-image-width=\"1920\" data-image-height=\"1080\" data-selected-image=\"%7B%22image_id%22%3A7659%2C%22blog_id%22%3A4%2C%22term_id%22%3A-1%2C%22selected_size%22%3A%22full%22%7D\" data-image-aspect-ratio=\"0.56\" data-alt-text=\"%22%22\" data-caption=\"%22%22\" data-width=\"400\" data-height=\"224.00000000000003\" data-focal-point=\"\" data-show-light-box=\"false\" >\n<div class=\"msswb-image-block msswbfull\"><div class=\"msswb-image \"><div class=\"image-container fullwidth\" style=\"width:100%;height:100%\"><img decoding=\"async\" style=\"width:100%\" src=\"\/wp-content\/uploads\/sites\/4\/2025\/11\/BANDY2026_PYSTYLOGO_POSA.png\" \/><\/div><\/div><div class=\"msswb-image-caption-container\"><div class=\"msswb-image-caption\"><\/div><\/div><\/div>\n<\/div>\n\n\n<div class=\"wp-block-msswb-spacer msswb-spacer-container show-line\" style=\"height:2px\"><div class=\"line\" style=\"height:1px\"><\/div><div class=\"line-center-divider\"><\/div><\/div>\n\n\n\n<p style=\"font-size:10px\"><\/p>\n","protected":false},"excerpt":{"rendered":"<p>VM i bandy for damer og herrer 2026 P\u00e5 denne siden finner du all informasjon om det kommende verdensmesterskapet i bandy for damer og herrer. Pori, Finland 12. &#8211; 18. januar 2026 Det internasjonale bandyforbundet (FIB) har bestemt at det neste \u00e5r skal arrangeres VM for b\u00e5de damer og herrer samme \u00e5r, og at mesterskapene [&hellip;]<\/p>\n","protected":false},"author":66,"featured_media":0,"parent":1483,"menu_order":0,"comment_status":"closed","ping_status":"closed","template":"templates\/template-cover.php","meta":{"cover_meta":"{\"showBackgroundImage\":true,\"bgImage\":{\"image_id\":7665,\"blog_id\":4,\"term_id\":-1,\"selected_size\":\"full\"},\"showOverlay\":true,\"overlayColor\":\"#020e13\",\"overlayOpacity\":0.2,\"showIntro\":false,\"introColor\":\"white\",\"intro\":\"\",\"title\":\"\",\"titleColor\":\"white\",\"showOutro\":false,\"outroColor\":\"white\",\"outro\":\"\"}","footnotes":""},"class_list":["post-7653","page","type-page","status-publish","hentry"],"_links":{"self":[{"href":"https:\/\/bandyforbundet.no\/bandy\/index.php?rest_route=\/wp\/v2\/pages\/7653","targetHints":{"allow":["GET"]}}],"collection":[{"href":"https:\/\/bandyforbundet.no\/bandy\/index.php?rest_route=\/wp\/v2\/pages"}],"about":[{"href":"https:\/\/bandyforbundet.no\/bandy\/index.php?rest_route=\/wp\/v2\/types\/page"}],"author":[{"embeddable":true,"href":"https:\/\/bandyforbundet.no\/bandy\/index.php?rest_route=\/wp\/v2\/users\/66"}],"replies":[{"embeddable":true,"href":"https:\/\/bandyforbundet.no\/bandy\/index.php?rest_route=%2Fwp%2Fv2%2Fcomments&post=7653"}],"version-history":[{"count":39,"href":"https:\/\/bandyforbundet.no\/bandy\/index.php?rest_route=\/wp\/v2\/pages\/7653\/revisions"}],"predecessor-version":[{"id":7846,"href":"https:\/\/bandyforbundet.no\/bandy\/index.php?rest_route=\/wp\/v2\/pages\/7653\/revisions\/7846"}],"up":[{"embeddable":true,"href":"https:\/\/bandyforbundet.no\/bandy\/index.php?rest_route=\/wp\/v2\/pages\/1483"}],"wp:attachment":[{"href":"https:\/\/bandyforbundet.no\/bandy\/index.php?rest_route=%2Fwp%2Fv2%2Fmedia&parent=7653"}],"curies":[{"name":"wp","href":"https:\/\/api.w.org\/{rel}","templated":true}]}}