{"id":1652,"date":"2021-07-01T11:19:17","date_gmt":"2021-07-01T11:19:17","guid":{"rendered":"http:\/\/bandyforbundet.no\/forbundet\/?page_id=1652"},"modified":"2022-04-21T13:54:53","modified_gmt":"2022-04-21T13:54:53","slug":"strategi-trenere","status":"publish","type":"page","link":"https:\/\/bandyforbundet.no\/forbundet\/?page_id=1652","title":{"rendered":"Strategi trenere"},"content":{"rendered":"<div class=\"msswb-display-internal-post-frontend-app-v2\" data-url-encoded-attrs=\"%7B%22displayInternalPost%22%3A%7B%22blog_id%22%3A2%2C%22ID%22%3A1722%7D%7D\" data-dip-id=\"\" ><\/div>\n\n\n<div class=\"wp-block-msswb-spacer msswb-spacer-container\" style=\"height:50px\"><div class=\"line\" style=\"height:25px\"><\/div><div class=\"line-center-divider\"><\/div><\/div>\n\n\n\n<div class=\"wp-block-msswb-panel msswb-panel-container\"><div class=\"mwwsb-panel-header\"><div class=\"mwwsb-panel-title\">Seksjoner &#8211; LTP og handlingsplan<\/div><div class=\"mwwsb-panel-icon\"><span class=\"dashicon dashicons dashicons-arrow-down-alt2\"><\/span><\/div><\/div><div class=\"msswb-panel-content\">\n<p>Seksjonenes langtidsplan og handlingsplan bygger p\u00e5 Norges Bandyforbund sin strategi og ambisjoner. F\u00f8lg lenke under for \u00e5 se planarbeidet til de ulike idrettene.<\/p>\n\n\n\n<p class=\"has-small-font-size\">Seksjonene til utarbeide sine langtidsplaner og handlingsplaner etter at strategiplanen er vedtatt p\u00e5 Forbundstinget 4. september 2021. Lenkene under vil derfor v\u00e6re tomme en stund fremover.<\/p>\n\n\n\n<ul class=\"wp-block-list\"><li>Innebandyseksjonen<\/li><li>Bandyseksjonen<\/li><li>Landhockeyseksjonen<\/li><\/ul>\n<\/div><\/div>\n\n\n\n<div class=\"wp-block-msswb-panel msswb-panel-container\"><div class=\"mwwsb-panel-header\"><div class=\"mwwsb-panel-title\">Regioner &#8211; LTP og handlingsplan<\/div><div class=\"mwwsb-panel-icon\"><span class=\"dashicon dashicons dashicons-arrow-down-alt2\"><\/span><\/div><\/div><div class=\"msswb-panel-content\">\n<ul class=\"wp-block-list\"><li><a href=\"https:\/\/bandyforbundet.no\/sorvest-bandyregion\/?page_id=4451\">S\u00f8rvest Bandyregion<\/a><\/li><li><a href=\"https:\/\/bandyforbundet.no\/hordaland-bandykrets\/?page_id=1182\">Hordaland Bandykrets<\/a><\/li><li><a href=\"https:\/\/bandyforbundet.no\/oslo-og-akershus\/?page_id=1606\">Oslo og Akershus Bandyregion<\/a><\/li><li><a href=\"https:\/\/bandyforbundet.no\/innlandet-bandyregion\/?page_id=1346\">Innlandet Bandyregion<\/a><\/li><li><a href=\"https:\/\/bandyforbundet.no\/sorost-bandyregion\/?page_id=2523\">S\u00f8r\u00f8st Bandyregion<\/a><\/li><li><a href=\"https:\/\/bandyforbundet.no\/nord-norge-bandyregion\/?page_id=977\">Nord-Norge Bandyregion<\/a><\/li><\/ul>\n<\/div><\/div>\n\n\n\n<div class=\"wp-block-msswb-spacer msswb-spacer-container\" style=\"height:50px\"><div class=\"line\" style=\"height:25px\"><\/div><div class=\"line-center-divider\"><\/div><\/div>\n\n\n\n<p class=\"has-text-align-center\"><strong>Siste<\/strong> nytt<\/p>\n\n\n<div class=\"msswb-display-posts-frontend-app-v2\" data-url-encoded-attrs=\"%7B%22mode%22%3A%22grid%22%2C%22carouselHeight%22%3A500%2C%22carouselMax%22%3A10%2C%22startAnimation%22%3A%22start%22%2C%22design%22%3A%22msswbcard%22%2C%22hideExcerpt%22%3Afalse%2C%22filterDate%22%3A%22from2yearago%22%2C%22dateObj%22%3A%7B%22fromDate%22%3A%222%20year%20ago%22%2C%22toDate%22%3A%22%22%7D%2C%22scrollDirection%22%3A%22vertical%22%2C%22displayPostsFromCategories%22%3A%5B%5D%2C%22displayPostsFromSharedCategories%22%3A%5B%7B%22blog_id%22%3A12%2C%22included%22%3A%5B265%5D%2C%22excluded%22%3A%5B%5D%7D%2C%7B%22blog_id%22%3A7%2C%22included%22%3A%5B108%5D%2C%22excluded%22%3A%5B%5D%7D%2C%7B%22blog_id%22%3A11%2C%22included%22%3A%5B129%5D%2C%22excluded%22%3A%5B%5D%7D%2C%7B%22blog_id%22%3A15%2C%22included%22%3A%5B98%5D%2C%22excluded%22%3A%5B%5D%7D%2C%7B%22blog_id%22%3A13%2C%22included%22%3A%5B93%5D%2C%22excluded%22%3A%5B%5D%7D%5D%2C%22maxCols%22%3A3%7D\" ><\/div>","protected":false},"excerpt":{"rendered":"<p>Siste nytt<\/p>\n","protected":false},"author":11,"featured_media":0,"parent":1637,"menu_order":0,"comment_status":"closed","ping_status":"closed","template":"templates\/template-cover.php","meta":{"cover_meta":"{\"showBackgroundImage\":true,\"bgImage\":{\"image_id\":1654,\"blog_id\":2,\"term_id\":130,\"selected_size\":\"full\"},\"showOverlay\":true,\"overlayColor\":\"#01273b\",\"overlayOpacity\":0.7,\"showIntro\":true,\"introColor\":\"white\",\"intro\":\"2017-2030\",\"title\":\"Trenere\",\"titleColor\":\"white\",\"showOutro\":true,\"outroColor\":\"white\",\"outro\":\"Norges Bandyforbund\"}","footnotes":""},"class_list":["post-1652","page","type-page","status-publish","hentry"],"_links":{"self":[{"href":"https:\/\/bandyforbundet.no\/forbundet\/index.php?rest_route=\/wp\/v2\/pages\/1652","targetHints":{"allow":["GET"]}}],"collection":[{"href":"https:\/\/bandyforbundet.no\/forbundet\/index.php?rest_route=\/wp\/v2\/pages"}],"about":[{"href":"https:\/\/bandyforbundet.no\/forbundet\/index.php?rest_route=\/wp\/v2\/types\/page"}],"author":[{"embeddable":true,"href":"https:\/\/bandyforbundet.no\/forbundet\/index.php?rest_route=\/wp\/v2\/users\/11"}],"replies":[{"embeddable":true,"href":"https:\/\/bandyforbundet.no\/forbundet\/index.php?rest_route=%2Fwp%2Fv2%2Fcomments&post=1652"}],"version-history":[{"count":12,"href":"https:\/\/bandyforbundet.no\/forbundet\/index.php?rest_route=\/wp\/v2\/pages\/1652\/revisions"}],"predecessor-version":[{"id":3059,"href":"https:\/\/bandyforbundet.no\/forbundet\/index.php?rest_route=\/wp\/v2\/pages\/1652\/revisions\/3059"}],"up":[{"embeddable":true,"href":"https:\/\/bandyforbundet.no\/forbundet\/index.php?rest_route=\/wp\/v2\/pages\/1637"}],"wp:attachment":[{"href":"https:\/\/bandyforbundet.no\/forbundet\/index.php?rest_route=%2Fwp%2Fv2%2Fmedia&parent=1652"}],"curies":[{"name":"wp","href":"https:\/\/api.w.org\/{rel}","templated":true}]}}