{"id":2536,"date":"2021-09-30T11:44:43","date_gmt":"2021-09-30T11:44:43","guid":{"rendered":"http:\/\/bandyforbundet.no\/forbundet\/?page_id=2536"},"modified":"2021-10-14T10:46:33","modified_gmt":"2021-10-14T10:46:33","slug":"finn-din-klubb","status":"publish","type":"page","link":"https:\/\/bandyforbundet.no\/forbundet\/?page_id=2536","title":{"rendered":"#Tilbake til idretten"},"content":{"rendered":"\n<div class=\"wp-block-columns\">\n<div class=\"wp-block-column\">\n<div class=\"wp-block-msswb-spacer msswb-spacer-container\" style=\"height:50px\"><div class=\"line\" style=\"height:25px\"><\/div><div class=\"line-center-divider\"><\/div><\/div>\n\n\n\n<h2 class=\"wp-block-heading\">#TILBAKETILIDRETTEN<\/h2>\n\n\n\n<p class=\"has-text-align-left has-large-font-size\">Endelig er det \u00e5pnet for all idrettsaktivitet!  <\/p>\n\n\n\n<p class=\"has-text-align-left has-large-font-size\"><em>Det betyr at alle treninger, kamper, arrangementer, samlinger, turneringer, osv., igjen kan gjennomf\u00f8res som f\u00f8r pandemien<\/em>. <\/p>\n\n\n\n<p class=\"has-text-align-left has-large-font-size\">Kampanjen &laquo;Tilbake til idretten&raquo; st\u00f8tter oppunder og markerer gjen\u00e5pningen. <\/p>\n<\/div>\n\n\n\n<div class=\"wp-block-column\"><div class=\"msswb-image-frontend-app\"data-href-target=\"false\" data-href=\"%22%22\" data-use-link=\"false\" data-screen-width=\"false\" data-alignment=\"%22full%22\" data-url=\"%22%5C%2Fwp-content%5C%2Fuploads%5C%2Fsites%5C%2F2%5C%2F2021%5C%2F10%5C%2Fvelkommentilbake_bandy.png%22\" data-is-background-image=\"false\" data-border-radius=\"0\" data-image-width=\"713\" data-image-height=\"480\" data-selected-image=\"%7B%22image_id%22%3A2593%2C%22blog_id%22%3A2%2C%22term_id%22%3A-1%2C%22selected_size%22%3A%22full%22%7D\" data-image-aspect-ratio=\"0.67\" data-alt-text=\"%22%22\" data-caption=\"%22%22\" data-width=\"713\" data-height=\"480\" data-focal-point=\"\" data-show-light-box=\"false\" >\n<div class=\"msswb-image-block msswbfull\"><div class=\"msswb-image\"><div class=\"image-container fullwidth\" style=\"width:100%;height:100%\"><img decoding=\"async\" style=\"width:100%\" src=\"\/wp-content\/uploads\/sites\/2\/2021\/10\/velkommentilbake_bandy.png\"\/><\/div><\/div><div class=\"msswb-image-attribution\"><\/div><div class=\"msswb-image-caption\"><\/div><\/div>\n<\/div><\/div>\n<\/div>\n\n\n\n<div class=\"wp-block-msswb-spacer msswb-spacer-container\" style=\"height:22px\"><div class=\"line\" style=\"height:11px\"><\/div><div class=\"line-center-divider\"><\/div><\/div>\n\n\n<div class=\"msswb-link-box-grid-frontend-app-v2\" data-url-encoded-attrs=\"%7B%22maxCols%22%3A3%2C%22showTitle%22%3Atrue%2C%22titleColor%22%3A%22%23ffffff%22%2C%22useColorBackground%22%3Atrue%2C%22bgColor%22%3A%22%232b6d8e%22%2C%22overlayColor%22%3A%7B%22r%22%3A69%2C%22g%22%3A126%2C%22b%22%3A191%2C%22a%22%3A0.1%7D%2C%22linkBoxes%22%3A%5B%7B%22link_type%22%3A%22page%22%2C%22blog_id%22%3A2%2C%22ID%22%3A2561%2C%22link%22%3A%22https%3A%2F%2Fbandyforbundet.no%2Fforbundet%2F%3Fpage_id%3D2561%22%2C%22image%22%3Afalse%2C%22featuredImage%22%3Afalse%2C%22from_shared%22%3Atrue%2C%22showAltTitle%22%3Atrue%2C%22altTitle%22%3A%22Finn%20din%20klubb%22%7D%2C%7B%22link_type%22%3A%22page%22%2C%22blog_id%22%3A3%2C%22ID%22%3A8422%2C%22link%22%3A%22https%3A%2F%2Fbandyforbundet.no%2Finnebandy%2F%3Fpage_id%3D8422%22%2C%22image%22%3Afalse%2C%22featuredImage%22%3Afalse%2C%22from_shared%22%3Atrue%2C%22showAltTitle%22%3Atrue%2C%22altTitle%22%3A%22Rekruttere%22%7D%2C%7B%22link_type%22%3A%22url%22%2C%22blog_id%22%3Afalse%2C%22ID%22%3Afalse%2C%22link%22%3A%22https%3A%2F%2Fwww.idrettsforbundet.no%2Ftema%2Ftilbake-til-idretten%2F%22%2C%22image%22%3Afalse%2C%22featuredImage%22%3Afalse%2C%22from_shared%22%3Atrue%2C%22showAltTitle%22%3Atrue%2C%22altTitle%22%3A%22Om%20kampanjen%22%7D%5D%7D\" ><\/div>\n\n\n<div class=\"wp-block-msswb-spacer msswb-spacer-container\" style=\"height:50px\"><div class=\"line\" style=\"height:25px\"><\/div><div class=\"line-center-divider\"><\/div><\/div>\n\n\n\n<p class=\"has-text-align-center has-large-font-size\">Leter du etter et tilbud i ditt n\u00e6rmilj\u00f8, trenger st\u00f8tte til rekruttering, \u00f8nsker inspirasjon, \u00f8nsker \u00e5 starte et nytt lag, eller \u00f8nsker \u00e5 starte ny klubb, ta kontakt med din n\u00e6rmeste <strong>utviklingskonsulent:<\/strong><\/p>\n\n\n\n<div class=\"wp-block-msswb-spacer msswb-spacer-container\" style=\"height:30px\"><div class=\"line\" style=\"height:15px\"><\/div><div class=\"line-center-divider\"><\/div><\/div>\n\n\n\n<div class=\"wp-block-msswb-panel msswb-panel-container\"><div class=\"mwwsb-panel-header\"><div class=\"mwwsb-panel-title\">Kontakt nasjonalt ansatte<\/div><div class=\"mwwsb-panel-icon\"><span class=\"dashicon dashicons dashicons-arrow-down-alt2\"><\/span><\/div><\/div><div class=\"msswb-panel-content\"><div class=\"msswb-display-internal-post-frontend-app-v2\" data-url-encoded-attrs=\"%7B%22displayInternalPost%22%3A%7B%22blog_id%22%3A2%2C%22ID%22%3A2649%7D%7D\" data-dip-id=\"\" ><\/div><\/div><\/div>\n\n\n\n<div class=\"wp-block-msswb-panel msswb-panel-container\"><div class=\"mwwsb-panel-header\"><div class=\"mwwsb-panel-title\">Kontakt regionalt ansatte<\/div><div class=\"mwwsb-panel-icon\"><span class=\"dashicon dashicons dashicons-arrow-down-alt2\"><\/span><\/div><\/div><div class=\"msswb-panel-content\"><div class=\"msswb-display-internal-post-frontend-app-v2\" data-url-encoded-attrs=\"%7B%22displayInternalPost%22%3A%7B%22blog_id%22%3A2%2C%22ID%22%3A2554%7D%7D\" data-dip-id=\"\" ><\/div><\/div><\/div>\n\n\n\n<div class=\"wp-block-msswb-spacer msswb-spacer-container\" style=\"height:50px\"><div class=\"line\" style=\"height:25px\"><\/div><div class=\"line-center-divider\"><\/div><\/div>\n","protected":false},"excerpt":{"rendered":"<p>#TILBAKETILIDRETTEN Endelig er det \u00e5pnet for all idrettsaktivitet! Det betyr at alle treninger, kamper, arrangementer, samlinger, turneringer, osv., igjen kan gjennomf\u00f8res som f\u00f8r pandemien. Kampanjen &laquo;Tilbake til idretten&raquo; st\u00f8tter oppunder og markerer gjen\u00e5pningen. Leter du etter et tilbud i ditt n\u00e6rmilj\u00f8, trenger st\u00f8tte til rekruttering, \u00f8nsker inspirasjon, \u00f8nsker \u00e5 starte et nytt lag, eller \u00f8nsker [&hellip;]<\/p>\n","protected":false},"author":22,"featured_media":0,"parent":346,"menu_order":0,"comment_status":"closed","ping_status":"closed","template":"templates\/template-cover.php","meta":{"cover_meta":"{\"showBackgroundImage\":true,\"bgImage\":{\"image_id\":2459,\"blog_id\":2,\"term_id\":159,\"selected_size\":\"full\"},\"showOverlay\":true,\"overlayColor\":\"#004668\",\"overlayOpacity\":0.6,\"showIntro\":true,\"introColor\":\"white\",\"intro\":\"Velkommen\",\"title\":\"#Tilbaketilidretten\",\"titleColor\":\"white\",\"showOutro\":false,\"outroColor\":\"white\",\"outro\":\"\"}","footnotes":""},"class_list":["post-2536","page","type-page","status-publish","hentry"],"_links":{"self":[{"href":"https:\/\/bandyforbundet.no\/forbundet\/index.php?rest_route=\/wp\/v2\/pages\/2536","targetHints":{"allow":["GET"]}}],"collection":[{"href":"https:\/\/bandyforbundet.no\/forbundet\/index.php?rest_route=\/wp\/v2\/pages"}],"about":[{"href":"https:\/\/bandyforbundet.no\/forbundet\/index.php?rest_route=\/wp\/v2\/types\/page"}],"author":[{"embeddable":true,"href":"https:\/\/bandyforbundet.no\/forbundet\/index.php?rest_route=\/wp\/v2\/users\/22"}],"replies":[{"embeddable":true,"href":"https:\/\/bandyforbundet.no\/forbundet\/index.php?rest_route=%2Fwp%2Fv2%2Fcomments&post=2536"}],"version-history":[{"count":23,"href":"https:\/\/bandyforbundet.no\/forbundet\/index.php?rest_route=\/wp\/v2\/pages\/2536\/revisions"}],"predecessor-version":[{"id":2652,"href":"https:\/\/bandyforbundet.no\/forbundet\/index.php?rest_route=\/wp\/v2\/pages\/2536\/revisions\/2652"}],"up":[{"embeddable":true,"href":"https:\/\/bandyforbundet.no\/forbundet\/index.php?rest_route=\/wp\/v2\/pages\/346"}],"wp:attachment":[{"href":"https:\/\/bandyforbundet.no\/forbundet\/index.php?rest_route=%2Fwp%2Fv2%2Fmedia&parent=2536"}],"curies":[{"name":"wp","href":"https:\/\/api.w.org\/{rel}","templated":true}]}}