{"id":2561,"date":"2021-09-30T13:15:28","date_gmt":"2021-09-30T13:15:28","guid":{"rendered":"http:\/\/bandyforbundet.no\/forbundet\/?page_id=2561"},"modified":"2021-09-30T16:15:37","modified_gmt":"2021-09-30T16:15:37","slug":"finn-din-klubb-2","status":"publish","type":"page","link":"https:\/\/bandyforbundet.no\/forbundet\/?page_id=2561","title":{"rendered":"Finn din klubb"},"content":{"rendered":"\n<div class=\"wp-block-columns\">\n<div class=\"wp-block-column\">\n<p class=\"has-text-align-right has-large-font-size\">Klikk p\u00e5 kartet under, finn ditt fylke og n\u00e6rmeste klubb<\/p>\n<\/div>\n\n\n\n<div class=\"wp-block-column\"><\/div>\n<\/div>\n\n\n\n<div class=\"wp-block-columns\">\n<div class=\"wp-block-column\"><div class=\"msswb-image-frontend-app\"data-href-target=\"true\" data-href=\"%22https%3A%5C%2F%5C%2Fwp.nif.no%5C%2FPageMap.aspx%3Fsfid%3D352%22\" data-use-link=\"false\" data-screen-width=\"false\" data-alignment=\"%22right%22\" data-url=\"%22%5C%2Fwp-content%5C%2Fuploads%5C%2Fsites%5C%2F2%5C%2F2021%5C%2F09%5C%2FNorgeskart.png%22\" data-is-background-image=\"false\" data-border-radius=\"0\" data-image-width=\"448\" data-image-height=\"608\" data-selected-image=\"%7B%22image_id%22%3A2567%2C%22blog_id%22%3A2%2C%22term_id%22%3A122%2C%22selected_size%22%3A%22full%22%7D\" data-image-aspect-ratio=\"1.36\" data-alt-text=\"%22%22\" data-caption=\"%22%22\" data-width=\"448\" data-height=\"608\" data-focal-point=\"\" data-show-light-box=\"false\" >\n<div class=\"msswb-image-block msswbright\" style=\"width:448px\"><a href=\"https:\/\/wp.nif.no\/PageMap.aspx?sfid=352\" target=\"_blank\" rel=\"noreferrer noopener\"><div class=\"msswb-image\"><div class=\"image-container\" style=\"width:448px;height:608px\"><img decoding=\"async\" style=\"width:448px;height:608px\" src=\"\/wp-content\/uploads\/sites\/2\/2021\/09\/Norgeskart.png\"\/><\/div><\/div><\/a><div class=\"msswb-image-attribution\"><\/div><div class=\"msswb-image-caption\"><\/div><\/div>\n<\/div><\/div>\n\n\n\n<div class=\"wp-block-column\">\n<div class=\"wp-block-msswb-spacer msswb-spacer-container\" style=\"height:133px\"><div class=\"line\" style=\"height:66px\"><\/div><div class=\"line-center-divider\"><\/div><\/div>\n\n\n\n<p class=\"has-text-align-left has-large-font-size\">Leter du etter et tilbud i ditt n\u00e6rmilj\u00f8, men finner ingen klubb i n\u00e6rheten av der du bor. Ta kontakt med din n\u00e6rmeste <strong>utviklingskonsulent<\/strong> for en prat. <\/p>\n\n\n\n<p class=\"has-large-font-size\">Kanskje er et milj\u00f8 i oppstart ikke langt unna deg, men ikke p\u00e5 kartet enda.  Eller kanskje du er interessert i \u00e5 v\u00e6re med \u00e5 starte opp et tilbud i ditt n\u00e6rmilj\u00f8. <\/p>\n<\/div>\n<\/div>\n\n\n\n<div class=\"wp-block-msswb-spacer msswb-spacer-container\" style=\"height:50px\"><div class=\"line\" style=\"height:25px\"><\/div><div class=\"line-center-divider\"><\/div><\/div>\n\n\n\n<div class=\"wp-block-msswb-panel msswb-panel-container\"><div class=\"mwwsb-panel-header\"><div class=\"mwwsb-panel-title\">Kontakt oss:<\/div><div class=\"mwwsb-panel-icon\"><span class=\"dashicon dashicons dashicons-arrow-down-alt2\"><\/span><\/div><\/div><div class=\"msswb-panel-content\"><div class=\"msswb-display-internal-post-frontend-app-v2\" data-url-encoded-attrs=\"%7B%22displayInternalPost%22%3A%7B%22blog_id%22%3A2%2C%22ID%22%3A2554%7D%7D\" data-dip-id=\"\" ><\/div><\/div><\/div>\n","protected":false},"excerpt":{"rendered":"<p>Klikk p\u00e5 kartet under, finn ditt fylke og n\u00e6rmeste klubb Leter du etter et tilbud i ditt n\u00e6rmilj\u00f8, men finner ingen klubb i n\u00e6rheten av der du bor. Ta kontakt med din n\u00e6rmeste utviklingskonsulent for en prat. Kanskje er et milj\u00f8 i oppstart ikke langt unna deg, men ikke p\u00e5 kartet enda. Eller kanskje du [&hellip;]<\/p>\n","protected":false},"author":22,"featured_media":0,"parent":346,"menu_order":0,"comment_status":"closed","ping_status":"closed","template":"templates\/template-cover.php","meta":{"cover_meta":"{\"showBackgroundImage\":true,\"bgImage\":{\"image_id\":2566,\"blog_id\":2,\"term_id\":122,\"selected_size\":\"full\"},\"showOverlay\":true,\"overlayColor\":\"#007cba\",\"overlayOpacity\":0.2,\"showIntro\":false,\"introColor\":\"white\",\"intro\":\"\",\"title\":\"Finn din klubb\",\"titleColor\":\"white\",\"showOutro\":false,\"outroColor\":\"white\",\"outro\":\"\"}","footnotes":""},"class_list":["post-2561","page","type-page","status-publish","hentry"],"_links":{"self":[{"href":"https:\/\/bandyforbundet.no\/forbundet\/index.php?rest_route=\/wp\/v2\/pages\/2561","targetHints":{"allow":["GET"]}}],"collection":[{"href":"https:\/\/bandyforbundet.no\/forbundet\/index.php?rest_route=\/wp\/v2\/pages"}],"about":[{"href":"https:\/\/bandyforbundet.no\/forbundet\/index.php?rest_route=\/wp\/v2\/types\/page"}],"author":[{"embeddable":true,"href":"https:\/\/bandyforbundet.no\/forbundet\/index.php?rest_route=\/wp\/v2\/users\/22"}],"replies":[{"embeddable":true,"href":"https:\/\/bandyforbundet.no\/forbundet\/index.php?rest_route=%2Fwp%2Fv2%2Fcomments&post=2561"}],"version-history":[{"count":15,"href":"https:\/\/bandyforbundet.no\/forbundet\/index.php?rest_route=\/wp\/v2\/pages\/2561\/revisions"}],"predecessor-version":[{"id":2587,"href":"https:\/\/bandyforbundet.no\/forbundet\/index.php?rest_route=\/wp\/v2\/pages\/2561\/revisions\/2587"}],"up":[{"embeddable":true,"href":"https:\/\/bandyforbundet.no\/forbundet\/index.php?rest_route=\/wp\/v2\/pages\/346"}],"wp:attachment":[{"href":"https:\/\/bandyforbundet.no\/forbundet\/index.php?rest_route=%2Fwp%2Fv2%2Fmedia&parent=2561"}],"curies":[{"name":"wp","href":"https:\/\/api.w.org\/{rel}","templated":true}]}}