{"id":304,"date":"2016-04-30T09:20:03","date_gmt":"2016-04-30T07:20:03","guid":{"rendered":"http:\/\/bandyforbundet.no\/forbundet\/?page_id=304"},"modified":"2021-09-16T10:36:13","modified_gmt":"2021-09-16T10:36:13","slug":"forbundsting","status":"publish","type":"page","link":"https:\/\/bandyforbundet.no\/forbundet\/?page_id=304","title":{"rendered":"Forbundsting"},"content":{"rendered":"\n<div class=\"wp-block-msswb-spacer msswb-spacer-container show-line\" style=\"height:10px\"><div class=\"line\" style=\"height:5px\"><\/div><div class=\"line-center-divider\"><\/div><\/div>\n\n\n\n<p class=\"has-drop-cap\">Hvert annet \u00e5r avholder Norges Bandyforbund forbundsting hvor kretsene og representanter fra alle de tre seksjonene m\u00f8ter. <\/p>\n\n\n\n<p>P\u00e5 dette tinget blir det valgt et forbundsstyre som best\u00e5r av en president, en visepresident, fem styremedlemmer og to varamedlemmer for disse. Normalt velges lederne for hver av seksjonene som tre av styremedlemmene.<\/p>\n\n\n\n<p>I perioden mellom forbundstingene er det forbundsstyret som er Norges Bandyforbunds h\u00f8yeste besluttende organ.<\/p>\n\n\n\n<div class=\"wp-block-msswb-spacer msswb-spacer-container show-line\" style=\"height:32px\"><div class=\"line\" style=\"height:16px\"><\/div><div class=\"line-center-divider\"><\/div><\/div>\n\n\n<div class=\"msswb-display-posts-frontend-app-v2\" data-url-encoded-attrs=\"%7B%22mode%22%3A%22grid%22%2C%22carouselHeight%22%3A500%2C%22carouselMax%22%3A10%2C%22startAnimation%22%3A%22start%22%2C%22design%22%3A%22msswbcard%22%2C%22hideExcerpt%22%3Afalse%2C%22filterDate%22%3A%22fromdate%22%2C%22dateObj%22%3A%7B%7D%2C%22scrollDirection%22%3A%22vertical%22%2C%22displayPostsFromCategories%22%3A%5B%7B%22blog_id%22%3A2%2C%22included%22%3A%5B10%5D%2C%22excluded%22%3A%5B%5D%2C%22filterDate%22%3A%22from1yearago%22%2C%22dateObj%22%3A%7B%22fromDate%22%3A%221%20year%20ago%22%2C%22toDate%22%3A%22%22%7D%7D%5D%2C%22displayPostsFromSharedCategories%22%3A%5B%5D%2C%22maxCols%22%3A3%7D\" ><\/div>\n\n\n<div class=\"wp-block-msswb-spacer msswb-spacer-container show-line\" style=\"height:10px\"><div class=\"line\" style=\"height:5px\"><\/div><div class=\"line-center-divider\"><\/div><\/div>\n\n\n\n<div class=\"wp-block-columns\">\n<div class=\"wp-block-column\">\n<h3 class=\"has-text-align-center wp-block-heading\">Protokoller<\/h3>\n\n\n<div class=\"msswb-display-posts-frontend-app-v2\" data-url-encoded-attrs=\"%7B%22mode%22%3A%22list%22%2C%22carouselHeight%22%3A500%2C%22carouselMax%22%3A10%2C%22startAnimation%22%3A%22start%22%2C%22design%22%3A%22msswbcard%22%2C%22hideExcerpt%22%3Afalse%2C%22filterDate%22%3A%22fromdate%22%2C%22dateObj%22%3A%7B%7D%2C%22scrollDirection%22%3A%22vertical%22%2C%22displayPostsFromCategories%22%3A%5B%7B%22blog_id%22%3A2%2C%22included%22%3A%5B13%5D%2C%22excluded%22%3A%5B%5D%7D%5D%2C%22displayPostsFromSharedCategories%22%3A%5B%5D%2C%22maxCols%22%3A4%7D\" ><\/div><\/div>\n\n\n\n<div class=\"wp-block-column\">\n<h3 class=\"has-text-align-center wp-block-heading\">Forbundstinget 2021<\/h3>\n\n\n<div class=\"msswb-display-posts-frontend-app-v2\" data-url-encoded-attrs=\"%7B%22mode%22%3A%22list%22%2C%22carouselHeight%22%3A500%2C%22carouselMax%22%3A10%2C%22startAnimation%22%3A%22start%22%2C%22design%22%3A%22msswbcard%22%2C%22hideExcerpt%22%3Afalse%2C%22filterDate%22%3A%22custom%22%2C%22dateObj%22%3A%7B%22fromDate%22%3A%222018-10-01%22%2C%22toDate%22%3A%222021-10-01%22%7D%2C%22scrollDirection%22%3A%22vertical%22%2C%22displayPostsFromCategories%22%3A%5B%7B%22blog_id%22%3A2%2C%22included%22%3A%5B10%5D%2C%22excluded%22%3A%5B%5D%7D%5D%2C%22displayPostsFromSharedCategories%22%3A%5B%5D%2C%22maxCols%22%3A4%7D\" ><\/div><\/div>\n\n\n\n<div class=\"wp-block-column\">\n<h3 class=\"has-text-align-center wp-block-heading\">Forbundstinget 2018<\/h3>\n\n\n<div class=\"msswb-display-posts-frontend-app-v2\" data-url-encoded-attrs=\"%7B%22mode%22%3A%22list%22%2C%22carouselHeight%22%3A500%2C%22carouselMax%22%3A10%2C%22startAnimation%22%3A%22start%22%2C%22design%22%3A%22msswbcard%22%2C%22hideExcerpt%22%3Afalse%2C%22filterDate%22%3A%22custom%22%2C%22dateObj%22%3A%7B%22fromDate%22%3A%222016-12-01%22%2C%22toDate%22%3A%222018-12-01%22%7D%2C%22scrollDirection%22%3A%22vertical%22%2C%22displayPostsFromCategories%22%3A%5B%7B%22blog_id%22%3A2%2C%22included%22%3A%5B10%5D%2C%22excluded%22%3A%5B%5D%7D%5D%2C%22displayPostsFromSharedCategories%22%3A%5B%5D%2C%22maxCols%22%3A4%7D\" ><\/div><\/div>\n\n\n\n<div class=\"wp-block-column\">\n<h3 class=\"has-text-align-center wp-block-heading\">Forbundstinget 2016<\/h3>\n\n\n<div class=\"msswb-display-posts-frontend-app-v2\" data-url-encoded-attrs=\"%7B%22mode%22%3A%22list%22%2C%22carouselHeight%22%3A500%2C%22carouselMax%22%3A10%2C%22startAnimation%22%3A%22start%22%2C%22design%22%3A%22msswbcard%22%2C%22hideExcerpt%22%3Afalse%2C%22filterDate%22%3A%22custom%22%2C%22dateObj%22%3A%7B%22fromDate%22%3A%222014-12-01%22%2C%22toDate%22%3A%222016-12-01%22%7D%2C%22scrollDirection%22%3A%22vertical%22%2C%22displayPostsFromCategories%22%3A%5B%7B%22blog_id%22%3A2%2C%22included%22%3A%5B10%5D%2C%22excluded%22%3A%5B%5D%7D%5D%2C%22displayPostsFromSharedCategories%22%3A%5B%5D%2C%22maxCols%22%3A4%7D\" ><\/div><\/div>\n<\/div>\n\n\n\n<div class=\"wp-block-columns\">\n<div class=\"wp-block-column\">\n<h3 class=\"has-text-align-center wp-block-heading\">Forbundstinget 2014<\/h3>\n\n\n<div class=\"msswb-display-posts-frontend-app-v2\" data-url-encoded-attrs=\"%7B%22mode%22%3A%22list%22%2C%22carouselHeight%22%3A500%2C%22carouselMax%22%3A10%2C%22startAnimation%22%3A%22start%22%2C%22design%22%3A%22msswbcard%22%2C%22hideExcerpt%22%3Afalse%2C%22filterDate%22%3A%22custom%22%2C%22dateObj%22%3A%7B%22fromDate%22%3A%222012-12-01%22%2C%22toDate%22%3A%222014-12-01%22%7D%2C%22scrollDirection%22%3A%22vertical%22%2C%22displayPostsFromCategories%22%3A%5B%7B%22blog_id%22%3A2%2C%22included%22%3A%5B10%5D%2C%22excluded%22%3A%5B%5D%7D%5D%2C%22displayPostsFromSharedCategories%22%3A%5B%5D%2C%22maxCols%22%3A4%7D\" ><\/div><\/div>\n\n\n\n<div class=\"wp-block-column\"><\/div>\n\n\n\n<div class=\"wp-block-column\"><\/div>\n\n\n\n<div class=\"wp-block-column\"><\/div>\n<\/div>\n","protected":false},"excerpt":{"rendered":"<p>Hvert annet \u00e5r avholder Norges Bandyforbund forbundsting hvor kretsene og representanter fra alle de tre seksjonene m\u00f8ter. P\u00e5 dette tinget blir det valgt et forbundsstyre som best\u00e5r av en president, en visepresident, fem styremedlemmer og to varamedlemmer for disse. Normalt velges lederne for hver av seksjonene som tre av styremedlemmene. I perioden mellom forbundstingene er [&hellip;]<\/p>\n","protected":false},"author":25,"featured_media":0,"parent":302,"menu_order":0,"comment_status":"closed","ping_status":"closed","template":"templates\/template-cover.php","meta":{"cover_meta":"{\"showBackgroundImage\":true,\"bgImage\":{\"image_id\":70,\"blog_id\":2,\"term_id\":122,\"selected_size\":\"full\"},\"showOverlay\":true,\"overlayColor\":\"#423133\",\"overlayOpacity\":0.8,\"showIntro\":true,\"introColor\":\"white\",\"intro\":\"Norges Bandyforbunds\",\"title\":\"FORBUNDSTING\",\"titleColor\":\"white\",\"showOutro\":false,\"outroColor\":\"white\",\"outro\":\"\"}","footnotes":""},"class_list":["post-304","page","type-page","status-publish","hentry"],"_links":{"self":[{"href":"https:\/\/bandyforbundet.no\/forbundet\/index.php?rest_route=\/wp\/v2\/pages\/304","targetHints":{"allow":["GET"]}}],"collection":[{"href":"https:\/\/bandyforbundet.no\/forbundet\/index.php?rest_route=\/wp\/v2\/pages"}],"about":[{"href":"https:\/\/bandyforbundet.no\/forbundet\/index.php?rest_route=\/wp\/v2\/types\/page"}],"author":[{"embeddable":true,"href":"https:\/\/bandyforbundet.no\/forbundet\/index.php?rest_route=\/wp\/v2\/users\/25"}],"replies":[{"embeddable":true,"href":"https:\/\/bandyforbundet.no\/forbundet\/index.php?rest_route=%2Fwp%2Fv2%2Fcomments&post=304"}],"version-history":[{"count":16,"href":"https:\/\/bandyforbundet.no\/forbundet\/index.php?rest_route=\/wp\/v2\/pages\/304\/revisions"}],"predecessor-version":[{"id":2451,"href":"https:\/\/bandyforbundet.no\/forbundet\/index.php?rest_route=\/wp\/v2\/pages\/304\/revisions\/2451"}],"up":[{"embeddable":true,"href":"https:\/\/bandyforbundet.no\/forbundet\/index.php?rest_route=\/wp\/v2\/pages\/302"}],"wp:attachment":[{"href":"https:\/\/bandyforbundet.no\/forbundet\/index.php?rest_route=%2Fwp%2Fv2%2Fmedia&parent=304"}],"curies":[{"name":"wp","href":"https:\/\/api.w.org\/{rel}","templated":true}]}}