{"id":312,"date":"2016-04-30T10:07:08","date_gmt":"2016-04-30T08:07:08","guid":{"rendered":"http:\/\/bandyforbundet.no\/forbundet\/?page_id=312"},"modified":"2021-09-16T10:30:34","modified_gmt":"2021-09-16T10:30:34","slug":"protokoller-og-referater","status":"publish","type":"page","link":"https:\/\/bandyforbundet.no\/forbundet\/?page_id=312","title":{"rendered":"De siste publiserte protokollene"},"content":{"rendered":"\n<div class=\"wp-block-msswb-spacer msswb-spacer-container\" style=\"height:18px\"><div class=\"line\" style=\"height:9px\"><\/div><div class=\"line-center-divider\"><\/div><\/div>\n\n\n<div class=\"msswb-display-posts-frontend-app-v2\" data-url-encoded-attrs=\"%7B%22mode%22%3A%22grid%22%2C%22carouselHeight%22%3A500%2C%22carouselMax%22%3A10%2C%22startAnimation%22%3A%22start%22%2C%22design%22%3A%22msswbcard%22%2C%22hideExcerpt%22%3Afalse%2C%22filterDate%22%3A%22from1yearago%22%2C%22dateObj%22%3A%7B%7D%2C%22scrollDirection%22%3A%22vertical%22%2C%22displayPostsFromCategories%22%3A%5B%7B%22blog_id%22%3A2%2C%22included%22%3A%5B9%2C13%2C25%5D%2C%22excluded%22%3A%5B%5D%2C%22filterDate%22%3A%22from1yearago%22%2C%22dateObj%22%3A%7B%22fromDate%22%3A%221%20year%20ago%22%2C%22toDate%22%3A%22%22%7D%7D%5D%2C%22displayPostsFromSharedCategories%22%3A%5B%7B%22blog_id%22%3A3%2C%22included%22%3A%5B250%2C251%5D%2C%22excluded%22%3A%5B%5D%7D%2C%7B%22blog_id%22%3A4%2C%22included%22%3A%5B153%2C152%5D%2C%22excluded%22%3A%5B%5D%7D%2C%7B%22blog_id%22%3A5%2C%22included%22%3A%5B86%2C85%5D%2C%22excluded%22%3A%5B%5D%7D%5D%2C%22maxCols%22%3A3%7D\" ><\/div>\n\n\n<div class=\"wp-block-msswb-spacer msswb-spacer-container show-line\" style=\"height:50px\"><div class=\"line\" style=\"height:25px\"><\/div><div class=\"line-center-divider\"><\/div><\/div>\n\n\n\n<h1 class=\"has-text-align-center wp-block-heading\">Protokoll fra styrem\u00f8ter<\/h1>\n\n\n\n<div class=\"wp-block-columns\">\n<div class=\"wp-block-column\">\n<h3 class=\"has-text-align-center wp-block-heading\">Forbundet<\/h3>\n\n\n<div class=\"msswb-display-posts-frontend-app-v2\" data-url-encoded-attrs=\"%7B%22mode%22%3A%22list%22%2C%22carouselHeight%22%3A500%2C%22carouselMax%22%3A10%2C%22startAnimation%22%3A%22start%22%2C%22design%22%3A%22msswbcard%22%2C%22hideExcerpt%22%3Afalse%2C%22filterDate%22%3A%22fromdate%22%2C%22dateObj%22%3A%7B%7D%2C%22scrollDirection%22%3A%22vertical%22%2C%22displayPostsFromCategories%22%3A%5B%7B%22blog_id%22%3A2%2C%22included%22%3A%5B9%5D%2C%22excluded%22%3A%5B%5D%7D%5D%2C%22displayPostsFromSharedCategories%22%3A%5B%5D%2C%22maxCols%22%3A4%7D\" ><\/div><\/div>\n\n\n\n<div class=\"wp-block-column\">\n<h3 class=\"has-text-align-center wp-block-heading\">Innebandy<\/h3>\n\n\n<div class=\"msswb-display-posts-frontend-app-v2\" data-url-encoded-attrs=\"%7B%22mode%22%3A%22list%22%2C%22carouselHeight%22%3A500%2C%22carouselMax%22%3A10%2C%22startAnimation%22%3A%22start%22%2C%22design%22%3A%22msswbcard%22%2C%22hideExcerpt%22%3Afalse%2C%22filterDate%22%3A%22fromdate%22%2C%22dateObj%22%3A%7B%7D%2C%22scrollDirection%22%3A%22vertical%22%2C%22displayPostsFromCategories%22%3A%5B%7B%22blog_id%22%3A2%2C%22included%22%3A%5B%5D%2C%22excluded%22%3A%5B%5D%7D%5D%2C%22displayPostsFromSharedCategories%22%3A%5B%7B%22blog_id%22%3A3%2C%22included%22%3A%5B250%5D%2C%22excluded%22%3A%5B%5D%7D%5D%2C%22maxCols%22%3A4%7D\" ><\/div><\/div>\n\n\n\n<div class=\"wp-block-column\">\n<h3 class=\"has-text-align-center wp-block-heading\">Bandy<\/h3>\n\n\n<div class=\"msswb-display-posts-frontend-app-v2\" data-url-encoded-attrs=\"%7B%22mode%22%3A%22list%22%2C%22carouselHeight%22%3A500%2C%22carouselMax%22%3A10%2C%22startAnimation%22%3A%22start%22%2C%22design%22%3A%22msswbcard%22%2C%22hideExcerpt%22%3Afalse%2C%22filterDate%22%3A%22fromdate%22%2C%22dateObj%22%3A%7B%7D%2C%22scrollDirection%22%3A%22vertical%22%2C%22displayPostsFromCategories%22%3A%5B%7B%22blog_id%22%3A2%2C%22included%22%3A%5B%5D%2C%22excluded%22%3A%5B%5D%7D%5D%2C%22displayPostsFromSharedCategories%22%3A%5B%7B%22blog_id%22%3A4%2C%22included%22%3A%5B152%5D%2C%22excluded%22%3A%5B%5D%7D%5D%2C%22maxCols%22%3A4%7D\" ><\/div><\/div>\n\n\n\n<div class=\"wp-block-column\">\n<h3 class=\"has-text-align-center wp-block-heading\">Landhockey<\/h3>\n\n\n<div class=\"msswb-display-posts-frontend-app-v2\" data-url-encoded-attrs=\"%7B%22mode%22%3A%22list%22%2C%22carouselHeight%22%3A500%2C%22carouselMax%22%3A10%2C%22startAnimation%22%3A%22start%22%2C%22design%22%3A%22msswbcard%22%2C%22hideExcerpt%22%3Afalse%2C%22filterDate%22%3A%22fromdate%22%2C%22dateObj%22%3A%7B%7D%2C%22scrollDirection%22%3A%22vertical%22%2C%22displayPostsFromCategories%22%3A%5B%7B%22blog_id%22%3A2%2C%22included%22%3A%5B%5D%2C%22excluded%22%3A%5B%5D%7D%5D%2C%22displayPostsFromSharedCategories%22%3A%5B%7B%22blog_id%22%3A5%2C%22included%22%3A%5B85%5D%2C%22excluded%22%3A%5B%5D%7D%5D%2C%22maxCols%22%3A4%7D\" ><\/div><\/div>\n<\/div>\n\n\n\n<div class=\"wp-block-msswb-spacer msswb-spacer-container show-line\" style=\"height:50px\"><div class=\"line\" style=\"height:25px\"><\/div><div class=\"line-center-divider\"><\/div><\/div>\n\n\n\n<h1 class=\"has-text-align-center wp-block-heading\">Protokoll fra Ting og \u00c5rsm\u00f8ter<\/h1>\n\n\n\n<div class=\"wp-block-columns\">\n<div class=\"wp-block-column\">\n<h3 class=\"has-text-align-center wp-block-heading\">Forbundet<\/h3>\n\n\n<div class=\"msswb-display-posts-frontend-app-v2\" data-url-encoded-attrs=\"%7B%22mode%22%3A%22list%22%2C%22carouselHeight%22%3A500%2C%22carouselMax%22%3A10%2C%22startAnimation%22%3A%22start%22%2C%22design%22%3A%22msswbcard%22%2C%22hideExcerpt%22%3Afalse%2C%22filterDate%22%3A%22fromdate%22%2C%22dateObj%22%3A%7B%7D%2C%22scrollDirection%22%3A%22vertical%22%2C%22displayPostsFromCategories%22%3A%5B%7B%22blog_id%22%3A2%2C%22included%22%3A%5B13%5D%2C%22excluded%22%3A%5B%5D%7D%5D%2C%22displayPostsFromSharedCategories%22%3A%5B%5D%2C%22maxCols%22%3A4%7D\" ><\/div><\/div>\n\n\n\n<div class=\"wp-block-column\">\n<h3 class=\"has-text-align-center wp-block-heading\">Innebandy<\/h3>\n\n\n<div class=\"msswb-display-posts-frontend-app-v2\" data-url-encoded-attrs=\"%7B%22mode%22%3A%22list%22%2C%22carouselHeight%22%3A500%2C%22carouselMax%22%3A10%2C%22startAnimation%22%3A%22start%22%2C%22design%22%3A%22msswbcard%22%2C%22hideExcerpt%22%3Afalse%2C%22filterDate%22%3A%22fromdate%22%2C%22dateObj%22%3A%7B%7D%2C%22scrollDirection%22%3A%22vertical%22%2C%22displayPostsFromCategories%22%3A%5B%7B%22blog_id%22%3A2%2C%22included%22%3A%5B%5D%2C%22excluded%22%3A%5B%5D%7D%5D%2C%22displayPostsFromSharedCategories%22%3A%5B%7B%22blog_id%22%3A3%2C%22included%22%3A%5B251%5D%2C%22excluded%22%3A%5B%5D%7D%5D%2C%22maxCols%22%3A4%7D\" ><\/div><\/div>\n\n\n\n<div class=\"wp-block-column\">\n<h3 class=\"has-text-align-center wp-block-heading\">Bandy<\/h3>\n\n\n<div class=\"msswb-display-posts-frontend-app-v2\" data-url-encoded-attrs=\"%7B%22mode%22%3A%22list%22%2C%22carouselHeight%22%3A500%2C%22carouselMax%22%3A10%2C%22startAnimation%22%3A%22start%22%2C%22design%22%3A%22msswbcard%22%2C%22hideExcerpt%22%3Afalse%2C%22filterDate%22%3A%22fromdate%22%2C%22dateObj%22%3A%7B%7D%2C%22scrollDirection%22%3A%22vertical%22%2C%22displayPostsFromCategories%22%3A%5B%7B%22blog_id%22%3A2%2C%22included%22%3A%5B%5D%2C%22excluded%22%3A%5B%5D%7D%5D%2C%22displayPostsFromSharedCategories%22%3A%5B%7B%22blog_id%22%3A4%2C%22included%22%3A%5B153%5D%2C%22excluded%22%3A%5B%5D%7D%5D%2C%22maxCols%22%3A4%7D\" ><\/div><\/div>\n\n\n\n<div class=\"wp-block-column\">\n<h3 class=\"has-text-align-center wp-block-heading\">Landhockey<\/h3>\n\n\n<div class=\"msswb-display-posts-frontend-app-v2\" data-url-encoded-attrs=\"%7B%22mode%22%3A%22list%22%2C%22carouselHeight%22%3A500%2C%22carouselMax%22%3A10%2C%22startAnimation%22%3A%22start%22%2C%22design%22%3A%22msswbcard%22%2C%22hideExcerpt%22%3Afalse%2C%22filterDate%22%3A%22fromdate%22%2C%22dateObj%22%3A%7B%7D%2C%22scrollDirection%22%3A%22vertical%22%2C%22displayPostsFromCategories%22%3A%5B%7B%22blog_id%22%3A2%2C%22included%22%3A%5B%5D%2C%22excluded%22%3A%5B%5D%7D%5D%2C%22displayPostsFromSharedCategories%22%3A%5B%7B%22blog_id%22%3A5%2C%22included%22%3A%5B86%5D%2C%22excluded%22%3A%5B%5D%7D%5D%2C%22maxCols%22%3A4%7D\" ><\/div><\/div>\n<\/div>\n","protected":false},"excerpt":{"rendered":"<p>Protokoll fra styrem\u00f8ter Forbundet Innebandy Bandy Landhockey Protokoll fra Ting og \u00c5rsm\u00f8ter Forbundet Innebandy Bandy Landhockey<\/p>\n","protected":false},"author":25,"featured_media":0,"parent":302,"menu_order":0,"comment_status":"closed","ping_status":"closed","template":"templates\/template-cover.php","meta":{"cover_meta":"{\"showBackgroundImage\":true,\"bgImage\":{\"image_id\":932,\"blog_id\":3,\"term_id\":174,\"selected_size\":\"full\"},\"showOverlay\":true,\"overlayColor\":\"#202144\",\"overlayOpacity\":0.8,\"showIntro\":true,\"introColor\":\"white\",\"intro\":\"Ting - \u00c5rsm\u00f8ter - Styrem\u00f8ter\",\"title\":\"Protokoller\",\"titleColor\":\"white\",\"showOutro\":true,\"outroColor\":\"white\",\"outro\":\"Forbundet - Innebandy - Bandy - Landhockey\"}","footnotes":""},"class_list":["post-312","page","type-page","status-publish","hentry"],"_links":{"self":[{"href":"https:\/\/bandyforbundet.no\/forbundet\/index.php?rest_route=\/wp\/v2\/pages\/312","targetHints":{"allow":["GET"]}}],"collection":[{"href":"https:\/\/bandyforbundet.no\/forbundet\/index.php?rest_route=\/wp\/v2\/pages"}],"about":[{"href":"https:\/\/bandyforbundet.no\/forbundet\/index.php?rest_route=\/wp\/v2\/types\/page"}],"author":[{"embeddable":true,"href":"https:\/\/bandyforbundet.no\/forbundet\/index.php?rest_route=\/wp\/v2\/users\/25"}],"replies":[{"embeddable":true,"href":"https:\/\/bandyforbundet.no\/forbundet\/index.php?rest_route=%2Fwp%2Fv2%2Fcomments&post=312"}],"version-history":[{"count":16,"href":"https:\/\/bandyforbundet.no\/forbundet\/index.php?rest_route=\/wp\/v2\/pages\/312\/revisions"}],"predecessor-version":[{"id":2449,"href":"https:\/\/bandyforbundet.no\/forbundet\/index.php?rest_route=\/wp\/v2\/pages\/312\/revisions\/2449"}],"up":[{"embeddable":true,"href":"https:\/\/bandyforbundet.no\/forbundet\/index.php?rest_route=\/wp\/v2\/pages\/302"}],"wp:attachment":[{"href":"https:\/\/bandyforbundet.no\/forbundet\/index.php?rest_route=%2Fwp%2Fv2%2Fmedia&parent=312"}],"curies":[{"name":"wp","href":"https:\/\/api.w.org\/{rel}","templated":true}]}}