{"id":4953,"date":"2025-12-12T09:33:42","date_gmt":"2025-12-12T09:33:42","guid":{"rendered":"https:\/\/bandyforbundet.no\/forbundet\/?page_id=4953"},"modified":"2025-12-12T09:46:30","modified_gmt":"2025-12-12T09:46:30","slug":"barne-og-ungdomsidrett","status":"publish","type":"page","link":"https:\/\/bandyforbundet.no\/forbundet\/?page_id=4953","title":{"rendered":"Barneidrett"},"content":{"rendered":"\n<div class=\"wp-block-msswb-spacer msswb-spacer-container\" style=\"height:10px\"><div class=\"line\" style=\"height:5px\"><\/div><div class=\"line-center-divider\"><\/div><\/div>\n\n\n\n<p>Barneidrett er idrettsaktivitet for barn til og med det \u00e5ret de fyller 12 \u00e5r. Se idrettsforbundets sider for mer om temaet barneidrett: <a href=\"https:\/\/www.idrettsforbundet.no\/tema\/barneidrett\">https:\/\/www.idrettsforbundet.no\/tema\/barneidrett<\/a>.<\/p>\n\n\n\n<div style=\"height:50px\" aria-hidden=\"true\" class=\"wp-block-spacer\"><\/div>\n\n\n\n<div class=\"wp-block-msswb-panel msswb-panel-container\"><div class=\"mwwsb-panel-header\"><div class=\"mwwsb-panel-title\">Definisjon av lokale og regionale konkurranser for barn i Norges Bandyforbund<\/div><div class=\"mwwsb-panel-icon\"><span class=\"dashicon dashicons dashicons-arrow-down-alt2\"><\/span><\/div><\/div><div class=\"msswb-panel-content\">\n<p>Barn fra 6-8 \u00e5r kan kun delta i lokale arrangementer. Med lokale arrangementer menes f\u00f8rst og fremst i egen klubb eller s\u00e5 lokalt som mulig innenfor tilh\u00f8rende bandykrets\/region. Begrepet kan ogs\u00e5 omfatte arrangementer innenfor andre bandykretser\/regioner dersom reisevei dit er lik eller kortere enn til arrangementer i egen krets\/region, om anlegg\/v\u00e6rsituasjon tilsier at det m\u00e5 reises for \u00e5 komme til anlegg, eller dersom det er f\u00e6rre enn 3 lag i samme aldersgruppe\/kj\u00f8nn \u00e5 spille mot i samme bandykrets\/region.<br><br>Barn fra 9-10 \u00e5r kan delta i regionale arrangementer. Norges Bandyforbund deler landet inn i f\u00f8lgende regioner: Nord-Norge, Midt-Norge, Sogn og Fjordane, Hordaland, S\u00f8r-Vest, S\u00f8r-\u00d8st, Oslo\/Akershus, Buskerud og Innlandet. Begrepet kan ogs\u00e5 omfatte arrangementer innenfor andre regioner dersom reisevei dit er lik eller kortere enn til arrangementer i egen region, om anlegg\/v\u00e6rsituasjon tilsier at det m\u00e5 reises for \u00e5 komme til anlegg, eller dersom det er f\u00e6rre enn 5 lag i samme aldersgruppe\/kj\u00f8nn \u00e5 spille mot i samme region. <br>Det er administrerende myndighet som styrer konkurranseaktiviteten og de skal etterstrebe at lag har s\u00e5 kort reisevei som mulig til konkurranser.<\/p>\n<\/div><\/div>\n\n\n\n<div class=\"wp-block-msswb-panel msswb-panel-container\"><div class=\"mwwsb-panel-header\"><div class=\"mwwsb-panel-title\">Barneidrettsbestemmelser<\/div><div class=\"mwwsb-panel-icon\"><span class=\"dashicon dashicons dashicons-arrow-down-alt2\"><\/span><\/div><\/div><div class=\"msswb-panel-content\">\n<p><a href=\"https:\/\/www.idrettsforbundet.no\/tema\/barneidrett\/bestemmelser-om-barneidrett\">https:\/\/www.idrettsforbundet.no\/tema\/barneidrett\/bestemmelser-om-barneidrett<\/a><\/p>\n<\/div><\/div>\n\n\n\n<div class=\"wp-block-msswb-panel msswb-panel-container\"><div class=\"mwwsb-panel-header\"><div class=\"mwwsb-panel-title\">Idrettens barnerettigheter<\/div><div class=\"mwwsb-panel-icon\"><span class=\"dashicon dashicons dashicons-arrow-down-alt2\"><\/span><\/div><\/div><div class=\"msswb-panel-content\">\n<p><a href=\"https:\/\/www.idrettsforbundet.no\/tema\/barneidrett\/idrettens-barnerettigheter\">https:\/\/www.idrettsforbundet.no\/tema\/barneidrett\/idrettens-barnerettigheter<\/a><\/p>\n<\/div><\/div>\n","protected":false},"excerpt":{"rendered":"<p>Barneidrett er idrettsaktivitet for barn til og med det \u00e5ret de fyller 12 \u00e5r. Se idrettsforbundets sider for mer om temaet barneidrett: https:\/\/www.idrettsforbundet.no\/tema\/barneidrett.<\/p>\n","protected":false},"author":22,"featured_media":0,"parent":302,"menu_order":0,"comment_status":"closed","ping_status":"closed","template":"templates\/template-cover.php","meta":{"cover_meta":"{\"showBackgroundImage\":true,\"bgImage\":{\"image_id\":2520,\"blog_id\":2,\"term_id\":159,\"selected_size\":\"full\"},\"showOverlay\":true,\"overlayColor\":\"#1c3254\",\"overlayOpacity\":0.8,\"showIntro\":false,\"introColor\":\"white\",\"intro\":\"\",\"title\":\"Barneidrett\",\"titleColor\":\"white\",\"showOutro\":false,\"outroColor\":\"white\",\"outro\":\"\"}","footnotes":""},"class_list":["post-4953","page","type-page","status-publish","hentry"],"_links":{"self":[{"href":"https:\/\/bandyforbundet.no\/forbundet\/index.php?rest_route=\/wp\/v2\/pages\/4953","targetHints":{"allow":["GET"]}}],"collection":[{"href":"https:\/\/bandyforbundet.no\/forbundet\/index.php?rest_route=\/wp\/v2\/pages"}],"about":[{"href":"https:\/\/bandyforbundet.no\/forbundet\/index.php?rest_route=\/wp\/v2\/types\/page"}],"author":[{"embeddable":true,"href":"https:\/\/bandyforbundet.no\/forbundet\/index.php?rest_route=\/wp\/v2\/users\/22"}],"replies":[{"embeddable":true,"href":"https:\/\/bandyforbundet.no\/forbundet\/index.php?rest_route=%2Fwp%2Fv2%2Fcomments&post=4953"}],"version-history":[{"count":6,"href":"https:\/\/bandyforbundet.no\/forbundet\/index.php?rest_route=\/wp\/v2\/pages\/4953\/revisions"}],"predecessor-version":[{"id":4961,"href":"https:\/\/bandyforbundet.no\/forbundet\/index.php?rest_route=\/wp\/v2\/pages\/4953\/revisions\/4961"}],"up":[{"embeddable":true,"href":"https:\/\/bandyforbundet.no\/forbundet\/index.php?rest_route=\/wp\/v2\/pages\/302"}],"wp:attachment":[{"href":"https:\/\/bandyforbundet.no\/forbundet\/index.php?rest_route=%2Fwp%2Fv2%2Fmedia&parent=4953"}],"curies":[{"name":"wp","href":"https:\/\/api.w.org\/{rel}","templated":true}]}}