{"id":1169,"date":"2021-07-02T07:08:42","date_gmt":"2021-07-02T07:08:42","guid":{"rendered":"http:\/\/bandyforbundet.no\/hordaland-bandykrets\/?page_id=1169"},"modified":"2021-07-02T10:23:08","modified_gmt":"2021-07-02T10:23:08","slug":"strategi-hovedside","status":"publish","type":"page","link":"https:\/\/bandyforbundet.no\/hordaland-bandykrets\/?page_id=1169","title":{"rendered":"Strategi hovedside"},"content":{"rendered":"<div class=\"msswb-display-internal-post-frontend-app-v2\" data-url-encoded-attrs=\"%7B%22displayInternalPost%22%3A%7B%22blog_id%22%3A2%2C%22ID%22%3A1737%7D%7D\" data-dip-id=\"\" ><\/div>\n\n\n<div class=\"wp-block-msswb-spacer msswb-spacer-container\" style=\"height:50px\"><div class=\"line\" style=\"height:25px\"><\/div><div class=\"line-center-divider\"><\/div><\/div>\n\n\n\n<p>Hordaland Bandykrets sin langtidsplan og handlingsplan bytter p\u00e5 strategier og langtidsplaner til Norges Bandyforbund, Innebandyseksjonen, Bandyseksjonen og Landhockeyseksjonen. P\u00e5 lenkene under finner du Hordaland Bandykrets sin langtidsplan og handlingsplan for de ulike virksomhetsomr\u00e5dene.<\/p>\n\n\n\n<div class=\"wp-block-msswb-spacer msswb-spacer-container\" style=\"height:50px\"><div class=\"line\" style=\"height:25px\"><\/div><div class=\"line-center-divider\"><\/div><\/div>\n\n\n<div class=\"msswb-link-box-grid-frontend-app-v2\" data-url-encoded-attrs=\"%7B%22maxCols%22%3A3%2C%22showTitle%22%3Atrue%2C%22titleColor%22%3A%22%23ffffff%22%2C%22useColorBackground%22%3Atrue%2C%22bgColor%22%3A%22%23d45c5c%22%2C%22overlayColor%22%3A%7B%22r%22%3A69%2C%22g%22%3A126%2C%22b%22%3A191%2C%22a%22%3A0.1%7D%2C%22linkBoxes%22%3A%5B%7B%22link_type%22%3A%22page%22%2C%22blog_id%22%3A11%2C%22ID%22%3A1173%2C%22link%22%3A%22https%3A%2F%2Fbandyforbundet.no%2Fhordaland-bandykrets%2F%3Fpage_id%3D1173%22%2C%22image%22%3Afalse%2C%22featuredImage%22%3Afalse%2C%22from_shared%22%3Atrue%2C%22showAltTitle%22%3Atrue%2C%22altTitle%22%3A%22Dommere%22%7D%2C%7B%22link_type%22%3A%22page%22%2C%22blog_id%22%3A11%2C%22ID%22%3A1182%2C%22link%22%3A%22https%3A%2F%2Fbandyforbundet.no%2Fhordaland-bandykrets%2F%3Fpage_id%3D1182%22%2C%22image%22%3Afalse%2C%22featuredImage%22%3Afalse%2C%22from_shared%22%3Atrue%2C%22showAltTitle%22%3Atrue%2C%22altTitle%22%3A%22Trenere%22%7D%2C%7B%22link_type%22%3A%22page%22%2C%22blog_id%22%3A11%2C%22ID%22%3A1190%2C%22link%22%3A%22https%3A%2F%2Fbandyforbundet.no%2Fhordaland-bandykrets%2F%3Fpage_id%3D1190%22%2C%22image%22%3Afalse%2C%22featuredImage%22%3Afalse%2C%22from_shared%22%3Atrue%2C%22showAltTitle%22%3Atrue%2C%22altTitle%22%3A%22Organisasjon%20og%20ledelse%22%7D%2C%7B%22link_type%22%3A%22page%22%2C%22blog_id%22%3A11%2C%22ID%22%3A1194%2C%22link%22%3A%22https%3A%2F%2Fbandyforbundet.no%2Fhordaland-bandykrets%2F%3Fpage_id%3D1194%22%2C%22image%22%3Afalse%2C%22featuredImage%22%3Afalse%2C%22from_shared%22%3Atrue%2C%22showAltTitle%22%3Atrue%2C%22altTitle%22%3A%22Arrangement%22%7D%2C%7B%22link_type%22%3A%22page%22%2C%22blog_id%22%3A11%2C%22ID%22%3A1199%2C%22link%22%3A%22https%3A%2F%2Fbandyforbundet.no%2Fhordaland-bandykrets%2F%3Fpage_id%3D1199%22%2C%22image%22%3Afalse%2C%22featuredImage%22%3Afalse%2C%22from_shared%22%3Atrue%2C%22showAltTitle%22%3Atrue%2C%22altTitle%22%3A%22Aktivitet%22%7D%2C%7B%22link_type%22%3A%22page%22%2C%22blog_id%22%3A11%2C%22ID%22%3A1204%2C%22link%22%3A%22https%3A%2F%2Fbandyforbundet.no%2Fhordaland-bandykrets%2F%3Fpage_id%3D1204%22%2C%22image%22%3Afalse%2C%22featuredImage%22%3Afalse%2C%22from_shared%22%3Atrue%2C%22showAltTitle%22%3Atrue%2C%22altTitle%22%3A%22Anlegg%22%7D%5D%7D\" ><\/div>\n\n\n<div class=\"wp-block-msswb-spacer msswb-spacer-container\" style=\"height:50px\"><div class=\"line\" style=\"height:25px\"><\/div><div class=\"line-center-divider\"><\/div><\/div>\n","protected":false},"excerpt":{"rendered":"<p>Hordaland Bandykrets sin langtidsplan og handlingsplan bytter p\u00e5 strategier og langtidsplaner til Norges Bandyforbund, Innebandyseksjonen, Bandyseksjonen og Landhockeyseksjonen. P\u00e5 lenkene under finner du Hordaland Bandykrets sin langtidsplan og handlingsplan for de ulike virksomhetsomr\u00e5dene.<\/p>\n","protected":false},"author":11,"featured_media":0,"parent":274,"menu_order":0,"comment_status":"closed","ping_status":"closed","template":"templates\/template-cover.php","meta":{"cover_meta":"{\"showBackgroundImage\":true,\"bgImage\":{\"image_id\":1147,\"blog_id\":11,\"term_id\":98,\"selected_size\":\"full\"},\"showOverlay\":true,\"overlayColor\":\"#01293d\",\"overlayOpacity\":0.7,\"showIntro\":true,\"introColor\":\"white\",\"intro\":\"Hordaland Bandykrets\",\"title\":\"Langtidsplan\",\"titleColor\":\"white\",\"showOutro\":true,\"outroColor\":\"white\",\"outro\":\"og handlingsplan\"}","footnotes":""},"class_list":["post-1169","page","type-page","status-publish","hentry"],"_links":{"self":[{"href":"https:\/\/bandyforbundet.no\/hordaland-bandykrets\/index.php?rest_route=\/wp\/v2\/pages\/1169","targetHints":{"allow":["GET"]}}],"collection":[{"href":"https:\/\/bandyforbundet.no\/hordaland-bandykrets\/index.php?rest_route=\/wp\/v2\/pages"}],"about":[{"href":"https:\/\/bandyforbundet.no\/hordaland-bandykrets\/index.php?rest_route=\/wp\/v2\/types\/page"}],"author":[{"embeddable":true,"href":"https:\/\/bandyforbundet.no\/hordaland-bandykrets\/index.php?rest_route=\/wp\/v2\/users\/11"}],"replies":[{"embeddable":true,"href":"https:\/\/bandyforbundet.no\/hordaland-bandykrets\/index.php?rest_route=%2Fwp%2Fv2%2Fcomments&post=1169"}],"version-history":[{"count":6,"href":"https:\/\/bandyforbundet.no\/hordaland-bandykrets\/index.php?rest_route=\/wp\/v2\/pages\/1169\/revisions"}],"predecessor-version":[{"id":1212,"href":"https:\/\/bandyforbundet.no\/hordaland-bandykrets\/index.php?rest_route=\/wp\/v2\/pages\/1169\/revisions\/1212"}],"up":[{"embeddable":true,"href":"https:\/\/bandyforbundet.no\/hordaland-bandykrets\/index.php?rest_route=\/wp\/v2\/pages\/274"}],"wp:attachment":[{"href":"https:\/\/bandyforbundet.no\/hordaland-bandykrets\/index.php?rest_route=%2Fwp%2Fv2%2Fmedia&parent=1169"}],"curies":[{"name":"wp","href":"https:\/\/api.w.org\/{rel}","templated":true}]}}