{"id":2097,"date":"2022-09-21T11:17:28","date_gmt":"2022-09-21T11:17:28","guid":{"rendered":"https:\/\/bandyforbundet.no\/hordaland-bandykrets\/?page_id=2097"},"modified":"2025-11-12T12:35:33","modified_gmt":"2025-11-12T12:35:33","slug":"turneringer-for-ungdom","status":"publish","type":"page","link":"https:\/\/bandyforbundet.no\/hordaland-bandykrets\/?page_id=2097","title":{"rendered":"Turneringer for ungdom"},"content":{"rendered":"\n<p><strong>DET VIL SESONGEN 2025\/2026 V\u00c6RE GRATIS \u00c5 DELTA.<\/strong><\/p>\n\n\n\n<div class=\"wp-block-msswb-spacer msswb-spacer-container\" style=\"height:21px\"><div class=\"line\" style=\"height:10px\"><\/div><div class=\"line-center-divider\"><\/div><\/div>\n\n\n\n<p>Vi \u00f8nsker \u00e5 gi ungdom et kamptilbud, i tillegg til det de allerede har i <a href=\"https:\/\/bandyforbundet.no\/hordaland-bandykrets\/?page_id=294\">miniturneringene<\/a>.<br>I resten av landet har ungdom tilbud om spill p\u00e5 st\u00f8rre bane etter minirundealderen (6-12 \u00e5r). Dette \u00f8nsker vi ogs\u00e5 \u00e5 tilby spillere i Bergen og omr\u00e5dene rundt.<\/p>\n\n\n\n<p>Derfor tilbyr vi n\u00e5 ungdomsturneringer p\u00e5 st\u00f8rre baner.<\/p>\n\n\n\n<ul class=\"wp-block-list\">\n<li>5 utespillere pluss m\u00e5lvakt p\u00e5 full bane p\u00e5 runden 26. oktober.<\/li>\n\n\n\n<li>4 utespillere pluss m\u00e5lvakt p\u00e5 2\/3 bane p\u00e5 rundene 7. desember og 15. februar.<\/li>\n\n\n\n<li>For klassene U13 og U17\n<ul class=\"wp-block-list\">\n<li>U13 (For sesongen 2025\/2026 gjelder dette spillere f\u00f8dt 2012-2014)<\/li>\n\n\n\n<li>U17 (For sesongen 2025\/2026 gjelder dette spillere f\u00f8dt 2008-2011)<\/li>\n<\/ul>\n<\/li>\n<\/ul>\n\n\n\n<div class=\"wp-block-msswb-spacer msswb-spacer-container\" style=\"height:30px\"><div class=\"line\" style=\"height:15px\"><\/div><div class=\"line-center-divider\"><\/div><\/div>\n\n\n\n<h2 class=\"wp-block-heading\"><strong>Terminliste<\/strong><\/h2>\n\n\n\n<ul class=\"wp-block-list\">\n<li>Turnering 1: Kalandseid Idrettshall 26. oktober 2025. <a href=\"https:\/\/www.tournifyapp.com\/live\/ungdom26okt25kaland\" target=\"_blank\" rel=\"noreferrer noopener\">Les mer her<\/a>.<\/li>\n\n\n\n<li>Turnering 2: S\u00f8reide Idrettshall 7. desember 2025. <a href=\"https:\/\/www.tournifyapp.com\/live\/ungdom7des25soreide\" target=\"_blank\" rel=\"noreferrer noopener\">Les mer her<\/a>.<\/li>\n\n\n\n<li>Turnering 3: S\u00f8reide Idrettshall 15. februar 2026. <a href=\"https:\/\/www.tournifyapp.com\/live\/ungdom15feb26soreide\" target=\"_blank\" rel=\"noreferrer noopener\">Les mer her<\/a>.<\/li>\n<\/ul>\n\n\n\n<div class=\"wp-block-msswb-spacer msswb-spacer-container\" style=\"height:37px\"><div class=\"line\" style=\"height:18px\"><\/div><div class=\"line-center-divider\"><\/div><\/div>\n\n\n\n<p class=\"has-text-align-center\"><strong>Siste<\/strong> nytt<\/p>\n\n\n<div class=\"msswb-display-posts-frontend-app-v2\" data-url-encoded-attrs=\"%7B%22mode%22%3A%22grid%22%2C%22carouselHeight%22%3A500%2C%22carouselMax%22%3A10%2C%22startAnimation%22%3A%22start%22%2C%22design%22%3A%22msswbcard%22%2C%22hideExcerpt%22%3Afalse%2C%22filterDate%22%3A%22from1yearago%22%2C%22dateObj%22%3A%7B%7D%2C%22scrollDirection%22%3A%22vertical%22%2C%22displayPostsFromCategories%22%3A%5B%7B%22blog_id%22%3A11%2C%22included%22%3A%5B141%5D%2C%22excluded%22%3A%5B%5D%7D%5D%2C%22displayPostsFromSharedCategories%22%3A%5B%5D%2C%22maxCols%22%3A3%7D\" ><\/div>","protected":false},"excerpt":{"rendered":"<p>DET VIL SESONGEN 2025\/2026 V\u00c6RE GRATIS \u00c5 DELTA. Vi \u00f8nsker \u00e5 gi ungdom et kamptilbud, i tillegg til det de allerede har i miniturneringene.I resten av landet har ungdom tilbud om spill p\u00e5 st\u00f8rre bane etter minirundealderen (6-12 \u00e5r). Dette \u00f8nsker vi ogs\u00e5 \u00e5 tilby spillere i Bergen og omr\u00e5dene rundt. Derfor tilbyr vi n\u00e5 [&hellip;]<\/p>\n","protected":false},"author":11,"featured_media":0,"parent":287,"menu_order":0,"comment_status":"closed","ping_status":"closed","template":"templates\/template-cover.php","meta":{"cover_meta":"{\"showBackgroundImage\":true,\"bgImage\":{\"image_id\":3483,\"blog_id\":11,\"term_id\":95,\"selected_size\":\"full\"},\"showOverlay\":true,\"overlayColor\":\"#a9aa9a\",\"overlayOpacity\":0.5,\"showIntro\":true,\"introColor\":\"white\",\"intro\":\"U13 og U17\",\"title\":\"Ungdomsturneringer\",\"titleColor\":\"white\",\"showOutro\":false,\"outroColor\":\"white\",\"outro\":\"\"}","footnotes":""},"class_list":["post-2097","page","type-page","status-publish","hentry"],"_links":{"self":[{"href":"https:\/\/bandyforbundet.no\/hordaland-bandykrets\/index.php?rest_route=\/wp\/v2\/pages\/2097","targetHints":{"allow":["GET"]}}],"collection":[{"href":"https:\/\/bandyforbundet.no\/hordaland-bandykrets\/index.php?rest_route=\/wp\/v2\/pages"}],"about":[{"href":"https:\/\/bandyforbundet.no\/hordaland-bandykrets\/index.php?rest_route=\/wp\/v2\/types\/page"}],"author":[{"embeddable":true,"href":"https:\/\/bandyforbundet.no\/hordaland-bandykrets\/index.php?rest_route=\/wp\/v2\/users\/11"}],"replies":[{"embeddable":true,"href":"https:\/\/bandyforbundet.no\/hordaland-bandykrets\/index.php?rest_route=%2Fwp%2Fv2%2Fcomments&post=2097"}],"version-history":[{"count":32,"href":"https:\/\/bandyforbundet.no\/hordaland-bandykrets\/index.php?rest_route=\/wp\/v2\/pages\/2097\/revisions"}],"predecessor-version":[{"id":3658,"href":"https:\/\/bandyforbundet.no\/hordaland-bandykrets\/index.php?rest_route=\/wp\/v2\/pages\/2097\/revisions\/3658"}],"up":[{"embeddable":true,"href":"https:\/\/bandyforbundet.no\/hordaland-bandykrets\/index.php?rest_route=\/wp\/v2\/pages\/287"}],"wp:attachment":[{"href":"https:\/\/bandyforbundet.no\/hordaland-bandykrets\/index.php?rest_route=%2Fwp%2Fv2%2Fmedia&parent=2097"}],"curies":[{"name":"wp","href":"https:\/\/api.w.org\/{rel}","templated":true}]}}