{"id":323,"date":"2017-12-08T14:16:08","date_gmt":"2017-12-08T13:16:08","guid":{"rendered":"http:\/\/bandyforbundet.no\/hordaland-bandykrets\/?page_id=323"},"modified":"2021-06-26T16:36:07","modified_gmt":"2021-06-26T16:36:07","slug":"motefiler-2","status":"publish","type":"page","link":"https:\/\/bandyforbundet.no\/hordaland-bandykrets\/?page_id=323","title":{"rendered":"M\u00f8tefiler"},"content":{"rendered":"<div class=\"msswb-display-posts-frontend-app-v2\" data-url-encoded-attrs=\"%7B%22mode%22%3A%22grid%22%2C%22scrollDirection%22%3A%22vertical%22%2C%22displayPostsFromCategories%22%3A%5B%7B%22blog_id%22%3A11%2C%22included%22%3A%5B60%5D%2C%22excluded%22%3A%5B%5D%2C%22filterDate%22%3A%22from1yearago%22%2C%22dateObj%22%3A%7B%22fromDate%22%3A%221%20year%20ago%22%2C%22toDate%22%3A%22%22%7D%7D%5D%2C%22displayPostsFromSharedCategories%22%3A%5B%5D%2C%22maxCols%22%3A3%7D\" ><\/div><div style=\"height:50px\" aria-hidden=\"true\" class=\"wp-block-spacer\"><\/div><h2 class=\"has-text-align-center wp-block-heading\">Protokoller<\/h2><div class=\"wp-block-columns\"><div class=\"wp-block-column\"><h3 class=\"has-text-align-center wp-block-heading\">\u00c5rsm\u00f8te<\/h3><div class=\"msswb-display-posts-frontend-app-v2\" data-url-encoded-attrs=\"%7B%22mode%22%3A%22list%22%2C%22scrollDirection%22%3A%22vertical%22%2C%22displayPostsFromCategories%22%3A%5B%7B%22blog_id%22%3A11%2C%22included%22%3A%5B61%5D%2C%22excluded%22%3A%5B%5D%7D%5D%2C%22displayPostsFromSharedCategories%22%3A%5B%5D%2C%22maxCols%22%3A4%7D\" ><\/div><\/div><div class=\"wp-block-column\"><h3 class=\"has-text-align-center wp-block-heading\">Styrem\u00f8te<\/h3><div class=\"msswb-display-posts-frontend-app-v2\" data-url-encoded-attrs=\"%7B%22mode%22%3A%22list%22%2C%22scrollDirection%22%3A%22vertical%22%2C%22displayPostsFromCategories%22%3A%5B%7B%22blog_id%22%3A11%2C%22included%22%3A%5B63%5D%2C%22excluded%22%3A%5B%5D%7D%5D%2C%22displayPostsFromSharedCategories%22%3A%5B%5D%2C%22maxCols%22%3A4%7D\" ><\/div><\/div><div class=\"wp-block-column\"><h3 class=\"has-text-align-center wp-block-heading\">Dommerkomite<\/h3><div class=\"msswb-display-posts-frontend-app-v2\" data-url-encoded-attrs=\"%7B%22mode%22%3A%22list%22%2C%22scrollDirection%22%3A%22vertical%22%2C%22displayPostsFromCategories%22%3A%5B%7B%22blog_id%22%3A11%2C%22included%22%3A%5B62%5D%2C%22excluded%22%3A%5B%5D%7D%5D%2C%22displayPostsFromSharedCategories%22%3A%5B%5D%2C%22maxCols%22%3A4%7D\" ><\/div><\/div><\/div>","protected":false},"excerpt":{"rendered":"<p>Protokoller \u00c5rsm\u00f8te Styrem\u00f8te Dommerkomite<\/p>\n","protected":false},"author":11,"featured_media":0,"parent":304,"menu_order":0,"comment_status":"closed","ping_status":"closed","template":"","meta":{"cover_meta":"","footnotes":""},"class_list":["post-323","page","type-page","status-publish","hentry"],"_links":{"self":[{"href":"https:\/\/bandyforbundet.no\/hordaland-bandykrets\/index.php?rest_route=\/wp\/v2\/pages\/323","targetHints":{"allow":["GET"]}}],"collection":[{"href":"https:\/\/bandyforbundet.no\/hordaland-bandykrets\/index.php?rest_route=\/wp\/v2\/pages"}],"about":[{"href":"https:\/\/bandyforbundet.no\/hordaland-bandykrets\/index.php?rest_route=\/wp\/v2\/types\/page"}],"author":[{"embeddable":true,"href":"https:\/\/bandyforbundet.no\/hordaland-bandykrets\/index.php?rest_route=\/wp\/v2\/users\/11"}],"replies":[{"embeddable":true,"href":"https:\/\/bandyforbundet.no\/hordaland-bandykrets\/index.php?rest_route=%2Fwp%2Fv2%2Fcomments&post=323"}],"version-history":[{"count":2,"href":"https:\/\/bandyforbundet.no\/hordaland-bandykrets\/index.php?rest_route=\/wp\/v2\/pages\/323\/revisions"}],"predecessor-version":[{"id":840,"href":"https:\/\/bandyforbundet.no\/hordaland-bandykrets\/index.php?rest_route=\/wp\/v2\/pages\/323\/revisions\/840"}],"up":[{"embeddable":true,"href":"https:\/\/bandyforbundet.no\/hordaland-bandykrets\/index.php?rest_route=\/wp\/v2\/pages\/304"}],"wp:attachment":[{"href":"https:\/\/bandyforbundet.no\/hordaland-bandykrets\/index.php?rest_route=%2Fwp%2Fv2%2Fmedia&parent=323"}],"curies":[{"name":"wp","href":"https:\/\/api.w.org\/{rel}","templated":true}]}}