{"id":332,"date":"2018-08-09T18:39:57","date_gmt":"2018-08-09T16:39:57","guid":{"rendered":"http:\/\/bandyforbundet.no\/hordaland-bandykrets\/?page_id=332"},"modified":"2025-08-11T09:16:43","modified_gmt":"2025-08-11T09:16:43","slug":"omberamming-2","status":"publish","type":"page","link":"https:\/\/bandyforbundet.no\/hordaland-bandykrets\/?page_id=332","title":{"rendered":"Omberamming"},"content":{"rendered":"\n<div class=\"wp-block-msswb-spacer msswb-spacer-container\" style=\"height:50px\"><div class=\"line\" style=\"height:25px\"><\/div><div class=\"line-center-divider\"><\/div><\/div>\n\n\n\n<div class=\"wp-block-msswb-panel msswb-panel-container\"><div class=\"mwwsb-panel-header\"><div class=\"mwwsb-panel-title\">Omberamming frem til 7. september 2025 (kostnadsfritt)<\/div><div class=\"mwwsb-panel-icon\"><span class=\"dashicon dashicons dashicons-arrow-down-alt2\"><\/span><\/div><\/div><div class=\"msswb-panel-content\"><div class=\"msswb-display-internal-post-frontend-app-v2\" data-url-encoded-attrs=\"%7B%22displayInternalPost%22%3A%7B%22blog_id%22%3A11%2C%22ID%22%3A673%7D%7D\" data-dip-id=\"\" ><\/div><\/div><\/div>\n\n\n\n<div class=\"wp-block-msswb-panel msswb-panel-container\"><div class=\"mwwsb-panel-header\"><div class=\"mwwsb-panel-title\">Omberammingsreglement<\/div><div class=\"mwwsb-panel-icon\"><span class=\"dashicon dashicons dashicons-arrow-down-alt2\"><\/span><\/div><\/div><div class=\"msswb-panel-content\"><div class=\"msswb-display-internal-post-frontend-app-v2\" data-url-encoded-attrs=\"%7B%22displayInternalPost%22%3A%7B%22blog_id%22%3A11%2C%22ID%22%3A665%7D%7D\" data-dip-id=\"\" ><\/div><\/div><\/div>\n\n\n\n<div style=\"height:50px\" aria-hidden=\"true\" class=\"wp-block-spacer\"><\/div>\n\n\n\n<h4 class=\"wp-block-heading\">Hvordan s\u00f8ke omberamming<\/h4>\n\n\n\n<p>NB: Omberamminger gj\u00f8res i Turneringsadmin (TA).<\/p>\n\n\n\n<ul class=\"wp-block-list\">\n<li>Husk at den som s\u00f8ker omberamming m\u00e5 ha funksjonen &laquo;Kampansvarlig&raquo; for \u00e5 f\u00e5 tilgang til \u00e5 s\u00f8ke.<\/li>\n\n\n\n<li>Husk og sett dere inn i omberammingsreglementet over.<\/li>\n\n\n\n<li>Husk at det uoppfordret skal sendes kvittering for at omberammingsavgiften er betalt.<\/li>\n\n\n\n<li>Se bildene under for en rask guide i hvordan omberamming gj\u00f8res i Turneringsadmin.<\/li>\n<\/ul>\n\n\n\n<p><strong>NB: Alle omberamminger som sendes inn skal v\u00e6re gjort i enighet med motstanderlag.<\/strong><\/p>\n\n\n\n<div class=\"wp-block-msswb-spacer msswb-spacer-container\" style=\"height:50px\"><div class=\"line\" style=\"height:25px\"><\/div><div class=\"line-center-divider\"><\/div><\/div>\n\n\n\n<p><strong>F\u00f8rste steg:<br><\/strong>Dette bilde er det f\u00f8rste du m\u00f8ter i Turneringsadmin. F\u00e5r du ikke opp &laquo;Omberammingss\u00f8knader&raquo;, har du ikke tilgang til \u00e5 gj\u00f8re dette. Kontakt da din klubbleder for \u00e5 f\u00e5 rollen &laquo;Kampansvarlig&raquo;, slik at du f\u00e5r rettighet til \u00e5 s\u00f8ke omberamming.<\/p>\n\n\n<div class=\"msswb-image-frontend-app\"data-href-target=\"false\" data-href=\"%22%22\" data-use-link=\"false\" data-screen-width=\"false\" data-alignment=\"%22full%22\" data-url=\"%22%5C%2Fwp-content%5C%2Fuploads%5C%2Fsites%5C%2F11%5C%2F2023%5C%2F06%5C%2Fomberamme1.jpg%22\" data-is-background-image=\"false\" data-border-radius=\"0\" data-image-width=\"1500\" data-image-height=\"777\" data-selected-image=\"%7B%22image_id%22%3A2534%2C%22blog_id%22%3A11%2C%22term_id%22%3A103%2C%22selected_size%22%3A%22full%22%7D\" data-image-aspect-ratio=\"0.52\" data-alt-text=\"%22%22\" data-caption=\"%22%22\" data-width=\"400\" data-height=\"208\" data-focal-point=\"\" data-show-light-box=\"false\" >\n<div class=\"msswb-image-block msswbfull\"><div class=\"msswb-image \"><div class=\"image-container fullwidth\" style=\"width:100%;height:100%\"><img decoding=\"async\" style=\"width:100%\" src=\"\/wp-content\/uploads\/sites\/11\/2023\/06\/omberamme1.jpg\" \/><\/div><\/div><div class=\"msswb-image-caption-container\"><div class=\"msswb-image-caption\"><\/div><\/div><\/div>\n<\/div>\n\n\n<p><strong>Andre steg:<br><\/strong>N\u00e5r du har trykket deg inn p\u00e5 &laquo;Omberammingss\u00f8knader&raquo; f\u00e5r du en liste over kamper du har mulighet til \u00e5 s\u00f8ke omberamming p\u00e5. Trykk p\u00e5 kampnummeret p\u00e5 \u00f8nsket kamp.<\/p>\n\n\n<div class=\"msswb-image-frontend-app\"data-href-target=\"false\" data-href=\"%22%22\" data-use-link=\"false\" data-screen-width=\"false\" data-alignment=\"%22full%22\" data-url=\"%22%5C%2Fwp-content%5C%2Fuploads%5C%2Fsites%5C%2F11%5C%2F2023%5C%2F06%5C%2Fomberamme3.jpg%22\" data-is-background-image=\"false\" data-border-radius=\"0\" data-image-width=\"1500\" data-image-height=\"871\" data-selected-image=\"%7B%22image_id%22%3A2536%2C%22blog_id%22%3A11%2C%22term_id%22%3A103%2C%22selected_size%22%3A%22full%22%7D\" data-image-aspect-ratio=\"0.58\" data-alt-text=\"%22%22\" data-caption=\"%22%22\" data-width=\"400\" data-height=\"231.99999999999997\" data-focal-point=\"\" data-show-light-box=\"false\" >\n<div class=\"msswb-image-block msswbfull\"><div class=\"msswb-image \"><div class=\"image-container fullwidth\" style=\"width:100%;height:100%\"><img decoding=\"async\" style=\"width:100%\" src=\"\/wp-content\/uploads\/sites\/11\/2023\/06\/omberamme3.jpg\" \/><\/div><\/div><div class=\"msswb-image-caption-container\"><div class=\"msswb-image-caption\"><\/div><\/div><\/div>\n<\/div>\n\n\n<p><strong>Tredje steg:<br><\/strong>Velg &laquo;Opprett ny s\u00f8knad&raquo;<\/p>\n\n\n<div class=\"msswb-image-frontend-app\"data-href-target=\"false\" data-href=\"%22%22\" data-use-link=\"false\" data-screen-width=\"false\" data-alignment=\"%22full%22\" data-url=\"%22%5C%2Fwp-content%5C%2Fuploads%5C%2Fsites%5C%2F11%5C%2F2023%5C%2F06%5C%2Fomberamme2.jpg%22\" data-is-background-image=\"false\" data-border-radius=\"0\" data-image-width=\"1500\" data-image-height=\"314\" data-selected-image=\"%7B%22image_id%22%3A2535%2C%22blog_id%22%3A11%2C%22term_id%22%3A103%2C%22selected_size%22%3A%22full%22%7D\" data-image-aspect-ratio=\"0.21\" data-alt-text=\"%22%22\" data-caption=\"%22%22\" data-width=\"400\" data-height=\"84\" data-focal-point=\"\" data-show-light-box=\"false\" >\n<div class=\"msswb-image-block msswbfull\"><div class=\"msswb-image \"><div class=\"image-container fullwidth\" style=\"width:100%;height:100%\"><img decoding=\"async\" style=\"width:100%\" src=\"\/wp-content\/uploads\/sites\/11\/2023\/06\/omberamme2.jpg\" \/><\/div><\/div><div class=\"msswb-image-caption-container\"><div class=\"msswb-image-caption\"><\/div><\/div><\/div>\n<\/div>\n\n\n<p><strong>Fjerde steg:<br><\/strong>Fyll ut omberammingss\u00f8knaden. Husk og velg omberammings\u00e5rsak.<\/p>\n\n\n<div class=\"msswb-image-frontend-app\"data-href-target=\"false\" data-href=\"%22%22\" data-use-link=\"false\" data-screen-width=\"false\" data-alignment=\"%22full%22\" data-url=\"%22%5C%2Fwp-content%5C%2Fuploads%5C%2Fsites%5C%2F11%5C%2F2023%5C%2F06%5C%2Fomberamme4.jpg%22\" data-is-background-image=\"false\" data-border-radius=\"0\" data-image-width=\"1500\" data-image-height=\"1843\" data-selected-image=\"%7B%22image_id%22%3A2537%2C%22blog_id%22%3A11%2C%22term_id%22%3A103%2C%22selected_size%22%3A%22full%22%7D\" data-image-aspect-ratio=\"1.23\" data-alt-text=\"%22%22\" data-caption=\"%22%22\" data-width=\"400\" data-height=\"492\" data-focal-point=\"\" data-show-light-box=\"false\" >\n<div class=\"msswb-image-block msswbfull\"><div class=\"msswb-image \"><div class=\"image-container fullwidth\" style=\"width:100%;height:100%\"><img decoding=\"async\" style=\"width:100%\" src=\"\/wp-content\/uploads\/sites\/11\/2023\/06\/omberamme4.jpg\" \/><\/div><\/div><div class=\"msswb-image-caption-container\"><div class=\"msswb-image-caption\"><\/div><\/div><\/div>\n<\/div>\n\n\n<p><strong>Siste del:<br><\/strong>N\u00e5r Hordaland Bandykrets mottar en omberammingss\u00f8knad, vil det tas en vurdering p\u00e5 om denne kan godkjennes. Utnyttelse av halltid, praktiske utfordringer til dommeroppsett, kollisjoner med andre kamper etc vil bli tatt med i vurderingen n\u00e5r s\u00f8knaden behandles.<\/p>\n","protected":false},"excerpt":{"rendered":"<p>Hvordan s\u00f8ke omberamming NB: Omberamminger gj\u00f8res i Turneringsadmin (TA). NB: Alle omberamminger som sendes inn skal v\u00e6re gjort i enighet med motstanderlag. F\u00f8rste steg:Dette bilde er det f\u00f8rste du m\u00f8ter i Turneringsadmin. F\u00e5r du ikke opp &laquo;Omberammingss\u00f8knader&raquo;, har du ikke tilgang til \u00e5 gj\u00f8re dette. Kontakt da din klubbleder for \u00e5 f\u00e5 rollen &laquo;Kampansvarlig&raquo;, slik [&hellip;]<\/p>\n","protected":false},"author":11,"featured_media":0,"parent":326,"menu_order":0,"comment_status":"closed","ping_status":"closed","template":"","meta":{"cover_meta":"","footnotes":""},"class_list":["post-332","page","type-page","status-publish","hentry"],"_links":{"self":[{"href":"https:\/\/bandyforbundet.no\/hordaland-bandykrets\/index.php?rest_route=\/wp\/v2\/pages\/332","targetHints":{"allow":["GET"]}}],"collection":[{"href":"https:\/\/bandyforbundet.no\/hordaland-bandykrets\/index.php?rest_route=\/wp\/v2\/pages"}],"about":[{"href":"https:\/\/bandyforbundet.no\/hordaland-bandykrets\/index.php?rest_route=\/wp\/v2\/types\/page"}],"author":[{"embeddable":true,"href":"https:\/\/bandyforbundet.no\/hordaland-bandykrets\/index.php?rest_route=\/wp\/v2\/users\/11"}],"replies":[{"embeddable":true,"href":"https:\/\/bandyforbundet.no\/hordaland-bandykrets\/index.php?rest_route=%2Fwp%2Fv2%2Fcomments&post=332"}],"version-history":[{"count":16,"href":"https:\/\/bandyforbundet.no\/hordaland-bandykrets\/index.php?rest_route=\/wp\/v2\/pages\/332\/revisions"}],"predecessor-version":[{"id":3506,"href":"https:\/\/bandyforbundet.no\/hordaland-bandykrets\/index.php?rest_route=\/wp\/v2\/pages\/332\/revisions\/3506"}],"up":[{"embeddable":true,"href":"https:\/\/bandyforbundet.no\/hordaland-bandykrets\/index.php?rest_route=\/wp\/v2\/pages\/326"}],"wp:attachment":[{"href":"https:\/\/bandyforbundet.no\/hordaland-bandykrets\/index.php?rest_route=%2Fwp%2Fv2%2Fmedia&parent=332"}],"curies":[{"name":"wp","href":"https:\/\/api.w.org\/{rel}","templated":true}]}}