{"id":336,"date":"2016-05-02T11:34:50","date_gmt":"2016-05-02T09:34:50","guid":{"rendered":"http:\/\/bandyforbundet.no\/idrett-for-alle\/?page_id=336"},"modified":"2025-12-09T13:48:13","modified_gmt":"2025-12-09T13:48:13","slug":"el-innebandy","status":"publish","type":"page","link":"https:\/\/bandyforbundet.no\/idrett-for-alle\/?page_id=336","title":{"rendered":"EL-innebandy"},"content":{"rendered":"<div class=\"msswb-link-box-grid-frontend-app-v2\" data-url-encoded-attrs=\"%7B%22maxCols%22%3A5%2C%22showTitle%22%3Atrue%2C%22titleColor%22%3A%22%23ffffff%22%2C%22useColorBackground%22%3Atrue%2C%22bgColor%22%3A%22%231c3254%22%2C%22overlayColor%22%3A%7B%22r%22%3A69%2C%22g%22%3A126%2C%22b%22%3A191%2C%22a%22%3A0.1%7D%2C%22linkBoxes%22%3A%5B%7B%22link_type%22%3A%22post%22%2C%22blog_id%22%3A6%2C%22ID%22%3A2816%2C%22link%22%3A%22https%3A%2F%2Fbandyforbundet.no%2Fidrett-for-alle%2F%3Fpost_type%3Dmsswb-post%26%23038%3Bp%3D2816%22%2C%22image%22%3A%7B%22image_id%22%3A41%2C%22blog_id%22%3A6%2C%22term_id%22%3A11%7D%2C%22featuredImage%22%3A%7B%22image_id%22%3A41%2C%22blog_id%22%3A6%2C%22term_id%22%3A11%7D%2C%22showTitle%22%3Afalse%2C%22showAltTitle%22%3Atrue%2C%22altTitle%22%3A%22NM-veka%22%2C%22from_shared%22%3Afalse%7D%2C%7B%22link_type%22%3A%22post%22%2C%22blog_id%22%3A%226%22%2C%22ID%22%3A488%2C%22link%22%3A%22https%3A%2F%2Fbandyforbundet.no%2Fidrett-for-alle%3Fp%3D488%22%2C%22image%22%3A%7B%22image_id%22%3A70%2C%22blog_id%22%3A6%2C%22term_id%22%3A11%7D%2C%22featuredImage%22%3A%7B%22image_id%22%3A70%2C%22blog_id%22%3A6%2C%22term_id%22%3A11%7D%2C%22showTitle%22%3Atrue%2C%22showAltTitle%22%3Atrue%2C%22altTitle%22%3A%22Turneringer%20%22%7D%2C%7B%22link_type%22%3A%22post%22%2C%22blog_id%22%3A%226%22%2C%22ID%22%3A487%2C%22link%22%3A%22https%3A%2F%2Fbandyforbundet.no%2Fidrett-for-alle%3Fp%3D487%22%2C%22image%22%3A%7B%22image_id%22%3A242%2C%22blog_id%22%3A6%2C%22term_id%22%3A11%7D%2C%22featuredImage%22%3A%7B%22image_id%22%3A242%2C%22blog_id%22%3A6%2C%22term_id%22%3A11%7D%2C%22showTitle%22%3Atrue%2C%22showAltTitle%22%3Atrue%2C%22altTitle%22%3A%22Klubber%22%7D%2C%7B%22link_type%22%3A%22page%22%2C%22blog_id%22%3A6%2C%22ID%22%3A798%2C%22link%22%3A%22http%3A%2F%2Fbandyforbundet.no%2Fidrett-for-alle%2F%3Fpage_id%3D798%22%2C%22image%22%3Afalse%2C%22featuredImage%22%3Afalse%2C%22from_shared%22%3Atrue%2C%22showAltTitle%22%3Afalse%2C%22altTitle%22%3A%22%22%7D%2C%7B%22link_type%22%3A%22page%22%2C%22blog_id%22%3A6%2C%22ID%22%3A800%2C%22link%22%3A%22https%3A%2F%2Fbandyforbundet.no%2Fidrett-for-alle%2F%3Fpage_id%3D800%22%2C%22image%22%3A%7B%22image_id%22%3A316%2C%22blog_id%22%3A6%2C%22term_id%22%3A11%7D%2C%22featuredImage%22%3Afalse%2C%22showTitle%22%3Atrue%2C%22showAltTitle%22%3Afalse%2C%22altTitle%22%3A%22Regelverk%22%7D%5D%7D\" ><\/div>\n\n\n<div class=\"wp-block-msswb-panel msswb-panel-container\"><div class=\"mwwsb-panel-header\"><div class=\"mwwsb-panel-title\">Kort om EL-innebandy<\/div><div class=\"mwwsb-panel-icon\"><span class=\"dashicon dashicons dashicons-arrow-down-alt2\"><\/span><\/div><\/div><div class=\"msswb-panel-content\">\n<p><strong>Historie<\/strong><\/p>\n\n\n\n<p>Historien om EL-innebandyen startet i Danmark p\u00e5 slutten av 1980-tallet. Med anledning av Kronprins Frederiks 18-\u00e5rsdag gas et samler mynt ut i Danmark, en 10 kr mynt. Fortjenesten av samlermyntet, p\u00e5 4,5 millioner, skulle g\u00e5 til \u00e5 utvikle et idrettshjelpemiddel og en ny idrett til mennesker med muskelsvinn. Det fantes ingen lagidrett for personer med muskelsvinn eller andre alvorlige muskelsykdommer. Rullestolbasket, kjelkehockey og volleyball var lagidretter som krevde sterke armer og god balanse, og dermed ble idretten vanskelig \u00e5 utf\u00f8re for denne gruppa. Prosjektet ble \u00e5 utvikle en elektrisk sportsstol for personer som brukte elektriske rullestoler til vanlig. Resultatet ble EL-innebandy stolen og starten p\u00e5 en ny epoke. N\u00e5 fikk ogs\u00e5 denne gruppe mennesker mulighet til \u00e5 oppleve et sosialt og motiverende lagspill p\u00e5 like premisser.<\/p>\n\n\n\n<p>EL-innebandy kom til Norge i 2004. De f\u00f8rste tilbudene ble etablert i Akershus idrettskrets. Lillestr\u00f8m innebandyklubb ble den f\u00f8rste klubben i Norge. De siste \u00e5rene har EL-innebandy hatt en stor utvikling. Fra 5 klubber i 2007 hadde vi i 2015 n\u00e6rmere 35 klubber. I f\u00f8lge idrettsregistrering spiller 300 barn og unge EL-innebandy i Norge. I 2008 fikk Norges Bandyforbund \u00abinkluderingsprisen\u00bb for sitt fremragende arbeid med \u00e5 utvikle aktivitetstilbudet. EL-innebandy spilles i Sverige, Danmark og i Tyskland.<\/p>\n\n\n\n<p><strong>Idretten<\/strong><\/p>\n\n\n\n<p>El-innebandy er en tilrettelagt lagidrett som henvender seg til barn, ungdom og voksne med store eller mindre bevegelseshemninger. Idretten foreg\u00e5r i spesialbygde elektriske stoler som produceres i Danmark og importeres til Norge av Handinor.<\/p>\n\n\n\n<p>Spillet foreg\u00e5r i gymsal\/skolehall\/idrettshall. Hvert lag kan ha 2 eller 3 spiller p\u00e5 banen samtidig. Det er et lagspill der de ut\u00f8ver aktiviteten sammen med andre, samarbeid, samspill og spilleglede st\u00e5r sentralt. I tillegg til at spillerne l\u00e6rer seg \u00e5 utnytte kjelkens funksjonalitet utvikler de en forst\u00e5else av selve spillet<\/p>\n\n\n\n<p>Det finnes to typer av stoler. En brukerstyrt stol som styres av spilleren selv, med hjelp av en joystick og en ledsagerstyrt stol som er tilpasset spillere som ikke selv klarer \u00e5 styre og skyte. Den ledsagerstyrte stolen man\u00f8vreres ved hjelp av en ledsager, som st\u00e5r bak stolen p\u00e5 rullesk\u00f8yter.<\/p>\n\n\n\n<p>Vil du vite mer om EL-innebandy?<\/p>\n\n\n\n<p>Kontaktperson i forbundet er annkatrin.eriksson@bandyforbundet.no \/ 928 44 111<\/p>\n\n\n\n<p>F\u00f8lg oss p\u00e5&nbsp;<a href=\"https:\/\/www.facebook.com\/norskelinnebandy\/?ref=aymt_homepage_panel\" target=\"_blank\" rel=\"noreferrer noopener\">facebook:<\/a><\/p>\n\n\n\n<p>Se ogs\u00e5 <a href=\"https:\/\/elhockey.dk\/\">El-hockey.dk<\/a> og <a href=\"https:\/\/elinnebandyarlivet.se\/\">El-innebandy \u00e4r livet<\/a><\/p>\n\n\n\n<p><\/p>\n<\/div><\/div>\n\n\n\n<div class=\"wp-block-msswb-panel msswb-panel-container\"><div class=\"mwwsb-panel-header\"><div class=\"mwwsb-panel-title\">YouTube<\/div><div class=\"mwwsb-panel-icon\"><span class=\"dashicon dashicons dashicons-arrow-down-alt2\"><\/span><\/div><\/div><div class=\"msswb-panel-content\">\n<p><a href=\"https:\/\/www.youtube.com\/@norskel-innebandy979\" data-type=\"URL\" data-id=\"https:\/\/www.youtube.com\/@norskel-innebandy979\" target=\"_blank\" rel=\"noreferrer noopener\">Klikk her for \u00e5 se v\u00e5r YouTube-kanal<\/a>; \u00d8velsesbank<\/p>\n\n\n\n<p><a href=\"https:\/\/www.youtube.com\/@elinnebandyarlivet\">Klikk her for Svensk YouTube-kanal<\/a>: El-innebandy \u00e4r livet, inneholder bland annet &laquo;mekarkurs&raquo; <\/p>\n<\/div><\/div>\n\n\n\n<div style=\"height:50px\" aria-hidden=\"true\" class=\"wp-block-spacer\"><\/div>\n\n\n\n<figure class=\"wp-block-embed is-type-video is-provider-youtube wp-block-embed-youtube wp-embed-aspect-16-9 wp-has-aspect-ratio\"><div class=\"wp-block-embed__wrapper\">\n<iframe loading=\"lazy\" title=\"El-innebandy\" width=\"580\" height=\"326\" src=\"https:\/\/www.youtube.com\/embed\/9A1cuaF9Hqg?feature=oembed\" frameborder=\"0\" allow=\"accelerometer; autoplay; clipboard-write; encrypted-media; gyroscope; picture-in-picture; web-share\" referrerpolicy=\"strict-origin-when-cross-origin\" allowfullscreen><\/iframe>\n<\/div><\/figure>\n\n\n<div class=\"msswb-display-posts-frontend-app-v2\" data-url-encoded-attrs=\"%7B%22mode%22%3A%22grid%22%2C%22carouselHeight%22%3A500%2C%22carouselMax%22%3A10%2C%22startAnimation%22%3A%22start%22%2C%22design%22%3A%22msswbcard%22%2C%22hideExcerpt%22%3Afalse%2C%22filterDate%22%3A%22from2yearago%22%2C%22dateObj%22%3A%7B%22fromDate%22%3A%222%20year%20ago%22%2C%22toDate%22%3A%22%22%7D%2C%22scrollDirection%22%3A%22vertical%22%2C%22displayPostsFromCategories%22%3A%5B%7B%22blog_id%22%3A6%2C%22included%22%3A%5B3%5D%2C%22excluded%22%3A%5B%5D%2C%22filterDate%22%3A%22from1yearago%22%2C%22dateObj%22%3A%7B%22fromDate%22%3A%221%20year%20ago%22%2C%22toDate%22%3A%22%22%7D%7D%5D%2C%22displayPostsFromSharedCategories%22%3A%5B%5D%2C%22maxCols%22%3A3%7D\" ><\/div>","protected":false},"excerpt":{"rendered":"","protected":false},"author":16,"featured_media":0,"parent":335,"menu_order":0,"comment_status":"closed","ping_status":"closed","template":"templates\/template-cover.php","meta":{"cover_meta":"{\"showBackgroundImage\":true,\"bgImage\":{\"image_id\":327,\"blog_id\":6,\"term_id\":11,\"selected_size\":\"full\"},\"showOverlay\":true,\"overlayColor\":\"#007cba\",\"overlayOpacity\":0.2,\"showIntro\":true,\"introColor\":\"white\",\"intro\":\"Norges st\u00f8rste lagidrett for rullestolbrukere\",\"title\":\"EL-innebandy\",\"titleColor\":\"white\",\"showOutro\":true,\"outroColor\":\"white\",\"outro\":\"En para-idrett med lavterskel\"}","footnotes":""},"class_list":["post-336","page","type-page","status-publish","hentry"],"_links":{"self":[{"href":"https:\/\/bandyforbundet.no\/idrett-for-alle\/index.php?rest_route=\/wp\/v2\/pages\/336","targetHints":{"allow":["GET"]}}],"collection":[{"href":"https:\/\/bandyforbundet.no\/idrett-for-alle\/index.php?rest_route=\/wp\/v2\/pages"}],"about":[{"href":"https:\/\/bandyforbundet.no\/idrett-for-alle\/index.php?rest_route=\/wp\/v2\/types\/page"}],"author":[{"embeddable":true,"href":"https:\/\/bandyforbundet.no\/idrett-for-alle\/index.php?rest_route=\/wp\/v2\/users\/16"}],"replies":[{"embeddable":true,"href":"https:\/\/bandyforbundet.no\/idrett-for-alle\/index.php?rest_route=%2Fwp%2Fv2%2Fcomments&post=336"}],"version-history":[{"count":24,"href":"https:\/\/bandyforbundet.no\/idrett-for-alle\/index.php?rest_route=\/wp\/v2\/pages\/336\/revisions"}],"predecessor-version":[{"id":3204,"href":"https:\/\/bandyforbundet.no\/idrett-for-alle\/index.php?rest_route=\/wp\/v2\/pages\/336\/revisions\/3204"}],"up":[{"embeddable":true,"href":"https:\/\/bandyforbundet.no\/idrett-for-alle\/index.php?rest_route=\/wp\/v2\/pages\/335"}],"wp:attachment":[{"href":"https:\/\/bandyforbundet.no\/idrett-for-alle\/index.php?rest_route=%2Fwp%2Fv2%2Fmedia&parent=336"}],"curies":[{"name":"wp","href":"https:\/\/api.w.org\/{rel}","templated":true}]}}