{"id":929,"date":"2021-10-20T13:25:00","date_gmt":"2021-10-20T13:25:00","guid":{"rendered":"http:\/\/bandyforbundet.no\/idrett-for-alle\/?page_id=929"},"modified":"2026-03-17T09:46:36","modified_gmt":"2026-03-17T09:46:36","slug":"turneringer-super-inneband","status":"publish","type":"page","link":"https:\/\/bandyforbundet.no\/idrett-for-alle\/?page_id=929","title":{"rendered":"Turneringer"},"content":{"rendered":"\n<h2 class=\"wp-block-heading\">Turneringer Super-Innebandy 2025\/26<\/h2>\n\n\n\n<h4 class=\"wp-block-heading\">SEPTEMBER<\/h4>\n\n\n\n<div class=\"wp-block-msswb-panel msswb-panel-container\"><div class=\"mwwsb-panel-header\"><div class=\"mwwsb-panel-title\">27. SEP.  SUPER-TURNERING &#8211; INNEBANDY, VOLLYBALL OG BASKETBALL- NORSTRAND IL<\/div><div class=\"mwwsb-panel-icon\"><span class=\"dashicon dashicons dashicons-arrow-down-alt2\"><\/span><\/div><\/div><div class=\"msswb-panel-content\">\n<p>Nordstrand IL inviterer til Super-turnering i b\u00e5de innebandy, basketball og volleyball \u2013 alt p\u00e5 \u00e9n og samme dag, i \u00e9n og samme hall.<\/p>\n\n\n\n<p>Vi tror dette blir et g\u00f8yalt arrangement der vi samler b\u00e5de flere ut\u00f8vere og flere idretter!<\/p>\n\n\n\n<p><strong>P\u00e5meldingsfrist: 8. september.<\/strong><\/p>\n\n\n\n<p><a href=\"https:\/\/nordstrand-if.no\/superturnering\">SUPERTURNERING &#8211; Nordstrand Idrettsforening<\/a><\/p>\n\n\n\n<p><a href=\"https:\/\/bandyforbundet.no\/idrett-for-alle\/?msswb-post=superturnering-i-bjornholthallen\">SUPERTURNERING I BJ\u00d8RNHOLTHALLEN <\/a><\/p>\n<\/div><\/div>\n\n\n\n<h4 class=\"wp-block-heading\">OKTOBER<\/h4>\n\n\n\n<div class=\"wp-block-msswb-panel msswb-panel-container\"><div class=\"mwwsb-panel-header\"><div class=\"mwwsb-panel-title\">26. OKT. ELVERUM &#8211; AVLYST<\/div><div class=\"mwwsb-panel-icon\"><span class=\"dashicon dashicons dashicons-arrow-down-alt2\"><\/span><\/div><\/div><div class=\"msswb-panel-content\">\n<p>Innlandets bandyregion holder av datoen 26. oktober for \u00e5 invitere til turnering i Elverum for superlag fra Innlandet, Oslo, Buskerud, Viken, \u00d8stfold og Vestfold.<\/p>\n\n\n\n<p>Mer informasjon kommer. <\/p>\n<\/div><\/div>\n\n\n\n<h4 class=\"wp-block-heading\">NOVEMBER<\/h4>\n\n\n\n<div class=\"wp-block-msswb-panel msswb-panel-container\"><div class=\"mwwsb-panel-header\"><div class=\"mwwsb-panel-title\">1. &#8211; 2 NOV. SUPERLEKENE HAUGESUND<\/div><div class=\"mwwsb-panel-icon\"><span class=\"dashicon dashicons dashicons-arrow-down-alt2\"><\/span><\/div><\/div><div class=\"msswb-panel-content\">\n<p><a href=\"https:\/\/www.superlekene.no\/haugaland\/\">Haugaland \u2013 Superlekene.no<\/a><\/p>\n<\/div><\/div>\n\n\n\n<div class=\"wp-block-msswb-panel msswb-panel-container\"><div class=\"mwwsb-panel-header\"><div class=\"mwwsb-panel-title\">8. NOV. HAUGALAND OPEN<\/div><div class=\"mwwsb-panel-icon\"><span class=\"dashicon dashicons dashicons-arrow-down-alt2\"><\/span><\/div><\/div><div class=\"msswb-panel-content\">\n<p>Karm\u00f8y IBK og \u00c5kra IL arrangerer Haugland Open. <\/p>\n\n\n\n<p><a href=\"https:\/\/haugalandopen.no\/\">Haugaland Open | Innebandy &#8211; Innebandyturnering<\/a><\/p>\n<\/div><\/div>\n\n\n\n<div class=\"wp-block-msswb-panel msswb-panel-container\"><div class=\"mwwsb-panel-header\"><div class=\"mwwsb-panel-title\">9. NOV. SUPERTURNERING P\u00c5 TOTEN &#8211; avlyst<\/div><div class=\"mwwsb-panel-icon\"><span class=\"dashicon dashicons dashicons-arrow-down-alt2\"><\/span><\/div><\/div><div class=\"msswb-panel-content\">\n<p>Vi planlegger en superturnering p\u00e5 Toten for superlag fra Innlandet, Oslo, Buskerud og S\u00f8r\u00f8st. Hold av datoen \u2013 mer informasjon kommer snart.<\/p>\n<\/div><\/div>\n\n\n\n<div class=\"wp-block-msswb-panel msswb-panel-container\"><div class=\"mwwsb-panel-header\"><div class=\"mwwsb-panel-title\">22. NOV. SUPERCAMP I SELBUHALLEN<\/div><div class=\"mwwsb-panel-icon\"><span class=\"dashicon dashicons dashicons-arrow-down-alt2\"><\/span><\/div><\/div><div class=\"msswb-panel-content\">\n<p>Midt Norge Bandyregion og Peder Morset Folkeh\u00f8yskolen planlegger en super-camp for lag i Tr\u00f8nderlag.  <\/p>\n<\/div><\/div>\n\n\n\n<div class=\"wp-block-msswb-panel msswb-panel-container\"><div class=\"mwwsb-panel-header\"><div class=\"mwwsb-panel-title\">29. NOV. SUPERTURNERING P\u00c5 KARM\u00d8Y<\/div><div class=\"mwwsb-panel-icon\"><span class=\"dashicon dashicons dashicons-arrow-down-alt2\"><\/span><\/div><\/div><div class=\"msswb-panel-content\"><\/div><\/div>\n\n\n\n<h4 class=\"wp-block-heading\">DESEMBER<\/h4>\n\n\n\n<div class=\"wp-block-msswb-panel msswb-panel-container\"><div class=\"mwwsb-panel-header\"><div class=\"mwwsb-panel-title\">7. DES. FREDRIKSTAD<\/div><div class=\"mwwsb-panel-icon\"><span class=\"dashicon dashicons dashicons-arrow-down-alt2\"><\/span><\/div><\/div><div class=\"msswb-panel-content\">\n<p>S\u00f8r\u00f8st bandyregion holder av datoen 7 desember for \u00e5 invitere til turnering i Fredrikstad for superlag fra \u00d8stfold, Vestfold, Buskerud, Viken, Innlandet og Oslo<\/p>\n\n\n\n<p><a href=\"https:\/\/bandyforbundet.no\/idrett-for-alle\/?msswb-post=super-innebandyturnering-i-fredrikstad-sondag-7-desember\">Super-innebandyturnering i Fredrikstad, s\u00f8ndag 7 desember. \u2013 Idrett for alle<\/a><\/p>\n<\/div><\/div>\n\n\n\n<h4 class=\"wp-block-heading\">FEBRUAR<\/h4>\n\n\n\n<div class=\"wp-block-msswb-panel msswb-panel-container\"><div class=\"mwwsb-panel-header\"><div class=\"mwwsb-panel-title\">7. FEB. SUPER-CUP P\u00c5 GJELLER\u00c5SEN<\/div><div class=\"mwwsb-panel-icon\"><span class=\"dashicon dashicons dashicons-arrow-down-alt2\"><\/span><\/div><\/div><div class=\"msswb-panel-content\">\n<p>Super-innebandy laget til Gjeller\u00e5sen IL \u00f8nsker velkommen til super-cup p\u00e5 sin hjemmebane i Slattumhallen. Lag fra Trondheim, Selbu IBK, som samarbeider med Peder Morset Folkeh\u00f8yskole, planlegger \u00e5 ta turen nedover for \u00e5 delta p\u00e5 turneringen. S\u00e5 her kan det bli mange spennende kamper mot nye  helt fra Tr\u00f8ndelag.<\/p>\n\n\n\n<p><a href=\"https:\/\/bandyforbundet.no\/idrett-for-alle\/?msswb-post=super-innebandyturnering-pa-gjellerasen-lordag-7-februar\">SUPER-INNEBANDYTURNERING P\u00c5 GJELLER\u00c5SEN, L\u00d8RDAG 7. FEBRUAR \u2013 Idrett for alle<\/a><\/p>\n\n\n\n<p><\/p>\n<\/div><\/div>\n\n\n\n<div class=\"wp-block-msswb-panel msswb-panel-container\"><div class=\"mwwsb-panel-header\"><div class=\"mwwsb-panel-title\">Slutten av Februar &#8211; Staal J\u00f8rpeland<\/div><div class=\"mwwsb-panel-icon\"><span class=\"dashicon dashicons dashicons-arrow-down-alt2\"><\/span><\/div><\/div><div class=\"msswb-panel-content\">\n<p><\/p>\n<\/div><\/div>\n\n\n\n<h4 class=\"wp-block-heading\">MARS<\/h4>\n\n\n\n<div class=\"wp-block-msswb-panel msswb-panel-container\"><div class=\"mwwsb-panel-header\"><div class=\"mwwsb-panel-title\">14. MARS SUPERTURNERING I SKIALLIANSEHALL<\/div><div class=\"mwwsb-panel-icon\"><span class=\"dashicon dashicons dashicons-arrow-down-alt2\"><\/span><\/div><\/div><div class=\"msswb-panel-content\">\n<p>Oslo og Akershus Bandyregion, sammen med Ski IL Innebandy, inviterer til egen super-klasse p\u00e5 ordin\u00e6r minirunde i Skialliansehall. <\/p>\n\n\n\n<p>P\u00e5meldingsfrist. 22 februar. <\/p>\n\n\n\n<p><a href=\"https:\/\/bandyforbundet.no\/idrett-for-alle\/?msswb-post=superturnering-i-ski-aliansehall-lordag-14-mars\">SUPERTURNERING i Ski Aliansehall, l\u00f8rdag 14 mars. \u2013 Idrett for alle<\/a><\/p>\n<\/div><\/div>\n\n\n\n<h4 class=\"wp-block-heading\">APRIL<\/h4>\n\n\n\n<div class=\"wp-block-msswb-panel msswb-panel-container\"><div class=\"mwwsb-panel-header\"><div class=\"mwwsb-panel-title\">18. &#8211; 19 APR. STAVANGER OPEN<\/div><div class=\"mwwsb-panel-icon\"><span class=\"dashicon dashicons dashicons-arrow-down-alt2\"><\/span><\/div><\/div><div class=\"msswb-panel-content\">\n<p><a href=\"https:\/\/www.stavanger-open.no\/supercamp2026.php\">Stavanger Open<\/a><\/p>\n\n\n\n<p>Turneringen er st\u00f8ttet med midler fra Stiftelsen DAM.<\/p>\n\n\n\n<p>St\u00f8tten vil bli omtrent den samme som tidligere \u00e5r for deltakere og 1\u20132 trenere per lag. St\u00f8tten fordeles p\u00e5 alle som har mer enn to timers reisevei, anslagsvis 800\u20131200 kroner per person, og utbetales til klubbene, som fordeler midlene internt.<\/p>\n\n\n\n<p>Program Super-innebandy 18.April:<br>12:00-13:45: Camp i Vikinghallen<br>14:00-15:00: Felles Lunsj og sosialt samv\u00e6r Expohallen 2.etg<br>15:00-17:00: Turnering Stavanger Open Stavanger idrettshall<br>17:00-19:00: Omkledning\/dusj<br>19:00-22:30: Felles bankett: middag og underholdning Expohallen 2.etg<\/p>\n\n\n\n<p>Dersom man vil gj\u00f8re noe mer i l\u00f8pet av helgen har arrang\u00f8r ordnet en rabattert pris hos PLAYGROUND, p\u00e5 kr 219,- per deltaker. Gjelder for to timer, og inkluderer alt av utstyr.<\/p>\n\n\n\n<p><a href=\"https:\/\/www.stavanger-open.no\/nyhet.php?ID=77\">Tilbud til Stavanger Open-lag hos PLAYGROUND 17.-19. april<\/a><\/p>\n\n\n\n<p>Kontaktperson og p\u00e5melding:&nbsp;<a href=\"mailto:andreas.hagen@nbfutvikling.no\">andreas.hagen@nbfutvikling.no<\/a>&nbsp; \/ 992 62 916<\/p>\n<\/div><\/div>\n\n\n\n<h4 class=\"wp-block-heading\">JUNI<\/h4>\n\n\n\n<div class=\"wp-block-msswb-panel msswb-panel-container\"><div class=\"mwwsb-panel-header\"><div class=\"mwwsb-panel-title\">11. &#8211; 14 JUNI NORGESLEKER, SKIEN FRITIDSPARK<\/div><div class=\"mwwsb-panel-icon\"><span class=\"dashicon dashicons dashicons-arrow-down-alt2\"><\/span><\/div><\/div><div class=\"msswb-panel-content\">\n<p>Nasjonalt idrettsarrangement for personer med utviklingshemming, med konkurranser i flere idretter. Innebandy vil v\u00e6re en av dem. <br>Mer informasjon vil komme etterhvert. <\/p>\n\n\n\n<p> <a href=\"https:\/\/www.paraidrett.no\/idrett-for-utviklingshemmede\/Norgesleker2026\/norgesleker-skien-2026\/\">Norgesleker Skien 2026<\/a><\/p>\n<\/div><\/div>\n","protected":false},"excerpt":{"rendered":"<p>Turneringer Super-Innebandy 2025\/26 SEPTEMBER OKTOBER NOVEMBER DESEMBER FEBRUAR MARS APRIL JUNI<\/p>\n","protected":false},"author":9,"featured_media":0,"parent":338,"menu_order":0,"comment_status":"closed","ping_status":"closed","template":"templates\/template-cover.php","meta":{"cover_meta":"{\"showBackgroundImage\":true,\"bgImage\":{\"image_id\":991,\"blog_id\":6,\"term_id\":10,\"selected_size\":\"full\"},\"showOverlay\":true,\"overlayColor\":\"#18465d\",\"overlayOpacity\":0.6,\"showIntro\":false,\"introColor\":\"white\",\"intro\":\"\",\"title\":\"Turneringer Super-innebandy\",\"titleColor\":\"white\",\"showOutro\":false,\"outroColor\":\"white\",\"outro\":\"\"}","footnotes":""},"class_list":["post-929","page","type-page","status-publish","hentry"],"_links":{"self":[{"href":"https:\/\/bandyforbundet.no\/idrett-for-alle\/index.php?rest_route=\/wp\/v2\/pages\/929","targetHints":{"allow":["GET"]}}],"collection":[{"href":"https:\/\/bandyforbundet.no\/idrett-for-alle\/index.php?rest_route=\/wp\/v2\/pages"}],"about":[{"href":"https:\/\/bandyforbundet.no\/idrett-for-alle\/index.php?rest_route=\/wp\/v2\/types\/page"}],"author":[{"embeddable":true,"href":"https:\/\/bandyforbundet.no\/idrett-for-alle\/index.php?rest_route=\/wp\/v2\/users\/9"}],"replies":[{"embeddable":true,"href":"https:\/\/bandyforbundet.no\/idrett-for-alle\/index.php?rest_route=%2Fwp%2Fv2%2Fcomments&post=929"}],"version-history":[{"count":84,"href":"https:\/\/bandyforbundet.no\/idrett-for-alle\/index.php?rest_route=\/wp\/v2\/pages\/929\/revisions"}],"predecessor-version":[{"id":3312,"href":"https:\/\/bandyforbundet.no\/idrett-for-alle\/index.php?rest_route=\/wp\/v2\/pages\/929\/revisions\/3312"}],"up":[{"embeddable":true,"href":"https:\/\/bandyforbundet.no\/idrett-for-alle\/index.php?rest_route=\/wp\/v2\/pages\/338"}],"wp:attachment":[{"href":"https:\/\/bandyforbundet.no\/idrett-for-alle\/index.php?rest_route=%2Fwp%2Fv2%2Fmedia&parent=929"}],"curies":[{"name":"wp","href":"https:\/\/api.w.org\/{rel}","templated":true}]}}