{"id":937,"date":"2021-10-20T13:48:13","date_gmt":"2021-10-20T13:48:13","guid":{"rendered":"http:\/\/bandyforbundet.no\/idrett-for-alle\/?page_id=937"},"modified":"2021-10-27T13:12:41","modified_gmt":"2021-10-27T13:12:41","slug":"kompentanse","status":"publish","type":"page","link":"https:\/\/bandyforbundet.no\/idrett-for-alle\/?page_id=937","title":{"rendered":"Kompetanse"},"content":{"rendered":"\n<div class=\"wp-block-msswb-spacer msswb-spacer-container\" style=\"height:50px\"><div class=\"line\" style=\"height:25px\"><\/div><div class=\"line-center-divider\"><\/div><\/div>\n\n\n\n<h2 class=\"wp-block-heading\">KOMPETANSE<\/h2>\n\n\n\n<p>Det er lav terskel for \u00e5 mestre innebandy, og det krever ingen fysiske, tekniske eller taktiske ferdigheter for at spillet skal fungere. Vi opplever at innebandy treffer sv\u00e6rt godt blant utviklingshemmede. For personer som ikke mestrer fotball eller handball s\u00e5 bra, s\u00e5 har innebandy blitt et godt alternativ. Du kan v\u00e6re en god trener selv om du ikke er en ekspert p\u00e5 innebandy.  Med dette lille hefte \u00f8nsker vi presentere et utvalg med \u00f8velser som passer bra for super-spillere.<\/p>\n\n\n\n<p><strong><a rel=\"noreferrer noopener\" href=\"https:\/\/view.publitas.com\/sorvest-bandyregion\/super-innebandytreneren-pr-14okt21\/\" target=\"_blank\">Last ned heftet Super-innebandytreneren p\u00e5 denne lenken.<\/a><\/strong><\/p>\n\n\n\n<p>Vi anbefaler at trener, assistenter, ledsagere og foreldre deltar p\u00e5 &laquo;Velkommen til innebandy&raquo;, som tar for seg organisering og tilrettelegging av innebandyaktivitet generelt. Kurset setter fokus p\u00e5 at innebandy ikke er komplisert. Det er enkelt \u00e5 skape aktivitet og glede. Kurset er todelt med teori og praksis og varer i 4 timer. <a href=\"https:\/\/bandyforbundet.no\/innebandy\/?page_id=8000\">&laquo;Velkommen til innebandy&raquo; er en del av v\u00e5r  &laquo;Trener1&raquo; utdanningen. <\/a><\/p>\n\n\n\n<p>Andre relevante kurs: <\/p>\n\n\n\n<ul class=\"wp-block-list\"><li>Norges idrettsforbund har et eget e-l\u00e6ringskurs om paraidrett. Kurset <a rel=\"noreferrer noopener\" href=\"https:\/\/ekurs.nif.no\/login\/index.php\" target=\"_blank\">Paraidrett<\/a> finner dere p\u00e5 NIF sin e-l\u00e6ringsportal.<\/li><li>Kurset\u00a0<a rel=\"noreferrer noopener\" href=\"https:\/\/www.paraidrett.no\/om-idrett\/kurskompetanse\/\" target=\"_blank\">Tilrettelagt paraidrett<\/a>\u00a0gjennomf\u00f8res i regi av Idrettskretsen<\/li><li><a rel=\"noreferrer noopener\" href=\"https:\/\/www.paraidrett.no\/aktivitetsmateriellpublikasjoner\/\" target=\"_blank\">Oversikt over diverse aktivitetsmateriell fra NIF<\/a><\/li><\/ul>\n\n\n\n<p><div id=\"publitas-embed-nj87b3gttw9\"><\/div><script data-cfasync=\"false\" data-height=\"undefined\" data-publication=\"https:\/\/view.publitas.com\/sorvest-bandyregion\/super-innebandytreneren-pr-14okt21\/\" data-publication-aspect-ratio=\"1.4143007360672977\" data-responsive=\"true\" data-width=\"undefined\" data-wrapper-id=\"publitas-embed-nj87b3gttw9\" publitas-embed src=\"https:\/\/view.publitas.com\/embed.js\" type=\"text\/javascript\"><\/script><\/p>\n\n\n\n<p><\/p>\n","protected":false},"excerpt":{"rendered":"<p>KOMPETANSE Det er lav terskel for \u00e5 mestre innebandy, og det krever ingen fysiske, tekniske eller taktiske ferdigheter for at spillet skal fungere. Vi opplever at innebandy treffer sv\u00e6rt godt blant utviklingshemmede. For personer som ikke mestrer fotball eller handball s\u00e5 bra, s\u00e5 har innebandy blitt et godt alternativ. Du kan v\u00e6re en god trener [&hellip;]<\/p>\n","protected":false},"author":9,"featured_media":0,"parent":338,"menu_order":0,"comment_status":"closed","ping_status":"closed","template":"","meta":{"cover_meta":"","footnotes":""},"class_list":["post-937","page","type-page","status-publish","hentry"],"_links":{"self":[{"href":"https:\/\/bandyforbundet.no\/idrett-for-alle\/index.php?rest_route=\/wp\/v2\/pages\/937","targetHints":{"allow":["GET"]}}],"collection":[{"href":"https:\/\/bandyforbundet.no\/idrett-for-alle\/index.php?rest_route=\/wp\/v2\/pages"}],"about":[{"href":"https:\/\/bandyforbundet.no\/idrett-for-alle\/index.php?rest_route=\/wp\/v2\/types\/page"}],"author":[{"embeddable":true,"href":"https:\/\/bandyforbundet.no\/idrett-for-alle\/index.php?rest_route=\/wp\/v2\/users\/9"}],"replies":[{"embeddable":true,"href":"https:\/\/bandyforbundet.no\/idrett-for-alle\/index.php?rest_route=%2Fwp%2Fv2%2Fcomments&post=937"}],"version-history":[{"count":13,"href":"https:\/\/bandyforbundet.no\/idrett-for-alle\/index.php?rest_route=\/wp\/v2\/pages\/937\/revisions"}],"predecessor-version":[{"id":1015,"href":"https:\/\/bandyforbundet.no\/idrett-for-alle\/index.php?rest_route=\/wp\/v2\/pages\/937\/revisions\/1015"}],"up":[{"embeddable":true,"href":"https:\/\/bandyforbundet.no\/idrett-for-alle\/index.php?rest_route=\/wp\/v2\/pages\/338"}],"wp:attachment":[{"href":"https:\/\/bandyforbundet.no\/idrett-for-alle\/index.php?rest_route=%2Fwp%2Fv2%2Fmedia&parent=937"}],"curies":[{"name":"wp","href":"https:\/\/api.w.org\/{rel}","templated":true}]}}