{"id":1193,"date":"2015-01-28T09:38:37","date_gmt":"2015-01-28T08:38:37","guid":{"rendered":"http:\/\/bandyforbundet.no\/?page_id=1193"},"modified":"2026-03-31T19:13:36","modified_gmt":"2026-03-31T19:13:36","slug":"forside","status":"publish","type":"page","link":"https:\/\/bandyforbundet.no\/","title":{"rendered":"NBF Forside"},"content":{"rendered":"<div class=\"msswb-image-frontend-app\"data-href-target=\"true\" data-href=\"%22https%3A%5C%2F%5C%2Fgif-fighters.woow.no%5C%2Fhome%22\" data-use-link=\"true\" data-screen-width=\"false\" data-alignment=\"%22full%22\" data-url=\"%22%5C%2Fwp-content%5C%2Fuploads%5C%2Fsites%5C%2F3%5C%2F2026%5C%2F03%5C%2Fbanner-scaled.png%22\" data-is-background-image=\"false\" data-border-radius=\"0\" data-image-width=\"2560\" data-image-height=\"519\" data-selected-image=\"%7B%22image_id%22%3A21666%2C%22blog_id%22%3A3%2C%22term_id%22%3A-1%2C%22selected_size%22%3A%22full%22%7D\" data-image-aspect-ratio=\"0.2\" data-alt-text=\"%22%22\" data-caption=\"%22%22\" data-width=\"400\" data-height=\"80\" data-focal-point=\"\" data-show-light-box=\"false\" >\n<div class=\"msswb-image-block msswbfull\"><a href=\"https:\/\/gif-fighters.woow.no\/home\" target=\"_blank\" rel=\"noreferrer noopener\"><div class=\"msswb-image \"><div class=\"image-container fullwidth\" style=\"width:100%;height:100%\"><img decoding=\"async\" style=\"width:100%\" src=\"\/wp-content\/uploads\/sites\/3\/2026\/03\/banner-scaled.png\" \/><\/div><\/div><\/a><div class=\"msswb-image-caption-container\"><div class=\"msswb-image-caption\"><\/div><\/div><\/div>\n<\/div>\n\n<div class=\"msswb-link-box-grid-frontend-app-v2\" data-url-encoded-attrs=\"%7B%22maxCols%22%3A4%2C%22showTitle%22%3Atrue%2C%22titleColor%22%3A%22%23ffffff%22%2C%22useColorBackground%22%3Atrue%2C%22bgColor%22%3A%22%231c3254%22%2C%22overlayColor%22%3A%7B%22r%22%3A69%2C%22g%22%3A126%2C%22b%22%3A191%2C%22a%22%3A0.1%7D%2C%22linkBoxes%22%3A%5B%7B%22link_type%22%3A%22page%22%2C%22blog_id%22%3A2%2C%22ID%22%3A299%2C%22link%22%3A%22https%3A%2F%2Fbandyforbundet.no%2Fforbundet%2F%3Fpage_id%3D299%22%2C%22image%22%3Afalse%2C%22featuredImage%22%3Afalse%2C%22from_shared%22%3Atrue%2C%22showAltTitle%22%3Atrue%2C%22altTitle%22%3A%22Forbundet%22%7D%2C%7B%22link_type%22%3A%22page%22%2C%22blog_id%22%3A3%2C%22ID%22%3A3751%2C%22link%22%3A%22https%3A%2F%2Fbandyforbundet.no%2Finnebandy%2F%3Fpage_id%3D3751%22%2C%22image%22%3Afalse%2C%22featuredImage%22%3Afalse%2C%22from_shared%22%3Atrue%2C%22showAltTitle%22%3Atrue%2C%22altTitle%22%3A%22Innebandy%22%7D%2C%7B%22link_type%22%3A%22page%22%2C%22blog_id%22%3A4%2C%22ID%22%3A1462%2C%22link%22%3A%22https%3A%2F%2Fbandyforbundet.no%2Fbandy%2F%3Fpage_id%3D1462%22%2C%22image%22%3Afalse%2C%22featuredImage%22%3Afalse%2C%22from_shared%22%3Atrue%2C%22showAltTitle%22%3Atrue%2C%22altTitle%22%3A%22Bandy%22%7D%2C%7B%22link_type%22%3A%22page%22%2C%22blog_id%22%3A5%2C%22ID%22%3A355%2C%22link%22%3A%22https%3A%2F%2Fbandyforbundet.no%2Flandhockey%2F%3Fpage_id%3D355%22%2C%22image%22%3Afalse%2C%22featuredImage%22%3Afalse%2C%22from_shared%22%3Atrue%2C%22showAltTitle%22%3Atrue%2C%22altTitle%22%3A%22Landhockey%22%7D%2C%7B%22link_type%22%3A%22page%22%2C%22blog_id%22%3A6%2C%22ID%22%3A335%2C%22link%22%3A%22https%3A%2F%2Fbandyforbundet.no%2Fidrett-for-alle%2F%3Fpage_id%3D335%22%2C%22image%22%3Afalse%2C%22featuredImage%22%3Afalse%2C%22from_shared%22%3Atrue%2C%22showAltTitle%22%3Atrue%2C%22altTitle%22%3A%22Para-%20innebandy%22%7D%2C%7B%22link_type%22%3A%22page%22%2C%22blog_id%22%3A2%2C%22ID%22%3A307%2C%22link%22%3A%22https%3A%2F%2Fbandyforbundet.no%2Fforbundet%2F%3Fpage_id%3D307%22%2C%22image%22%3Afalse%2C%22featuredImage%22%3Afalse%2C%22from_shared%22%3Atrue%2C%22showAltTitle%22%3Atrue%2C%22altTitle%22%3A%22Kontakt%20oss%22%7D%2C%7B%22link_type%22%3A%22page%22%2C%22blog_id%22%3A2%2C%22ID%22%3A1637%2C%22link%22%3A%22https%3A%2F%2Fbandyforbundet.no%2Fforbundet%2F%3Fpage_id%3D1637%22%2C%22image%22%3Afalse%2C%22featuredImage%22%3Afalse%2C%22from_shared%22%3Atrue%2C%22showAltTitle%22%3Atrue%2C%22altTitle%22%3A%22Strategiplan%22%7D%2C%7B%22link_type%22%3A%22page%22%2C%22blog_id%22%3A2%2C%22ID%22%3A318%2C%22link%22%3A%22http%3A%2F%2Fbandyforbundet.no%2Fforbundet%2F%3Fpage_id%3D318%22%2C%22image%22%3Afalse%2C%22featuredImage%22%3Afalse%2C%22from_shared%22%3Atrue%2C%22showAltTitle%22%3Atrue%2C%22altTitle%22%3A%22Regelverk%22%7D%5D%7D\" ><\/div>\n\n\n<div class=\"wp-block-msswb-spacer msswb-spacer-container\" style=\"height:5px\"><div class=\"line\" style=\"height:2px\"><\/div><div class=\"line-center-divider\"><\/div><\/div>\n\n\n\n<div class=\"wp-block-msswb-panel msswb-panel-container\"><div class=\"mwwsb-panel-header\"><div class=\"mwwsb-panel-title\">Les mer om Norges Bandyforbund<\/div><div class=\"mwwsb-panel-icon\"><span class=\"dashicon dashicons dashicons-arrow-down-alt2\"><\/span><\/div><\/div><div class=\"msswb-panel-content\"><div class=\"msswb-image-frontend-app\"data-href-target=\"false\" data-href=\"%22%22\" data-use-link=\"false\" data-screen-width=\"false\" data-alignment=\"%22right%22\" data-url=\"%22%5C%2Fwp-content%5C%2Fuploads%5C%2F2021%5C%2F09%5C%2Fnbf_trans2.png%22\" data-is-background-image=\"false\" data-border-radius=\"0\" data-image-width=\"613\" data-image-height=\"684\" data-selected-image=\"%7B%22image_id%22%3A1361%2C%22blog_id%22%3A1%2C%22term_id%22%3A7%2C%22selected_size%22%3A%22full%22%7D\" data-image-aspect-ratio=\"1.12\" data-alt-text=\"%22%22\" data-caption=\"%22%22\" data-width=\"107\" data-height=\"119\" data-focal-point=\"\" data-show-light-box=\"false\" >\n<div class=\"msswb-image-block msswbright\" style=\"width:107px\"><div class=\"msswb-image \"><div class=\"image-container\" style=\"width:107px;height:119px\"><img decoding=\"async\" style=\"width:107px;height:119px\" src=\"\/wp-content\/uploads\/2021\/09\/nbf_trans2.png\" \/><\/div><\/div><div class=\"msswb-image-caption-container\"><div class=\"msswb-image-caption\"><\/div><\/div><\/div>\n<\/div>\n\n\n<p class=\"has-drop-cap\">Norges Bandyforbund er et paraplyforbund for de tre idrettene: Innebandy \u2013 Bandy \u2013 Hockey (landhockey).<\/p>\n\n\n\n<p>Forbundet har totalt fem grener: Innebandy \u2013 Bandy \u2013 Hockey \u2013 El-innebandy \u2013 Rinkbandy.<\/p>\n\n\n\n<p>De tre idrettene er tilknyttet tre forskjellige internasjonale s\u00e6rforbund; The International Floorball Federation (innebandy), The Federation of International Bandy (bandy og rinkbandy) og The International Hockey Federation (hockey). Norges Bandyforbund er i s\u00e5 m\u00e5te et unikt s\u00e6rforbund under Norges Idrettsforbund. (El-innebandy er ikke tilknyttet noe internasjonalt forbund.)<\/p>\n\n\n<div class=\"msswb-image-frontend-app\"data-href-target=\"false\" data-href=\"%22https%3A%5C%2F%5C%2Fbandyforbundet.no%5C%2Fwp-content%5C%2Fuploads%5C%2F2021%5C%2F09%5C%2Forg.jpg%22\" data-use-link=\"false\" data-screen-width=\"false\" data-alignment=\"%22right%22\" data-url=\"%22%5C%2Fwp-content%5C%2Fuploads%5C%2F2021%5C%2F09%5C%2Forg.jpg%22\" data-is-background-image=\"false\" data-border-radius=\"0\" data-image-width=\"500\" data-image-height=\"318\" data-selected-image=\"%7B%22image_id%22%3A1364%2C%22blog_id%22%3A1%2C%22term_id%22%3A5%2C%22selected_size%22%3A%22full%22%7D\" data-image-aspect-ratio=\"0.64\" data-alt-text=\"%22%22\" data-caption=\"%22Norges%20Bandyforbunds%20oppbygning%22\" data-width=\"281\" data-height=\"179\" data-focal-point=\"\" data-show-light-box=\"false\" >\n<div class=\"msswb-image-block msswbright\" style=\"width:281px\"><div class=\"msswb-image \"><div class=\"image-container\" style=\"width:281px;height:179px\"><img decoding=\"async\" style=\"width:281px;height:179px\" src=\"\/wp-content\/uploads\/2021\/09\/org.jpg\" \/><\/div><\/div><div class=\"msswb-image-caption-container\"><div class=\"msswb-image-caption\">Norges Bandyforbunds oppbygning<\/div><\/div><\/div>\n<\/div>\n\n\n<p>For \u00e5 ivareta de forskjellige grenenes interesser i forbundet, har man tre seksjoner som har det faglige ansvaret for disse. Innebandyseksjonen har ansvar for innebandy og el-innebandy. Bandyseksjonen har ansvar for bandy og rinkbandy. Hockeyseksjonen har ansvar for hockey.<\/p>\n\n\n\n<p>Hvert annet \u00e5r avholder seksjonene sine \u00e5rsm\u00f8ter hvor representanter fra klubbene og kretsene velger et seksjonsstyre.<\/p>\n\n\n\n<p>Hvert annet \u00e5r blir det holdt et forbundsting hvor kretsene og representanter fra alle de tre seksjonene m\u00f8ter. P\u00e5 dette tinget blir det valgt et forbundsstyre som best\u00e5r av en president, en visepresident, fem styremedlemmer og to varamedlemmer for disse. Normalt velges lederne for hver av seksjonene som tre av styremedlemmene. I perioden mellom forbundstingene er det forbundsstyret som er Norges Bandyforbunds h\u00f8yeste besluttende organ.<\/p>\n<\/div><\/div>\n\n\n<div class=\"msswb-gallery-frontend-app-v2 \" data-url-encoded-attrs=\"%7B%22images%22%3A%5B%7B%22image_id%22%3A1718%2C%22blog_id%22%3A1%2C%22term_id%22%3A10%2C%22selected_size%22%3A%22full%22%7D%2C%7B%22image_id%22%3A1726%2C%22blog_id%22%3A1%2C%22term_id%22%3A10%2C%22selected_size%22%3A%22full%22%7D%2C%7B%22image_id%22%3A1725%2C%22blog_id%22%3A1%2C%22term_id%22%3A10%2C%22selected_size%22%3A%22full%22%7D%2C%7B%22image_id%22%3A1737%2C%22blog_id%22%3A1%2C%22term_id%22%3A-1%2C%22selected_size%22%3A%22full%22%7D%2C%7B%22image_id%22%3A1462%2C%22blog_id%22%3A1%2C%22term_id%22%3A10%2C%22selected_size%22%3A%22full%22%7D%2C%7B%22image_id%22%3A1490%2C%22blog_id%22%3A1%2C%22term_id%22%3A10%2C%22selected_size%22%3A%22full%22%7D%2C%7B%22image_id%22%3A1489%2C%22blog_id%22%3A1%2C%22term_id%22%3A10%2C%22selected_size%22%3A%22full%22%7D%2C%7B%22image_id%22%3A1465%2C%22blog_id%22%3A1%2C%22term_id%22%3A10%2C%22selected_size%22%3A%22full%22%7D%2C%7B%22image_id%22%3A1437%2C%22blog_id%22%3A1%2C%22term_id%22%3A10%2C%22selected_size%22%3A%22full%22%7D%2C%7B%22image_id%22%3A1492%2C%22blog_id%22%3A1%2C%22term_id%22%3A10%2C%22selected_size%22%3A%22full%22%7D%2C%7B%22image_id%22%3A1488%2C%22blog_id%22%3A1%2C%22term_id%22%3A10%2C%22selected_size%22%3A%22full%22%7D%2C%7B%22image_id%22%3A1482%2C%22blog_id%22%3A1%2C%22term_id%22%3A10%2C%22selected_size%22%3A%22full%22%7D%2C%7B%22image_id%22%3A1730%2C%22blog_id%22%3A1%2C%22term_id%22%3A10%2C%22selected_size%22%3A%22full%22%7D%2C%7B%22image_id%22%3A1450%2C%22blog_id%22%3A1%2C%22term_id%22%3A10%2C%22selected_size%22%3A%22full%22%7D%2C%7B%22image_id%22%3A1477%2C%22blog_id%22%3A1%2C%22term_id%22%3A10%2C%22selected_size%22%3A%22full%22%7D%2C%7B%22image_id%22%3A1742%2C%22blog_id%22%3A1%2C%22term_id%22%3A10%2C%22selected_size%22%3A%22full%22%7D%2C%7B%22image_id%22%3A1467%2C%22blog_id%22%3A1%2C%22term_id%22%3A10%2C%22selected_size%22%3A%22full%22%7D%2C%7B%22image_id%22%3A1471%2C%22blog_id%22%3A1%2C%22term_id%22%3A10%2C%22selected_size%22%3A%22full%22%7D%2C%7B%22image_id%22%3A1458%2C%22blog_id%22%3A1%2C%22term_id%22%3A10%2C%22selected_size%22%3A%22full%22%7D%2C%7B%22image_id%22%3A1475%2C%22blog_id%22%3A1%2C%22term_id%22%3A10%2C%22selected_size%22%3A%22full%22%7D%2C%7B%22image_id%22%3A1439%2C%22blog_id%22%3A1%2C%22term_id%22%3A10%2C%22selected_size%22%3A%22full%22%7D%2C%7B%22image_id%22%3A1722%2C%22blog_id%22%3A1%2C%22term_id%22%3A10%2C%22selected_size%22%3A%22full%22%7D%2C%7B%22image_id%22%3A1432%2C%22blog_id%22%3A1%2C%22term_id%22%3A10%2C%22selected_size%22%3A%22full%22%7D%2C%7B%22image_id%22%3A1456%2C%22blog_id%22%3A1%2C%22term_id%22%3A10%2C%22selected_size%22%3A%22full%22%7D%2C%7B%22image_id%22%3A1736%2C%22blog_id%22%3A1%2C%22term_id%22%3A-1%2C%22selected_size%22%3A%22full%22%7D%2C%7B%22image_id%22%3A1733%2C%22blog_id%22%3A1%2C%22term_id%22%3A10%2C%22selected_size%22%3A%22full%22%7D%2C%7B%22image_id%22%3A1741%2C%22blog_id%22%3A1%2C%22term_id%22%3A10%2C%22selected_size%22%3A%22full%22%7D%2C%7B%22image_id%22%3A1479%2C%22blog_id%22%3A1%2C%22term_id%22%3A10%2C%22selected_size%22%3A%22full%22%7D%5D%2C%22maxCols%22%3A3%2C%22displayMode%22%3A%22carousel%22%2C%22carouselHeight%22%3A600%2C%22maxCarouselCols%22%3A1%2C%22startAnimation%22%3A%22nostart%22%2C%22carouselBgSize%22%3A%22cover%22%2C%22sortBy%22%3A%22manual%22%2C%22sortDirection%22%3A%22asc%22%7D\" ><\/div>\n\n\n<div class=\"wp-block-msswb-spacer msswb-spacer-container show-line\" style=\"height:10px\"><div class=\"line\" style=\"height:5px\"><\/div><div class=\"line-center-divider\"><\/div><\/div>\n\n\n<div class=\"msswb-image-frontend-app\"data-href-target=\"false\" data-href=\"%22https%3A%5C%2F%5C%2Fbandyforbundet.no%5C%2Fbandy%5C%2F%3Fmsswb-post%3Dbokverket-nbf-100-ar-presenteres-over-592-sider%26amp%3Bfbclid%3DIwAR3aUtE-bbsrMQLOWZOQf6mZUW5tWQmU-3AXTqCZ64GCvJ-N39CRpOdvhCc%22\" data-use-link=\"true\" data-screen-width=\"false\" data-alignment=\"%22full%22\" data-url=\"%22%5C%2Fwp-content%5C%2Fuploads%5C%2Fsites%5C%2F2%5C%2F2023%5C%2F09%5C%2FYellow-and-Purple-Modern-Electronic-Special-Promo-Outdoor-Banner.png%22\" data-is-background-image=\"false\" data-border-radius=\"0\" data-image-width=\"11520\" data-image-height=\"3456\" data-selected-image=\"%7B%22image_id%22%3A3910%2C%22blog_id%22%3A2%2C%22term_id%22%3A-1%2C%22selected_size%22%3A%22full%22%7D\" data-image-aspect-ratio=\"0.3\" data-alt-text=\"%22%22\" data-caption=\"%22%22\" data-width=\"400\" data-height=\"120\" data-focal-point=\"\" data-show-light-box=\"false\" >\n<div class=\"msswb-image-block msswbfull\"><a href=\"https:\/\/bandyforbundet.no\/bandy\/?msswb-post=bokverket-nbf-100-ar-presenteres-over-592-sider&amp;fbclid=IwAR3aUtE-bbsrMQLOWZOQf6mZUW5tWQmU-3AXTqCZ64GCvJ-N39CRpOdvhCc\"><div class=\"msswb-image \"><div class=\"image-container fullwidth\" style=\"width:100%;height:100%\"><img decoding=\"async\" style=\"width:100%\" src=\"\/wp-content\/uploads\/sites\/2\/2023\/09\/Yellow-and-Purple-Modern-Electronic-Special-Promo-Outdoor-Banner.png\" \/><\/div><\/div><\/a><div class=\"msswb-image-caption-container\"><div class=\"msswb-image-caption\"><\/div><\/div><\/div>\n<\/div>\n\n\n<div class=\"wp-block-msswb-spacer msswb-spacer-container show-line\" style=\"height:10px\"><div class=\"line\" style=\"height:5px\"><\/div><div class=\"line-center-divider\"><\/div><\/div>\n\n\n\n<p class=\"has-small-font-size\"><em>V\u00e5re samarbeidspartnere:<\/em><\/p>\n\n\n<div class=\"msswb-link-box-grid-frontend-app-v2\" data-url-encoded-attrs=\"%7B%22maxCols%22%3A6%2C%22showTitle%22%3Afalse%2C%22titleColor%22%3A%22%23ffffff%22%2C%22useColorBackground%22%3Afalse%2C%22bgColor%22%3A%22%23d45c5c%22%2C%22overlayColor%22%3A%7B%22r%22%3A69%2C%22g%22%3A126%2C%22b%22%3A191%2C%22a%22%3A0.1%7D%2C%22linkBoxes%22%3A%5B%7B%22link_type%22%3A%22url%22%2C%22blog_id%22%3Afalse%2C%22ID%22%3Afalse%2C%22link%22%3A%22https%3A%2F%2Fpureplay.no%22%2C%22image%22%3A%7B%22image_id%22%3A8096%2C%22blog_id%22%3A3%2C%22term_id%22%3A252%2C%22selected_size%22%3A%22full%22%7D%2C%22featuredImage%22%3Afalse%2C%22from_shared%22%3Atrue%2C%22showAltTitle%22%3Atrue%2C%22altTitle%22%3A%22%22%7D%2C%7B%22link_type%22%3A%22url%22%2C%22blog_id%22%3Afalse%2C%22ID%22%3Afalse%2C%22link%22%3A%22https%3A%2F%2Fpureplay.no%2F%22%2C%22image%22%3A%7B%22image_id%22%3A8087%2C%22blog_id%22%3A3%2C%22term_id%22%3A252%2C%22selected_size%22%3A%22full%22%7D%2C%22featuredImage%22%3Afalse%2C%22showTitle%22%3Afalse%2C%22showAltTitle%22%3Atrue%2C%22altTitle%22%3A%22%22%7D%2C%7B%22link_type%22%3A%22url%22%2C%22blog_id%22%3Afalse%2C%22ID%22%3Afalse%2C%22link%22%3A%22https%3A%2F%2Fpureplay.no%22%2C%22image%22%3A%7B%22image_id%22%3A8103%2C%22blog_id%22%3A3%2C%22term_id%22%3A252%2C%22selected_size%22%3A%22full%22%7D%2C%22featuredImage%22%3Afalse%2C%22from_shared%22%3Atrue%2C%22showAltTitle%22%3Atrue%2C%22altTitle%22%3A%22%22%7D%2C%7B%22link_type%22%3A%22url%22%2C%22blog_id%22%3Afalse%2C%22ID%22%3Afalse%2C%22link%22%3A%22https%3A%2F%2Fpureplay.no%22%2C%22image%22%3A%7B%22image_id%22%3A108%2C%22blog_id%22%3A3%2C%22term_id%22%3A174%2C%22selected_size%22%3A%22full%22%7D%2C%22featuredImage%22%3Afalse%2C%22from_shared%22%3Atrue%2C%22showAltTitle%22%3Atrue%2C%22altTitle%22%3A%22%22%7D%2C%7B%22link_type%22%3A%22url%22%2C%22blog_id%22%3Afalse%2C%22ID%22%3Afalse%2C%22link%22%3A%22http%3A%2F%2Fkunstisbane.no%2F%22%2C%22image%22%3A%7B%22image_id%22%3A3159%2C%22blog_id%22%3A4%2C%22term_id%22%3A154%2C%22selected_size%22%3A%22full%22%7D%2C%22featuredImage%22%3Afalse%2C%22from_shared%22%3Atrue%2C%22showAltTitle%22%3Atrue%2C%22altTitle%22%3A%22%22%7D%2C%7B%22link_type%22%3A%22url%22%2C%22blog_id%22%3Afalse%2C%22ID%22%3Afalse%2C%22link%22%3A%22https%3A%2F%2Fwww.sparebankstiftelsen.no%2Fno%22%2C%22image%22%3A%7B%22image_id%22%3A8130%2C%22blog_id%22%3A3%2C%22term_id%22%3A252%2C%22selected_size%22%3A%22full%22%7D%2C%22featuredImage%22%3Afalse%2C%22from_shared%22%3Atrue%2C%22showAltTitle%22%3Atrue%2C%22altTitle%22%3A%22%22%7D%2C%7B%22link_type%22%3A%22url%22%2C%22blog_id%22%3Afalse%2C%22ID%22%3Afalse%2C%22link%22%3A%22https%3A%2F%2Fwww.stiftelsenvi.no%2F%22%2C%22image%22%3A%7B%22image_id%22%3A1768%2C%22blog_id%22%3A1%2C%22term_id%22%3A-1%2C%22selected_size%22%3A%22full%22%7D%2C%22featuredImage%22%3Afalse%2C%22from_shared%22%3Atrue%2C%22showAltTitle%22%3Atrue%2C%22altTitle%22%3A%22%22%7D%2C%7B%22link_type%22%3A%22url%22%2C%22blog_id%22%3Afalse%2C%22ID%22%3Afalse%2C%22link%22%3A%22https%3A%2F%2Ftv2.no%22%2C%22image%22%3A%7B%22image_id%22%3A8140%2C%22blog_id%22%3A3%2C%22term_id%22%3A-1%2C%22selected_size%22%3A%22full%22%7D%2C%22featuredImage%22%3Afalse%2C%22from_shared%22%3Atrue%2C%22showAltTitle%22%3Atrue%2C%22altTitle%22%3A%22%22%7D%2C%7B%22link_type%22%3A%22url%22%2C%22blog_id%22%3Afalse%2C%22ID%22%3Afalse%2C%22link%22%3A%22https%3A%2F%2Fmygame.no%22%2C%22image%22%3A%7B%22image_id%22%3A8911%2C%22blog_id%22%3A3%2C%22term_id%22%3A252%2C%22selected_size%22%3A%22full%22%7D%2C%22featuredImage%22%3Afalse%2C%22from_shared%22%3Atrue%2C%22showAltTitle%22%3Atrue%2C%22altTitle%22%3A%22%22%7D%2C%7B%22link_type%22%3A%22url%22%2C%22blog_id%22%3Afalse%2C%22ID%22%3Afalse%2C%22link%22%3A%22https%3A%2F%2Fwww.thonhotels.no%2F%3Ffirma%3DTH87825%22%2C%22image%22%3A%7B%22image_id%22%3A8135%2C%22blog_id%22%3A3%2C%22term_id%22%3A252%2C%22selected_size%22%3A%22full%22%7D%2C%22featuredImage%22%3Afalse%2C%22showTitle%22%3Afalse%2C%22showAltTitle%22%3Atrue%2C%22altTitle%22%3A%22%22%7D%2C%7B%22link_type%22%3A%22url%22%2C%22blog_id%22%3Afalse%2C%22ID%22%3Afalse%2C%22link%22%3A%22https%3A%2F%2Fwww.antidoping.no%22%2C%22image%22%3A%7B%22image_id%22%3A8132%2C%22blog_id%22%3A3%2C%22term_id%22%3A252%2C%22selected_size%22%3A%22full%22%7D%2C%22featuredImage%22%3Afalse%2C%22from_shared%22%3Atrue%2C%22showAltTitle%22%3Atrue%2C%22altTitle%22%3A%22%22%7D%5D%7D\" ><\/div>\n\n\n<p>\n<!-- Bandy 4:1 (000000000015edab) -->\n\n<\/p>\n","protected":false},"excerpt":{"rendered":"<p>V\u00e5re samarbeidspartnere:<\/p>\n","protected":false},"author":16,"featured_media":0,"parent":0,"menu_order":0,"comment_status":"closed","ping_status":"closed","template":"templates\/template-cover.php","meta":{"cover_meta":"{\"showBackgroundImage\":true,\"bgImage\":{\"image_id\":2695,\"blog_id\":2,\"term_id\":159,\"selected_size\":\"full\"},\"showOverlay\":true,\"overlayColor\":\"#000d31\",\"overlayOpacity\":0.4,\"showIntro\":true,\"introColor\":\"white\",\"intro\":\"Velkommen til\",\"title\":\"Norges Bandyforbund\",\"titleColor\":\"white\",\"showOutro\":true,\"outroColor\":\"white\",\"outro\":\"et paraplyforbund for de tre idrettene Innebandy, Bandy og Landhockey\"}","footnotes":""},"class_list":["post-1193","page","type-page","status-publish","hentry"],"_links":{"self":[{"href":"https:\/\/bandyforbundet.no\/index.php?rest_route=\/wp\/v2\/pages\/1193","targetHints":{"allow":["GET"]}}],"collection":[{"href":"https:\/\/bandyforbundet.no\/index.php?rest_route=\/wp\/v2\/pages"}],"about":[{"href":"https:\/\/bandyforbundet.no\/index.php?rest_route=\/wp\/v2\/types\/page"}],"author":[{"embeddable":true,"href":"https:\/\/bandyforbundet.no\/index.php?rest_route=\/wp\/v2\/users\/16"}],"replies":[{"embeddable":true,"href":"https:\/\/bandyforbundet.no\/index.php?rest_route=%2Fwp%2Fv2%2Fcomments&post=1193"}],"version-history":[{"count":144,"href":"https:\/\/bandyforbundet.no\/index.php?rest_route=\/wp\/v2\/pages\/1193\/revisions"}],"predecessor-version":[{"id":1826,"href":"https:\/\/bandyforbundet.no\/index.php?rest_route=\/wp\/v2\/pages\/1193\/revisions\/1826"}],"wp:attachment":[{"href":"https:\/\/bandyforbundet.no\/index.php?rest_route=%2Fwp%2Fv2%2Fmedia&parent=1193"}],"curies":[{"name":"wp","href":"https:\/\/api.w.org\/{rel}","templated":true}]}}