{"id":11295,"date":"2022-05-31T14:30:22","date_gmt":"2022-05-31T14:30:22","guid":{"rendered":"https:\/\/bandyforbundet.no\/innebandy\/?page_id=11295"},"modified":"2024-08-07T12:34:55","modified_gmt":"2024-08-07T12:34:55","slug":"arsberetninger-innebandy","status":"publish","type":"page","link":"https:\/\/bandyforbundet.no\/innebandy\/?page_id=11295","title":{"rendered":"\u00c5rsberetninger innebandy"},"content":{"rendered":"\n<div class=\"msswb-file\"><a href=\"https:\/\/bandyforbundet.no\/innebandy\/wp-content\/uploads\/sites\/3\/2024\/06\/Saksdokumenter2024.pdf\" class=\"file-button\" download><span class=\"dashicon dashicons dashicons-download\"><\/span><\/a><a class=\"file-link\" href=\"https:\/\/bandyforbundet.no\/innebandy\/wp-content\/uploads\/sites\/3\/2024\/06\/Saksdokumenter2024.pdf\">Saksdokumenter \u00e5rsm\u00f8tet 2024<\/a><\/div>\n\n\n\n<div class=\"msswb-file\"><a href=\"https:\/\/bandyforbundet.no\/innebandy\/wp-content\/uploads\/sites\/3\/2024\/05\/Arsberetning-2023-2024.pdf\" class=\"file-button\" download><span class=\"dashicon dashicons dashicons-download\"><\/span><\/a><a class=\"file-link\" href=\"https:\/\/bandyforbundet.no\/innebandy\/wp-content\/uploads\/sites\/3\/2024\/05\/Arsberetning-2023-2024.pdf\">\u00c5rsberetning sesongen 2023-2024<\/a><\/div>\n\n\n\n<div class=\"msswb-file\"><a href=\"https:\/\/bandyforbundet.no\/innebandy\/wp-content\/uploads\/sites\/3\/2024\/05\/Arsberetning-2022-2023.pdf\" class=\"file-button\" download><span class=\"dashicon dashicons dashicons-download\"><\/span><\/a><a class=\"file-link\" href=\"https:\/\/bandyforbundet.no\/innebandy\/wp-content\/uploads\/sites\/3\/2024\/05\/Arsberetning-2022-2023.pdf\">\u00c5rsberetning sesongen 2022-2023<\/a><\/div>\n\n\n\n<div class=\"msswb-file\"><a href=\"https:\/\/bandyforbundet.no\/innebandy\/wp-content\/uploads\/sites\/3\/2024\/02\/Innkalling-ekstraordinaert-arsmote-2024.pdf\" class=\"file-button\" download><span class=\"dashicon dashicons dashicons-download\"><\/span><\/a><a class=\"file-link\" href=\"https:\/\/bandyforbundet.no\/innebandy\/wp-content\/uploads\/sites\/3\/2024\/02\/Innkalling-ekstraordinaert-arsmote-2024.pdf\">Saksdokumenter ekstraordin\u00e6rt \u00e5rsm\u00f8te 2024<\/a><\/div>\n\n\n\n<div class=\"msswb-file\"><a href=\"https:\/\/bandyforbundet.no\/innebandy\/wp-content\/uploads\/sites\/3\/2022\/06\/Saksdokumenter2022_med_valgkomite.pdf\" class=\"file-button\" download><span class=\"dashicon dashicons dashicons-download\"><\/span><\/a><a class=\"file-link\" href=\"https:\/\/bandyforbundet.no\/innebandy\/wp-content\/uploads\/sites\/3\/2022\/06\/Saksdokumenter2022_med_valgkomite.pdf\">Saksdokumenter \u00e5rsm\u00f8tet 2022<\/a><\/div>\n\n\n\n<div class=\"msswb-file\"><a href=\"https:\/\/bandyforbundet.no\/innebandy\/wp-content\/uploads\/sites\/3\/2022\/05\/Arsberetning-2021-2022.pdf\" class=\"file-button\" download><span class=\"dashicon dashicons dashicons-download\"><\/span><\/a><a class=\"file-link\" href=\"https:\/\/bandyforbundet.no\/innebandy\/wp-content\/uploads\/sites\/3\/2022\/05\/Arsberetning-2021-2022.pdf\">\u00c5rsberetning sesongen 2021-2022<\/a><\/div>\n\n\n\n<div class=\"msswb-file\"><a href=\"https:\/\/bandyforbundet.no\/innebandy\/wp-content\/uploads\/sites\/3\/2021\/06\/Saksdokumenter2021_med_ny_valgkomite.pdf\" class=\"file-button\" download><span class=\"dashicon dashicons dashicons-download\"><\/span><\/a><a class=\"file-link\" href=\"https:\/\/bandyforbundet.no\/innebandy\/wp-content\/uploads\/sites\/3\/2021\/06\/Saksdokumenter2021_med_ny_valgkomite.pdf\">Saksdokumenter \u00e5rsm\u00f8tet 2021<\/a><\/div>\n\n\n\n<div class=\"msswb-file\"><a href=\"https:\/\/bandyforbundet.no\/innebandy\/wp-content\/uploads\/sites\/3\/2021\/05\/\u00c5rsberetning_2020-2021.pdf\" class=\"file-button\" download><span class=\"dashicon dashicons dashicons-download\"><\/span><\/a><a class=\"file-link\" href=\"https:\/\/bandyforbundet.no\/innebandy\/wp-content\/uploads\/sites\/3\/2021\/05\/\u00c5rsberetning_2020-2021.pdf\">\u00c5rsberetning sesongen 2020-2021<\/a><\/div>\n\n\n\n<div class=\"msswb-file\"><a href=\"https:\/\/bandyforbundet.no\/innebandy\/wp-content\/uploads\/sites\/3\/2020\/07\/\u00c5rsberetning-2019-2020.pdf\" class=\"file-button\" download><span class=\"dashicon dashicons dashicons-download\"><\/span><\/a><a class=\"file-link\" href=\"https:\/\/bandyforbundet.no\/innebandy\/wp-content\/uploads\/sites\/3\/2020\/07\/\u00c5rsberetning-2019-2020.pdf\">\u00c5rsberetning sesongen 2019-2020<\/a><\/div>\n\n\n\n<div class=\"msswb-file\"><a href=\"https:\/\/bandyforbundet.no\/innebandy\/wp-content\/uploads\/sites\/3\/2021\/05\/\u00c5rsberetning_2018-2019.pdf\" class=\"file-button\" download><span class=\"dashicon dashicons dashicons-download\"><\/span><\/a><a class=\"file-link\" href=\"https:\/\/bandyforbundet.no\/innebandy\/wp-content\/uploads\/sites\/3\/2021\/05\/\u00c5rsberetning_2018-2019.pdf\">\u00c5rsberetning sesongen 2018-2019<\/a><\/div>\n\n\n\n<div class=\"msswb-file\"><a href=\"https:\/\/bandyforbundet.no\/innebandy\/wp-content\/uploads\/sites\/3\/2019\/06\/Innkalling-ekstraordin\u00e6rt-\u00e5rsm\u00f8te-innebandy-16.juni-2019-1.pdf\" class=\"file-button\" download><span class=\"dashicon dashicons dashicons-download\"><\/span><\/a><a class=\"file-link\" href=\"https:\/\/bandyforbundet.no\/innebandy\/wp-content\/uploads\/sites\/3\/2019\/06\/Innkalling-ekstraordin\u00e6rt-\u00e5rsm\u00f8te-innebandy-16.juni-2019-1.pdf\">Saksdokumenter ekstraordin\u00e6rt \u00e5rsm\u00f8te 2019<\/a><\/div>\n\n\n\n<div class=\"msswb-file\"><a href=\"https:\/\/bandyforbundet.no\/innebandy\/wp-content\/uploads\/sites\/3\/2022\/05\/saksdokumenter_2018.pdf\" class=\"file-button\" download><span class=\"dashicon dashicons dashicons-download\"><\/span><\/a><a class=\"file-link\" href=\"https:\/\/bandyforbundet.no\/innebandy\/wp-content\/uploads\/sites\/3\/2022\/05\/saksdokumenter_2018.pdf\">\u00c5rsberetning sesongen 2017-2018 og  Saksdokumenter \u00e5rsm\u00f8tet 2018<\/a><\/div>\n\n\n\n<div class=\"msswb-file\"><a href=\"https:\/\/bandyforbundet.no\/innebandy\/wp-content\/uploads\/sites\/3\/2022\/05\/saksdokumenter_2017.pdf\" class=\"file-button\" download><span class=\"dashicon dashicons dashicons-download\"><\/span><\/a><a class=\"file-link\" href=\"https:\/\/bandyforbundet.no\/innebandy\/wp-content\/uploads\/sites\/3\/2022\/05\/saksdokumenter_2017.pdf\">\u00c5rsberetning sesongen 2016-2017 og Saksdokumenter \u00e5rsm\u00f8tet 2017<\/a><\/div>\n\n\n\n<div class=\"msswb-file\"><a href=\"https:\/\/bandyforbundet.no\/innebandy\/wp-content\/uploads\/sites\/3\/2022\/05\/saksdokumenter_2016.pdf\" class=\"file-button\" download><span class=\"dashicon dashicons dashicons-download\"><\/span><\/a><a class=\"file-link\" href=\"https:\/\/bandyforbundet.no\/innebandy\/wp-content\/uploads\/sites\/3\/2022\/05\/saksdokumenter_2016.pdf\">\u00c5rsberetning sesongen 2015-2016 og Saksdokumenter \u00e5rsm\u00f8tet 2016<\/a><\/div>\n\n\n\n<div class=\"msswb-file\"><a href=\"https:\/\/bandyforbundet.no\/innebandy\/wp-content\/uploads\/sites\/3\/2022\/05\/saksdokumenter_2015.pdf\" class=\"file-button\" download><span class=\"dashicon dashicons dashicons-download\"><\/span><\/a><a class=\"file-link\" href=\"https:\/\/bandyforbundet.no\/innebandy\/wp-content\/uploads\/sites\/3\/2022\/05\/saksdokumenter_2015.pdf\">\u00c5rsberetning sesongen 2014-2015 og Saksdokumenter \u00e5rsm\u00f8tet 2015<\/a><\/div>\n\n\n\n<div class=\"msswb-file\"><a href=\"https:\/\/bandyforbundet.no\/innebandy\/wp-content\/uploads\/sites\/3\/2022\/05\/saksdokumenter_2014.pdf\" class=\"file-button\" download><span class=\"dashicon dashicons dashicons-download\"><\/span><\/a><a class=\"file-link\" href=\"https:\/\/bandyforbundet.no\/innebandy\/wp-content\/uploads\/sites\/3\/2022\/05\/saksdokumenter_2014.pdf\">\u00c5rsberetning sesongen 2013-2014 og Saksdokumenter \u00e5rsm\u00f8tet 2014<\/a><\/div>\n\n\n\n<div class=\"msswb-file\"><a href=\"https:\/\/bandyforbundet.no\/innebandy\/wp-content\/uploads\/sites\/3\/2022\/05\/saksdokumenter_2013.pdf\" class=\"file-button\" download><span class=\"dashicon dashicons dashicons-download\"><\/span><\/a><a class=\"file-link\" href=\"https:\/\/bandyforbundet.no\/innebandy\/wp-content\/uploads\/sites\/3\/2022\/05\/saksdokumenter_2013.pdf\">\u00c5rsberetning sesongen 2012-2013 og Saksdokumenter \u00e5rsm\u00f8tet 2013<\/a><\/div>\n\n\n\n<div class=\"msswb-file\"><a href=\"https:\/\/bandyforbundet.no\/innebandy\/wp-content\/uploads\/sites\/3\/2022\/05\/saksdokumenter_2012.pdf\" class=\"file-button\" download><span class=\"dashicon dashicons dashicons-download\"><\/span><\/a><a class=\"file-link\" href=\"https:\/\/bandyforbundet.no\/innebandy\/wp-content\/uploads\/sites\/3\/2022\/05\/saksdokumenter_2012.pdf\">\u00c5rsberetning sesongen 2011-2012 og Saksdokumenter \u00e5rsm\u00f8tet 2012<\/a><\/div>\n\n\n\n<div class=\"msswb-file\"><a href=\"https:\/\/bandyforbundet.no\/innebandy\/wp-content\/uploads\/sites\/3\/2022\/05\/saksdokumenter_2011.pdf\" class=\"file-button\" download><span class=\"dashicon dashicons dashicons-download\"><\/span><\/a><a class=\"file-link\" href=\"https:\/\/bandyforbundet.no\/innebandy\/wp-content\/uploads\/sites\/3\/2022\/05\/saksdokumenter_2011.pdf\">\u00c5rsberetning sesongen 2010-2011 og Saksdokumenter \u00e5rsm\u00f8tet 2011<\/a><\/div>\n\n\n\n<div class=\"msswb-file\"><a href=\"https:\/\/bandyforbundet.no\/innebandy\/wp-content\/uploads\/sites\/3\/2022\/05\/saksdokumenter_2010.pdf\" class=\"file-button\" download><span class=\"dashicon dashicons dashicons-download\"><\/span><\/a><a class=\"file-link\" href=\"https:\/\/bandyforbundet.no\/innebandy\/wp-content\/uploads\/sites\/3\/2022\/05\/saksdokumenter_2010.pdf\">\u00c5rsberetning sesongen 2009-2010 og Saksdokumenter \u00e5rsm\u00f8tet 2010<\/a><\/div>\n\n\n\n<div class=\"msswb-file\"><a href=\"https:\/\/bandyforbundet.no\/innebandy\/wp-content\/uploads\/sites\/3\/2022\/05\/saksdokumenter_2009.pdf\" class=\"file-button\" download><span class=\"dashicon dashicons dashicons-download\"><\/span><\/a><a class=\"file-link\" href=\"https:\/\/bandyforbundet.no\/innebandy\/wp-content\/uploads\/sites\/3\/2022\/05\/saksdokumenter_2009.pdf\">\u00c5rsberetning sesongen 2008-2009 og Saksdokumenter \u00e5rsm\u00f8tet 2009<\/a><\/div>\n\n\n\n<div class=\"msswb-file\"><a href=\"https:\/\/bandyforbundet.no\/innebandy\/wp-content\/uploads\/sites\/3\/2022\/06\/saksdokumenter_2009-ekstraord.pdf\" class=\"file-button\" download><span class=\"dashicon dashicons dashicons-download\"><\/span><\/a><a class=\"file-link\" href=\"https:\/\/bandyforbundet.no\/innebandy\/wp-content\/uploads\/sites\/3\/2022\/06\/saksdokumenter_2009-ekstraord.pdf\">Saksdokumenter ekstraordin\u00e6rt \u00e5rsm\u00f8te i april 2009<\/a><\/div>\n\n\n\n<div class=\"msswb-file\"><a href=\"https:\/\/bandyforbundet.no\/innebandy\/wp-content\/uploads\/sites\/3\/2022\/05\/saksdokumenter_2008.pdf\" class=\"file-button\" download><span class=\"dashicon dashicons dashicons-download\"><\/span><\/a><a class=\"file-link\" href=\"https:\/\/bandyforbundet.no\/innebandy\/wp-content\/uploads\/sites\/3\/2022\/05\/saksdokumenter_2008.pdf\">\u00c5rsberetning sesongen 2007-2008 og Saksdokumenter \u00e5rsm\u00f8tet 2008<\/a><\/div>\n\n\n\n<div class=\"msswb-file\"><a href=\"https:\/\/bandyforbundet.no\/innebandy\/wp-content\/uploads\/sites\/3\/2022\/05\/saksdokumenter_2007.pdf\" class=\"file-button\" download><span class=\"dashicon dashicons dashicons-download\"><\/span><\/a><a class=\"file-link\" href=\"https:\/\/bandyforbundet.no\/innebandy\/wp-content\/uploads\/sites\/3\/2022\/05\/saksdokumenter_2007.pdf\">\u00c5rsberetning sesongen 2006-2007 og Saksdokumenter \u00e5rsm\u00f8tet 2007<\/a><\/div>\n\n\n\n<div class=\"msswb-file\"><a href=\"https:\/\/bandyforbundet.no\/innebandy\/wp-content\/uploads\/sites\/3\/2022\/05\/saksdokumenter_2006.pdf\" class=\"file-button\" download><span class=\"dashicon dashicons dashicons-download\"><\/span><\/a><a class=\"file-link\" href=\"https:\/\/bandyforbundet.no\/innebandy\/wp-content\/uploads\/sites\/3\/2022\/05\/saksdokumenter_2006.pdf\">\u00c5rsberetning sesongen 2005-2006 og Saksdokumenter \u00e5rsm\u00f8tet 2006<\/a><\/div>\n\n\n\n<div class=\"msswb-file\"><a href=\"https:\/\/bandyforbundet.no\/innebandy\/wp-content\/uploads\/sites\/3\/2022\/05\/saksdokumenter_2005.pdf\" class=\"file-button\" download><span class=\"dashicon dashicons dashicons-download\"><\/span><\/a><a class=\"file-link\" href=\"https:\/\/bandyforbundet.no\/innebandy\/wp-content\/uploads\/sites\/3\/2022\/05\/saksdokumenter_2005.pdf\">\u00c5rsberetning sesongen 2004-2005 og Saksdokumenter \u00e5rsm\u00f8tet 2005<\/a><\/div>\n\n\n\n<div class=\"msswb-file\"><a href=\"https:\/\/bandyforbundet.no\/innebandy\/wp-content\/uploads\/sites\/3\/2022\/06\/saksdokumenter_2004.pdf\" class=\"file-button\" download><span class=\"dashicon dashicons dashicons-download\"><\/span><\/a><a class=\"file-link\" href=\"https:\/\/bandyforbundet.no\/innebandy\/wp-content\/uploads\/sites\/3\/2022\/06\/saksdokumenter_2004.pdf\">\u00c5rsberetning sesongen 2003-2004 og Saksdokumenter \u00e5rsm\u00f8tet 2004<\/a><\/div>\n\n\n\n<div class=\"msswb-file\"><a href=\"https:\/\/bandyforbundet.no\/innebandy\/wp-content\/uploads\/sites\/3\/2022\/06\/saksdokumenter_2003.pdf\" class=\"file-button\" download><span class=\"dashicon dashicons dashicons-download\"><\/span><\/a><a class=\"file-link\" href=\"https:\/\/bandyforbundet.no\/innebandy\/wp-content\/uploads\/sites\/3\/2022\/06\/saksdokumenter_2003.pdf\">\u00c5rsberetning sesongen 2002-2003 og Saksdokumenter \u00e5rsm\u00f8tet 2003<\/a><\/div>\n\n\n\n<div class=\"msswb-file\"><a href=\"https:\/\/bandyforbundet.no\/innebandy\/wp-content\/uploads\/sites\/3\/2022\/06\/saksdokumenter_2002.pdf\" class=\"file-button\" download><span class=\"dashicon dashicons dashicons-download\"><\/span><\/a><a class=\"file-link\" href=\"https:\/\/bandyforbundet.no\/innebandy\/wp-content\/uploads\/sites\/3\/2022\/06\/saksdokumenter_2002.pdf\">\u00c5rsberetning sesongen 2001-2002 og Saksdokumenter \u00e5rsm\u00f8tet 2002<\/a><\/div>\n\n\n\n<div class=\"msswb-file\"><a href=\"https:\/\/bandyforbundet.no\/innebandy\/wp-content\/uploads\/sites\/3\/2022\/06\/saksdokumenter_2001.pdf\" class=\"file-button\" download><span class=\"dashicon dashicons dashicons-download\"><\/span><\/a><a class=\"file-link\" href=\"https:\/\/bandyforbundet.no\/innebandy\/wp-content\/uploads\/sites\/3\/2022\/06\/saksdokumenter_2001.pdf\">\u00c5rsberetning sesongen 2000-2001 og Saksdokumenter \u00e5rsm\u00f8tet 2001<\/a><\/div>\n\n\n\n<div class=\"msswb-file\"><a href=\"https:\/\/bandyforbundet.no\/innebandy\/wp-content\/uploads\/sites\/3\/2022\/06\/saksdokumenter_2000.pdf\" class=\"file-button\" download><span class=\"dashicon dashicons dashicons-download\"><\/span><\/a><a class=\"file-link\" href=\"https:\/\/bandyforbundet.no\/innebandy\/wp-content\/uploads\/sites\/3\/2022\/06\/saksdokumenter_2000.pdf\">\u00c5rsberetning sesongen 1999-2000 og Saksdokumenter \u00e5rsm\u00f8tet 2000<\/a><\/div>\n\n\n\n<div class=\"msswb-file\"><a href=\"https:\/\/bandyforbundet.no\/innebandy\/wp-content\/uploads\/sites\/3\/2022\/06\/saksdokumenter_1999.pdf\" class=\"file-button\" download><span class=\"dashicon dashicons dashicons-download\"><\/span><\/a><a class=\"file-link\" href=\"https:\/\/bandyforbundet.no\/innebandy\/wp-content\/uploads\/sites\/3\/2022\/06\/saksdokumenter_1999.pdf\">\u00c5rsberetning sesongen 1998-1999 og Saksdokumenter \u00e5rsm\u00f8tet 1999<\/a><\/div>\n\n\n\n<div class=\"msswb-file\"><a href=\"https:\/\/bandyforbundet.no\/innebandy\/wp-content\/uploads\/sites\/3\/2022\/06\/saksdokumenter_1998.pdf\" class=\"file-button\" download><span class=\"dashicon dashicons dashicons-download\"><\/span><\/a><a class=\"file-link\" href=\"https:\/\/bandyforbundet.no\/innebandy\/wp-content\/uploads\/sites\/3\/2022\/06\/saksdokumenter_1998.pdf\">\u00c5rsberetning sesongen 1997-1998 og Saksdokumenter \u00e5rsm\u00f8tet 1998<\/a><\/div>\n\n\n\n<div class=\"msswb-file\"><a href=\"https:\/\/bandyforbundet.no\/innebandy\/wp-content\/uploads\/sites\/3\/2022\/06\/saksdokumenter_1997.pdf\" class=\"file-button\" download><span class=\"dashicon dashicons dashicons-download\"><\/span><\/a><a class=\"file-link\" href=\"https:\/\/bandyforbundet.no\/innebandy\/wp-content\/uploads\/sites\/3\/2022\/06\/saksdokumenter_1997.pdf\">\u00c5rsberetning sesongen 1996-1997 og Saksdokumenter \u00e5rsm\u00f8tet 1997<\/a><\/div>\n\n\n\n<div class=\"msswb-file\"><a href=\"https:\/\/bandyforbundet.no\/innebandy\/wp-content\/uploads\/sites\/3\/2022\/06\/saksdokumenter_1996.pdf\" class=\"file-button\" download><span class=\"dashicon dashicons dashicons-download\"><\/span><\/a><a class=\"file-link\" href=\"https:\/\/bandyforbundet.no\/innebandy\/wp-content\/uploads\/sites\/3\/2022\/06\/saksdokumenter_1996.pdf\">\u00c5rsberetning sesongen 1995-1996 og Saksdokumenter \u00e5rsm\u00f8tet 1996<\/a><\/div>\n\n\n\n<div class=\"msswb-file\"><a href=\"https:\/\/bandyforbundet.no\/innebandy\/wp-content\/uploads\/sites\/3\/2022\/06\/saksdokumenter_1995.pdf\" class=\"file-button\" download><span class=\"dashicon dashicons dashicons-download\"><\/span><\/a><a class=\"file-link\" href=\"https:\/\/bandyforbundet.no\/innebandy\/wp-content\/uploads\/sites\/3\/2022\/06\/saksdokumenter_1995.pdf\">\u00c5rsberetning sesongen 1994-1995 og Saksdokumenter \u00e5rsm\u00f8tet 1995<\/a><\/div>\n\n\n\n<div class=\"msswb-file\"><a href=\"https:\/\/bandyforbundet.no\/innebandy\/wp-content\/uploads\/sites\/3\/2022\/06\/saksdokumenter_1994.pdf\" class=\"file-button\" download><span class=\"dashicon dashicons dashicons-download\"><\/span><\/a><a class=\"file-link\" href=\"https:\/\/bandyforbundet.no\/innebandy\/wp-content\/uploads\/sites\/3\/2022\/06\/saksdokumenter_1994.pdf\">\u00c5rsberetning sesongen 1993-1994 og Saksdokumenter \u00e5rsm\u00f8tet 1994<\/a><\/div>\n\n\n\n<div class=\"msswb-file\"><a href=\"https:\/\/bandyforbundet.no\/innebandy\/wp-content\/uploads\/sites\/3\/2022\/06\/saksdokumenter_1993.pdf\" class=\"file-button\" download><span class=\"dashicon dashicons dashicons-download\"><\/span><\/a><a class=\"file-link\" href=\"https:\/\/bandyforbundet.no\/innebandy\/wp-content\/uploads\/sites\/3\/2022\/06\/saksdokumenter_1993.pdf\">\u00c5rsberetning sesongen 1992-1993 og Saksdokumenter \u00e5rsm\u00f8tet 1993<\/a><\/div>\n\n\n\n<div class=\"msswb-file\"><a href=\"https:\/\/bandyforbundet.no\/innebandy\/wp-content\/uploads\/sites\/3\/2022\/06\/saksdokumenter_1992.pdf\" class=\"file-button\" download><span class=\"dashicon dashicons dashicons-download\"><\/span><\/a><a class=\"file-link\" href=\"https:\/\/bandyforbundet.no\/innebandy\/wp-content\/uploads\/sites\/3\/2022\/06\/saksdokumenter_1992.pdf\">\u00c5rsberetning sesongen 1991-1992 og Saksdokumenter til det f\u00f8rste ordin\u00e6re seksjons\u00e5rsm\u00f8te i 1992<\/a><\/div>\n\n\n\n<div class=\"msswb-file\"><a href=\"https:\/\/bandyforbundet.no\/innebandy\/wp-content\/uploads\/sites\/3\/2022\/06\/Saksdokumenter_1991_seksjonering.pdf\" class=\"file-button\" download><span class=\"dashicon dashicons dashicons-download\"><\/span><\/a><a class=\"file-link\" href=\"https:\/\/bandyforbundet.no\/innebandy\/wp-content\/uploads\/sites\/3\/2022\/06\/Saksdokumenter_1991_seksjonering.pdf\">Seksjonering &#8211; Saksgrunnlag til Forbundstinget 1991<\/a><\/div>\n\n\n\n<div class=\"msswb-file\"><a href=\"https:\/\/bandyforbundet.no\/innebandy\/wp-content\/uploads\/sites\/3\/2022\/06\/beretning_1991.pdf\" class=\"file-button\" download><span class=\"dashicon dashicons dashicons-download\"><\/span><\/a><a class=\"file-link\" href=\"https:\/\/bandyforbundet.no\/innebandy\/wp-content\/uploads\/sites\/3\/2022\/06\/beretning_1991.pdf\">\u00c5rsberetning sesongen 1990-1991 &#8211; Hentet fra NBFs \u00e5rsberetning til Forbundstinget i 1991<\/a><\/div>\n\n\n\n<div class=\"msswb-file\"><a href=\"https:\/\/bandyforbundet.no\/innebandy\/wp-content\/uploads\/sites\/3\/2022\/06\/beretning_1990.pdf\" class=\"file-button\" download><span class=\"dashicon dashicons dashicons-download\"><\/span><\/a><a class=\"file-link\" href=\"https:\/\/bandyforbundet.no\/innebandy\/wp-content\/uploads\/sites\/3\/2022\/06\/beretning_1990.pdf\">\u00c5rsberetning sesongen 1989-1990 &#8211; Hentet fra NBFs \u00e5rsberetning til Forbundstinget i 1990<\/a><\/div>\n\n\n\n<div class=\"msswb-file\"><a href=\"https:\/\/bandyforbundet.no\/innebandy\/wp-content\/uploads\/sites\/3\/2022\/06\/beretning_1989.pdf\" class=\"file-button\" download><span class=\"dashicon dashicons dashicons-download\"><\/span><\/a><a class=\"file-link\" href=\"https:\/\/bandyforbundet.no\/innebandy\/wp-content\/uploads\/sites\/3\/2022\/06\/beretning_1989.pdf\">\u00c5rsberetning sesongen 1988-1989 &#8211; Hentet fra NBFs \u00e5rsberetning til Forbundstinget i 1989<\/a><\/div>\n\n\n\n<p><\/p>\n","protected":false},"excerpt":{"rendered":"","protected":false},"author":16,"featured_media":0,"parent":3796,"menu_order":0,"comment_status":"closed","ping_status":"closed","template":"templates\/template-cover.php","meta":{"cover_meta":"{\"showBackgroundImage\":true,\"bgImage\":{\"image_id\":2541,\"blog_id\":3,\"term_id\":203,\"selected_size\":\"full\"},\"showOverlay\":true,\"overlayColor\":\"#0c3716\",\"overlayOpacity\":0.8,\"showIntro\":true,\"introColor\":\"white\",\"intro\":\"Innebandy\",\"title\":\"\u00c5rsberetninger\",\"titleColor\":\"white\",\"showOutro\":true,\"outroColor\":\"white\",\"outro\":\"med Saksdokumenter til \u00e5rsm\u00f8tene\"}","footnotes":""},"class_list":["post-11295","page","type-page","status-publish","hentry"],"_links":{"self":[{"href":"https:\/\/bandyforbundet.no\/innebandy\/index.php?rest_route=\/wp\/v2\/pages\/11295","targetHints":{"allow":["GET"]}}],"collection":[{"href":"https:\/\/bandyforbundet.no\/innebandy\/index.php?rest_route=\/wp\/v2\/pages"}],"about":[{"href":"https:\/\/bandyforbundet.no\/innebandy\/index.php?rest_route=\/wp\/v2\/types\/page"}],"author":[{"embeddable":true,"href":"https:\/\/bandyforbundet.no\/innebandy\/index.php?rest_route=\/wp\/v2\/users\/16"}],"replies":[{"embeddable":true,"href":"https:\/\/bandyforbundet.no\/innebandy\/index.php?rest_route=%2Fwp%2Fv2%2Fcomments&post=11295"}],"version-history":[{"count":31,"href":"https:\/\/bandyforbundet.no\/innebandy\/index.php?rest_route=\/wp\/v2\/pages\/11295\/revisions"}],"predecessor-version":[{"id":17978,"href":"https:\/\/bandyforbundet.no\/innebandy\/index.php?rest_route=\/wp\/v2\/pages\/11295\/revisions\/17978"}],"up":[{"embeddable":true,"href":"https:\/\/bandyforbundet.no\/innebandy\/index.php?rest_route=\/wp\/v2\/pages\/3796"}],"wp:attachment":[{"href":"https:\/\/bandyforbundet.no\/innebandy\/index.php?rest_route=%2Fwp%2Fv2%2Fmedia&parent=11295"}],"curies":[{"name":"wp","href":"https:\/\/api.w.org\/{rel}","templated":true}]}}