{"id":11960,"date":"2022-09-25T13:32:47","date_gmt":"2022-09-25T13:32:47","guid":{"rendered":"https:\/\/bandyforbundet.no\/innebandy\/?page_id=11960"},"modified":"2025-12-09T15:25:29","modified_gmt":"2025-12-09T15:25:29","slug":"mygame","status":"publish","type":"page","link":"https:\/\/bandyforbundet.no\/innebandy\/?page_id=11960","title":{"rendered":"Str\u00f8mming og TV"},"content":{"rendered":"\n<div class=\"wp-block-msswb-spacer msswb-spacer-container\" style=\"height:26px\"><div class=\"line\" style=\"height:13px\"><\/div><div class=\"line-center-divider\"><\/div><\/div>\n\n\n\n<h1 class=\"wp-block-heading\">Str\u00f8mming og TV<\/h1>\n\n\n\n<p class=\"has-large-font-size\"><strong>Norges Bandyforbund (NBF) har har inng\u00e5tt en langsiktig avtale med TV2 &amp; MyGame om produksjon og visning av innebandykamper. <\/strong><\/p>\n\n\n\n<p>TV2 &amp; MyGame har investert i moderne og kostnadseffektiv teknologi basert p\u00e5 fastmonterte kamera og automatisert produksjon, som muliggj\u00f8r str\u00f8mming av nye niv\u00e5er. Form\u00e5let er \u00e5 tilby trygg og regulert str\u00f8mming av idrettsarrangementer i tr\u00e5d med Norges Idrettsforbunds (NIF) nasjonale retningslinjer og gjeldende personvernlovgivning. TV2 vil i tillegg vise utvalgte kamper line\u00e6rt med flerkameraproduksjoner (blant annet NM-finaler for senior) og v\u00e6re med videre i utviklingen av norsk innebandy. TV2 er en av medeierne i MyGame.<\/p>\n\n\n\n<p>Str\u00f8mmingen skal kun gjelde turneringer\/ arrangementer som er godkjent av NBFs forbundsstyre. NBF har gjennomf\u00f8rt omfattende juridiske vurderinger for \u00e5 sikre at str\u00f8mming skjer i samsvar med EUs personvernforordning (GDPR), herunder Interesseavveining og DPIA m\/ROS-analyse for de ulike niv\u00e5ene.<\/p>\n\n\n\n<p>Str\u00f8mming tjener flere viktige form\u00e5l:\u200b<br>> Bidrar til \u00e5 synliggj\u00f8re innebandy\u200b<br>> Bidrar til \u00e5 spre interessen, inspirere og rekruttere nye ut\u00f8vere\u200b<br>> St\u00f8tter talentutvikling gjennom analyse\u200b<br>> Styrker lokalsamfunn og engasjementet rundt idretten\u200b<br>> Muliggj\u00f8r oppf\u00f8lging fra foresatte som av geografiske eller andre \u00e5rsaker ikke kan v\u00e6re tilstede\u200b<\/p>\n\n\n\n<p>All str\u00f8mming styres fra idrettens egne systemer. Det er etablert en omfattende reservasjonsordning som gir b\u00e5de lag og individuelle ut\u00f8vere mulighet til \u00e5 reservere seg anonymt gjennom NIFs \u00abMinIdrett\u00bb. Foreligger det en reservasjon, vil en kamp automatisk ikke kunne str\u00f8mmes.\u200b<\/p>\n\n\n\n<p>Behandlingsansvaret etter GDPR ligger hos Norges Idrettsforbund (NIF), Norges Bandyforbund (NBF), den tekniske leverand\u00f8ren (MyGame Norge) og medierettighetshaverne.\u200b<\/p>\n\n\n\n<p>Arenaeier har ingen rolle i selve behandlingen av personopplysninger, verken som behandlingsansvarlig eller som databehandler. Dette er dokumentert og st\u00f8ttes av juridiske vurderinger fra blant annet Advokatfirmaet Thommessen. Arenaeiers rolle begrenser seg til \u00e5 godkjenne installasjon av teknisk utstyr p\u00e5 eget anlegg.\u200b<\/p>\n\n\n\n<p>Det foreg\u00e5r i dag dessverre fortsatt uregulert str\u00f8mming og filming i stort omfang via sosiale medier og apper, ofte uten personvern eller sikkerhet. Dette medf\u00f8rer risiko for:\u200b<br>> U\u00f8nsket eksponering av mindre\u00e5rige\u200b<br>> Manglende sletting eller tilgangskontroll\u200b<br>> Brudd p\u00e5 personvernregelverket\u200b<\/p>\n\n\n\n<p>Det er derfor viktig \u00e5 sette seg inn i hva som er lov, og hva som ikke er lov i forhold til filming til privat bruk og publisering.<\/p>\n\n\n\n<p>Uregulert filming og publisering av kamper eller klipp er ikke tillatt. Dette gjelder b\u00e5de av hensyn til medierettighetene, som ligger hos NBF og v\u00e5re rettighetspartnere, og av hensyn til personvernet til ut\u00f8vere, dommere og andre som er synlige i opptakene. \u00c5 dele opptak i \u00e5pne kanaler som sosiale medier, for eksempel YouTube, TikTok, Facebook eller lignende, kan inneb\u00e6re brudd p\u00e5 opphavsrett, manglende samtykke, ulovlig behandling av personopplysninger og risiko for utilsiktet eksponering av mindre\u00e5rige.<\/p>\n\n\n\n<p>For \u00e5 ivareta sikkerhet, rettigheter og personvern er det derfor kun den regulerte str\u00f8mmeordningen som skal benyttes. Her h\u00e5ndteres reservasjoner automatisk, innhold lagres forsvarlig og str\u00f8mmingen skjer i henhold til GDPR-krav, og i tr\u00e5d med NIF og forbundets retningslinjer.<\/p>\n\n\n\n<div class=\"wp-block-msswb-spacer msswb-spacer-container show-line\" style=\"height:4px\"><div class=\"line\" style=\"border-bottom-width:1px;border-bottom-color:#000000;height:2px\"><\/div><div class=\"line-center-divider\"><\/div><\/div>\n\n\n\n<h6 class=\"wp-block-heading\">Annen viktig informasjon:<\/h6>\n\n\n\n<div class=\"wp-block-msswb-panel msswb-panel-container\"><div class=\"mwwsb-panel-header\"><div class=\"mwwsb-panel-title\">Personvern<\/div><div class=\"mwwsb-panel-icon\"><span class=\"dashicon dashicons dashicons-arrow-down-alt2\"><\/span><\/div><\/div><div class=\"msswb-panel-content\">\n<p>&#8211; Personvern i idretten (NIF) <a href=\"https:\/\/www.idrettsforbundet.no\/om-nif\/personvern-i-idretten\/\">https:\/\/www.idrettsforbundet.no\/om-nif\/personvern-i-idretten\/<\/a><\/p>\n\n\n\n<p>&#8211; MyGames personvernrutiner: &nbsp;<a href=\"https:\/\/mygame.no\/personvern-og-sikkerhet\/\">https:\/\/mygame.no\/personvern-og-sikkerhet\/<\/a><\/p>\n<\/div><\/div>\n\n\n\n<div class=\"wp-block-msswb-panel msswb-panel-container\"><div class=\"mwwsb-panel-header\"><div class=\"mwwsb-panel-title\">Hva er lov \u00e5 str\u00f8mme?<\/div><div class=\"mwwsb-panel-icon\"><span class=\"dashicon dashicons dashicons-arrow-down-alt2\"><\/span><\/div><\/div><div class=\"msswb-panel-content\">\n<p><strong>Forbundsstyret i NBF har, med grunnlag i <a href=\"https:\/\/www.idrettsforbundet.no\/contentassets\/1c7f912ba06a4ce2ba09e528e94842c7\/strommeutvalg-rapport---ferdig-10.11-lr.pdf\">str\u00f8mmeutvalgets rapport <\/a>og <a href=\"https:\/\/www.idrettsforbundet.no\/nyheter\/2023\/idrettsstyret-vedtok-nye-retningslinjer-for-stromming-av-idretten\/\">Idrettsstyrets vedtak om str\u00f8mming<\/a>, vedtatt (<a href=\"https:\/\/bandyforbundet.no\/forbundet\/wp-content\/uploads\/sites\/2\/2024\/02\/SM-10-22_24-1.pdf\">sak 10.4, 22\/24<\/a>) hvilke niv\u00e5er som n\u00e5 er tillatt \u00e5 str\u00f8mme i norsk innebandy, og f\u00f8lgende retningslinjer gjelder for all innebandyaktivitet i Norges Bandyforbund:<\/strong><\/p>\n\n\n\n<p class=\"has-small-font-size\"><strong>A:<\/strong> Det \u00e5pnes for str\u00f8mming av samtlige kamper i alle eliteklasser for voksne ut\u00f8vere (elite kvinner og menn i innebandy). Alle kamper i eliteklassene (serie og NM) betraktes \u00e5 v\u00e6re av allmenn interesse, og det vil derfor ikke v\u00e6re mulig \u00e5 reservere seg mot at disse kampene str\u00f8mmes.<\/p>\n\n\n\n<p class=\"has-small-font-size\"><br><strong>B:<\/strong> Det \u00e5pnes for str\u00f8mming av samtlige kamper i alle andre klasser for voksne ut\u00f8vere. Str\u00f8mming fra disse kampene forutsetter at ingen ut\u00f8vere, lagledere, dommere eller lag i en kamp har reservert seg mot str\u00f8mming i Min Idrett (MI) eller TurneringsAdmin (TA). Det er ogs\u00e5 et krav om at det benyttes en av forbundets Live-l\u00f8sninger, knyttet opp mot TA og MI, som kan plukke opp disse reservasjonene automatisk og forhindre str\u00f8mming.<\/p>\n\n\n\n<p class=\"has-small-font-size\"><br><strong>C:<\/strong> Det \u00e5pnes for str\u00f8mming av NM-finale i el-innebandy og NM-finaler for aldersbestemte klasser i innebandy. NM-finaler betraktes \u00e5 v\u00e6re av allmenn interesse, og det vil derfor ikke v\u00e6re mulig \u00e5 reservere seg mot at disse finalene str\u00f8mmes.<\/p>\n\n\n\n<p class=\"has-small-font-size\"><br><strong>D: <\/strong>Det tillates forel\u00f8pig ikke str\u00f8mming fra annen aldersbestemt virksomhet, inntil det p\u00e5 tvers av lagidrettsforbundene er oppn\u00e5dd felles enighet om hva som skal omfattes av idrettsstyrets vedtak i punkt 2, punkt 3 og punkt 4.<\/p>\n\n\n\n<p class=\"has-small-font-size\"><br><strong>E:<\/strong> All landslagsaktivitet p\u00e5 alle niv\u00e5er betraktes \u00e5 v\u00e6re av allmenn interesse, og det vil derfor ikke v\u00e6re mulig \u00e5 reservere seg mot at slik aktivitet str\u00f8mmes.<\/p>\n\n\n\n<p><em>Det er ogs\u00e5 fortsatt slik at den enkelte kommune, som halleier, kan vedta at det ikke skal str\u00f8mmes kamper i de hallene de eier.<\/em><\/p>\n<\/div><\/div>\n\n\n\n<div class=\"wp-block-msswb-panel msswb-panel-container\"><div class=\"mwwsb-panel-header\"><div class=\"mwwsb-panel-title\">Pilotprosjekt | GJ18-23<\/div><div class=\"mwwsb-panel-icon\"><span class=\"dashicon dashicons dashicons-arrow-down-alt2\"><\/span><\/div><\/div><div class=\"msswb-panel-content\">\n<p>Norges Bandyforbund har satt i gang et pilotprosjekt for str\u00f8mming av innebandykamper i ungdomsidretten. M\u00e5let er \u00e5 skaffe mer kunnskap om hvordan str\u00f8mming kan brukes p\u00e5 en trygg og ansvarlig m\u00e5te \u2013 til glede for b\u00e5de spillere, foresatte og publikum.<\/p>\n\n\n\n<div class=\"msswb-file\"><a href=\"https:\/\/bandyforbundet.no\/innebandy\/wp-content\/uploads\/sites\/3\/2025\/10\/Informasjonsbrev-til-foresatte-vedrorende-stromming.pdf\" class=\"file-button\" download><span class=\"dashicon dashicons dashicons-download\"><\/span><\/a><a class=\"file-link\" href=\"https:\/\/bandyforbundet.no\/innebandy\/wp-content\/uploads\/sites\/3\/2025\/10\/Informasjonsbrev-til-foresatte-vedrorende-stromming.pdf\">Informasjonsbrev til foresatte vedr\u00f8rende str\u00f8mming<\/a><\/div>\n\n\n\n<div class=\"msswb-file\"><a href=\"https:\/\/bandyforbundet.no\/innebandy\/wp-content\/uploads\/sites\/3\/2025\/10\/Informasjonsbrev-til-ungdom-vedrorende-stromming.pdf\" class=\"file-button\" download><span class=\"dashicon dashicons dashicons-download\"><\/span><\/a><a class=\"file-link\" href=\"https:\/\/bandyforbundet.no\/innebandy\/wp-content\/uploads\/sites\/3\/2025\/10\/Informasjonsbrev-til-ungdom-vedrorende-stromming.pdf\">Informasjonsbrev til ungdom vedr\u00f8rende str\u00f8mming<\/a><\/div>\n<\/div><\/div>\n\n\n\n<div class=\"wp-block-msswb-panel msswb-panel-container\"><div class=\"mwwsb-panel-header\"><div class=\"mwwsb-panel-title\">Reservasjon mot filming<\/div><div class=\"mwwsb-panel-icon\"><span class=\"dashicon dashicons dashicons-arrow-down-alt2\"><\/span><\/div><\/div><div class=\"msswb-panel-content\">\n<p>Sammen med Norges Idrettsforbund og Norges Bandyforbund har MyGame lagt til rette for at reservasjon mot str\u00f8mming h\u00e5ndteres i <a href=\"https:\/\/minidrett.nif.no\/\">Min Idrett<\/a>. <br>Om enkeltpersoner \u00f8nsker \u00e5 reservere seg mot \u00e5 bli filmet, kan man logge seg inn i Min Idrett og g\u00e5 til: &laquo;Personvern og innstillinger&raquo; &gt; &laquo;Samtykker og reservasjoner&raquo; &gt; &laquo;Filming, str\u00f8mming, bilder&raquo;.<\/p>\n\n\n\n<p>Om et lag i sin helhet \u00f8nsker \u00e5 reservere seg, er det lagt til rette for at lagleder kan gj\u00f8re dette direkte i Turneringsadmin (TA).<\/p>\n\n\n\n<p><strong>NB! En reservasjon m\u00e5 gj\u00f8res minst en time f\u00f8r kampstart.<\/strong> <br>(Dette for \u00e5 sikre at InnebandyLive har informasjon om reservasjonen. InnebandyLive f\u00e5r denne informasjonen (skjult for brukere) n\u00e5r en kamp eksporteres fra TurneringsAdmin, som ofte gj\u00f8res inntil en time f\u00f8r kampstart.)<\/p>\n<\/div><\/div>\n\n\n\n<div class=\"wp-block-msswb-panel msswb-panel-container\"><div class=\"mwwsb-panel-header\"><div class=\"mwwsb-panel-title\">Personer p\u00e5 hemmelig adresse<\/div><div class=\"mwwsb-panel-icon\"><span class=\"dashicon dashicons dashicons-arrow-down-alt2\"><\/span><\/div><\/div><div class=\"msswb-panel-content\">\n<p>Dersom en person involvert i en kamp bor p\u00e5 hemmelig adresse vil ikke kampen bli filmet, med mindre vedkommende selv manuelt skrur av reservasjonen i Min Idrett. Behandling av denne informasjonen skjer via Norges Idrettsforbund. MyGame f\u00e5r ingen opplysninger om hvem som har denne beskyttelsen.<\/p>\n<\/div><\/div>\n\n\n\n<div class=\"wp-block-msswb-panel msswb-panel-container\"><div class=\"mwwsb-panel-header\"><div class=\"mwwsb-panel-title\">Sletting av kamper som er filmet<\/div><div class=\"mwwsb-panel-icon\"><span class=\"dashicon dashicons dashicons-arrow-down-alt2\"><\/span><\/div><\/div><div class=\"msswb-panel-content\">\n<p>Kamper som har v\u00e6rt str\u00f8mmet vil v\u00e6re tilgjengelige for en begrenset periode p\u00e5 MyGames sluttbrukerplattform og apper, men slettes deretter senest etter 90 dager.<\/p>\n<\/div><\/div>\n\n\n\n<div class=\"wp-block-msswb-panel msswb-panel-container\"><div class=\"mwwsb-panel-header\"><div class=\"mwwsb-panel-title\">F\u00f8ring av InnebandyLive &#8211; U\u00f8nskede hendelser &#8211; STOPPKNAPP &#8211; VARSLING &#8211;<\/div><div class=\"mwwsb-panel-icon\"><span class=\"dashicon dashicons dashicons-arrow-down-alt2\"><\/span><\/div><\/div><div class=\"msswb-panel-content\"><div class=\"msswb-display-internal-post-frontend-app-v2\" data-url-encoded-attrs=\"%7B%22displayInternalPost%22%3A%7B%22blog_id%22%3A3%2C%22ID%22%3A12011%7D%7D\" data-dip-id=\"\" ><\/div><\/div><\/div>\n\n\n\n<div class=\"wp-block-msswb-panel msswb-panel-container\"><div class=\"mwwsb-panel-header\"><div class=\"mwwsb-panel-title\">HUSK \u00e5 avslutte periode n\u00e5r man f\u00f8rer InnebandyLive<\/div><div class=\"mwwsb-panel-icon\"><span class=\"dashicon dashicons dashicons-arrow-down-alt2\"><\/span><\/div><\/div><div class=\"msswb-panel-content\"><div class=\"msswb-display-internal-post-frontend-app-v2\" data-url-encoded-attrs=\"%7B%22displayInternalPost%22%3A%7B%22blog_id%22%3A3%2C%22ID%22%3A18392%7D%7D\" data-dip-id=\"JXV4a\" ><\/div><\/div><\/div>\n\n\n\n<div class=\"wp-block-msswb-panel msswb-panel-container\"><div class=\"mwwsb-panel-header\"><div class=\"mwwsb-panel-title\">Hvor kan man se hvilke kamper som str\u00f8mmes?<\/div><div class=\"mwwsb-panel-icon\"><span class=\"dashicon dashicons dashicons-arrow-down-alt2\"><\/span><\/div><\/div><div class=\"msswb-panel-content\">\n<p>Alle kamper som skal str\u00f8mmes eller som kan ses i reprise, vil v\u00e6re merket med &laquo;MyGame&raquo;-logo i <a href=\"https:\/\/bandyforbundet.no\/innebandy\/?page_id=15828\">innebandyens kampsenter<\/a>, med direktelink til der man kan se kampen.<\/p>\n\n\n\n<p>Liste over hvilke kamper som filmes finner man ogs\u00e5 her:<br><a href=\"https:\/\/mygame.no\/kampoversikt\/?q=innebandy\">https:\/\/mygame.no\/kampoversikt\/?q=innebandy<\/a><\/p>\n\n\n\n<p>Liste over haller som har installert kamera finnes her:<br><a href=\"https:\/\/mygame.no\/installerte-kameraer\/\">https:\/\/mygame.no\/installerte-kameraer\/<\/a><\/p>\n<\/div><\/div>\n\n\n\n<div class=\"wp-block-msswb-panel msswb-panel-container\"><div class=\"mwwsb-panel-header\"><div class=\"mwwsb-panel-title\">Analyseverkt\u00f8y for trenere<\/div><div class=\"mwwsb-panel-icon\"><span class=\"dashicon dashicons dashicons-arrow-down-alt2\"><\/span><\/div><\/div><div class=\"msswb-panel-content\">\n<p><a href=\"https:\/\/mygame.no\/analyseverktoy\/\">Les mer om MyGames analyseverkt\u00f8y her<\/a><\/p>\n<\/div><\/div>\n\n\n\n<div class=\"wp-block-msswb-panel msswb-panel-container\"><div class=\"mwwsb-panel-header\"><div class=\"mwwsb-panel-title\">Klubbst\u00f8tteordning<\/div><div class=\"mwwsb-panel-icon\"><span class=\"dashicon dashicons dashicons-arrow-down-alt2\"><\/span><\/div><\/div><div class=\"msswb-panel-content\">\n<p><a href=\"https:\/\/mygame.no\/klubbstoette\/\">Les mer om MyGames klubbst\u00f8tteordning her<\/a><\/p>\n<\/div><\/div>\n\n\n\n<div class=\"wp-block-msswb-panel msswb-panel-container\"><div class=\"mwwsb-panel-header\"><div class=\"mwwsb-panel-title\">Ofte stilte sp\u00f8rsm\u00e5l til MyGame<\/div><div class=\"mwwsb-panel-icon\"><span class=\"dashicon dashicons dashicons-arrow-down-alt2\"><\/span><\/div><\/div><div class=\"msswb-panel-content\">\n<p><a href=\"https:\/\/mygame.no\/sporsmal-og-svar\/\">Les mer her<\/a><\/p>\n<\/div><\/div>\n\n\n\n<div class=\"wp-block-msswb-spacer msswb-spacer-container show-line\" style=\"height:29px\"><div class=\"line\" style=\"border-bottom-width:1px;border-bottom-color:#2f0ce6;height:14px\"><\/div><div class=\"line-center-divider\"><\/div><\/div>\n\n\n\n<p class=\"has-text-align-center\"><strong>Siste om str\u00f8mming og TV:<\/strong><\/p>\n\n\n<div class=\"msswb-display-posts-frontend-app-v2\" data-url-encoded-attrs=\"%7B%22mode%22%3A%22grid%22%2C%22carouselHeight%22%3A500%2C%22carouselMax%22%3A10%2C%22startAnimation%22%3A%22start%22%2C%22design%22%3A%22msswbcard%22%2C%22hideExcerpt%22%3Afalse%2C%22filterDate%22%3A%22fromdate%22%2C%22dateObj%22%3A%7B%22fromDate%22%3A%222019-07-01%22%7D%2C%22scrollDirection%22%3A%22vertical%22%2C%22displayPostsFromCategories%22%3A%5B%7B%22blog_id%22%3A3%2C%22included%22%3A%5B264%5D%2C%22excluded%22%3A%5B%5D%7D%5D%2C%22displayPostsFromSharedCategories%22%3A%5B%7B%22blog_id%22%3A2%2C%22included%22%3A%5B167%5D%2C%22excluded%22%3A%5B%5D%7D%5D%2C%22maxCols%22%3A3%7D\" ><\/div>","protected":false},"excerpt":{"rendered":"<p>Str\u00f8mming og TV Norges Bandyforbund (NBF) har har inng\u00e5tt en langsiktig avtale med TV2 &amp; MyGame om produksjon og visning av innebandykamper. TV2 &amp; MyGame har investert i moderne og kostnadseffektiv teknologi basert p\u00e5 fastmonterte kamera og automatisert produksjon, som muliggj\u00f8r str\u00f8mming av nye niv\u00e5er. Form\u00e5let er \u00e5 tilby trygg og regulert str\u00f8mming av idrettsarrangementer [&hellip;]<\/p>\n","protected":false},"author":66,"featured_media":0,"parent":3795,"menu_order":0,"comment_status":"closed","ping_status":"closed","template":"","meta":{"cover_meta":"{\"showBackgroundImage\":true,\"bgImage\":{\"image_id\":12073,\"blog_id\":3,\"term_id\":-1,\"selected_size\":\"full\"},\"showOverlay\":false,\"overlayColor\":\"#4f1616\",\"overlayOpacity\":0.8,\"showIntro\":false,\"introColor\":\"white\",\"intro\":\"\",\"title\":\"MyGame\",\"titleColor\":\"white\",\"showOutro\":false,\"outroColor\":\"white\",\"outro\":\"Innebandy\"}","footnotes":""},"class_list":["post-11960","page","type-page","status-publish","hentry"],"_links":{"self":[{"href":"https:\/\/bandyforbundet.no\/innebandy\/index.php?rest_route=\/wp\/v2\/pages\/11960","targetHints":{"allow":["GET"]}}],"collection":[{"href":"https:\/\/bandyforbundet.no\/innebandy\/index.php?rest_route=\/wp\/v2\/pages"}],"about":[{"href":"https:\/\/bandyforbundet.no\/innebandy\/index.php?rest_route=\/wp\/v2\/types\/page"}],"author":[{"embeddable":true,"href":"https:\/\/bandyforbundet.no\/innebandy\/index.php?rest_route=\/wp\/v2\/users\/66"}],"replies":[{"embeddable":true,"href":"https:\/\/bandyforbundet.no\/innebandy\/index.php?rest_route=%2Fwp%2Fv2%2Fcomments&post=11960"}],"version-history":[{"count":142,"href":"https:\/\/bandyforbundet.no\/innebandy\/index.php?rest_route=\/wp\/v2\/pages\/11960\/revisions"}],"predecessor-version":[{"id":21187,"href":"https:\/\/bandyforbundet.no\/innebandy\/index.php?rest_route=\/wp\/v2\/pages\/11960\/revisions\/21187"}],"up":[{"embeddable":true,"href":"https:\/\/bandyforbundet.no\/innebandy\/index.php?rest_route=\/wp\/v2\/pages\/3795"}],"wp:attachment":[{"href":"https:\/\/bandyforbundet.no\/innebandy\/index.php?rest_route=%2Fwp%2Fv2%2Fmedia&parent=11960"}],"curies":[{"name":"wp","href":"https:\/\/api.w.org\/{rel}","templated":true}]}}