{"id":13424,"date":"2023-03-02T08:58:23","date_gmt":"2023-03-02T08:58:23","guid":{"rendered":"https:\/\/bandyforbundet.no\/innebandy\/?page_id=13424"},"modified":"2023-03-23T08:16:42","modified_gmt":"2023-03-23T08:16:42","slug":"nm-finaler-aldersbestemt-2023","status":"publish","type":"page","link":"https:\/\/bandyforbundet.no\/innebandy\/?page_id=13424","title":{"rendered":"NM-finaler aldersbestemt 2023"},"content":{"rendered":"\n<div class=\"wp-block-msswb-spacer msswb-spacer-container\" style=\"height:6px\"><div class=\"line\" style=\"height:3px\"><\/div><div class=\"line-center-divider\"><\/div><\/div>\n\n\n\n<h1 class=\"wp-block-heading\">L\u00f8rdag 25. mars &#8211; Sarpsborghallen<\/h1>\n\n\n\n<div class=\"wp-block-msswb-panel msswb-panel-container\"><div class=\"mwwsb-panel-header\"><div class=\"mwwsb-panel-title\">G15 &#8211; kl. 1200 &#8211; Nittedal \u2013 Sveiva<\/div><div class=\"mwwsb-panel-icon\"><span class=\"dashicon dashicons dashicons-arrow-down-alt2\"><\/span><\/div><\/div><div class=\"msswb-panel-content\"><div class=\"msswb-link-box-grid-frontend-app-v2\" data-url-encoded-attrs=\"%7B%22maxCols%22%3A5%2C%22showTitle%22%3Atrue%2C%22titleColor%22%3A%22%23ffffff%22%2C%22useColorBackground%22%3Atrue%2C%22bgColor%22%3A%22%234c61ad%22%2C%22overlayColor%22%3A%7B%22r%22%3A69%2C%22g%22%3A126%2C%22b%22%3A191%2C%22a%22%3A0.1%7D%2C%22linkBoxes%22%3A%5B%7B%22link_type%22%3A%22url%22%2C%22blog_id%22%3Afalse%2C%22ID%22%3Afalse%2C%22link%22%3A%22https%3A%2F%2Fwp.nif.no%2FPageMatchWithResult.aspx%3FLinkId%3D7740397%22%2C%22image%22%3Afalse%2C%22featuredImage%22%3Afalse%2C%22from_shared%22%3Atrue%2C%22showAltTitle%22%3Atrue%2C%22altTitle%22%3A%22FINALE%20G15%20Live%22%7D%2C%7B%22link_type%22%3A%22url%22%2C%22blog_id%22%3Afalse%2C%22ID%22%3Afalse%2C%22link%22%3A%22https%3A%2F%2Fwp.nif.no%2FPageTournamentsAvansert.aspx%3FtournamentName%3DNM%25202023%2520G15%26sfid%3D352%26activityId%3D72%26seasonId%3D200979%26showColumns%3D1%26hideFields%3D2%2C3%2C4%2C5%2C6%2C7%2C8%2C1%26design%3D15%26showSearchPane%3Dfalse%26showGenerateUrl%3Dfalse%26showInfoPane%3Dfalse%26showPager%3Dfalse%26showToggleSearch%3Dfalse%26showPrintButton%3Dfalse%26autoSearch%3Dtrue%26fontSize%3D4%22%2C%22image%22%3Afalse%2C%22featuredImage%22%3Afalse%2C%22from_shared%22%3Atrue%2C%22showAltTitle%22%3Atrue%2C%22altTitle%22%3A%22Resultater%20NM%20G15%22%7D%2C%7B%22link_type%22%3A%22url%22%2C%22blog_id%22%3Afalse%2C%22ID%22%3Afalse%2C%22link%22%3A%22https%3A%2F%2Fwp.nif.no%2FFloorballPlayerStatistics%2FIndex%3FtournamentId%3D417363%2C417364%2C417365%2C417366%2C417367%22%2C%22image%22%3Afalse%2C%22featuredImage%22%3Afalse%2C%22from_shared%22%3Atrue%2C%22showAltTitle%22%3Atrue%2C%22altTitle%22%3A%22Spiller-%20statistikk%22%7D%2C%7B%22link_type%22%3A%22url%22%2C%22blog_id%22%3Afalse%2C%22ID%22%3Afalse%2C%22link%22%3A%22https%3A%2F%2Fwp.nif.no%2FFloorballGoalkeeperStatistics%3FtournamentId%3D417363%2C417364%2C417365%2C417366%2C417367%22%2C%22image%22%3Afalse%2C%22featuredImage%22%3Afalse%2C%22from_shared%22%3Atrue%2C%22showAltTitle%22%3Atrue%2C%22altTitle%22%3A%22M%C3%A5lvakt-%20statistikk%22%7D%2C%7B%22link_type%22%3A%22url%22%2C%22blog_id%22%3Afalse%2C%22ID%22%3Afalse%2C%22link%22%3A%22https%3A%2F%2Fwp.nif.no%2FFloorballTeamStatistics%3FtournamentId%3D417363%2C417364%2C417365%2C417366%2C417367%22%2C%22image%22%3Afalse%2C%22featuredImage%22%3Afalse%2C%22from_shared%22%3Atrue%2C%22showAltTitle%22%3Atrue%2C%22altTitle%22%3A%22Lag-%20statistikk%22%7D%5D%7D\" ><\/div><\/div><\/div>\n\n\n\n<div class=\"wp-block-msswb-panel msswb-panel-container\"><div class=\"mwwsb-panel-header\"><div class=\"mwwsb-panel-title\">J17 &#8211; kl. 1530 &#8211; Tunet \u2013 Sveiva<\/div><div class=\"mwwsb-panel-icon\"><span class=\"dashicon dashicons dashicons-arrow-down-alt2\"><\/span><\/div><\/div><div class=\"msswb-panel-content\"><div class=\"msswb-link-box-grid-frontend-app-v2\" data-url-encoded-attrs=\"%7B%22maxCols%22%3A5%2C%22showTitle%22%3Atrue%2C%22titleColor%22%3A%22%23ffffff%22%2C%22useColorBackground%22%3Atrue%2C%22bgColor%22%3A%22%234c61ad%22%2C%22overlayColor%22%3A%7B%22r%22%3A69%2C%22g%22%3A126%2C%22b%22%3A191%2C%22a%22%3A0.1%7D%2C%22linkBoxes%22%3A%5B%7B%22link_type%22%3A%22url%22%2C%22blog_id%22%3Afalse%2C%22ID%22%3Afalse%2C%22link%22%3A%22https%3A%2F%2Fwp.nif.no%2FPageMatchWithResult.aspx%3FLinkId%3D7738447%22%2C%22image%22%3Afalse%2C%22featuredImage%22%3Afalse%2C%22from_shared%22%3Atrue%2C%22showAltTitle%22%3Atrue%2C%22altTitle%22%3A%22FINALE%20J17%20Live%22%7D%2C%7B%22link_type%22%3A%22url%22%2C%22blog_id%22%3Afalse%2C%22ID%22%3Afalse%2C%22link%22%3A%22https%3A%2F%2Fwp.nif.no%2FPageTournamentsAvansert.aspx%3FtournamentName%3DNM%25202023%2520J17%26sfid%3D352%26activityId%3D72%26seasonId%3D200979%26showColumns%3D1%26hideFields%3D2%2C3%2C4%2C5%2C6%2C7%2C8%2C1%26design%3D15%26showSearchPane%3Dfalse%26showGenerateUrl%3Dfalse%26showInfoPane%3Dfalse%26showPager%3Dfalse%26showToggleSearch%3Dfalse%26showPrintButton%3Dfalse%26autoSearch%3Dtrue%26fontSize%3D4%22%2C%22image%22%3Afalse%2C%22featuredImage%22%3Afalse%2C%22from_shared%22%3Atrue%2C%22showAltTitle%22%3Atrue%2C%22altTitle%22%3A%22Resultater%20NM%20J17%22%7D%2C%7B%22link_type%22%3A%22url%22%2C%22blog_id%22%3Afalse%2C%22ID%22%3Afalse%2C%22link%22%3A%22https%3A%2F%2Fwp.nif.no%2FFloorballPlayerStatistics%2FIndex%3FtournamentId%3D417152%2C417153%22%2C%22image%22%3Afalse%2C%22featuredImage%22%3Afalse%2C%22from_shared%22%3Atrue%2C%22showAltTitle%22%3Atrue%2C%22altTitle%22%3A%22Spiller-%20statistikk%22%7D%2C%7B%22link_type%22%3A%22url%22%2C%22blog_id%22%3Afalse%2C%22ID%22%3Afalse%2C%22link%22%3A%22https%3A%2F%2Fwp.nif.no%2FFloorballGoalkeeperStatistics%3FtournamentId%3D417152%2C417153%22%2C%22image%22%3Afalse%2C%22featuredImage%22%3Afalse%2C%22from_shared%22%3Atrue%2C%22showAltTitle%22%3Atrue%2C%22altTitle%22%3A%22M%C3%A5lvakt-%20statistikk%22%7D%2C%7B%22link_type%22%3A%22url%22%2C%22blog_id%22%3Afalse%2C%22ID%22%3Afalse%2C%22link%22%3A%22https%3A%2F%2Fwp.nif.no%2FFloorballTeamStatistics%3FtournamentId%3D417152%2C417153%22%2C%22image%22%3Afalse%2C%22featuredImage%22%3Afalse%2C%22from_shared%22%3Atrue%2C%22showAltTitle%22%3Atrue%2C%22altTitle%22%3A%22Lag-%20statistikk%22%7D%5D%7D\" ><\/div><\/div><\/div>\n\n\n\n<div class=\"wp-block-msswb-panel msswb-panel-container\"><div class=\"mwwsb-panel-header\"><div class=\"mwwsb-panel-title\">G19 &#8211; kl. 1830 &#8211; Tunet \u2013 Slevik<\/div><div class=\"mwwsb-panel-icon\"><span class=\"dashicon dashicons dashicons-arrow-down-alt2\"><\/span><\/div><\/div><div class=\"msswb-panel-content\"><div class=\"msswb-link-box-grid-frontend-app-v2\" data-url-encoded-attrs=\"%7B%22maxCols%22%3A5%2C%22showTitle%22%3Atrue%2C%22titleColor%22%3A%22%23ffffff%22%2C%22useColorBackground%22%3Atrue%2C%22bgColor%22%3A%22%234c61ad%22%2C%22overlayColor%22%3A%7B%22r%22%3A69%2C%22g%22%3A126%2C%22b%22%3A191%2C%22a%22%3A0.1%7D%2C%22linkBoxes%22%3A%5B%7B%22link_type%22%3A%22url%22%2C%22blog_id%22%3Afalse%2C%22ID%22%3Afalse%2C%22link%22%3A%22https%3A%2F%2Fwp.nif.no%2FPageMatchWithResult.aspx%3FLinkId%3D7740172%22%2C%22image%22%3Afalse%2C%22featuredImage%22%3Afalse%2C%22from_shared%22%3Atrue%2C%22showAltTitle%22%3Atrue%2C%22altTitle%22%3A%22FINALE%20G19%20Live%22%7D%2C%7B%22link_type%22%3A%22url%22%2C%22blog_id%22%3Afalse%2C%22ID%22%3Afalse%2C%22link%22%3A%22https%3A%2F%2Fwp.nif.no%2FPageTournamentsAvansert.aspx%3FtournamentName%3DNM%25202023%2520G19%26sfid%3D352%26activityId%3D72%26seasonId%3D200979%26showColumns%3D1%26hideFields%3D2%2C3%2C4%2C5%2C6%2C7%2C8%2C1%26design%3D15%26showSearchPane%3Dfalse%26showGenerateUrl%3Dfalse%26showInfoPane%3Dfalse%26showPager%3Dfalse%26showToggleSearch%3Dfalse%26showPrintButton%3Dfalse%26autoSearch%3Dtrue%26fontSize%3D4%22%2C%22image%22%3Afalse%2C%22featuredImage%22%3Afalse%2C%22from_shared%22%3Atrue%2C%22showAltTitle%22%3Atrue%2C%22altTitle%22%3A%22Resultater%20NM%20G19%22%7D%2C%7B%22link_type%22%3A%22url%22%2C%22blog_id%22%3Afalse%2C%22ID%22%3Afalse%2C%22link%22%3A%22https%3A%2F%2Fwp.nif.no%2FFloorballPlayerStatistics%2FIndex%3FtournamentId%3D417332%2C417337%2C417331%2C417329%2C417330%22%2C%22image%22%3Afalse%2C%22featuredImage%22%3Afalse%2C%22from_shared%22%3Atrue%2C%22showAltTitle%22%3Atrue%2C%22altTitle%22%3A%22Spiller-%20statistikk%22%7D%2C%7B%22link_type%22%3A%22url%22%2C%22blog_id%22%3Afalse%2C%22ID%22%3Afalse%2C%22link%22%3A%22https%3A%2F%2Fwp.nif.no%2FFloorballGoalkeeperStatistics%3FtournamentId%3D417332%2C417337%2C417331%2C417329%2C417330%22%2C%22image%22%3Afalse%2C%22featuredImage%22%3Afalse%2C%22from_shared%22%3Atrue%2C%22showAltTitle%22%3Atrue%2C%22altTitle%22%3A%22M%C3%A5lvakt-%20statistikk%22%7D%2C%7B%22link_type%22%3A%22url%22%2C%22blog_id%22%3Afalse%2C%22ID%22%3Afalse%2C%22link%22%3A%22https%3A%2F%2Fwp.nif.no%2FFloorballTeamStatistics%3FtournamentId%3D417332%2C417337%2C417331%2C417329%2C417330%22%2C%22image%22%3Afalse%2C%22featuredImage%22%3Afalse%2C%22from_shared%22%3Atrue%2C%22showAltTitle%22%3Atrue%2C%22altTitle%22%3A%22Lag-%20statistikk%22%7D%5D%7D\" ><\/div><\/div><\/div>\n\n\n\n<div class=\"wp-block-msswb-spacer msswb-spacer-container\" style=\"height:25px\"><div class=\"line\" style=\"height:12px\"><\/div><div class=\"line-center-divider\"><\/div><\/div>\n\n\n\n<h1 class=\"wp-block-heading\">S\u00f8ndag 26. mars &#8211; Sarpsborghallen<\/h1>\n\n\n\n<div class=\"wp-block-msswb-panel msswb-panel-container\"><div class=\"mwwsb-panel-header\"><div class=\"mwwsb-panel-title\">J15 &#8211; kl. 1200 &#8211; Tunet \u2013 Nittedal<\/div><div class=\"mwwsb-panel-icon\"><span class=\"dashicon dashicons dashicons-arrow-down-alt2\"><\/span><\/div><\/div><div class=\"msswb-panel-content\"><div class=\"msswb-link-box-grid-frontend-app-v2\" data-url-encoded-attrs=\"%7B%22maxCols%22%3A5%2C%22showTitle%22%3Atrue%2C%22titleColor%22%3A%22%23ffffff%22%2C%22useColorBackground%22%3Atrue%2C%22bgColor%22%3A%22%234c61ad%22%2C%22overlayColor%22%3A%7B%22r%22%3A69%2C%22g%22%3A126%2C%22b%22%3A191%2C%22a%22%3A0.1%7D%2C%22linkBoxes%22%3A%5B%7B%22link_type%22%3A%22url%22%2C%22blog_id%22%3Afalse%2C%22ID%22%3Afalse%2C%22link%22%3A%22https%3A%2F%2Fwp.nif.no%2FPageMatchWithResult.aspx%3FLinkId%3D7738420%22%2C%22image%22%3Afalse%2C%22featuredImage%22%3Afalse%2C%22from_shared%22%3Atrue%2C%22showAltTitle%22%3Atrue%2C%22altTitle%22%3A%22FINALE%20J15%20Live%22%7D%2C%7B%22link_type%22%3A%22url%22%2C%22blog_id%22%3Afalse%2C%22ID%22%3Afalse%2C%22link%22%3A%22https%3A%2F%2Fwp.nif.no%2FPageTournamentsAvansert.aspx%3FtournamentName%3DNM%25202023%2520J15%26sfid%3D352%26activityId%3D72%26seasonId%3D200979%26showColumns%3D1%26hideFields%3D2%2C3%2C4%2C5%2C6%2C7%2C8%2C1%26design%3D15%26showSearchPane%3Dfalse%26showGenerateUrl%3Dfalse%26showInfoPane%3Dfalse%26showPager%3Dfalse%26showToggleSearch%3Dfalse%26showPrintButton%3Dfalse%26autoSearch%3Dtrue%26fontSize%3D4%22%2C%22image%22%3Afalse%2C%22featuredImage%22%3Afalse%2C%22from_shared%22%3Atrue%2C%22showAltTitle%22%3Atrue%2C%22altTitle%22%3A%22Resultater%20NM%20J15%22%7D%2C%7B%22link_type%22%3A%22url%22%2C%22blog_id%22%3Afalse%2C%22ID%22%3Afalse%2C%22link%22%3A%22https%3A%2F%2Fwp.nif.no%2FFloorballPlayerStatistics%2FIndex%3FtournamentId%3D417140%2C417141%22%2C%22image%22%3Afalse%2C%22featuredImage%22%3Afalse%2C%22from_shared%22%3Atrue%2C%22showAltTitle%22%3Atrue%2C%22altTitle%22%3A%22Spiller-%20statistikk%22%7D%2C%7B%22link_type%22%3A%22url%22%2C%22blog_id%22%3Afalse%2C%22ID%22%3Afalse%2C%22link%22%3A%22https%3A%2F%2Fwp.nif.no%2FFloorballGoalkeeperStatistics%3FtournamentId%3D417140%2C417141%22%2C%22image%22%3Afalse%2C%22featuredImage%22%3Afalse%2C%22from_shared%22%3Atrue%2C%22showAltTitle%22%3Atrue%2C%22altTitle%22%3A%22M%C3%A5lvakt-%20statistikk%22%7D%2C%7B%22link_type%22%3A%22url%22%2C%22blog_id%22%3Afalse%2C%22ID%22%3Afalse%2C%22link%22%3A%22https%3A%2F%2Fwp.nif.no%2FFloorballTeamStatistics%3FtournamentId%3D417140%2C417141%22%2C%22image%22%3Afalse%2C%22featuredImage%22%3Afalse%2C%22from_shared%22%3Atrue%2C%22showAltTitle%22%3Atrue%2C%22altTitle%22%3A%22Lag-%20statistikk%22%7D%5D%7D\" ><\/div><\/div><\/div>\n\n\n\n<div class=\"wp-block-msswb-panel msswb-panel-container\"><div class=\"mwwsb-panel-header\"><div class=\"mwwsb-panel-title\">G17 &#8211; kl. 1500 &#8211; Tunet \u2013 Gre\u00e5ker<\/div><div class=\"mwwsb-panel-icon\"><span class=\"dashicon dashicons dashicons-arrow-down-alt2\"><\/span><\/div><\/div><div class=\"msswb-panel-content\"><div class=\"msswb-link-box-grid-frontend-app-v2\" data-url-encoded-attrs=\"%7B%22maxCols%22%3A5%2C%22showTitle%22%3Atrue%2C%22titleColor%22%3A%22%23ffffff%22%2C%22useColorBackground%22%3Atrue%2C%22bgColor%22%3A%22%234c61ad%22%2C%22overlayColor%22%3A%7B%22r%22%3A69%2C%22g%22%3A126%2C%22b%22%3A191%2C%22a%22%3A0.1%7D%2C%22linkBoxes%22%3A%5B%7B%22link_type%22%3A%22url%22%2C%22blog_id%22%3Afalse%2C%22ID%22%3Afalse%2C%22link%22%3A%22https%3A%2F%2Fwp.nif.no%2FPageMatchWithResult.aspx%3FLinkId%3D7740950%22%2C%22image%22%3Afalse%2C%22featuredImage%22%3Afalse%2C%22from_shared%22%3Atrue%2C%22showAltTitle%22%3Atrue%2C%22altTitle%22%3A%22FINALE%20G17%20Live%22%7D%2C%7B%22link_type%22%3A%22url%22%2C%22blog_id%22%3Afalse%2C%22ID%22%3Afalse%2C%22link%22%3A%22https%3A%2F%2Fwp.nif.no%2FPageTournamentsAvansert.aspx%3FtournamentName%3DNM%25202023%2520G17%26sfid%3D352%26activityId%3D72%26seasonId%3D200979%26showColumns%3D1%26hideFields%3D2%2C3%2C4%2C5%2C6%2C7%2C8%2C1%26design%3D15%26showSearchPane%3Dfalse%26showGenerateUrl%3Dfalse%26showInfoPane%3Dfalse%26showPager%3Dfalse%26showToggleSearch%3Dfalse%26showPrintButton%3Dfalse%26autoSearch%3Dtrue%26fontSize%3D4%22%2C%22image%22%3Afalse%2C%22featuredImage%22%3Afalse%2C%22from_shared%22%3Atrue%2C%22showAltTitle%22%3Atrue%2C%22altTitle%22%3A%22Resultater%20NM%20G17%22%7D%2C%7B%22link_type%22%3A%22url%22%2C%22blog_id%22%3Afalse%2C%22ID%22%3Afalse%2C%22link%22%3A%22https%3A%2F%2Fwp.nif.no%2FFloorballPlayerStatistics%2FIndex%3FtournamentId%3D417368%2C417369%2C417370%2C417371%22%2C%22image%22%3Afalse%2C%22featuredImage%22%3Afalse%2C%22from_shared%22%3Atrue%2C%22showAltTitle%22%3Atrue%2C%22altTitle%22%3A%22Spiller-%20statistikk%22%7D%2C%7B%22link_type%22%3A%22url%22%2C%22blog_id%22%3Afalse%2C%22ID%22%3Afalse%2C%22link%22%3A%22https%3A%2F%2Fwp.nif.no%2FFloorballGoalkeeperStatistics%3FtournamentId%3D417368%2C417369%2C417370%2C417371%22%2C%22image%22%3Afalse%2C%22featuredImage%22%3Afalse%2C%22from_shared%22%3Atrue%2C%22showAltTitle%22%3Atrue%2C%22altTitle%22%3A%22M%C3%A5lvakt-%20statistikk%22%7D%2C%7B%22link_type%22%3A%22url%22%2C%22blog_id%22%3Afalse%2C%22ID%22%3Afalse%2C%22link%22%3A%22https%3A%2F%2Fwp.nif.no%2FFloorballTeamStatistics%3FtournamentId%3D417368%2C417369%2C417370%2C417371%22%2C%22image%22%3Afalse%2C%22featuredImage%22%3Afalse%2C%22from_shared%22%3Atrue%2C%22showAltTitle%22%3Atrue%2C%22altTitle%22%3A%22Lag-%20statistikk%22%7D%5D%7D\" ><\/div><\/div><\/div>\n\n\n\n<div class=\"wp-block-msswb-panel msswb-panel-container\"><div class=\"mwwsb-panel-header\"><div class=\"mwwsb-panel-title\">J19 &#8211; kl. 1800 &#8211; Tunet \u2013 Sveiva<\/div><div class=\"mwwsb-panel-icon\"><span class=\"dashicon dashicons dashicons-arrow-down-alt2\"><\/span><\/div><\/div><div class=\"msswb-panel-content\"><div class=\"msswb-link-box-grid-frontend-app-v2\" data-url-encoded-attrs=\"%7B%22maxCols%22%3A5%2C%22showTitle%22%3Atrue%2C%22titleColor%22%3A%22%23ffffff%22%2C%22useColorBackground%22%3Atrue%2C%22bgColor%22%3A%22%234c61ad%22%2C%22overlayColor%22%3A%7B%22r%22%3A69%2C%22g%22%3A126%2C%22b%22%3A191%2C%22a%22%3A0.1%7D%2C%22linkBoxes%22%3A%5B%7B%22link_type%22%3A%22url%22%2C%22blog_id%22%3Afalse%2C%22ID%22%3Afalse%2C%22link%22%3A%22https%3A%2F%2Fwp.nif.no%2FPageMatchWithResult.aspx%3FLinkId%3D7738462%22%2C%22image%22%3Afalse%2C%22featuredImage%22%3Afalse%2C%22from_shared%22%3Atrue%2C%22showAltTitle%22%3Atrue%2C%22altTitle%22%3A%22FINALE%20J19%20Live%22%7D%2C%7B%22link_type%22%3A%22url%22%2C%22blog_id%22%3Afalse%2C%22ID%22%3Afalse%2C%22link%22%3A%22https%3A%2F%2Fwp.nif.no%2FPageTournamentsAvansert.aspx%3FtournamentName%3DNM%25202023%2520J19%26sfid%3D352%26activityId%3D72%26seasonId%3D200979%26showColumns%3D1%26hideFields%3D2%2C3%2C4%2C5%2C6%2C7%2C8%2C1%26design%3D15%26showSearchPane%3Dfalse%26showGenerateUrl%3Dfalse%26showInfoPane%3Dfalse%26showPager%3Dfalse%26showToggleSearch%3Dfalse%26showPrintButton%3Dfalse%26autoSearch%3Dtrue%26fontSize%3D4%22%2C%22image%22%3Afalse%2C%22featuredImage%22%3Afalse%2C%22from_shared%22%3Atrue%2C%22showAltTitle%22%3Atrue%2C%22altTitle%22%3A%22Resultater%20NM%20J19%22%7D%2C%7B%22link_type%22%3A%22url%22%2C%22blog_id%22%3Afalse%2C%22ID%22%3Afalse%2C%22link%22%3A%22https%3A%2F%2Fwp.nif.no%2FFloorballPlayerStatistics%2FIndex%3FtournamentId%3D417154%2C417155%22%2C%22image%22%3Afalse%2C%22featuredImage%22%3Afalse%2C%22from_shared%22%3Atrue%2C%22showAltTitle%22%3Atrue%2C%22altTitle%22%3A%22Spiller-%20statistikk%22%7D%2C%7B%22link_type%22%3A%22url%22%2C%22blog_id%22%3Afalse%2C%22ID%22%3Afalse%2C%22link%22%3A%22https%3A%2F%2Fwp.nif.no%2FFloorballGoalkeeperStatistics%3FtournamentId%3D417154%2C417155%22%2C%22image%22%3Afalse%2C%22featuredImage%22%3Afalse%2C%22from_shared%22%3Atrue%2C%22showAltTitle%22%3Atrue%2C%22altTitle%22%3A%22M%C3%A5lvakt-%20statistikk%22%7D%2C%7B%22link_type%22%3A%22url%22%2C%22blog_id%22%3Afalse%2C%22ID%22%3Afalse%2C%22link%22%3A%22https%3A%2F%2Fwp.nif.no%2FFloorballTeamStatistics%3FtournamentId%3D417154%2C417155%22%2C%22image%22%3Afalse%2C%22featuredImage%22%3Afalse%2C%22from_shared%22%3Atrue%2C%22showAltTitle%22%3Atrue%2C%22altTitle%22%3A%22Lag-%20statistikk%22%7D%5D%7D\" ><\/div><\/div><\/div>\n\n\n\n<div class=\"wp-block-msswb-spacer msswb-spacer-container\" style=\"height:28px\"><div class=\"line\" style=\"height:14px\"><\/div><div class=\"line-center-divider\"><\/div><\/div>\n\n\n\n<div class=\"wp-block-msswb-panel msswb-panel-container\"><div class=\"mwwsb-panel-header\"><div class=\"mwwsb-panel-title\">Praktisk informasjon til finalelagene<\/div><div class=\"mwwsb-panel-icon\"><span class=\"dashicon dashicons dashicons-arrow-down-alt2\"><\/span><\/div><\/div><div class=\"msswb-panel-content\">\n<div class=\"msswb-file\"><a href=\"https:\/\/bandyforbundet.no\/innebandy\/wp-content\/uploads\/sites\/3\/2023\/03\/NM-finaler_2023_informasjon-fra-arrangor.pdf\" class=\"file-button\" download><span class=\"dashicon dashicons dashicons-download\"><\/span><\/a><a class=\"file-link\" href=\"https:\/\/bandyforbundet.no\/innebandy\/wp-content\/uploads\/sites\/3\/2023\/03\/NM-finaler_2023_informasjon-fra-arrangor.pdf\">NM-finaler 2023 &#8211; Informasjon fra arrang\u00f8r (pdf)<\/a><\/div>\n\n\n\n<div class=\"msswb-file\"><a href=\"https:\/\/bandyforbundet.no\/innebandy\/wp-content\/uploads\/sites\/3\/2023\/03\/NM-finaler_2023_prosedyre-for-innmarsj.pdf\" class=\"file-button\" download><span class=\"dashicon dashicons dashicons-download\"><\/span><\/a><a class=\"file-link\" href=\"https:\/\/bandyforbundet.no\/innebandy\/wp-content\/uploads\/sites\/3\/2023\/03\/NM-finaler_2023_prosedyre-for-innmarsj.pdf\">NM-finaler 2023 &#8211; Prosedyre for innmarsj (pdf)<\/a><\/div>\n\n\n\n<div class=\"msswb-file\"><a href=\"https:\/\/bandyforbundet.no\/innebandy\/wp-content\/uploads\/sites\/3\/2023\/03\/NM-finaler_2023_prosedyre-for-premieutdeling.pdf\" class=\"file-button\" download><span class=\"dashicon dashicons dashicons-download\"><\/span><\/a><a class=\"file-link\" href=\"https:\/\/bandyforbundet.no\/innebandy\/wp-content\/uploads\/sites\/3\/2023\/03\/NM-finaler_2023_prosedyre-for-premieutdeling.pdf\">NM-finaler 2023 &#8211; Prosedyre for premieutdeling (pdf)<\/a><\/div>\n<\/div><\/div>\n\n\n\n<div class=\"wp-block-msswb-panel msswb-panel-container\"><div class=\"mwwsb-panel-header\"><div class=\"mwwsb-panel-title\">Informasjon om str\u00f8mming<\/div><div class=\"mwwsb-panel-icon\"><span class=\"dashicon dashicons dashicons-arrow-down-alt2\"><\/span><\/div><\/div><div class=\"msswb-panel-content\">\n<p><strong>Etter dialog med de andre s\u00e6rforbundene har vi kommet frem til en konklusjon om str\u00f8mming av de aldersbestemte NM-finalene.<\/strong><\/p>\n\n\n\n<p>Norges Idrettsforbund har nylig justert nedre aldersgrense fra 13 til 15 \u00e5r for hva som er mulig \u00e5 str\u00f8mme, og derfor kan vi ikke str\u00f8mme noen av \u00e5rets NM-finaler siden v\u00e5rt kampreglement tillater spillere som er 14 \u00e5r i 19-\u00e5rsklassene.<\/p>\n\n\n\n<p>Vi vil filme alle de aldersbestemte NM-finalene, men de vil ikke bli str\u00f8mmet direkte. Kampene blir arkivert, og kan legges ut senere n\u00e5r det foreligger klarere rammer for hva som er tillatt \u00e5 dele av barn og unge under 18 \u00e5r. Vi vil ogs\u00e5 se p\u00e5 muligheten til \u00e5 distribuere filmene til finalelagene.<\/p>\n\n\n\n<p>Det finnes mange gr\u00e5soner i denne sektoren, s\u00e5 vi velger heller \u00e5 v\u00e6re restriktive med dagens situasjon. Dersom idretten blir enige om nye retningslinjer f\u00f8r v\u00e5re NM-finaler, vil vi handle raskt i henhold til dem. Per i dag har vi dessverre ikke anledning til \u00e5 str\u00f8mme \u00e5rets aldersbestemte NM-finaler.<\/p>\n\n\n\n<p><strong>Vi ber om forst\u00e5else for den n\u00e5v\u00e6rende situasjonen, og oppfordrer alle til \u00e5 ta turen til Sarpsborghallen 25.-26. mars for \u00e5 skape en fantastisk innebandyfest for alle som elsker norsk innebandy.<\/strong><\/p>\n<\/div><\/div>\n\n\n\n<div class=\"wp-block-msswb-panel msswb-panel-container\"><div class=\"mwwsb-panel-header\"><div class=\"mwwsb-panel-title\">Billettpriser<\/div><div class=\"mwwsb-panel-icon\"><span class=\"dashicon dashicons dashicons-arrow-down-alt2\"><\/span><\/div><\/div><div class=\"msswb-panel-content\">\n<p><strong>Dagsbillett:<\/strong> kr. 100,- (betaling med kort eller Vipps i inngangen)<br>Gratis for alle under 16 \u00e5r<\/p>\n<\/div><\/div>\n\n\n\n<div class=\"wp-block-msswb-panel msswb-panel-container\"><div class=\"mwwsb-panel-header\"><div class=\"mwwsb-panel-title\">Presseakkreditering<\/div><div class=\"mwwsb-panel-icon\"><span class=\"dashicon dashicons dashicons-arrow-down-alt2\"><\/span><\/div><\/div><div class=\"msswb-panel-content\">\n<p>Presse\/media som \u00f8nsker akkreditering til arrangementet, sender foresp\u00f8rsel pr. e-post til <strong><em>sharks@sarpsborgsharks.no<\/em><\/strong><\/p>\n<\/div><\/div>\n\n\n\n<div class=\"wp-block-msswb-spacer msswb-spacer-container show-line\" style=\"height:25px\"><div class=\"line\" style=\"height:12px\"><\/div><div class=\"line-center-divider\"><\/div><\/div>\n\n\n\n<p><em>Alle finalene spilles med 3\u00d720 min. effektiv spilletid. Ved uavgjort blir det forlenget spilletid i maksimum 10 minutter, eller inntil et lag scorer m\u00e5l. Hvis resultatet fremdeles er uavgjort etter forlenget spilletid, skal kampen avgj\u00f8res ved straffeslagskonkurranse (5 straffer hver) etter reglene i spillereglementet.<\/em><\/p>\n","protected":false},"excerpt":{"rendered":"<p>L\u00f8rdag 25. mars &#8211; Sarpsborghallen S\u00f8ndag 26. mars &#8211; Sarpsborghallen Alle finalene spilles med 3\u00d720 min. effektiv spilletid. Ved uavgjort blir det forlenget spilletid i maksimum 10 minutter, eller inntil et lag scorer m\u00e5l. Hvis resultatet fremdeles er uavgjort etter forlenget spilletid, skal kampen avgj\u00f8res ved straffeslagskonkurranse (5 straffer hver) etter reglene i spillereglementet.<\/p>\n","protected":false},"author":16,"featured_media":0,"parent":3756,"menu_order":0,"comment_status":"closed","ping_status":"closed","template":"templates\/template-cover.php","meta":{"cover_meta":"{\"showBackgroundImage\":true,\"bgImage\":{\"image_id\":13243,\"blog_id\":3,\"term_id\":172,\"selected_size\":\"full\"},\"showOverlay\":true,\"overlayColor\":\"#1a5978\",\"overlayOpacity\":0.7,\"showIntro\":true,\"introColor\":\"white\",\"intro\":\"Aldersbestemte klasser - Innebandy\",\"title\":\"NM-finaler 2023\",\"titleColor\":\"white\",\"showOutro\":true,\"outroColor\":\"white\",\"outro\":\"Sarpsborghallen 25. - 26. mars 2023\"}","footnotes":""},"class_list":["post-13424","page","type-page","status-publish","hentry"],"_links":{"self":[{"href":"https:\/\/bandyforbundet.no\/innebandy\/index.php?rest_route=\/wp\/v2\/pages\/13424","targetHints":{"allow":["GET"]}}],"collection":[{"href":"https:\/\/bandyforbundet.no\/innebandy\/index.php?rest_route=\/wp\/v2\/pages"}],"about":[{"href":"https:\/\/bandyforbundet.no\/innebandy\/index.php?rest_route=\/wp\/v2\/types\/page"}],"author":[{"embeddable":true,"href":"https:\/\/bandyforbundet.no\/innebandy\/index.php?rest_route=\/wp\/v2\/users\/16"}],"replies":[{"embeddable":true,"href":"https:\/\/bandyforbundet.no\/innebandy\/index.php?rest_route=%2Fwp%2Fv2%2Fcomments&post=13424"}],"version-history":[{"count":17,"href":"https:\/\/bandyforbundet.no\/innebandy\/index.php?rest_route=\/wp\/v2\/pages\/13424\/revisions"}],"predecessor-version":[{"id":16476,"href":"https:\/\/bandyforbundet.no\/innebandy\/index.php?rest_route=\/wp\/v2\/pages\/13424\/revisions\/16476"}],"up":[{"embeddable":true,"href":"https:\/\/bandyforbundet.no\/innebandy\/index.php?rest_route=\/wp\/v2\/pages\/3756"}],"wp:attachment":[{"href":"https:\/\/bandyforbundet.no\/innebandy\/index.php?rest_route=%2Fwp%2Fv2%2Fmedia&parent=13424"}],"curies":[{"name":"wp","href":"https:\/\/api.w.org\/{rel}","templated":true}]}}