{"id":16197,"date":"2024-03-15T13:13:11","date_gmt":"2024-03-15T13:13:11","guid":{"rendered":"https:\/\/bandyforbundet.no\/innebandy\/?page_id=16197"},"modified":"2026-03-31T19:11:32","modified_gmt":"2026-03-31T19:11:32","slug":"nm-senior-2024","status":"publish","type":"page","link":"https:\/\/bandyforbundet.no\/innebandy\/?page_id=16197","title":{"rendered":"NM-finaler 2026"},"content":{"rendered":"\n<p class=\"has-larger-font-size\"><strong>\u00c5rets NM-finaler samles til \u00e9n felles helg i Fjellhamar Arena, 18. &#8211; 19. april<\/strong><\/p>\n\n\n\n<p class=\"has-normal-font-size\">Denne sesongen skal Norgesmesterne k\u00e5res i Fjellhamar Arena i L\u00f8renskog kommune. Norges Bandyforbund (NBF) har gitt Gjeller\u00e5sen IF ansvaret for \u00e5 arrangere NM-finalene for b\u00e5de seniorer og aldersbestemte klasser. Fjellhamar Arena, med fastmonterte seter og en kapasitet p\u00e5 rundt 2000 tilskuere, danner en flott ramme for mesterskapet, og forh\u00e5pentligvis en festhelg for alle innebandyentusiaster! Finalene spilles 18. og 19. april 2026.<\/p>\n\n\n\n<p class=\"has-normal-font-size\">Det skal gjennomf\u00f8res NM-finaler i alle klasser, totalt \u00e5tte finaler. Det betyr et tettpakket program fra morgen til kveld begge dager. <\/p>\n\n\n\n<p><strong>NM-finalene spilles som f\u00f8lger:<\/strong><\/p>\n\n\n\n<p><strong>L\u00f8rdag 18. april<\/strong><\/p>\n\n\n\n<p>J17: Tunet &#8211; Nittedal | 10:00<\/p>\n\n\n\n<p>G17: Gre\u00e5ker &#8211; Gjeller\u00e5sen | 13:00<\/p>\n\n\n\n<p>Kvinner: Tunet &#8211; Grei | 16:30<\/p>\n\n\n\n<p>Menn: Slevik\/Nor 92 &#8211; Tunet | 19:45<\/p>\n\n\n\n<p><strong>S\u00f8ndag 19. april<\/strong><\/p>\n\n\n\n<p>J15: Tunet &#8211; Brumunddal | 10:00<\/p>\n\n\n\n<p>G15: Tunet &#8211; Sarpsborg | 13:00<\/p>\n\n\n\n<p>J19: Sveiva &#8211; Tunet | 16:00<\/p>\n\n\n\n<p>G19: Gjeller\u00e5sen &#8211; Sveiva | 19:00<\/p>\n\n\n\n<div class=\"wp-block-msswb-panel msswb-panel-container\"><div class=\"mwwsb-panel-header\"><div class=\"mwwsb-panel-title\">Billettinformasjon<\/div><div class=\"mwwsb-panel-icon\"><span class=\"dashicon dashicons dashicons-arrow-down-alt2\"><\/span><\/div><\/div><div class=\"msswb-panel-content\">\n<p>All informasjon om billetter: <a href=\"https:\/\/gif-fighters.woow.no\/home\" data-type=\"link\" data-id=\"https:\/\/gif-fighters.woow.no\/home\">Klikk her<\/a><\/p>\n<\/div><\/div>\n\n\n\n<div class=\"wp-block-msswb-panel msswb-panel-container\"><div class=\"mwwsb-panel-header\"><div class=\"mwwsb-panel-title\">Parkering<\/div><div class=\"mwwsb-panel-icon\"><span class=\"dashicon dashicons dashicons-arrow-down-alt2\"><\/span><\/div><\/div><div class=\"msswb-panel-content\">\n<p>Det er begrenset med parkeringsplasser i omr\u00e5det. Vi anbefaler at dere parkerer p\u00e5 ett av f\u00f8lgende fire omr\u00e5der: parkeringskjelleren under arenaen, parkeringen utenfor Fjellhamarhallen, ved innkj\u00f8ringen til Just Padel, eller ved L\u00f8renskoghallen. Dersom det er fullt p\u00e5 de tre f\u00f8rste plassene, vil det v\u00e6re mulig \u00e5 parkere ved L\u00f8renskoghallen og g\u00e5 cirka fem minutter ned til arenaen.<\/p>\n\n\n\n<p>Har du mulighet til \u00e5 komme deg til arenaen med kollektivtransport, er det veldig \u00f8nskelig at du benytter deg av dette  alternativet.<\/p>\n\n\n\n<p>Fjellhamar Stasjon ligger rett ved hallen og det g\u00e5r jevnlige tog fra Oslo sentrum.<\/p>\n<\/div><\/div>\n\n\n\n<div class=\"wp-block-msswb-panel msswb-panel-container\"><div class=\"mwwsb-panel-header\"><div class=\"mwwsb-panel-title\">Str\u00f8mming<\/div><div class=\"mwwsb-panel-icon\"><span class=\"dashicon dashicons dashicons-arrow-down-alt2\"><\/span><\/div><\/div><div class=\"msswb-panel-content\">\n<p>NM-finalene for GJ17\/19 str\u00f8mmes p\u00e5 MyGame.<\/p>\n\n\n\n<p>NM-finalene for kvinner og menn sendes direkte p\u00e5 TV2 Sport 2 og TV2 Play<\/p>\n<\/div><\/div>\n\n\n\n<div class=\"wp-block-msswb-panel msswb-panel-container\"><div class=\"mwwsb-panel-header\"><div class=\"mwwsb-panel-title\">Presseakkreditering<\/div><div class=\"mwwsb-panel-icon\"><span class=\"dashicon dashicons dashicons-arrow-down-alt2\"><\/span><\/div><\/div><div class=\"msswb-panel-content\">\n<p><em><strong>Trenger du presseakkreditering?<\/strong><\/em><\/p>\n\n\n\n<p>Ta kontakt med teknisk arrang\u00f8r Gjeller\u00e5sen IF. <\/p>\n\n\n\n<p><strong>Nm2026@gif-fighters.no<\/strong><\/p>\n<\/div><\/div>\n\n\n\n<div class=\"wp-block-msswb-panel msswb-panel-container\"><div class=\"mwwsb-panel-header\"><div class=\"mwwsb-panel-title\">Generell informasjon fra arrang\u00f8ren<\/div><div class=\"mwwsb-panel-icon\"><span class=\"dashicon dashicons dashicons-arrow-down-alt2\"><\/span><\/div><\/div><div class=\"msswb-panel-content\">\n<p>Informasjon fra arrang\u00f8ren kommer<\/p>\n<\/div><\/div>\n\n\n\n<div class=\"wp-block-msswb-spacer msswb-spacer-container\" style=\"height:2px\"><div class=\"line\" style=\"height:1px\"><\/div><div class=\"line-center-divider\"><\/div><\/div>\n\n\n\n<p><strong>Alle henvendelser vedr\u00f8rende NM-finalene 2026 skal skje til e-post: Nm2026@gif-fighters.no<\/strong><\/p>\n\n\n<div class=\"msswb-image-frontend-app\"data-href-target=\"false\" data-href=\"%22%22\" data-use-link=\"false\" data-screen-width=\"false\" data-alignment=\"%22full%22\" data-url=\"%22%5C%2Fwp-content%5C%2Fuploads%5C%2Fsites%5C%2F3%5C%2F2026%5C%2F03%5C%2FGjellerasen-Banner-fb-2000_b.png%22\" data-is-background-image=\"false\" data-border-radius=\"0\" data-image-width=\"2000\" data-image-height=\"877\" data-selected-image=\"%7B%22image_id%22%3A21602%2C%22blog_id%22%3A3%2C%22term_id%22%3A172%2C%22selected_size%22%3A%22full%22%7D\" data-image-aspect-ratio=\"0.44\" data-alt-text=\"%22%22\" data-caption=\"%22%22\" data-width=\"400\" data-height=\"176\" data-focal-point=\"\" data-show-light-box=\"false\" >\n<div class=\"msswb-image-block msswbfull\"><div class=\"msswb-image \"><div class=\"image-container fullwidth\" style=\"width:100%;height:100%\"><img decoding=\"async\" style=\"width:100%\" src=\"\/wp-content\/uploads\/sites\/3\/2026\/03\/Gjellerasen-Banner-fb-2000_b.png\" \/><\/div><\/div><div class=\"msswb-image-caption-container\"><div class=\"msswb-image-caption\"><\/div><\/div><\/div>\n<\/div>\n\n<div class=\"msswb-display-posts-frontend-app-v2\" data-url-encoded-attrs=\"%7B%22mode%22%3A%22grid%22%2C%22carouselHeight%22%3A500%2C%22carouselMax%22%3A10%2C%22startAnimation%22%3A%22start%22%2C%22design%22%3A%22msswbcard%22%2C%22hideExcerpt%22%3Afalse%2C%22filterDate%22%3A%22fromdate%22%2C%22dateObj%22%3A%7B%7D%2C%22scrollDirection%22%3A%22vertical%22%2C%22displayPostsFromCategories%22%3A%5B%7B%22blog_id%22%3A3%2C%22included%22%3A%5B20%2C22%2C11%5D%2C%22excluded%22%3A%5B%5D%2C%22filterDate%22%3A%22from1yearago%22%2C%22dateObj%22%3A%7B%22fromDate%22%3A%221%20year%20ago%22%2C%22toDate%22%3A%22%22%7D%7D%5D%2C%22displayPostsFromSharedCategories%22%3A%5B%5D%2C%22maxCols%22%3A3%7D\" ><\/div>","protected":false},"excerpt":{"rendered":"<p>\u00c5rets NM-finaler samles til \u00e9n felles helg i Fjellhamar Arena, 18. &#8211; 19. april Denne sesongen skal Norgesmesterne k\u00e5res i Fjellhamar Arena i L\u00f8renskog kommune. Norges Bandyforbund (NBF) har gitt Gjeller\u00e5sen IF ansvaret for \u00e5 arrangere NM-finalene for b\u00e5de seniorer og aldersbestemte klasser. Fjellhamar Arena, med fastmonterte seter og en kapasitet p\u00e5 rundt 2000 tilskuere, [&hellip;]<\/p>\n","protected":false},"author":66,"featured_media":0,"parent":3755,"menu_order":0,"comment_status":"closed","ping_status":"closed","template":"templates\/template-cover.php","meta":{"cover_meta":"{\"showBackgroundImage\":true,\"bgImage\":{\"image_id\":17228,\"blog_id\":3,\"term_id\":-1,\"selected_size\":\"full\"},\"showOverlay\":true,\"overlayColor\":\"#125476\",\"overlayOpacity\":0.6,\"showIntro\":true,\"introColor\":\"white\",\"intro\":\"18. - 19. april \",\"title\":\"NM-finaler 2026\",\"titleColor\":\"white\",\"showOutro\":true,\"outroColor\":\"white\",\"outro\":\"Fjellhamar Arena\"}","footnotes":""},"class_list":["post-16197","page","type-page","status-publish","hentry"],"_links":{"self":[{"href":"https:\/\/bandyforbundet.no\/innebandy\/index.php?rest_route=\/wp\/v2\/pages\/16197","targetHints":{"allow":["GET"]}}],"collection":[{"href":"https:\/\/bandyforbundet.no\/innebandy\/index.php?rest_route=\/wp\/v2\/pages"}],"about":[{"href":"https:\/\/bandyforbundet.no\/innebandy\/index.php?rest_route=\/wp\/v2\/types\/page"}],"author":[{"embeddable":true,"href":"https:\/\/bandyforbundet.no\/innebandy\/index.php?rest_route=\/wp\/v2\/users\/66"}],"replies":[{"embeddable":true,"href":"https:\/\/bandyforbundet.no\/innebandy\/index.php?rest_route=%2Fwp%2Fv2%2Fcomments&post=16197"}],"version-history":[{"count":50,"href":"https:\/\/bandyforbundet.no\/innebandy\/index.php?rest_route=\/wp\/v2\/pages\/16197\/revisions"}],"predecessor-version":[{"id":21667,"href":"https:\/\/bandyforbundet.no\/innebandy\/index.php?rest_route=\/wp\/v2\/pages\/16197\/revisions\/21667"}],"up":[{"embeddable":true,"href":"https:\/\/bandyforbundet.no\/innebandy\/index.php?rest_route=\/wp\/v2\/pages\/3755"}],"wp:attachment":[{"href":"https:\/\/bandyforbundet.no\/innebandy\/index.php?rest_route=%2Fwp%2Fv2%2Fmedia&parent=16197"}],"curies":[{"name":"wp","href":"https:\/\/api.w.org\/{rel}","templated":true}]}}