{"id":19366,"date":"2025-01-09T12:34:47","date_gmt":"2025-01-09T12:34:47","guid":{"rendered":"https:\/\/bandyforbundet.no\/innebandy\/?page_id=19366"},"modified":"2026-03-27T20:42:55","modified_gmt":"2026-03-27T20:42:55","slug":"spiller-og-trenerutviklingscamp-stu26","status":"publish","type":"page","link":"https:\/\/bandyforbundet.no\/innebandy\/?page_id=19366","title":{"rendered":"Spiller- og trenerutviklingscamp &#8211; STU26"},"content":{"rendered":"<div class=\"msswb-image-frontend-app\"data-href-target=\"false\" data-href=\"%22%22\" data-use-link=\"false\" data-screen-width=\"false\" data-alignment=\"%22full%22\" data-url=\"%22%5C%2Fwp-content%5C%2Fuploads%5C%2Fsites%5C%2F3%5C%2F2025%5C%2F11%5C%2FCOMIC-2000-x-700-px.png%22\" data-is-background-image=\"false\" data-border-radius=\"0\" data-image-width=\"2000\" data-image-height=\"700\" data-selected-image=\"%7B%22image_id%22%3A21028%2C%22blog_id%22%3A3%2C%22term_id%22%3A-1%2C%22selected_size%22%3A%22full%22%7D\" data-image-aspect-ratio=\"0.35\" data-alt-text=\"%22%22\" data-caption=\"%22%22\" data-width=\"400\" data-height=\"140\" data-focal-point=\"\" data-show-light-box=\"false\" >\n<div class=\"msswb-image-block msswbfull\"><div class=\"msswb-image \"><div class=\"image-container fullwidth\" style=\"width:100%;height:100%\"><img decoding=\"async\" style=\"width:100%\" src=\"\/wp-content\/uploads\/sites\/3\/2025\/11\/COMIC-2000-x-700-px.png\" \/><\/div><\/div><div class=\"msswb-image-caption-container\"><div class=\"msswb-image-caption\"><\/div><\/div><\/div>\n<\/div>\n\n\n<p class=\"has-large-font-size\"><strong>Spiller- og trenerutviklingscamp 2026<\/strong><\/p>\n\n\n\n<p>Norges Bandyforbund lanserte i 2024 et nytt utviklingstiltak for spillere og trenere, Spiller- og trenerutviklingscamp STU24. I 2025 hadde vi hele 71 spillere p\u00e5 plass som er en god \u00f8kning fra 2024 med 51. I 2026 er m\u00e5let 82 spillere, og da er STU komplett med fire lag. Tiltaket er rettet prim\u00e6rt mot spillere og trenere p\u00e5 \u00f8vet niv\u00e5, men ogs\u00e5 mulighet for mindre \u00f8vet. Deltakerne velger selv niv\u00e5 ved p\u00e5melding, men det kan endres underveis i samlingen.<\/p>\n\n\n\n<p><strong>STU26 <\/strong>gjennomf\u00f8rer tredje fysiske samling i Skien Fritidspark 7.-10.mai 2026 og gjelder prim\u00e6rt gutter og jenter f\u00f8dt i 2008, 2009, 2010 og 2011 men det er \u00e5pent for n\u00e6rliggende \u00e5rskull ved plass (ta kontakt med ansvarlige). Spesielt hyggelig er det hvis v\u00e5re 2007-er blir med igjen for tredje \u00e5ret.<\/p>\n\n\n\n<p>F\u00f8r samling i Skien vil deltakerne bli kontaktet for enkle korte forberedelser til samling og etter samling vil deltakerne f\u00f8lges opp i sin treningshverdag. <\/p>\n\n\n\n<p>Forslag dagsplan:<\/p>\n\n\n\n<ul class=\"wp-block-list\">\n<li>en-tre trenings\u00f8kter og kamp\u00f8kt(er) daglig (teknisk\/taktisk (spilleforst\u00e5else\/innebandyferdighet), atletisk, sosialt og mentalt)<\/li>\n\n\n\n<li>fire m\u00e5ltider (frokost, lunch, middag og kveldsmat)<\/li>\n\n\n\n<li>sosiale aktiviteter (videoanalyse, utviklingssamtaler, sv\u00f8mming, padel og samarbeids\u00f8velser osv).<br><\/li>\n<\/ul>\n\n\n\n<figure class=\"wp-block-embed is-type-video is-provider-vimeo wp-block-embed-vimeo wp-embed-aspect-16-9 wp-has-aspect-ratio\"><div class=\"wp-block-embed__wrapper\">\n<iframe loading=\"lazy\" title=\"STU promo 2026 v1\" src=\"https:\/\/player.vimeo.com\/video\/1144849480?h=7b038b5b03&amp;dnt=1&amp;app_id=122963\" width=\"580\" height=\"326\" frameborder=\"0\" allow=\"autoplay; fullscreen; picture-in-picture; clipboard-write; encrypted-media; web-share\" referrerpolicy=\"strict-origin-when-cross-origin\"><\/iframe>\n<\/div><\/figure>\n\n\n\n<p><strong>Foredrag tilknyttet STU26<\/strong><\/p>\n\n\n\n<p>NBF \u00f8nsker ogs\u00e5 \u00e5 bruke tid p\u00e5 \u00e5 prate om \u00abrespekt for spillet\u00bb og \u00abprestasjonsledelse\u00bb. Vi planlegger et lite \u00abforedrag\u00bb hvor det prates om v\u00e6rem\u00e5te i kamp. Her vier vi tid til adferd i og rundt kamp, knyttet til regler, dommere, motstander, medspillere og ikke minst oss selv.<\/p>\n\n\n\n<p>NBF \u00f8nsker i tillegg \u00e5 f\u00e5 til et foredrag for foreldre som handler om hvordan man kan st\u00f8tte og veilede ungdommene i deres idrettshverdag.&nbsp;<\/p>\n\n\n\n<p><strong>Pris per deltaker: 5500 kr<\/strong><br>Prisen inkluderer Kost og losji (torsdag til s\u00f8ndag) knyttet til Hotell Fritidsparken, treningst\u00f8y til utl\u00e5n, inspirasjon og oppf\u00f8lging. For 600 :- kan deltakerne velge overnatting, frokost og lunsj onsdag til torsdag.<\/p>\n\n\n\n<p><strong>Linker til <a href=\"https:\/\/event.checkin.no\/195782\/spiller-og-trenerutviklingssamling-2026-stu26\">p\u00e5melding<\/a><\/strong><br><br>Siden oppdateres fortl\u00f8pende med ny informasjon.<\/p>\n\n\n\n<p><strong>Kontaktinformasjon<\/strong> <strong>STU26<\/strong> :<\/p>\n\n\n\n<p>Helge Branting: e-post: helge.branting@gmail.com \/ sms 93081282 (Hovedansvarlig)<br>Marcus Nilsson: e-post: marcus.nilsson@bandyforbundet.no \/ sms 93009040 (Forbundets kontaktperson)<br>Jostein Sjaatil: (\u00d8konomiansvarlig)<br>Johnny Wallenius: (M\u00e5lvaktsansvarlig og fystrener)<br>\u00d8yvind Sandve: (Atletisk ansvarlig)<br>Klaus R\u00f8dahl: (Administrativ ressurs og bilde- og videoansvarlig)<\/p>\n","protected":false},"excerpt":{"rendered":"<p>Spiller- og trenerutviklingscamp 2026 Norges Bandyforbund lanserte i 2024 et nytt utviklingstiltak for spillere og trenere, Spiller- og trenerutviklingscamp STU24. I 2025 hadde vi hele 71 spillere p\u00e5 plass som er en god \u00f8kning fra 2024 med 51. I 2026 er m\u00e5let 82 spillere, og da er STU komplett med fire lag. Tiltaket er rettet [&hellip;]<\/p>\n","protected":false},"author":66,"featured_media":0,"parent":0,"menu_order":0,"comment_status":"closed","ping_status":"closed","template":"","meta":{"cover_meta":"","footnotes":""},"class_list":["post-19366","page","type-page","status-publish","hentry"],"_links":{"self":[{"href":"https:\/\/bandyforbundet.no\/innebandy\/index.php?rest_route=\/wp\/v2\/pages\/19366","targetHints":{"allow":["GET"]}}],"collection":[{"href":"https:\/\/bandyforbundet.no\/innebandy\/index.php?rest_route=\/wp\/v2\/pages"}],"about":[{"href":"https:\/\/bandyforbundet.no\/innebandy\/index.php?rest_route=\/wp\/v2\/types\/page"}],"author":[{"embeddable":true,"href":"https:\/\/bandyforbundet.no\/innebandy\/index.php?rest_route=\/wp\/v2\/users\/66"}],"replies":[{"embeddable":true,"href":"https:\/\/bandyforbundet.no\/innebandy\/index.php?rest_route=%2Fwp%2Fv2%2Fcomments&post=19366"}],"version-history":[{"count":10,"href":"https:\/\/bandyforbundet.no\/innebandy\/index.php?rest_route=\/wp\/v2\/pages\/19366\/revisions"}],"predecessor-version":[{"id":21660,"href":"https:\/\/bandyforbundet.no\/innebandy\/index.php?rest_route=\/wp\/v2\/pages\/19366\/revisions\/21660"}],"wp:attachment":[{"href":"https:\/\/bandyforbundet.no\/innebandy\/index.php?rest_route=%2Fwp%2Fv2%2Fmedia&parent=19366"}],"curies":[{"name":"wp","href":"https:\/\/api.w.org\/{rel}","templated":true}]}}