{"id":20689,"date":"2025-09-12T12:23:51","date_gmt":"2025-09-12T12:23:51","guid":{"rendered":"https:\/\/bandyforbundet.no\/innebandy\/?page_id=20689"},"modified":"2025-09-12T13:08:08","modified_gmt":"2025-09-12T13:08:08","slug":"se-innebandykamper-pa-mygame","status":"publish","type":"page","link":"https:\/\/bandyforbundet.no\/innebandy\/?page_id=20689","title":{"rendered":"Se innebandykamper p\u00e5 MyGame"},"content":{"rendered":"\n<p class=\"has-large-font-size\"><strong>Norges Bandyforbund (NBF) har et samarbeid om filming av norsk elite- og breddeinnebandy med MyGame og TV2. <\/strong><\/p>\n\n\n\n<p>MyGame monterer stadig flere sportskameraer i haller og p\u00e5 arenaer i hele Norge, og arbeider mot v\u00e5rt felles m\u00e5l om \u00e5 kunne dekke elite- og breddeinnebandy.<\/p>\n\n\n\n<div class=\"wp-block-msswb-spacer msswb-spacer-container show-line\" style=\"height:4px\"><div class=\"line\" style=\"border-bottom-width:1px;border-bottom-color:#000000;height:2px\"><\/div><div class=\"line-center-divider\"><\/div><\/div>\n\n\n\n<div class=\"wp-block-msswb-panel msswb-panel-container\"><div class=\"mwwsb-panel-header\"><div class=\"mwwsb-panel-title\">Abonnement &#8211; MyGame<\/div><div class=\"mwwsb-panel-icon\"><span class=\"dashicon dashicons dashicons-arrow-down-alt2\"><\/span><\/div><\/div><div class=\"msswb-panel-content\">\n<p>Gjennom <strong>MyGame<\/strong><strong> <\/strong>kan du f\u00f8lge innebandy direkte p\u00e5 nett. Abonnementet koster <strong>139 kr per m\u00e5ned<\/strong> eller <strong>1199 kr per \u00e5r<\/strong>, og gir tilgang til alle innebandykamper som str\u00f8mmes p\u00e5 plattformen.<\/p>\n\n\n\n<p>Etter du har opprettet en TV 2-bruker og kj\u00f8pt et MyGame-abonnement, vil du f\u00e5 muligheten til \u00e5 velge hvilken klubb som skal motta st\u00f8tte fra deg. Klubben du velger vil motta 20 % av abonnementsinntektene.<\/p>\n\n\n\n<p><a rel=\"noreferrer noopener\" href=\"https:\/\/play.tv2.no\/pakker?swimLane=mygame\" data-type=\"URL\" data-id=\"https:\/\/play.tv2.no\/pakker?swimLane=mygame\" target=\"_blank\">Skaff deg<\/a><a rel=\"noreferrer noopener\" href=\"https:\/\/play.tv2.no\/pakker?swimLane=mygame\" data-type=\"URL\" data-id=\"https:\/\/play.tv2.no\/pakker?swimLane=mygame\" target=\"_blank\"> <\/a><a rel=\"noreferrer noopener\" href=\"https:\/\/play.tv2.no\/pakker?swimLane=mygame\" data-type=\"URL\" data-id=\"https:\/\/play.tv2.no\/pakker?swimLane=mygame\" target=\"_blank\">d<\/a><a rel=\"noreferrer noopener\" href=\"https:\/\/play.tv2.no\/pakker?swimLane=mygame\" data-type=\"URL\" data-id=\"https:\/\/play.tv2.no\/pakker?swimLane=mygame\" target=\"_blank\">i<\/a><a rel=\"noreferrer noopener\" href=\"https:\/\/play.tv2.no\/pakker?swimLane=mygame\" data-type=\"URL\" data-id=\"https:\/\/play.tv2.no\/pakker?swimLane=mygame\" target=\"_blank\">t<\/a><a href=\"https:\/\/play.tv2.no\/pakker?swimLane=mygame\" data-type=\"URL\" data-id=\"https:\/\/play.tv2.no\/pakker?swimLane=mygame\" target=\"_blank\" rel=\"noreferrer noopener\">t<\/a><a rel=\"noreferrer noopener\" href=\"https:\/\/play.tv2.no\/pakker?swimLane=mygame\" data-type=\"URL\" data-id=\"https:\/\/play.tv2.no\/pakker?swimLane=mygame\" target=\"_blank\"> abonnementet her<\/a><\/p>\n<\/div><\/div>\n\n\n\n<div class=\"wp-block-msswb-panel msswb-panel-container\"><div class=\"mwwsb-panel-header\"><div class=\"mwwsb-panel-title\">Hvor kan man se hvilke kamper som str\u00f8mmes?<\/div><div class=\"mwwsb-panel-icon\"><span class=\"dashicon dashicons dashicons-arrow-down-alt2\"><\/span><\/div><\/div><div class=\"msswb-panel-content\">\n<p>Alle kamper som skal str\u00f8mmes eller som kan ses i reprise, vil v\u00e6re merket med &laquo;MyGame&raquo;-logo i <a href=\"https:\/\/bandyforbundet.no\/innebandy\/?page_id=15828\">innebandyens kampsenter<\/a>, med direktelink til der man kan se kampen.<\/p>\n\n\n\n<p><a rel=\"noreferrer noopener\" href=\"https:\/\/mygame.no\/kampoversikt\/?q=innebandy&amp;sport=floorball\" data-type=\"URL\" data-id=\"https:\/\/mygame.no\/kampoversikt\/?q=innebandy&amp;sport=floorball\" target=\"_blank\">Klikk her for \u00e5 se alle kamper som str\u00f8mmes<\/a><\/p>\n<\/div><\/div>\n\n\n\n<div class=\"wp-block-msswb-panel msswb-panel-container\"><div class=\"mwwsb-panel-header\"><div class=\"mwwsb-panel-title\">M\u00e5 jeg ha TV2-abonnement for \u00e5 se kamper?<\/div><div class=\"mwwsb-panel-icon\"><span class=\"dashicon dashicons dashicons-arrow-down-alt2\"><\/span><\/div><\/div><div class=\"msswb-panel-content\">\n<p>Nei, MyGame er et eget abonnement som ikke er tilknyttet TV 2 sine pakker. Du m\u00e5 ha en bruker p\u00e5 TV 2 Play for \u00e5 se kampene, men du trenger ikke et aktivt abonnement p\u00e5 TV 2 Play.<br>Du kan derfor se MyGame-innhold b\u00e5de med og uten et abonnement p\u00e5 TV 2 Play.<\/p>\n<\/div><\/div>\n\n\n\n<div class=\"wp-block-msswb-panel msswb-panel-container\"><div class=\"mwwsb-panel-header\"><div class=\"mwwsb-panel-title\">N\u00e5r kan jeg se kampene?<\/div><div class=\"mwwsb-panel-icon\"><span class=\"dashicon dashicons dashicons-arrow-down-alt2\"><\/span><\/div><\/div><div class=\"msswb-panel-content\">\n<p>Du kan se kampene b\u00e5de direkte og i opptak. Av hensyn til spillernes personvern avpubliseres kampene fra MyGame etter 2-3 m\u00e5neder avhengig av turnering.<\/p>\n<\/div><\/div>\n\n\n\n<div class=\"wp-block-msswb-panel msswb-panel-container\"><div class=\"mwwsb-panel-header\"><div class=\"mwwsb-panel-title\">Hvilke enheter kan jeg bruke?<\/div><div class=\"mwwsb-panel-icon\"><span class=\"dashicon dashicons dashicons-arrow-down-alt2\"><\/span><\/div><\/div><div class=\"msswb-panel-content\">\n<p>Du kan se MyGame-innhold med disse enhetene:<\/p>\n\n\n\n<ul class=\"wp-block-list\">\n<li>Samsung Smart TV fra 2017 og nyere<\/li>\n\n\n\n<li>LG Smart TV fra 2018 og nyere<\/li>\n\n\n\n<li>Android TV<\/li>\n\n\n\n<li>Android TV-boks<\/li>\n\n\n\n<li>Apple TV 4 og Apple TV 4K<\/li>\n\n\n\n<li>TV-boks fra en rekke TV-leverand\u00f8rer<\/li>\n\n\n\n<li>Chromecast<\/li>\n\n\n\n<li>Google Chromecast med Google TV<\/li>\n\n\n\n<li>iPhone og iPad<\/li>\n\n\n\n<li>Android mobil og Android nettbrett<\/li>\n\n\n\n<li>PC<\/li>\n\n\n\n<li>MacBook<\/li>\n<\/ul>\n<\/div><\/div>\n\n\n\n<div class=\"wp-block-msswb-spacer msswb-spacer-container show-line\" style=\"height:29px\"><div class=\"line\" style=\"border-bottom-width:1px;border-bottom-color:#2f0ce6;height:14px\"><\/div><div class=\"line-center-divider\"><\/div><\/div>\n\n\n\n<p><a href=\"https:\/\/bandyforbundet.no\/innebandy\/?page_id=11960\" data-type=\"URL\" data-id=\"https:\/\/bandyforbundet.no\/innebandy\/?page_id=11960\" target=\"_blank\" rel=\"noreferrer noopener\">Klikk her for \u00e5 lese mer om str\u00f8mming av innebandykamper<\/a><\/p>\n\n\n\n<p class=\"has-text-align-center\"><strong>Siste om str\u00f8mming og TV:<\/strong><\/p>\n\n\n<div class=\"msswb-display-posts-frontend-app-v2\" data-url-encoded-attrs=\"%7B%22mode%22%3A%22grid%22%2C%22carouselHeight%22%3A500%2C%22carouselMax%22%3A10%2C%22startAnimation%22%3A%22start%22%2C%22design%22%3A%22msswbcard%22%2C%22hideExcerpt%22%3Afalse%2C%22filterDate%22%3A%22fromdate%22%2C%22dateObj%22%3A%7B%22fromDate%22%3A%222019-07-01%22%7D%2C%22scrollDirection%22%3A%22vertical%22%2C%22displayPostsFromCategories%22%3A%5B%7B%22blog_id%22%3A3%2C%22included%22%3A%5B264%5D%2C%22excluded%22%3A%5B%5D%7D%5D%2C%22displayPostsFromSharedCategories%22%3A%5B%7B%22blog_id%22%3A2%2C%22included%22%3A%5B167%5D%2C%22excluded%22%3A%5B%5D%7D%5D%2C%22maxCols%22%3A3%7D\" ><\/div>","protected":false},"excerpt":{"rendered":"<p>Norges Bandyforbund (NBF) har et samarbeid om filming av norsk elite- og breddeinnebandy med MyGame og TV2. MyGame monterer stadig flere sportskameraer i haller og p\u00e5 arenaer i hele Norge, og arbeider mot v\u00e5rt felles m\u00e5l om \u00e5 kunne dekke elite- og breddeinnebandy. Klikk her for \u00e5 lese mer om str\u00f8mming av innebandykamper Siste om [&hellip;]<\/p>\n","protected":false},"author":66,"featured_media":0,"parent":3795,"menu_order":0,"comment_status":"closed","ping_status":"closed","template":"templates\/template-cover.php","meta":{"cover_meta":"{\"showBackgroundImage\":true,\"bgImage\":{\"image_id\":12073,\"blog_id\":3,\"term_id\":-1,\"selected_size\":\"full\"},\"showOverlay\":false,\"overlayColor\":\"#4f1616\",\"overlayOpacity\":0.8,\"showIntro\":false,\"introColor\":\"white\",\"intro\":\"\",\"title\":\"\",\"titleColor\":\"white\",\"showOutro\":false,\"outroColor\":\"white\",\"outro\":\"Innebandy\"}","footnotes":""},"class_list":["post-20689","page","type-page","status-publish","hentry"],"_links":{"self":[{"href":"https:\/\/bandyforbundet.no\/innebandy\/index.php?rest_route=\/wp\/v2\/pages\/20689","targetHints":{"allow":["GET"]}}],"collection":[{"href":"https:\/\/bandyforbundet.no\/innebandy\/index.php?rest_route=\/wp\/v2\/pages"}],"about":[{"href":"https:\/\/bandyforbundet.no\/innebandy\/index.php?rest_route=\/wp\/v2\/types\/page"}],"author":[{"embeddable":true,"href":"https:\/\/bandyforbundet.no\/innebandy\/index.php?rest_route=\/wp\/v2\/users\/66"}],"replies":[{"embeddable":true,"href":"https:\/\/bandyforbundet.no\/innebandy\/index.php?rest_route=%2Fwp%2Fv2%2Fcomments&post=20689"}],"version-history":[{"count":10,"href":"https:\/\/bandyforbundet.no\/innebandy\/index.php?rest_route=\/wp\/v2\/pages\/20689\/revisions"}],"predecessor-version":[{"id":20700,"href":"https:\/\/bandyforbundet.no\/innebandy\/index.php?rest_route=\/wp\/v2\/pages\/20689\/revisions\/20700"}],"up":[{"embeddable":true,"href":"https:\/\/bandyforbundet.no\/innebandy\/index.php?rest_route=\/wp\/v2\/pages\/3795"}],"wp:attachment":[{"href":"https:\/\/bandyforbundet.no\/innebandy\/index.php?rest_route=%2Fwp%2Fv2%2Fmedia&parent=20689"}],"curies":[{"name":"wp","href":"https:\/\/api.w.org\/{rel}","templated":true}]}}