{"id":3764,"date":"2017-09-22T13:05:40","date_gmt":"2017-09-22T11:05:40","guid":{"rendered":"http:\/\/bandyforbundet.no\/innebandy\/?page_id=3764"},"modified":"2024-10-02T15:00:03","modified_gmt":"2024-10-02T15:00:03","slug":"innebandylive","status":"publish","type":"page","link":"https:\/\/bandyforbundet.no\/innebandy\/?page_id=3764","title":{"rendered":"InnebandyLIVE"},"content":{"rendered":"\n<div class=\"wp-block-msswb-spacer msswb-spacer-container\" style=\"height:38px\"><div class=\"line\" style=\"height:19px\"><\/div><div class=\"line-center-divider\"><\/div><\/div>\n\n\n\n<h2 class=\"wp-block-heading\">Neste kamper LIVE:<\/h2>\n\n\n<div class=\"msswb-link-box-grid-frontend-app-v2\" data-url-encoded-attrs=\"%7B%22maxCols%22%3A2%2C%22showTitle%22%3Atrue%2C%22titleColor%22%3A%22%23ffffff%22%2C%22useColorBackground%22%3Atrue%2C%22bgColor%22%3A%22%232c218b%22%2C%22overlayColor%22%3A%7B%22r%22%3A69%2C%22g%22%3A126%2C%22b%22%3A191%2C%22a%22%3A0.1%7D%2C%22linkBoxes%22%3A%5B%7B%22link_type%22%3A%22url%22%2C%22blog_id%22%3Afalse%2C%22ID%22%3Afalse%2C%22link%22%3A%22https%3A%2F%2Fbandyforbundet.no%2Finnebandy%2F%3Fpage_id%3D15828%23%2Fsport%2F72%2Fseason%2F201039%2Fregion%2F429169%2Ftab%2F1%22%2C%22image%22%3A%7B%22image_id%22%3A898%2C%22blog_id%22%3A4%2C%22term_id%22%3A101%7D%2C%22featuredImage%22%3Afalse%2C%22showTitle%22%3Atrue%2C%22showAltTitle%22%3Atrue%2C%22altTitle%22%3A%22Forbundsserier%22%7D%2C%7B%22link_type%22%3A%22url%22%2C%22blog_id%22%3Afalse%2C%22ID%22%3Afalse%2C%22link%22%3A%22https%3A%2F%2Fbandyforbundet.no%2Finnebandy%2F%3Fpage_id%3D15828%23%2Fsport%2F72%2Fseason%2F201039%2Ftab%2F1%22%2C%22image%22%3A%7B%22image_id%22%3A898%2C%22blog_id%22%3A4%2C%22term_id%22%3A101%7D%2C%22featuredImage%22%3Afalse%2C%22showTitle%22%3Atrue%2C%22showAltTitle%22%3Atrue%2C%22altTitle%22%3A%22Hele%20landet%22%7D%5D%7D\" ><\/div>\n\n\n<div style=\"height:50px\" aria-hidden=\"true\" class=\"wp-block-spacer\"><\/div>\n\n\n\n<p>Alle landets kretser og regioner benytter elektronisk kampskjema for sine kamper og det er derfor v\u00e6re mulig \u00e5 f\u00f8lge alle innebandykamper over hele landet direkte med kampfakta underveis i kampene. Mange av kampene blir ogs\u00e5 str\u00f8mmet hos <a href=\"https:\/\/bandyforbundet.no\/innebandy\/?page_id=11960\">MyGame<\/a>.<\/p>\n\n\n\n<p>Fra boksene over kan man \u00e5pne kampsenteret \u00e5 trykke seg fram til de kampene man \u00f8nsker \u00e5 f\u00f8lge. <\/p>\n\n\n\n<p>For \u00e5 f\u00e5 enda bedre oversikt over hva som skjer med dine favorittlag, anbefaler vi mobilappen MinBandy som kan lastes ned fra App Store eller Google Play.<\/p>\n","protected":false},"excerpt":{"rendered":"<p>Neste kamper LIVE: Alle landets kretser og regioner benytter elektronisk kampskjema for sine kamper og det er derfor v\u00e6re mulig \u00e5 f\u00f8lge alle innebandykamper over hele landet direkte med kampfakta underveis i kampene. Mange av kampene blir ogs\u00e5 str\u00f8mmet hos MyGame. Fra boksene over kan man \u00e5pne kampsenteret \u00e5 trykke seg fram til de kampene [&hellip;]<\/p>\n","protected":false},"author":47,"featured_media":0,"parent":3760,"menu_order":0,"comment_status":"closed","ping_status":"closed","template":"templates\/template-cover.php","meta":{"cover_meta":"{\"showBackgroundImage\":true,\"bgImage\":{\"image_id\":8735,\"blog_id\":3,\"term_id\":256,\"selected_size\":\"full\"},\"showOverlay\":true,\"overlayColor\":\"#2c218b\",\"overlayOpacity\":0.7,\"showIntro\":false,\"introColor\":\"white\",\"intro\":\"\",\"title\":\"Neste kamper LIVE\",\"titleColor\":\"white\",\"showOutro\":true,\"outroColor\":\"white\",\"outro\":\"Innebandy\"}","footnotes":""},"class_list":["post-3764","page","type-page","status-publish","hentry"],"_links":{"self":[{"href":"https:\/\/bandyforbundet.no\/innebandy\/index.php?rest_route=\/wp\/v2\/pages\/3764","targetHints":{"allow":["GET"]}}],"collection":[{"href":"https:\/\/bandyforbundet.no\/innebandy\/index.php?rest_route=\/wp\/v2\/pages"}],"about":[{"href":"https:\/\/bandyforbundet.no\/innebandy\/index.php?rest_route=\/wp\/v2\/types\/page"}],"author":[{"embeddable":true,"href":"https:\/\/bandyforbundet.no\/innebandy\/index.php?rest_route=\/wp\/v2\/users\/47"}],"replies":[{"embeddable":true,"href":"https:\/\/bandyforbundet.no\/innebandy\/index.php?rest_route=%2Fwp%2Fv2%2Fcomments&post=3764"}],"version-history":[{"count":16,"href":"https:\/\/bandyforbundet.no\/innebandy\/index.php?rest_route=\/wp\/v2\/pages\/3764\/revisions"}],"predecessor-version":[{"id":18480,"href":"https:\/\/bandyforbundet.no\/innebandy\/index.php?rest_route=\/wp\/v2\/pages\/3764\/revisions\/18480"}],"up":[{"embeddable":true,"href":"https:\/\/bandyforbundet.no\/innebandy\/index.php?rest_route=\/wp\/v2\/pages\/3760"}],"wp:attachment":[{"href":"https:\/\/bandyforbundet.no\/innebandy\/index.php?rest_route=%2Fwp%2Fv2%2Fmedia&parent=3764"}],"curies":[{"name":"wp","href":"https:\/\/api.w.org\/{rel}","templated":true}]}}