{"id":3765,"date":"2016-07-07T12:29:33","date_gmt":"2016-07-07T10:29:33","guid":{"rendered":"http:\/\/bandyforbundet.no\/innebandy\/?page_id=3765"},"modified":"2025-04-25T12:51:48","modified_gmt":"2025-04-25T12:51:48","slug":"statistikk-7","status":"publish","type":"page","link":"https:\/\/bandyforbundet.no\/innebandy\/?page_id=3765","title":{"rendered":"Statistikk"},"content":{"rendered":"\n<div class=\"wp-block-msswb-panel msswb-panel-container\"><div class=\"mwwsb-panel-header\"><div class=\"mwwsb-panel-title\">Offisielle nasjonale titler i innebandy pr. sesong (92\/93 til 24\/25)<\/div><div class=\"mwwsb-panel-icon\"><span class=\"dashicon dashicons dashicons-arrow-down-alt2\"><\/span><\/div><\/div><div class=\"msswb-panel-content\"><div class=\"msswb-image-frontend-app\"data-href-target=\"false\" data-href=\"%22%22\" data-use-link=\"false\" data-screen-width=\"false\" data-alignment=\"%22full%22\" data-url=\"%22%5C%2Fwp-content%5C%2Fuploads%5C%2Fsites%5C%2F3%5C%2F2025%5C%2F04%5C%2FTitler_sesong_2425.jpg%22\" data-is-background-image=\"false\" data-border-radius=\"0\" data-image-width=\"1625\" data-image-height=\"768\" data-selected-image=\"%7B%22image_id%22%3A20298%2C%22blog_id%22%3A3%2C%22term_id%22%3A-1%2C%22selected_size%22%3A%22full%22%7D\" data-image-aspect-ratio=\"0.47\" data-alt-text=\"%22%22\" data-caption=\"%22%22\" data-width=\"400\" data-height=\"188\" data-focal-point=\"\" data-show-light-box=\"true\" >\n<div class=\"msswb-image-block msswbfull\"><div class=\"msswb-image show-lightbox\"><div class=\"image-container fullwidth\" style=\"width:100%;height:100%\"><img decoding=\"async\" style=\"width:100%\" src=\"\/wp-content\/uploads\/sites\/3\/2025\/04\/Titler_sesong_2425.jpg\"\/><\/div><\/div><div class=\"msswb-image-caption-container\"><div class=\"msswb-image-caption\"><\/div><\/div><\/div>\n<\/div>\n\n\n<p class=\"has-small-font-size\"><strong>Vinnere av uoffisielle NM for senior:<\/strong><br>1991\/1992: Menn: AK-90, Kvinner: Akerselva<br>1990\/1991: Menn: Hosle, Kvinner: Hasle\/L\u00f8ren, \u00c5pen klasse: AK-90<br>1989\/1990: Menn: Snar\u00f8en, Kvinner: Solberg<\/p>\n<\/div><\/div>\n\n\n\n<div class=\"wp-block-msswb-panel msswb-panel-container\"><div class=\"mwwsb-panel-header\"><div class=\"mwwsb-panel-title\">Antall offisielle nasjonale titler i innebandy pr. klubb (pr. sesongen 24\/25)<\/div><div class=\"mwwsb-panel-icon\"><span class=\"dashicon dashicons dashicons-arrow-down-alt2\"><\/span><\/div><\/div><div class=\"msswb-panel-content\"><div class=\"msswb-image-frontend-app\"data-href-target=\"false\" data-href=\"%22%22\" data-use-link=\"false\" data-screen-width=\"false\" data-alignment=\"%22full%22\" data-url=\"%22%5C%2Fwp-content%5C%2Fuploads%5C%2Fsites%5C%2F3%5C%2F2025%5C%2F04%5C%2FTitler_klubb_2425_NC.jpg%22\" data-is-background-image=\"false\" data-border-radius=\"0\" data-image-width=\"1847\" data-image-height=\"629\" data-selected-image=\"%7B%22image_id%22%3A20302%2C%22blog_id%22%3A3%2C%22term_id%22%3A-1%2C%22selected_size%22%3A%22full%22%7D\" data-image-aspect-ratio=\"0.34\" data-alt-text=\"%22%22\" data-caption=\"%22%22\" data-width=\"400\" data-height=\"136\" data-focal-point=\"\" data-show-light-box=\"true\" >\n<div class=\"msswb-image-block msswbfull\"><div class=\"msswb-image show-lightbox\"><div class=\"image-container fullwidth\" style=\"width:100%;height:100%\"><img decoding=\"async\" style=\"width:100%\" src=\"\/wp-content\/uploads\/sites\/3\/2025\/04\/Titler_klubb_2425_NC.jpg\"\/><\/div><\/div><div class=\"msswb-image-caption-container\"><div class=\"msswb-image-caption\"><\/div><\/div><\/div>\n<\/div><\/div><\/div>\n\n\n<div class=\"msswb-link-box-grid-frontend-app-v2\" data-url-encoded-attrs=\"%7B%22maxCols%22%3A5%2C%22showTitle%22%3Atrue%2C%22titleColor%22%3A%22%23192455%22%2C%22useColorBackground%22%3Afalse%2C%22bgColor%22%3A%22%23d45c5c%22%2C%22overlayColor%22%3A%7B%22r%22%3A242%2C%22g%22%3A244%2C%22b%22%3A246%2C%22a%22%3A0.1%7D%2C%22linkBoxes%22%3A%5B%7B%22link_type%22%3A%22page%22%2C%22blog_id%22%3A3%2C%22ID%22%3A3769%2C%22link%22%3A%22https%3A%2F%2Fbandyforbundet.no%2Finnebandy%3Fpage_id%3D3769%22%2C%22image%22%3A%7B%22image_id%22%3A897%2C%22blog_id%22%3A4%2C%22term_id%22%3A101%7D%2C%22featuredImage%22%3Afalse%2C%22showTitle%22%3Atrue%2C%22showAltTitle%22%3Atrue%2C%22altTitle%22%3A%22ELITE%20MENN%22%7D%2C%7B%22link_type%22%3A%22page%22%2C%22blog_id%22%3A3%2C%22ID%22%3A3767%2C%22link%22%3A%22https%3A%2F%2Fbandyforbundet.no%2Finnebandy%3Fpage_id%3D3767%22%2C%22image%22%3A%7B%22image_id%22%3A897%2C%22blog_id%22%3A4%2C%22term_id%22%3A101%7D%2C%22featuredImage%22%3Afalse%2C%22showTitle%22%3Atrue%2C%22showAltTitle%22%3Atrue%2C%22altTitle%22%3A%22ELITE%20KVINNER%22%7D%2C%7B%22link_type%22%3A%22page%22%2C%22blog_id%22%3A3%2C%22ID%22%3A3766%2C%22link%22%3A%22https%3A%2F%2Fbandyforbundet.no%2Finnebandy%3Fpage_id%3D3766%22%2C%22image%22%3A%7B%22image_id%22%3A897%2C%22blog_id%22%3A4%2C%22term_id%22%3A101%7D%2C%22featuredImage%22%3Afalse%2C%22showTitle%22%3Atrue%2C%22showAltTitle%22%3Atrue%2C%22altTitle%22%3A%221.%20DIV%20%C3%98ST%20MENN%22%7D%2C%7B%22link_type%22%3A%22page%22%2C%22blog_id%22%3A3%2C%22ID%22%3A3772%2C%22link%22%3A%22https%3A%2F%2Fbandyforbundet.no%2Finnebandy%3Fpage_id%3D3772%22%2C%22image%22%3A%7B%22image_id%22%3A897%2C%22blog_id%22%3A4%2C%22term_id%22%3A101%7D%2C%22featuredImage%22%3Afalse%2C%22showTitle%22%3Atrue%2C%22showAltTitle%22%3Atrue%2C%22altTitle%22%3A%22NM%22%7D%2C%7B%22link_type%22%3A%22page%22%2C%22blog_id%22%3A3%2C%22ID%22%3A3771%2C%22link%22%3A%22https%3A%2F%2Fbandyforbundet.no%2Finnebandy%3Fpage_id%3D3771%22%2C%22image%22%3A%7B%22image_id%22%3A897%2C%22blog_id%22%3A4%2C%22term_id%22%3A101%7D%2C%22featuredImage%22%3Afalse%2C%22showTitle%22%3Atrue%2C%22showAltTitle%22%3Atrue%2C%22altTitle%22%3A%22ELITEKVAL%20MENN%22%7D%5D%7D\" ><\/div>\n\n\n<div style=\"height:50px\" aria-hidden=\"true\" class=\"wp-block-spacer\"><\/div>\n\n\n\n<p><strong>Statistikk fra f\u00f8r sesongen 2016\/2017:<\/strong><\/p>\n\n\n\n<p>Vi jobber med \u00e5 f\u00e5 overf\u00f8rt all historisk statistikk, men inntil videre finner dere fortsatt dette p\u00e5 v\u00e5re gamle nettsider.<\/p>\n\n\n\n<p>Klikk <a href=\"http:\/\/www.innebandy.no\/statistikk\" target=\"_blank\" rel=\"noopener\">her<\/a> for \u00e5 g\u00e5 til tidligere sesongers Statistikk.<\/p>\n","protected":false},"excerpt":{"rendered":"<p>Statistikk fra f\u00f8r sesongen 2016\/2017: Vi jobber med \u00e5 f\u00e5 overf\u00f8rt all historisk statistikk, men inntil videre finner dere fortsatt dette p\u00e5 v\u00e5re gamle nettsider. Klikk her for \u00e5 g\u00e5 til tidligere sesongers Statistikk.<\/p>\n","protected":false},"author":47,"featured_media":0,"parent":3752,"menu_order":0,"comment_status":"closed","ping_status":"closed","template":"templates\/template-cover.php","meta":{"cover_meta":"{\"showBackgroundImage\":true,\"bgImage\":{\"image_id\":15077,\"blog_id\":3,\"term_id\":172,\"selected_size\":\"full\"},\"showOverlay\":true,\"overlayColor\":\"#02370c\",\"overlayOpacity\":0.8,\"showIntro\":true,\"introColor\":\"white\",\"intro\":\"Historiske\",\"title\":\"Resultater og statistikk\",\"titleColor\":\"white\",\"showOutro\":true,\"outroColor\":\"white\",\"outro\":\"Innebandy\"}","footnotes":""},"class_list":["post-3765","page","type-page","status-publish","hentry"],"_links":{"self":[{"href":"https:\/\/bandyforbundet.no\/innebandy\/index.php?rest_route=\/wp\/v2\/pages\/3765","targetHints":{"allow":["GET"]}}],"collection":[{"href":"https:\/\/bandyforbundet.no\/innebandy\/index.php?rest_route=\/wp\/v2\/pages"}],"about":[{"href":"https:\/\/bandyforbundet.no\/innebandy\/index.php?rest_route=\/wp\/v2\/types\/page"}],"author":[{"embeddable":true,"href":"https:\/\/bandyforbundet.no\/innebandy\/index.php?rest_route=\/wp\/v2\/users\/47"}],"replies":[{"embeddable":true,"href":"https:\/\/bandyforbundet.no\/innebandy\/index.php?rest_route=%2Fwp%2Fv2%2Fcomments&post=3765"}],"version-history":[{"count":16,"href":"https:\/\/bandyforbundet.no\/innebandy\/index.php?rest_route=\/wp\/v2\/pages\/3765\/revisions"}],"predecessor-version":[{"id":20303,"href":"https:\/\/bandyforbundet.no\/innebandy\/index.php?rest_route=\/wp\/v2\/pages\/3765\/revisions\/20303"}],"up":[{"embeddable":true,"href":"https:\/\/bandyforbundet.no\/innebandy\/index.php?rest_route=\/wp\/v2\/pages\/3752"}],"wp:attachment":[{"href":"https:\/\/bandyforbundet.no\/innebandy\/index.php?rest_route=%2Fwp%2Fv2%2Fmedia&parent=3765"}],"curies":[{"name":"wp","href":"https:\/\/api.w.org\/{rel}","templated":true}]}}