{"id":3766,"date":"2018-09-11T14:20:57","date_gmt":"2018-09-11T12:20:57","guid":{"rendered":"http:\/\/bandyforbundet.no\/innebandy\/?page_id=3766"},"modified":"2024-10-02T14:47:48","modified_gmt":"2024-10-02T14:47:48","slug":"statistikk-1-div-ost-menn","status":"publish","type":"page","link":"https:\/\/bandyforbundet.no\/innebandy\/?page_id=3766","title":{"rendered":"Statistikk 1.div \u00f8st menn"},"content":{"rendered":"\n<h2 class=\"wp-block-heading\">Statistikk 1.div \u00f8st menn<\/h2>\n\n\n\n<div class=\"wp-block-msswb-spacer msswb-spacer-container\" style=\"height:27px\"><div class=\"line\" style=\"height:13px\"><\/div><div class=\"line-center-divider\"><\/div><\/div>\n\n\n\n<div class=\"wp-block-msswb-panel msswb-panel-container\"><div class=\"mwwsb-panel-header\"><div class=\"mwwsb-panel-title\">Statistikk fra 1.div \u00f8st menn 2024\/2025<\/div><div class=\"mwwsb-panel-icon\"><span class=\"dashicon dashicons dashicons-arrow-down-alt2\"><\/span><\/div><\/div><div class=\"msswb-panel-content\">\n<p><a href=\"https:\/\/bandyforbundet.no\/innebandy\/?page_id=15828#\/sport\/72\/season\/201039\/region\/429169\/tournament\/430744\/tab\/0\">Resultater, tabell og statistikk 1.div \u00f8st menn 24\/25<\/a><\/p>\n<\/div><\/div>\n\n\n\n<div class=\"wp-block-msswb-panel msswb-panel-container\"><div class=\"mwwsb-panel-header\"><div class=\"mwwsb-panel-title\">Statistikk fra 1.div \u00f8st menn 2023\/2024<\/div><div class=\"mwwsb-panel-icon\"><span class=\"dashicon dashicons dashicons-arrow-down-alt2\"><\/span><\/div><\/div><div class=\"msswb-panel-content\">\n<p><a href=\"https:\/\/bandyforbundet.no\/innebandy\/?page_id=15828#\/sport\/72\/season\/201014\/region\/420029\/tournament\/421180\/tab\/0\">Resultater, tabell og statistikk 1.div \u00f8st menn 23\/24<a href=\"https:\/\/bandyforbundet.no\/innebandy\/?page_id=15828#\/sport\/72\/season\/200979\/region\/412082\/tournament\/412176\/tab\/0\"><\/a><\/a><\/p>\n<\/div><\/div>\n\n\n\n<div class=\"wp-block-msswb-panel msswb-panel-container\"><div class=\"mwwsb-panel-header\"><div class=\"mwwsb-panel-title\">Statistikk fra 1.div \u00f8st menn 2022\/2023<\/div><div class=\"mwwsb-panel-icon\"><span class=\"dashicon dashicons dashicons-arrow-down-alt2\"><\/span><\/div><\/div><div class=\"msswb-panel-content\">\n<p><a href=\"https:\/\/bandyforbundet.no\/innebandy\/?page_id=15828#\/sport\/72\/season\/200979\/region\/412082\/tournament\/412176\/tab\/0\">Resultater, tabell og statistikk 1.div \u00f8st menn 22\/23<\/a><\/p>\n<\/div><\/div>\n\n\n\n<div class=\"wp-block-msswb-panel msswb-panel-container\"><div class=\"mwwsb-panel-header\"><div class=\"mwwsb-panel-title\">Statistikk fra 1.div \u00f8st menn 2021\/2022<\/div><div class=\"mwwsb-panel-icon\"><span class=\"dashicon dashicons dashicons-arrow-down-alt2\"><\/span><\/div><\/div><div class=\"msswb-panel-content\">\n<p><a href=\"https:\/\/bandyforbundet.no\/innebandy\/?page_id=15828#\/sport\/72\/season\/200939\/region\/403741\/tournament\/404891\/tab\/0\">Resultater, tabell og statistikk 1.div \u00f8st menn 21\/22<\/a><\/p>\n\n\n\n<p><em>Asker IBK trakk laget sitt 29. september 2021, etter \u00e5 ha spilt \u00e9n kamp mot Ajer IBK<\/em><\/p>\n<\/div><\/div>\n\n\n\n<div class=\"wp-block-msswb-panel msswb-panel-container\"><div class=\"mwwsb-panel-header\"><div class=\"mwwsb-panel-title\">Statistikk fra 1.div \u00f8st menn 2020\/2021<\/div><div class=\"mwwsb-panel-icon\"><span class=\"dashicon dashicons dashicons-arrow-down-alt2\"><\/span><\/div><\/div><div class=\"msswb-panel-content\">\n<p>1.div. \u00d8stland menn 20\/21 skulle v\u00e6rt spilt med 10 lag (Ajer, Asker, B\u00e6kkelaget, Grei, Lillestr\u00f8m, Lyn, Monolitten, St. Croix, Ull\/Kisa og V\u00e5lerenga), men p\u00e5 grunn av koronarestriksjoner fikk lagene ikke tillatelse til \u00e5 spille kamper sesongen 2020\/2021.<\/p>\n<\/div><\/div>\n\n\n\n<div class=\"wp-block-msswb-panel msswb-panel-container\"><div class=\"mwwsb-panel-header\"><div class=\"mwwsb-panel-title\">Statistikk fra 1.div \u00f8st menn 2019\/2020<\/div><div class=\"mwwsb-panel-icon\"><span class=\"dashicon dashicons dashicons-arrow-down-alt2\"><\/span><\/div><\/div><div class=\"msswb-panel-content\"><div class=\"msswb-image-frontend-app\"data-href-target=\"false\" data-href=\"%22%22\" data-use-link=\"false\" data-screen-width=\"false\" data-alignment=\"%22right%22\" data-url=\"%22%5C%2Fwp-content%5C%2Fuploads%5C%2Fsites%5C%2F3%5C%2F2023%5C%2F08%5C%2FIMG_4112.jpg%22\" data-is-background-image=\"false\" data-border-radius=\"11\" data-image-width=\"913\" data-image-height=\"445\" data-selected-image=\"%7B%22image_id%22%3A15017%2C%22blog_id%22%3A3%2C%22term_id%22%3A-1%2C%22selected_size%22%3A%22full%22%7D\" data-image-aspect-ratio=\"0.49\" data-alt-text=\"%22%22\" data-caption=\"%22%22\" data-width=\"223\" data-height=\"109\" data-focal-point=\"\" data-show-light-box=\"true\" >\n<div class=\"msswb-image-block msswbright\" style=\"width:223px\"><div class=\"msswb-image show-lightbox\"><div class=\"image-container\" style=\"width:223px;height:109px\"><img decoding=\"async\" style=\"width:223px;height:109px;border-radius:11px\" src=\"\/wp-content\/uploads\/sites\/3\/2023\/08\/IMG_4112.jpg\"\/><\/div><\/div><div class=\"msswb-image-caption-container\"><div class=\"msswb-image-caption\"><\/div><\/div><\/div>\n<\/div>\n\n\n<p><a href=\"https:\/\/bandyforbundet.no\/innebandy\/?page_id=15828#\/sport\/72\/season\/200868\/region\/389996\/tournament\/390052\/tab\/0\">Resultater, tabell og statistikk 1.div \u00f8st menn 19\/00<\/a><br><\/p>\n\n\n\n<p>1.div \u00f8st for menn hadde siste serierunde 8. mars 2020, og ble gjennomf\u00f8rt som normalt f\u00f8r COVID-19 pandemien stengte ned det norske samfunnet 12. mars.\u00a0 Ull\/Kisa ble seriemestere, med Lyn p\u00e5 2. plass og Asker p\u00e5 3. plass.<\/p>\n<\/div><\/div>\n\n\n\n<div class=\"wp-block-msswb-panel msswb-panel-container\"><div class=\"mwwsb-panel-header\"><div class=\"mwwsb-panel-title\">Statistikk fra 1.div \u00f8st menn 2018\/2019<\/div><div class=\"mwwsb-panel-icon\"><span class=\"dashicon dashicons dashicons-arrow-down-alt2\"><\/span><\/div><\/div><div class=\"msswb-panel-content\">\n<p><a href=\"https:\/\/bandyforbundet.no\/innebandy\/?page_id=15828#\/sport\/72\/season\/200834\/region\/383684\/tournament\/383884\/tab\/0\">Resultater, tabell og statistikk 1.div \u00f8st menn 18\/19<\/a><\/p>\n<\/div><\/div>\n\n\n\n<div class=\"wp-block-msswb-panel msswb-panel-container\"><div class=\"mwwsb-panel-header\"><div class=\"mwwsb-panel-title\">Statistikk fra 1.div \u00f8st menn 2017\/2018<\/div><div class=\"mwwsb-panel-icon\"><span class=\"dashicon dashicons dashicons-arrow-down-alt2\"><\/span><\/div><\/div><div class=\"msswb-panel-content\">\n<p><a href=\"https:\/\/bandyforbundet.no\/innebandy\/?page_id=15828#\/sport\/72\/season\/200806\/region\/375515\/tournament\/375858\/tab\/0\">Resultater, tabell og statistikk 1.div \u00f8st menn 17\/18<\/a><\/p>\n<\/div><\/div>\n\n\n\n<div class=\"wp-block-msswb-panel msswb-panel-container\"><div class=\"mwwsb-panel-header\"><div class=\"mwwsb-panel-title\">Statistikk fra 1.div \u00f8st menn 2016\/2017<\/div><div class=\"mwwsb-panel-icon\"><span class=\"dashicon dashicons dashicons-arrow-down-alt2\"><\/span><\/div><\/div><div class=\"msswb-panel-content\">\n<p><a href=\"https:\/\/bandyforbundet.no\/wp-content\/uploads\/sites\/3\/2016\/09\/Stat_1.div_.%C3%B8st_menn_1617-20.pdf\">Lag- og spillerstatistikk 1.div \u00f8st menn 16\/17<\/a><\/p>\n\n\n\n<h5 class=\"wp-block-heading\">Tabell:<\/h5>\n\n\n\n<figure class=\"wp-block-table\"><table><thead><tr><th>#<\/th><th>Lag<\/th><th>K<\/th><th>S<\/th><th>US<\/th><th>UT<\/th><th>T<\/th><th>M\u00e5l<\/th><th>+\/-<\/th><th>P<\/th><\/tr><\/thead><tbody><tr><td>1<\/td><td>B\u00e6kkelaget<\/td><td>16<\/td><td>16<\/td><td>0<\/td><td>0<\/td><td>0<\/td><td>173 &#8211; 63<\/td><td>110<\/td><td>48<\/td><\/tr><tr><td>2<\/td><td>NOR 92<\/td><td>16<\/td><td>12<\/td><td>0<\/td><td>0<\/td><td>4<\/td><td>132 &#8211; 92<\/td><td>40<\/td><td>36<\/td><\/tr><tr><td>3<\/td><td>V\u00e5lerenga Herrer Elite<\/td><td>16<\/td><td>10<\/td><td>1<\/td><td>1<\/td><td>4<\/td><td>149 &#8211; 90<\/td><td>59<\/td><td>33<\/td><\/tr><tr><td>4<\/td><td>\u00d8re\u00e5sen<\/td><td>16<\/td><td>8<\/td><td>0<\/td><td>1<\/td><td>7<\/td><td>117 &#8211; 108<\/td><td>9<\/td><td>25<\/td><\/tr><tr><td>5<\/td><td>Lillestr\u00f8m<\/td><td>16<\/td><td>7<\/td><td>1<\/td><td>1<\/td><td>7<\/td><td>112 &#8211; 109<\/td><td>3<\/td><td>24<\/td><\/tr><tr><td>6<\/td><td>Ajer<\/td><td>16<\/td><td>6<\/td><td>0<\/td><td>1<\/td><td>9<\/td><td>84 &#8211; 87<\/td><td>-3<\/td><td>19<\/td><\/tr><tr><td>7<\/td><td>BVH Verket<\/td><td>16<\/td><td>4<\/td><td>1<\/td><td>1<\/td><td>10<\/td><td>94 &#8211; 143<\/td><td>-49<\/td><td>15<\/td><\/tr><tr><td>8<\/td><td>Holmlia<\/td><td>16<\/td><td>4<\/td><td>1<\/td><td>0<\/td><td>11<\/td><td>73 &#8211; 133<\/td><td>-60<\/td><td>14<\/td><\/tr><tr><td>9<\/td><td>Brumunddal<\/td><td>16<\/td><td>0<\/td><td>1<\/td><td>0<\/td><td>15<\/td><td>66 &#8211; 175<\/td><td>-109<\/td><td>2<\/td><\/tr><\/tbody><\/table><\/figure>\n\n\n\n<figure class=\"wp-block-table\"><table><tbody><tr><td>B\u00e6kkelaget&nbsp;&nbsp;&nbsp;&nbsp;&nbsp;&nbsp;&nbsp;&nbsp;&nbsp;<\/td><td>&#8211;<\/td><td>Brumunddal&nbsp;&nbsp;&nbsp;&nbsp;&nbsp;&nbsp;&nbsp;&nbsp;&nbsp;<\/td><td>17<\/td><td>&#8211;<\/td><td>2<\/td><\/tr><tr><td>BVH Verket<\/td><td>&#8211;<\/td><td>Holmlia<\/td><td>7<\/td><td>&#8211;<\/td><td>8<\/td><\/tr><tr><td>V\u00e5lerenga Herrer Elite<\/td><td>&#8211;<\/td><td>NOR 92<\/td><td>8<\/td><td>&#8211;<\/td><td>3<\/td><\/tr><tr><td>Lillestr\u00f8m&nbsp;&nbsp;&nbsp;&nbsp;&nbsp;&nbsp;&nbsp;&nbsp;&nbsp;<\/td><td>&#8211;<\/td><td>\u00d8re\u00e5sen&nbsp;&nbsp;&nbsp;&nbsp;&nbsp;&nbsp;&nbsp;&nbsp;&nbsp;&nbsp;&nbsp;&nbsp;<\/td><td>4<\/td><td>&#8211;<\/td><td>3<\/td><\/tr><tr><td>Ajer<\/td><td>&#8211;<\/td><td>Lillestr\u00f8m&nbsp;&nbsp;&nbsp;&nbsp;&nbsp;&nbsp;&nbsp;&nbsp;&nbsp;<\/td><td>7<\/td><td>&#8211;<\/td><td>10<\/td><\/tr><tr><td>Brumunddal&nbsp;&nbsp;&nbsp;&nbsp;&nbsp;&nbsp;&nbsp;&nbsp;&nbsp;<\/td><td>&#8211;<\/td><td>NOR 92<\/td><td>5<\/td><td>&#8211;<\/td><td>12<\/td><\/tr><tr><td>\u00d8re\u00e5sen&nbsp;&nbsp;&nbsp;&nbsp;&nbsp;&nbsp;&nbsp;&nbsp;&nbsp;&nbsp;&nbsp;&nbsp;<\/td><td>&#8211;<\/td><td>B\u00e6kkelaget&nbsp;&nbsp;&nbsp;&nbsp;&nbsp;&nbsp;&nbsp;&nbsp;&nbsp;<\/td><td>7<\/td><td>&#8211;<\/td><td>10<\/td><\/tr><tr><td>Holmlia<\/td><td>&#8211;<\/td><td>V\u00e5lerenga Herrer Elite<\/td><td>4<\/td><td>&#8211;<\/td><td>16<\/td><\/tr><tr><td>B\u00e6kkelaget&nbsp;&nbsp;&nbsp;&nbsp;&nbsp;&nbsp;&nbsp;&nbsp;&nbsp;<\/td><td>&#8211;<\/td><td>Ajer<\/td><td>7<\/td><td>&#8211;<\/td><td>2<\/td><\/tr><tr><td>Lillestr\u00f8m&nbsp;&nbsp;&nbsp;&nbsp;&nbsp;&nbsp;&nbsp;&nbsp;&nbsp;<\/td><td>&#8211;<\/td><td>Holmlia<\/td><td>11<\/td><td>&#8211;<\/td><td>4<\/td><\/tr><tr><td>NOR 92<\/td><td>&#8211;<\/td><td>\u00d8re\u00e5sen&nbsp;&nbsp;&nbsp;&nbsp;&nbsp;&nbsp;&nbsp;&nbsp;&nbsp;&nbsp;&nbsp;&nbsp;<\/td><td>9<\/td><td>&#8211;<\/td><td>8<\/td><\/tr><tr><td>V\u00e5lerenga Herrer Elite<\/td><td>&#8211;<\/td><td>BVH Verket<\/td><td>12<\/td><td>&#8211;<\/td><td>3<\/td><\/tr><tr><td>Ajer<\/td><td>&#8211;<\/td><td>NOR 92<\/td><td>4<\/td><td>&#8211;<\/td><td>9<\/td><\/tr><tr><td>Holmlia<\/td><td>&#8211;<\/td><td>B\u00e6kkelaget&nbsp;&nbsp;&nbsp;&nbsp;&nbsp;&nbsp;&nbsp;&nbsp;&nbsp;<\/td><td>2<\/td><td>&#8211;<\/td><td>12<\/td><\/tr><tr><td>BVH Verket<\/td><td>&#8211;<\/td><td>Lillestr\u00f8m&nbsp;&nbsp;&nbsp;&nbsp;&nbsp;&nbsp;&nbsp;&nbsp;&nbsp;<\/td><td>6<\/td><td>&#8211;<\/td><td>10<\/td><\/tr><tr><td>\u00d8re\u00e5sen&nbsp;&nbsp;&nbsp;&nbsp;&nbsp;&nbsp;&nbsp;&nbsp;&nbsp;&nbsp;&nbsp;&nbsp;<\/td><td>&#8211;<\/td><td>Brumunddal&nbsp;&nbsp;&nbsp;&nbsp;&nbsp;&nbsp;&nbsp;&nbsp;&nbsp;<\/td><td>11<\/td><td>&#8211;<\/td><td>6<\/td><\/tr><tr><td>NOR 92<\/td><td>&#8211;<\/td><td>Holmlia<\/td><td>6<\/td><td>&#8211;<\/td><td>1<\/td><\/tr><tr><td>BVH Verket<\/td><td>&#8211;<\/td><td>B\u00e6kkelaget&nbsp;&nbsp;&nbsp;&nbsp;&nbsp;&nbsp;&nbsp;&nbsp;&nbsp;<\/td><td>5<\/td><td>&#8211;<\/td><td>9<\/td><\/tr><tr><td>Brumunddal&nbsp;&nbsp;&nbsp;&nbsp;&nbsp;&nbsp;&nbsp;&nbsp;&nbsp;<\/td><td>&#8211;<\/td><td>Ajer<\/td><td>4<\/td><td>&#8211;<\/td><td>9<\/td><\/tr><tr><td>Lillestr\u00f8m&nbsp;&nbsp;&nbsp;&nbsp;&nbsp;&nbsp;&nbsp;&nbsp;&nbsp;<\/td><td>&#8211;<\/td><td>V\u00e5lerenga Herrer Elite<\/td><td>8<\/td><td>&#8211;<\/td><td>6<\/td><\/tr><tr><td>V\u00e5lerenga Herrer Elite<\/td><td>&#8211;<\/td><td>B\u00e6kkelaget&nbsp;&nbsp;&nbsp;&nbsp;&nbsp;&nbsp;&nbsp;&nbsp;&nbsp;<\/td><td>5<\/td><td>&#8211;<\/td><td>10<\/td><\/tr><tr><td>NOR 92<\/td><td>&#8211;<\/td><td>V\u00e5lerenga Herrer Elite<\/td><td>5<\/td><td>&#8211;<\/td><td>4<\/td><\/tr><tr><td>\u00d8re\u00e5sen&nbsp;&nbsp;&nbsp;&nbsp;&nbsp;&nbsp;&nbsp;&nbsp;&nbsp;&nbsp;&nbsp;&nbsp;<\/td><td>&#8211;<\/td><td>Holmlia<\/td><td>11<\/td><td>&#8211;<\/td><td>5<\/td><\/tr><tr><td>Brumunddal&nbsp;&nbsp;&nbsp;&nbsp;&nbsp;&nbsp;&nbsp;&nbsp;&nbsp;<\/td><td>&#8211;<\/td><td>BVH Verket<\/td><td>6<\/td><td>&#8211;<\/td><td>10<\/td><\/tr><tr><td>Ajer<\/td><td>&#8211;<\/td><td>\u00d8re\u00e5sen&nbsp;&nbsp;&nbsp;&nbsp;&nbsp;&nbsp;&nbsp;&nbsp;&nbsp;&nbsp;&nbsp;&nbsp;<\/td><td>5<\/td><td>&#8211;<\/td><td>6<\/td><\/tr><tr><td>B\u00e6kkelaget&nbsp;&nbsp;&nbsp;&nbsp;&nbsp;&nbsp;&nbsp;&nbsp;&nbsp;<\/td><td>&#8211;<\/td><td>Lillestr\u00f8m&nbsp;&nbsp;&nbsp;&nbsp;&nbsp;&nbsp;&nbsp;&nbsp;&nbsp;<\/td><td>13<\/td><td>&#8211;<\/td><td>1<\/td><\/tr><tr><td>Lillestr\u00f8m&nbsp;&nbsp;&nbsp;&nbsp;&nbsp;&nbsp;&nbsp;&nbsp;&nbsp;<\/td><td>&#8211;<\/td><td>NOR 92<\/td><td>6<\/td><td>&#8211;<\/td><td>7<\/td><\/tr><tr><td>Holmlia<\/td><td>&#8211;<\/td><td>Ajer<\/td><td>3<\/td><td>&#8211;<\/td><td>2<\/td><\/tr><tr><td>BVH Verket<\/td><td>&#8211;<\/td><td>\u00d8re\u00e5sen&nbsp;&nbsp;&nbsp;&nbsp;&nbsp;&nbsp;&nbsp;&nbsp;&nbsp;&nbsp;&nbsp;&nbsp;<\/td><td>10<\/td><td>&#8211;<\/td><td>5<\/td><\/tr><tr><td>V\u00e5lerenga Herrer Elite<\/td><td>&#8211;<\/td><td>Brumunddal&nbsp;&nbsp;&nbsp;&nbsp;&nbsp;&nbsp;&nbsp;&nbsp;&nbsp;<\/td><td>23<\/td><td>&#8211;<\/td><td>5<\/td><\/tr><tr><td>Holmlia<\/td><td>&#8211;<\/td><td>Brumunddal&nbsp;&nbsp;&nbsp;&nbsp;&nbsp;&nbsp;&nbsp;&nbsp;&nbsp;<\/td><td>3<\/td><td>&#8211;<\/td><td>2<\/td><\/tr><tr><td>Ajer<\/td><td>&#8211;<\/td><td>BVH Verket<\/td><td>11<\/td><td>&#8211;<\/td><td>3<\/td><\/tr><tr><td>B\u00e6kkelaget&nbsp;&nbsp;&nbsp;&nbsp;&nbsp;&nbsp;&nbsp;&nbsp;&nbsp;<\/td><td>&#8211;<\/td><td>NOR 92<\/td><td>9<\/td><td>&#8211;<\/td><td>7<\/td><\/tr><tr><td>Brumunddal&nbsp;&nbsp;&nbsp;&nbsp;&nbsp;&nbsp;&nbsp;&nbsp;&nbsp;<\/td><td>&#8211;<\/td><td>Lillestr\u00f8m&nbsp;&nbsp;&nbsp;&nbsp;&nbsp;&nbsp;&nbsp;&nbsp;&nbsp;<\/td><td>6<\/td><td>&#8211;<\/td><td>5<\/td><\/tr><tr><td>\u00d8re\u00e5sen&nbsp;&nbsp;&nbsp;&nbsp;&nbsp;&nbsp;&nbsp;&nbsp;&nbsp;&nbsp;&nbsp;&nbsp;<\/td><td>&#8211;<\/td><td>V\u00e5lerenga Herrer Elite<\/td><td>4<\/td><td>&#8211;<\/td><td>12<\/td><\/tr><tr><td>BVH Verket<\/td><td>&#8211;<\/td><td>NOR 92<\/td><td>10<\/td><td>&#8211;<\/td><td>13<\/td><\/tr><tr><td>Ajer<\/td><td>&#8211;<\/td><td>V\u00e5lerenga Herrer Elite<\/td><td>3<\/td><td>&#8211;<\/td><td>8<\/td><\/tr><tr><td>Holmlia<\/td><td>&#8211;<\/td><td>BVH Verket<\/td><td>6<\/td><td>&#8211;<\/td><td>8<\/td><\/tr><tr><td>Brumunddal&nbsp;&nbsp;&nbsp;&nbsp;&nbsp;&nbsp;&nbsp;&nbsp;&nbsp;<\/td><td>&#8211;<\/td><td>B\u00e6kkelaget&nbsp;&nbsp;&nbsp;&nbsp;&nbsp;&nbsp;&nbsp;&nbsp;&nbsp;<\/td><td>2<\/td><td>&#8211;<\/td><td>12<\/td><\/tr><tr><td>\u00d8re\u00e5sen&nbsp;&nbsp;&nbsp;&nbsp;&nbsp;&nbsp;&nbsp;&nbsp;&nbsp;&nbsp;&nbsp;&nbsp;<\/td><td>&#8211;<\/td><td>Lillestr\u00f8m&nbsp;&nbsp;&nbsp;&nbsp;&nbsp;&nbsp;&nbsp;&nbsp;&nbsp;<\/td><td>8<\/td><td>&#8211;<\/td><td>5<\/td><\/tr><tr><td>V\u00e5lerenga Herrer Elite<\/td><td>&#8211;<\/td><td>Holmlia<\/td><td>12<\/td><td>&#8211;<\/td><td>6<\/td><\/tr><tr><td>Lillestr\u00f8m&nbsp;&nbsp;&nbsp;&nbsp;&nbsp;&nbsp;&nbsp;&nbsp;&nbsp;<\/td><td>&#8211;<\/td><td>Ajer<\/td><td>3<\/td><td>&#8211;<\/td><td>4<\/td><\/tr><tr><td>Ajer<\/td><td>&#8211;<\/td><td>B\u00e6kkelaget&nbsp;&nbsp;&nbsp;&nbsp;&nbsp;&nbsp;&nbsp;&nbsp;&nbsp;<\/td><td>4<\/td><td>&#8211;<\/td><td>10<\/td><\/tr><tr><td>Holmlia<\/td><td>&#8211;<\/td><td>Lillestr\u00f8m&nbsp;&nbsp;&nbsp;&nbsp;&nbsp;&nbsp;&nbsp;&nbsp;&nbsp;<\/td><td>8<\/td><td>&#8211;<\/td><td>6<\/td><\/tr><tr><td>BVH Verket<\/td><td>&#8211;<\/td><td>V\u00e5lerenga Herrer Elite<\/td><td>6<\/td><td>&#8211;<\/td><td>11<\/td><\/tr><tr><td>\u00d8re\u00e5sen&nbsp;&nbsp;&nbsp; &nbsp;&nbsp;&nbsp;&nbsp;&nbsp;&nbsp;&nbsp;&nbsp;&nbsp;<\/td><td>&#8211;<\/td><td>NOR 92<\/td><td>8<\/td><td>&#8211;<\/td><td>6<\/td><\/tr><tr><td>B\u00e6kkelaget&nbsp;&nbsp;&nbsp;&nbsp;&nbsp;&nbsp;&nbsp;&nbsp;&nbsp;<\/td><td>&#8211;<\/td><td>Holmlia<\/td><td>12<\/td><td>&#8211;<\/td><td>3<\/td><\/tr><tr><td>Brumunddal&nbsp;&nbsp;&nbsp;&nbsp;&nbsp;&nbsp;&nbsp;&nbsp;&nbsp;<\/td><td>&#8211;<\/td><td>\u00d8re\u00e5sen&nbsp;&nbsp;&nbsp;&nbsp;&nbsp;&nbsp;&nbsp;&nbsp;&nbsp;&nbsp;&nbsp;&nbsp;<\/td><td>2<\/td><td>&#8211;<\/td><td>10<\/td><\/tr><tr><td>NOR 92<\/td><td>&#8211;<\/td><td>Ajer<\/td><td>4<\/td><td>&#8211;<\/td><td>2<\/td><\/tr><tr><td>Lillestr\u00f8m&nbsp;&nbsp;&nbsp;&nbsp;&nbsp;&nbsp;&nbsp;&nbsp;&nbsp;<\/td><td>&#8211;<\/td><td>BVH Verket<\/td><td>8<\/td><td>&#8211;<\/td><td>2<\/td><\/tr><tr><td>Ajer<\/td><td>&#8211;<\/td><td>Brumunddal&nbsp;&nbsp;&nbsp;&nbsp;&nbsp;&nbsp;&nbsp;&nbsp;&nbsp;<\/td><td>6<\/td><td>&#8211;<\/td><td>1<\/td><\/tr><tr><td>Holmlia<\/td><td>&#8211;<\/td><td>NOR 92<\/td><td>7<\/td><td>&#8211;<\/td><td>8<\/td><\/tr><tr><td>B\u00e6kkelaget&nbsp;&nbsp;&nbsp;&nbsp;&nbsp;&nbsp;&nbsp; &nbsp;&nbsp;<\/td><td>&#8211;<\/td><td>BVH Verket<\/td><td>17<\/td><td>&#8211;<\/td><td>4<\/td><\/tr><tr><td>V\u00e5lerenga Herrer Elite<\/td><td>&#8211;<\/td><td>Lillestr\u00f8m&nbsp;&nbsp;&nbsp;&nbsp;&nbsp;&nbsp;&nbsp;&nbsp;&nbsp;<\/td><td>6<\/td><td>&#8211;<\/td><td>7<\/td><\/tr><tr><td>B\u00e6kkelaget&nbsp;&nbsp;&nbsp;&nbsp;&nbsp;&nbsp;&nbsp;&nbsp;&nbsp;<\/td><td>&#8211;<\/td><td>\u00d8re\u00e5sen&nbsp;&nbsp;&nbsp;&nbsp;&nbsp;&nbsp;&nbsp;&nbsp;&nbsp;&nbsp;&nbsp;&nbsp;<\/td><td>12<\/td><td>&#8211;<\/td><td>6<\/td><\/tr><tr><td>B\u00e6kkelaget&nbsp;&nbsp;&nbsp;&nbsp;&nbsp;&nbsp;&nbsp;&nbsp;&nbsp;<\/td><td>&#8211;<\/td><td>V\u00e5lerenga Herrer Elite<\/td><td>10<\/td><td>&#8211;<\/td><td>5<\/td><\/tr><tr><td>Brumunddal&nbsp;&nbsp;&nbsp;&nbsp;&nbsp;&nbsp;&nbsp;&nbsp;&nbsp;<\/td><td>&#8211;<\/td><td>Holmlia<\/td><td>3<\/td><td>&#8211;<\/td><td>5<\/td><\/tr><tr><td>\u00d8re\u00e5sen&nbsp;&nbsp;&nbsp;&nbsp;&nbsp;&nbsp;&nbsp;&nbsp;&nbsp;&nbsp;&nbsp;&nbsp;<\/td><td>&#8211;<\/td><td>Ajer<\/td><td>6<\/td><td>&#8211;<\/td><td>7<\/td><\/tr><tr><td>NOR 92<\/td><td>&#8211;<\/td><td>BVH Verket<\/td><td>10<\/td><td>&#8211;<\/td><td>2<\/td><\/tr><tr><td>Holmlia<\/td><td>&#8211;<\/td><td>\u00d8re\u00e5sen&nbsp;&nbsp;&nbsp;&nbsp;&nbsp;&nbsp;&nbsp;&nbsp;&nbsp;&nbsp;&nbsp;&nbsp;<\/td><td>6<\/td><td>&#8211;<\/td><td>7<\/td><\/tr><tr><td>BVH Verket<\/td><td>&#8211;<\/td><td>Brumunddal&nbsp;&nbsp;&nbsp;&nbsp;&nbsp;&nbsp;&nbsp;&nbsp;&nbsp;<\/td><td>11<\/td><td>&#8211;<\/td><td>2<\/td><\/tr><tr><td>Lillestr\u00f8m&nbsp;&nbsp;&nbsp;&nbsp;&nbsp;&nbsp;&nbsp;&nbsp;&nbsp;<\/td><td>&#8211;<\/td><td>B\u00e6kkelaget&nbsp;&nbsp;&nbsp;&nbsp;&nbsp;&nbsp;&nbsp;&nbsp;&nbsp;<\/td><td>4<\/td><td>&#8211;<\/td><td>7<\/td><\/tr><tr><td>V\u00e5lerenga Herrer Elite<\/td><td>&#8211;<\/td><td>Ajer<\/td><td>5<\/td><td>&#8211;<\/td><td>3<\/td><\/tr><tr><td>NOR 92<\/td><td>&#8211;<\/td><td>Brumunddal&nbsp;&nbsp;&nbsp;&nbsp;&nbsp;&nbsp;&nbsp;&nbsp;&nbsp;<\/td><td>15<\/td><td>&#8211;<\/td><td>6<\/td><\/tr><tr><td>Ajer<\/td><td>&#8211;<\/td><td>Holmlia<\/td><td>10<\/td><td>&#8211;<\/td><td>2<\/td><\/tr><tr><td>Brumunddal&nbsp;&nbsp;&nbsp;&nbsp;&nbsp;&nbsp;&nbsp;&nbsp;&nbsp;<\/td><td>&#8211;<\/td><td>V\u00e5lerenga Herrer Elite<\/td><td>6<\/td><td>&#8211;<\/td><td>8<\/td><\/tr><tr><td>\u00d8re\u00e5sen&nbsp;&nbsp;&nbsp;&nbsp;&nbsp;&nbsp;&nbsp;&nbsp;&nbsp;&nbsp;&nbsp;&nbsp;<\/td><td>&#8211;<\/td><td>BVH Verket<\/td><td>10<\/td><td>&#8211;<\/td><td>1<\/td><\/tr><tr><td>NOR 92<\/td><td>&#8211;<\/td><td>Lillestr\u00f8m&nbsp;&nbsp;&nbsp;&nbsp;&nbsp;&nbsp;&nbsp;&nbsp;&nbsp;<\/td><td>14<\/td><td>&#8211;<\/td><td>6<\/td><\/tr><tr><td>NOR 92<\/td><td>&#8211;<\/td><td>B\u00e6kkelaget&nbsp;&nbsp;&nbsp;&nbsp;&nbsp;&nbsp;&nbsp;&nbsp;&nbsp;<\/td><td>4<\/td><td>&#8211;<\/td><td>6<\/td><\/tr><tr><td>BVH Verket<\/td><td>&#8211;<\/td><td>Ajer<\/td><td>6<\/td><td>&#8211;<\/td><td>5<\/td><\/tr><tr><td>V\u00e5lerenga Herrer Elite<\/td><td>&#8211;<\/td><td>\u00d8re\u00e5sen&nbsp;&nbsp;&nbsp;&nbsp;&nbsp;&nbsp;&nbsp;&nbsp;&nbsp;&nbsp;&nbsp;&nbsp;<\/td><td>8<\/td><td>&#8211;<\/td><td>7<\/td><\/tr><tr><td>Lillestr\u00f8m&nbsp;&nbsp;&nbsp;&nbsp;&nbsp;&nbsp;&nbsp;&nbsp;&nbsp;<\/td><td>&#8211;<\/td><td>Brumunddal&nbsp;&nbsp;&nbsp;&nbsp;&nbsp;&nbsp;&nbsp;&nbsp;&nbsp;<\/td><td>18<\/td><td>&#8211;<\/td><td>8<\/td><\/tr><\/tbody><\/table><\/figure>\n<\/div><\/div>\n\n\n\n<div style=\"height:50px\" aria-hidden=\"true\" class=\"wp-block-spacer\"><\/div>\n\n\n\n<h5 class=\"wp-block-heading\">Statistikk fra tidligere sesonger:<\/h5>\n\n\n\n<p>Vi jobber med \u00e5 f\u00e5 overf\u00f8rt all historisk statistikk, men inntil videre finner dere fortsatt dette p\u00e5 v\u00e5re gamle nettsider.<\/p>\n\n\n\n<p>Klikk <a href=\"http:\/\/www.innebandy.no\/statistikk\/1hostat.asp\" target=\"_blank\" rel=\"noopener\">her<\/a> for \u00e5 g\u00e5 til tidligere sesongers Statistikk.<\/p>\n","protected":false},"excerpt":{"rendered":"<p>Statistikk 1.div \u00f8st menn Statistikk fra tidligere sesonger: Vi jobber med \u00e5 f\u00e5 overf\u00f8rt all historisk statistikk, men inntil videre finner dere fortsatt dette p\u00e5 v\u00e5re gamle nettsider. Klikk her for \u00e5 g\u00e5 til tidligere sesongers Statistikk.<\/p>\n","protected":false},"author":16,"featured_media":0,"parent":3765,"menu_order":0,"comment_status":"closed","ping_status":"closed","template":"templates\/template-cover.php","meta":{"cover_meta":"{\"showBackgroundImage\":true,\"bgImage\":{\"image_id\":15075,\"blog_id\":3,\"term_id\":172,\"selected_size\":\"full\"},\"showOverlay\":true,\"overlayColor\":\"#014c71\",\"overlayOpacity\":0.8,\"showIntro\":true,\"introColor\":\"white\",\"intro\":\"Historiske resultater og statistikk\",\"title\":\"1. div \u00f8st menn - innebandy\",\"titleColor\":\"white\",\"showOutro\":true,\"outroColor\":\"white\",\"outro\":\"1996\/1997 til 2024\/2025\"}","footnotes":""},"class_list":["post-3766","page","type-page","status-publish","hentry"],"_links":{"self":[{"href":"https:\/\/bandyforbundet.no\/innebandy\/index.php?rest_route=\/wp\/v2\/pages\/3766","targetHints":{"allow":["GET"]}}],"collection":[{"href":"https:\/\/bandyforbundet.no\/innebandy\/index.php?rest_route=\/wp\/v2\/pages"}],"about":[{"href":"https:\/\/bandyforbundet.no\/innebandy\/index.php?rest_route=\/wp\/v2\/types\/page"}],"author":[{"embeddable":true,"href":"https:\/\/bandyforbundet.no\/innebandy\/index.php?rest_route=\/wp\/v2\/users\/16"}],"replies":[{"embeddable":true,"href":"https:\/\/bandyforbundet.no\/innebandy\/index.php?rest_route=%2Fwp%2Fv2%2Fcomments&post=3766"}],"version-history":[{"count":24,"href":"https:\/\/bandyforbundet.no\/innebandy\/index.php?rest_route=\/wp\/v2\/pages\/3766\/revisions"}],"predecessor-version":[{"id":18475,"href":"https:\/\/bandyforbundet.no\/innebandy\/index.php?rest_route=\/wp\/v2\/pages\/3766\/revisions\/18475"}],"up":[{"embeddable":true,"href":"https:\/\/bandyforbundet.no\/innebandy\/index.php?rest_route=\/wp\/v2\/pages\/3765"}],"wp:attachment":[{"href":"https:\/\/bandyforbundet.no\/innebandy\/index.php?rest_route=%2Fwp%2Fv2%2Fmedia&parent=3766"}],"curies":[{"name":"wp","href":"https:\/\/api.w.org\/{rel}","templated":true}]}}