{"id":3771,"date":"2018-04-13T15:46:42","date_gmt":"2018-04-13T13:46:42","guid":{"rendered":"http:\/\/bandyforbundet.no\/innebandy\/?page_id=3771"},"modified":"2025-03-24T13:55:09","modified_gmt":"2025-03-24T13:55:09","slug":"statistikk-eliteseriekvalifisering-menn","status":"publish","type":"page","link":"https:\/\/bandyforbundet.no\/innebandy\/?page_id=3771","title":{"rendered":"Statistikk Eliteseriekvalifisering menn"},"content":{"rendered":"\n<p><strong>Resultater og statistikk fra Eliteseriekvalifiseringer for menn:<\/strong><\/p>\n\n\n\n<div class=\"wp-block-msswb-panel msswb-panel-container\"><div class=\"mwwsb-panel-header\"><div class=\"mwwsb-panel-title\">Kval til Eliteserien for menn 2025<\/div><div class=\"mwwsb-panel-icon\"><span class=\"dashicon dashicons dashicons-arrow-down-alt2\"><\/span><\/div><\/div><div class=\"msswb-panel-content\">\n<p>Ull\/Kisa &#8211; Narvik 5-2<br>Narvik &#8211; Sandnes 5-14<br>Sandnes &#8211; Ull\/Kisa 6-4<\/p>\n\n\n\n<p>Sandnes og Ull\/Kisa kvalifiserte seg til eliteserien 2025\/2026.<\/p>\n\n\n\n<p>For kampfakta og statistikk se <a href=\"https:\/\/bandyforbundet.no\/innebandy\/?page_id=15828#\/sport\/72\/season\/201039\/region\/429169\/tournament\/435959\/tab\/0\">kampsenteret<\/a>.<\/p>\n<\/div><\/div>\n\n\n\n<div class=\"wp-block-msswb-panel msswb-panel-container\"><div class=\"mwwsb-panel-header\"><div class=\"mwwsb-panel-title\">Kval til Eliteserien for menn 2024<\/div><div class=\"mwwsb-panel-icon\"><span class=\"dashicon dashicons dashicons-arrow-down-alt2\"><\/span><\/div><\/div><div class=\"msswb-panel-content\">\n<p>Sandnes -Sjetne 5-2<br>Ajer &#8211; Narvik 5-4<br>Narvik &#8211; Sandnes 2-7<br>Sjetne &#8211; Ajer 5-5<br>Sjetne &#8211; Narvik 8-1<br>Sandnes &#8211; Ajer 3-3<\/p>\n\n\n\n<p>Sandnes og Ajer kvalifiserte seg til eliteserien 2024\/2025.<\/p>\n\n\n\n<p>For kampfakta og statistikk se <a href=\"https:\/\/bandyforbundet.no\/innebandy\/?page_id=15828#\/sport\/72\/season\/201014\/region\/420029\/tournament\/427894\/tab\/0\">kampsenteret<\/a>.<\/p>\n<\/div><\/div>\n\n\n\n<div class=\"wp-block-msswb-panel msswb-panel-container\"><div class=\"mwwsb-panel-header\"><div class=\"mwwsb-panel-title\">Kval til Eliteserien for menn 2023<\/div><div class=\"mwwsb-panel-icon\"><span class=\"dashicon dashicons dashicons-arrow-down-alt2\"><\/span><\/div><\/div><div class=\"msswb-panel-content\">\n<p>Fredag 17.03 \u2013 Gjeller\u00e5sen \u2013 Sjetne: 4-3<\/p>\n\n\n\n<p>L\u00f8rdag 18.03 \u2013 V\u00e5lerenga \u2013 Gjeller\u00e5sen: 6-5<\/p>\n\n\n\n<p>S\u00f8ndag 19.03 \u2013 Sjetne \u2013 V\u00e5lerenga: 3-2<\/p>\n\n\n\n<p>Gjeller\u00e5sen og V\u00e5lerenga kvalifiserte seg til Eliteserien 2023\/2024.<\/p>\n\n\n\n<p>For kampfata og statistikk se <a href=\"https:\/\/bandyforbundet.no\/innebandy\/?page_id=15828#\/sport\/72\/season\/200979\/region\/412082\/tournament\/418655\/tab\/0\">kampsenteret<\/a>.<\/p>\n<\/div><\/div>\n\n\n\n<div class=\"wp-block-msswb-panel msswb-panel-container\"><div class=\"mwwsb-panel-header\"><div class=\"mwwsb-panel-title\">Kval til Eliteserien for menn 2022<\/div><div class=\"mwwsb-panel-icon\"><span class=\"dashicon dashicons dashicons-arrow-down-alt2\"><\/span><\/div><\/div><div class=\"msswb-panel-content\">\n<p>Ullensaker\/Kisa IL &#8211; Gjeller\u00e5sen 6-5<br>Sjetne &#8211; Narvik 2-10<br>Fjellkameraterne &#8211; Ullensaker\/Kisa IL 1-12<br>Narvik &#8211; Gjeller\u00e5sen 5-8<br>Fjellkameraterne &#8211; Sjetne 3-6<br>Ullensaker\/Kisa IL &#8211; Narvik 4-1<br>Gjeller\u00e5sen &#8211; Sjetne 8-1<br>Narvik &#8211; Fjellkameraterne 10-2<br>Sjetne &#8211; Ullensaker\/Kisa IL 2-7<br>Gjeller\u00e5sen &#8211; Fjellkameraterne 11-0<\/p>\n\n\n\n<p>Ull\/Kisa, Gjeller\u00e5sen og Narvik kvalifiserte seg til Eliteserien 2022\/2023.<\/p>\n\n\n\n<p>For kampfata og statistikk se <a href=\"https:\/\/bandyforbundet.no\/innebandy\/?page_id=15828#\/sport\/72\/season\/200939\/region\/403741\/tournament\/410143\/tab\/0\">kampsenteret<\/a>.<\/p>\n<\/div><\/div>\n\n\n\n<div class=\"wp-block-msswb-panel msswb-panel-container\"><div class=\"mwwsb-panel-header\"><div class=\"mwwsb-panel-title\">Kval til Eliteserien for menn 2021<\/div><div class=\"mwwsb-panel-icon\"><span class=\"dashicon dashicons dashicons-arrow-down-alt2\"><\/span><\/div><\/div><div class=\"msswb-panel-content\">\n<p>Kvalifisering til Eliteserien ble avlyst grunnet koronapandemien.<br>Ingen lag rykket dermed opp til Eliteserien 2021\/2022.<\/p>\n\n\n\n<p>Etter \u00a720 i Kampreglementet rykket ingen lag ned fra Eliteserien.<br>Laget som endte nest sist (Harstad) skulle i utgangspunktet spilt eliteseriekvalifisering, men da det ikke var lag kvalifisert fra 1. divisjonene, da disse ikke ble gjennomf\u00f8rt, beholdt Harstad plassen i eliteserien.<br>Laget som endte sist (Nor 92) skulle i utgangspunktet ha rykket ned, men siden det stadig var ledige plasser i eliteserien, ble Nor 92 tilbudt plass i neste \u00e5rs eliteserie etter kampreglementet \u00a7 20 punkt 3 andre ledd.<br>Siden det stadig var en ledig plass i eliteserien sesongen 21\/22, besluttet seksjonsstyret at det skulle avholdes en \u00abn\u00f8dkvalifisering\u00bb for \u00e5 fylle opp eliteserien. Seksjonsstyret bestemte at lagene som var kvalifisert for Eliteseriekvalifiseringen sesongen 19\/20, Narvik, Sjetne og Ull\/Kisa, skulle tilbys plass i denne \u00abn\u00f8dkvalifiseringen\u00bb om den ledige plassen.<br>Grunnet koronapandemien ble det ikke mulig \u00e5 gjennomf\u00f8re \u00abn\u00f8dkvalifiseringen\u00bb, ingen lag rykket dermed opp og Eliteserien for menn sesongen 21\/22 som spiltes med 11 lag.<\/p>\n<\/div><\/div>\n\n\n\n<div class=\"wp-block-msswb-panel msswb-panel-container\"><div class=\"mwwsb-panel-header\"><div class=\"mwwsb-panel-title\">Kval til Eliteserien for menn 2020<\/div><div class=\"mwwsb-panel-icon\"><span class=\"dashicon dashicons dashicons-arrow-down-alt2\"><\/span><\/div><\/div><div class=\"msswb-panel-content\">\n<p>Kvalifisering til Eliteserien for menn ble avlyst grunnet COVID-19 pandemien, som stengte ned det norske samfunnet vinteren og v\u00e5ren 2020.<\/p>\n\n\n\n<p>P\u00e5 morgenen torsdag 12. mars 2020 vedtok NBFs forbundsstyre \u00e5 avlyse all aktivitet med \u00f8yeblikkelig virkning. Senere samme dag vedtok norske myndigheter \u00e5 forby all organisert idrettsaktivitet p\u00e5 ubestemt tid.<\/p>\n\n\n\n<p>Kvalifiseringen som skulle ha v\u00e6rt spilt i Jessheim Is- og flerbrukshall 21.-22. mars med Sandnes IBK, Ull\/Kisa IL, Narvik IBK og Sjetne IBK ble ikke gjennomf\u00f8rt.<\/p>\n\n\n\n<p>Tirsdag 24. mars vedtok NBFs forbundsstyre at sesongen 2019\/2020 var avsluttet og at det ikke ville bli spilt flere kamper.<\/p>\n\n\n\n<p>For \u00e5 avklare deltakelse i Eliteserien 2020\/2021, vedtok NBFs Forbundsstyre 1.april f\u00f8lgende om opp- og nedrykk til og fra Eliteserien:<br>\u00abSerien ble gjennomf\u00f8rt og spilt ferdig.<br>V\u00e5lerenga har rykket ned etter kampreglementets \u00a7 20.<br>Sandnes endte som nummer 11 i Eliteserien og skulle spilt Elitekvalifisering.<br>Narvik, Sjetne og Ull\/Kisa hadde, som vinnere av sine respektive 1. divisjoner, kvalifisert seg for Elitekvalifisering sesongen 2019\/2020 og skulle spilt Elitekvalifisering.<br>Elitekvalifiseringen 2019\/2020 ble avlyst, p\u00e5 linje med all annen aktivitet som skulle v\u00e6rt gjennomf\u00f8rt etter 11. mars, i v\u00e5re tre idretter.<br>Sandnes, som tilh\u00f8rte Eliteserien sesongen 2019\/2020, hadde etter dette ingen kvalifisering \u00e5 delta i, og kan derfor ikke flyttes ned en divisjon.<br>Narvik, Sjetne og Ull\/Kisa, som tilh\u00f8rte 1. divisjon sesongen 2019\/2020, hadde etter dette heller ingen kvalifisering \u00e5 delta i, og kan derfor ikke flyttes opp en divisjon. Det finnes ingen objektive holdepunkter for \u00e5 velge ett av disse tre lagene fremfor et annet for \u00e5 fylle opp den 12. plassen i Eliteserien kommende sesong.<\/p>\n\n\n\n<p><strong>Vedtak:<\/strong><br>Eliteserien for menn 2020\/2021 gjennomf\u00f8res, etter dette, derfor med 11 lag.\u00bb<br><\/p>\n\n\n\n<p>Ull\/Kisa, Sjetne og V\u00e5lerenga anket alle Forbundsstyrets beslutning under henvisning til at vedtaket som var fattet, var i strid med lov, kampreglementet, spilleregler eller andre bestemmelser.<br>Ankeutvalget i Norges Bandyforbund behandlet saken og kom 18. april med f\u00f8lgende, endelig, vedtak:<br>\u00abVedtak fattet av Norges Bandyforbund\/Forbundsstyret den 01.04.2020 er fattet p\u00e5 lovlig m\u00e5te etter gjeldende bestemmelser og derfor gyldig.<br>Vedtak: Ingen av ankene tas til f\u00f8lge og Norges Bandyforbunds\/Forbundsstyrets avgj\u00f8relse stadfestes.\u00bb<\/p>\n<\/div><\/div>\n\n\n\n<div class=\"wp-block-msswb-panel msswb-panel-container\"><div class=\"mwwsb-panel-header\"><div class=\"mwwsb-panel-title\">Kval til Eliteserien for menn 2019<\/div><div class=\"mwwsb-panel-icon\"><span class=\"dashicon dashicons dashicons-arrow-down-alt2\"><\/span><\/div><\/div><div class=\"msswb-panel-content\">\n<p>Fredrikstad &#8211; Narvik 17-6<br>V\u00e5lerenga &#8211; Fredrikstad 1-10<br>Narvik &#8211; V\u00e5lerenga 5-14<\/p>\n\n\n\n<p>Fredrikstad og V\u00e5lerenga kvalifiserte seg til Eliteserien 2019\/2020.<\/p>\n\n\n\n<p>For kampfata og statistikk se <a href=\"https:\/\/bandyforbundet.no\/innebandy\/?page_id=15828#\/sport\/72\/season\/200834\/region\/383684\/tournament\/388898\/tab\/0\">kampsenteret<\/a>.<\/p>\n<\/div><\/div>\n\n\n\n<div class=\"wp-block-msswb-panel msswb-panel-container\"><div class=\"mwwsb-panel-header\"><div class=\"mwwsb-panel-title\">Kval til Eliteserien for menn 2018<\/div><div class=\"mwwsb-panel-icon\"><span class=\"dashicon dashicons dashicons-arrow-down-alt2\"><\/span><\/div><\/div><div class=\"msswb-panel-content\">\n<p>B\u00e6kkelaget &#8211; Nor 92 11-6<br>Trygg\/Lade &#8211; Harstad 8-14<br>Harstad &#8211; B\u00e6kkelaget 5-9<br>Trygg\/Lade &#8211; Nor 92 4-13<br>Nor 92 &#8211; Harstad 5-5<br>B\u00e6kkelaget -Trygg\/Lade 12-8<\/p>\n\n\n\n<p>B\u00e6kkelaget, Nor92 og Harstad kvalifiserte seg til Eliteserien 2018\/2019.<\/p>\n\n\n\n<p>For kampfata og statistikk se <a href=\"https:\/\/bandyforbundet.no\/innebandy\/?page_id=15828#\/sport\/72\/season\/200806\/region\/375515\/tournament\/381653\/tab\/0\">kampsenteret<\/a>.<\/p>\n<\/div><\/div>\n\n\n\n<div class=\"wp-block-msswb-panel msswb-panel-container\"><div class=\"mwwsb-panel-header\"><div class=\"mwwsb-panel-title\">Kval til Eliteserien for menn 2017<\/div><div class=\"mwwsb-panel-icon\"><span class=\"dashicon dashicons dashicons-arrow-down-alt2\"><\/span><\/div><\/div><div class=\"msswb-panel-content\">\n<p>Fredrikstad &#8211; B\u00e6kkelaget 5-3<br>TSI &#8211; Trygg\/Lade 3-10<br>Trygg\/Lade &#8211; Fredrikstad 2-5<br>TSI &#8211; B\u00e6kkelaget 1-13<br>B\u00e6kkelaget &#8211; Trygg\/Lade 9-4<br>Fredrikstad &#8211; TSI 14-3<\/p>\n\n\n\n<p>Fredrikstad og B\u00e6kkelaget kvalifiserte seg til Eliteserien 2017\/2018.<\/p>\n<\/div><\/div>\n\n\n\n<div class=\"wp-block-msswb-panel msswb-panel-container\"><div class=\"mwwsb-panel-header\"><div class=\"mwwsb-panel-title\">Kval til Eliteserien for menn 1995-2016<\/div><div class=\"mwwsb-panel-icon\"><span class=\"dashicon dashicons dashicons-arrow-down-alt2\"><\/span><\/div><\/div><div class=\"msswb-panel-content\">\n<p><a href=\"http:\/\/www.innebandy.no\/statistikk\/kval-e-s.asp\">For resultater og statistikk for tidligere \u00e5r, se v\u00e5re gamle websider<\/a><\/p>\n<\/div><\/div>\n","protected":false},"excerpt":{"rendered":"<p>Resultater og statistikk fra Eliteseriekvalifiseringer for menn:<\/p>\n","protected":false},"author":16,"featured_media":0,"parent":3765,"menu_order":0,"comment_status":"closed","ping_status":"closed","template":"templates\/template-cover.php","meta":{"cover_meta":"{\"showBackgroundImage\":true,\"bgImage\":{\"image_id\":15079,\"blog_id\":3,\"term_id\":172,\"selected_size\":\"full\"},\"showOverlay\":true,\"overlayColor\":\"#21291a\",\"overlayOpacity\":0.8,\"showIntro\":true,\"introColor\":\"white\",\"intro\":\"Historiske resultater og statistikk\",\"title\":\"Eliteseriekvalifisering menn - innebandy\",\"titleColor\":\"white\",\"showOutro\":true,\"outroColor\":\"white\",\"outro\":\"1995\/1996 - 2024\/2025\"}","footnotes":""},"class_list":["post-3771","page","type-page","status-publish","hentry"],"_links":{"self":[{"href":"https:\/\/bandyforbundet.no\/innebandy\/index.php?rest_route=\/wp\/v2\/pages\/3771","targetHints":{"allow":["GET"]}}],"collection":[{"href":"https:\/\/bandyforbundet.no\/innebandy\/index.php?rest_route=\/wp\/v2\/pages"}],"about":[{"href":"https:\/\/bandyforbundet.no\/innebandy\/index.php?rest_route=\/wp\/v2\/types\/page"}],"author":[{"embeddable":true,"href":"https:\/\/bandyforbundet.no\/innebandy\/index.php?rest_route=\/wp\/v2\/users\/16"}],"replies":[{"embeddable":true,"href":"https:\/\/bandyforbundet.no\/innebandy\/index.php?rest_route=%2Fwp%2Fv2%2Fcomments&post=3771"}],"version-history":[{"count":18,"href":"https:\/\/bandyforbundet.no\/innebandy\/index.php?rest_route=\/wp\/v2\/pages\/3771\/revisions"}],"predecessor-version":[{"id":19699,"href":"https:\/\/bandyforbundet.no\/innebandy\/index.php?rest_route=\/wp\/v2\/pages\/3771\/revisions\/19699"}],"up":[{"embeddable":true,"href":"https:\/\/bandyforbundet.no\/innebandy\/index.php?rest_route=\/wp\/v2\/pages\/3765"}],"wp:attachment":[{"href":"https:\/\/bandyforbundet.no\/innebandy\/index.php?rest_route=%2Fwp%2Fv2%2Fmedia&parent=3771"}],"curies":[{"name":"wp","href":"https:\/\/api.w.org\/{rel}","templated":true}]}}