{"id":3785,"date":"2016-04-30T15:14:33","date_gmt":"2016-04-30T13:14:33","guid":{"rendered":"http:\/\/bandyforbundet.no\/innebandy\/?page_id=3785"},"modified":"2025-02-25T13:10:13","modified_gmt":"2025-02-25T13:10:13","slug":"antidoping","status":"publish","type":"page","link":"https:\/\/bandyforbundet.no\/innebandy\/?page_id=3785","title":{"rendered":"Antidoping"},"content":{"rendered":"\n<div style=\"height:50px\" aria-hidden=\"true\" class=\"wp-block-spacer\"><\/div>\n\n\n\n<p><em><strong>Norges Bandyforbund ble re-sertifisert som Rent S\u00e6rforbund av Antidoping Norge h\u00f8sten 2023. Sertifiseringen ble tidligere fornyet annet hvert \u00e5r, men blir n\u00e5 endret til hvert tredje \u00e5r. Som del av sertifiseringen har NBF utarbeidet egen antidopingpolicy, handlingsplan for forebyggende arbeid og beredskapsplan for h\u00e5ndtering av brudd p\u00e5 dopingbestemmelsene.<\/strong><\/em><\/p>\n\n\n\n<p>Handlingsplanen NBF<\/p>\n\n\n\n<div class=\"msswb-file\"><a href=\"https:\/\/bandyforbundet.no\/innebandy\/wp-content\/uploads\/sites\/3\/2024\/09\/Handlingsplan-for-antidoping-NBF-2023-26.pdf\" class=\"file-button\" download><span class=\"dashicon dashicons dashicons-download\"><\/span><\/a><a class=\"file-link\" href=\"https:\/\/bandyforbundet.no\/innebandy\/wp-content\/uploads\/sites\/3\/2024\/09\/Handlingsplan-for-antidoping-NBF-2023-26.pdf\">Handlingsplan for antidoping NBF 2023-26<\/a><\/div>\n\n\n\n<h4 class=\"wp-block-heading\">Hold deg oppdatert her:<\/h4>\n\n\n\n<div class=\"wp-block-buttons\">\n<div class=\"wp-block-button\"><a class=\"wp-block-button__link wp-element-button\" href=\"http:\/\/www.antidoping.no\/\" style=\"border-radius:10px\" target=\"_blank\" rel=\"noopener\">Antidoping Norge<\/a><\/div>\n<\/div>\n\n\n\n<div class=\"wp-block-buttons\">\n<div class=\"wp-block-button\"><a class=\"wp-block-button__link wp-element-button\" href=\"https:\/\/renutover.no\/\" style=\"border-radius:11px\">REn Ut\u00f8ver<\/a><\/div>\n<\/div>\n\n\n\n<div class=\"wp-block-buttons\">\n<div class=\"wp-block-button\"><a class=\"wp-block-button__link wp-element-button\" href=\"https:\/\/www.antidoping.no\/forebygging\/rent-idrettslag\" style=\"border-radius:10px\" target=\"_blank\" rel=\"noreferrer noopener\">Rent idrettslag<\/a><\/div>\n<\/div>\n\n\n\n<div class=\"wp-block-buttons\">\n<div class=\"wp-block-button\"><a class=\"wp-block-button__link wp-element-button\" href=\"https:\/\/www.antidoping.no\/medisinsk\/legemiddelsok\" style=\"border-radius:10px\" target=\"_blank\" rel=\"noopener\">Legemiddels\u00f8k<\/a><\/div>\n<\/div>\n\n\n\n<p>Enkelte idrettsut\u00f8vere har behov for legemidler som inneholder stoffer p\u00e5 dopinglisten. En del av disse m\u00e5 s\u00f8ke om medisinsk fritak (<a href=\"https:\/\/www.antidoping.no\/medisinsk\/medisinsk-fritak-tue\">Medisinsk fritak (TUE) | Antidoping Norge<\/a>). De som er definert som topput\u00f8vere av Antidoping Norge (<a href=\"https:\/\/www.antidoping.no\/regler\/toppidrettsut%C3%B8verliste\">se Toppidrettsut\u00f8verliste | Antidoping Norge<\/a>) skal s\u00f8ke om medisinsk fritak. Ut\u00f8vere p\u00e5 lavere niv\u00e5 enn dette kan bli bedt om \u00e5 s\u00f8ke om fritak, i praksis etter en positiv dopingpr\u00f8ve.<\/p>\n\n\n\n<figure class=\"wp-block-embed is-type-video is-provider-youtube wp-block-embed-youtube wp-embed-aspect-16-9 wp-has-aspect-ratio\"><div class=\"wp-block-embed__wrapper\">\n<iframe loading=\"lazy\" title=\"Sammen for en REN idrett\" width=\"580\" height=\"326\" src=\"https:\/\/www.youtube.com\/embed\/2xJRE0PL3Mc?feature=oembed\" frameborder=\"0\" allow=\"accelerometer; autoplay; clipboard-write; encrypted-media; gyroscope; picture-in-picture; web-share\" referrerpolicy=\"strict-origin-when-cross-origin\" allowfullscreen><\/iframe>\n<\/div><\/figure>\n\n\n\n<div style=\"height:50px\" aria-hidden=\"true\" class=\"wp-block-spacer\"><\/div>\n\n\n<div class=\"msswb-display-posts-frontend-app-v2\" data-url-encoded-attrs=\"%7B%22mode%22%3A%22grid%22%2C%22carouselHeight%22%3A500%2C%22carouselMax%22%3A10%2C%22startAnimation%22%3A%22start%22%2C%22design%22%3A%22msswbcard%22%2C%22hideExcerpt%22%3Afalse%2C%22filterDate%22%3A%22from2yearago%22%2C%22dateObj%22%3A%7B%22fromDate%22%3A%222%20year%20ago%22%2C%22toDate%22%3A%22%22%7D%2C%22scrollDirection%22%3A%22vertical%22%2C%22displayPostsFromCategories%22%3A%5B%7B%22blog_id%22%3A3%2C%22included%22%3A%5B59%5D%2C%22excluded%22%3A%5B%5D%2C%22filterDate%22%3A%22from1yearago%22%2C%22dateObj%22%3A%7B%22fromDate%22%3A%221%20year%20ago%22%2C%22toDate%22%3A%22%22%7D%7D%5D%2C%22displayPostsFromSharedCategories%22%3A%5B%7B%22blog_id%22%3A2%2C%22included%22%3A%5B161%5D%2C%22excluded%22%3A%5B%5D%7D%5D%2C%22maxCols%22%3A3%7D\" ><\/div>","protected":false},"excerpt":{"rendered":"<p>Norges Bandyforbund ble re-sertifisert som Rent S\u00e6rforbund av Antidoping Norge h\u00f8sten 2023. Sertifiseringen ble tidligere fornyet annet hvert \u00e5r, men blir n\u00e5 endret til hvert tredje \u00e5r. Som del av sertifiseringen har NBF utarbeidet egen antidopingpolicy, handlingsplan for forebyggende arbeid og beredskapsplan for h\u00e5ndtering av brudd p\u00e5 dopingbestemmelsene. Handlingsplanen NBF Hold deg oppdatert her: Enkelte [&hellip;]<\/p>\n","protected":false},"author":28,"featured_media":0,"parent":3774,"menu_order":0,"comment_status":"closed","ping_status":"closed","template":"","meta":{"cover_meta":"","footnotes":""},"class_list":["post-3785","page","type-page","status-publish","hentry"],"_links":{"self":[{"href":"https:\/\/bandyforbundet.no\/innebandy\/index.php?rest_route=\/wp\/v2\/pages\/3785","targetHints":{"allow":["GET"]}}],"collection":[{"href":"https:\/\/bandyforbundet.no\/innebandy\/index.php?rest_route=\/wp\/v2\/pages"}],"about":[{"href":"https:\/\/bandyforbundet.no\/innebandy\/index.php?rest_route=\/wp\/v2\/types\/page"}],"author":[{"embeddable":true,"href":"https:\/\/bandyforbundet.no\/innebandy\/index.php?rest_route=\/wp\/v2\/users\/28"}],"replies":[{"embeddable":true,"href":"https:\/\/bandyforbundet.no\/innebandy\/index.php?rest_route=%2Fwp%2Fv2%2Fcomments&post=3785"}],"version-history":[{"count":17,"href":"https:\/\/bandyforbundet.no\/innebandy\/index.php?rest_route=\/wp\/v2\/pages\/3785\/revisions"}],"predecessor-version":[{"id":19589,"href":"https:\/\/bandyforbundet.no\/innebandy\/index.php?rest_route=\/wp\/v2\/pages\/3785\/revisions\/19589"}],"up":[{"embeddable":true,"href":"https:\/\/bandyforbundet.no\/innebandy\/index.php?rest_route=\/wp\/v2\/pages\/3774"}],"wp:attachment":[{"href":"https:\/\/bandyforbundet.no\/innebandy\/index.php?rest_route=%2Fwp%2Fv2%2Fmedia&parent=3785"}],"curies":[{"name":"wp","href":"https:\/\/api.w.org\/{rel}","templated":true}]}}