{"id":3796,"date":"2016-01-15T11:34:18","date_gmt":"2016-01-15T10:34:18","guid":{"rendered":"http:\/\/bandyforbundet.no\/innebandy\/?page_id=3796"},"modified":"2024-08-07T12:29:23","modified_gmt":"2024-08-07T12:29:23","slug":"arsmote","status":"publish","type":"page","link":"https:\/\/bandyforbundet.no\/innebandy\/?page_id=3796","title":{"rendered":"\u00c5rsm\u00f8ter"},"content":{"rendered":"\n<div class=\"wp-block-msswb-spacer msswb-spacer-container show-line\" style=\"height:15px\"><div class=\"line\" style=\"height:7px\"><\/div><div class=\"line-center-divider\"><\/div><\/div>\n\n\n\n<h6 class=\"wp-block-heading\">Innebandyseksjonen avholder \u00e5rsm\u00f8te annethvert \u00e5r. Her vedtas innebandyens regelverk samt det velges et  seksjonsstyre.<\/h6>\n\n\n\n<div class=\"wp-block-msswb-spacer msswb-spacer-container show-line\" style=\"height:15px\"><div class=\"line\" style=\"height:7px\"><\/div><div class=\"line-center-divider\"><\/div><\/div>\n\n\n<div class=\"msswb-link-box-grid-frontend-app-v2\" data-url-encoded-attrs=\"%7B%22maxCols%22%3A4%2C%22showTitle%22%3Atrue%2C%22titleColor%22%3A%22%23ffffff%22%2C%22useColorBackground%22%3Atrue%2C%22bgColor%22%3A%22%2311270e%22%2C%22overlayColor%22%3A%7B%22r%22%3A69%2C%22g%22%3A126%2C%22b%22%3A191%2C%22a%22%3A0.1%7D%2C%22linkBoxes%22%3A%5B%7B%22link_type%22%3A%22post%22%2C%22blog_id%22%3A3%2C%22ID%22%3A17830%2C%22link%22%3A%22https%3A%2F%2Fbandyforbundet.no%2Finnebandy%2F%3Fpost_type%3Dmsswb-post%26%23038%3Bp%3D17830%22%2C%22image%22%3A%7B%22image_id%22%3A17843%2C%22blog_id%22%3A3%2C%22term_id%22%3A-1%7D%2C%22featuredImage%22%3A%7B%22image_id%22%3A17843%2C%22blog_id%22%3A3%2C%22term_id%22%3A-1%7D%2C%22from_shared%22%3Afalse%2C%22showAltTitle%22%3Atrue%2C%22altTitle%22%3A%22Seksjons-%20%C3%A5rsm%C3%B8tet%2015.juni%202024%20innebandy%22%7D%2C%7B%22link_type%22%3A%22page%22%2C%22blog_id%22%3A3%2C%22ID%22%3A11245%2C%22link%22%3A%22https%3A%2F%2Fbandyforbundet.no%2Finnebandy%2F%3Fpage_id%3D11245%22%2C%22image%22%3Afalse%2C%22featuredImage%22%3Afalse%2C%22from_shared%22%3Atrue%2C%22showAltTitle%22%3Atrue%2C%22altTitle%22%3A%22Tidligere%20%C3%A5rsm%C3%B8ter%20innebandy%22%7D%2C%7B%22link_type%22%3A%22page%22%2C%22blog_id%22%3A3%2C%22ID%22%3A11278%2C%22link%22%3A%22https%3A%2F%2Fbandyforbundet.no%2Finnebandy%2F%3Fpage_id%3D11278%22%2C%22image%22%3Afalse%2C%22featuredImage%22%3Afalse%2C%22from_shared%22%3Atrue%2C%22showAltTitle%22%3Atrue%2C%22altTitle%22%3A%22Tidligere%20protokoller%20innebandy%22%7D%2C%7B%22link_type%22%3A%22page%22%2C%22blog_id%22%3A3%2C%22ID%22%3A11295%2C%22link%22%3A%22https%3A%2F%2Fbandyforbundet.no%2Finnebandy%2F%3Fpage_id%3D11295%22%2C%22image%22%3Afalse%2C%22featuredImage%22%3Afalse%2C%22from_shared%22%3Atrue%2C%22showAltTitle%22%3Atrue%2C%22altTitle%22%3A%22%C3%85rs-%20beretninger%20innebandy%22%7D%5D%7D\" ><\/div>\n\n<div class=\"msswb-display-posts-frontend-app-v2\" data-url-encoded-attrs=\"%7B%22mode%22%3A%22grid%22%2C%22carouselHeight%22%3A500%2C%22carouselMax%22%3A10%2C%22startAnimation%22%3A%22start%22%2C%22design%22%3A%22msswbcard%22%2C%22hideExcerpt%22%3Afalse%2C%22filterDate%22%3A%22custom%22%2C%22dateObj%22%3A%7B%7D%2C%22scrollDirection%22%3A%22vertical%22%2C%22displayPostsFromCategories%22%3A%5B%7B%22blog_id%22%3A3%2C%22included%22%3A%5B87%5D%2C%22excluded%22%3A%5B%5D%2C%22filterDate%22%3A%22from1yearago%22%2C%22dateObj%22%3A%7B%22fromDate%22%3A%221%20year%20ago%22%2C%22toDate%22%3A%22%22%7D%7D%5D%2C%22displayPostsFromSharedCategories%22%3A%5B%5D%2C%22maxCols%22%3A3%7D\" ><\/div>","protected":false},"excerpt":{"rendered":"<p>Innebandyseksjonen avholder \u00e5rsm\u00f8te annethvert \u00e5r. Her vedtas innebandyens regelverk samt det velges et seksjonsstyre.<\/p>\n","protected":false},"author":25,"featured_media":0,"parent":3795,"menu_order":0,"comment_status":"closed","ping_status":"closed","template":"templates\/template-cover.php","meta":{"cover_meta":"{\"showBackgroundImage\":true,\"bgImage\":{\"image_id\":1147,\"blog_id\":3,\"term_id\":190,\"selected_size\":\"full\"},\"showOverlay\":true,\"overlayColor\":\"#11270e\",\"overlayOpacity\":0.8,\"showIntro\":false,\"introColor\":\"white\",\"intro\":\"\",\"title\":\"Seksjons\u00e5rsm\u00f8ter\",\"titleColor\":\"white\",\"showOutro\":true,\"outroColor\":\"white\",\"outro\":\"Innebandyseksjonen\"}","footnotes":""},"class_list":["post-3796","page","type-page","status-publish","hentry"],"_links":{"self":[{"href":"https:\/\/bandyforbundet.no\/innebandy\/index.php?rest_route=\/wp\/v2\/pages\/3796","targetHints":{"allow":["GET"]}}],"collection":[{"href":"https:\/\/bandyforbundet.no\/innebandy\/index.php?rest_route=\/wp\/v2\/pages"}],"about":[{"href":"https:\/\/bandyforbundet.no\/innebandy\/index.php?rest_route=\/wp\/v2\/types\/page"}],"author":[{"embeddable":true,"href":"https:\/\/bandyforbundet.no\/innebandy\/index.php?rest_route=\/wp\/v2\/users\/25"}],"replies":[{"embeddable":true,"href":"https:\/\/bandyforbundet.no\/innebandy\/index.php?rest_route=%2Fwp%2Fv2%2Fcomments&post=3796"}],"version-history":[{"count":22,"href":"https:\/\/bandyforbundet.no\/innebandy\/index.php?rest_route=\/wp\/v2\/pages\/3796\/revisions"}],"predecessor-version":[{"id":17975,"href":"https:\/\/bandyforbundet.no\/innebandy\/index.php?rest_route=\/wp\/v2\/pages\/3796\/revisions\/17975"}],"up":[{"embeddable":true,"href":"https:\/\/bandyforbundet.no\/innebandy\/index.php?rest_route=\/wp\/v2\/pages\/3795"}],"wp:attachment":[{"href":"https:\/\/bandyforbundet.no\/innebandy\/index.php?rest_route=%2Fwp%2Fv2%2Fmedia&parent=3796"}],"curies":[{"name":"wp","href":"https:\/\/api.w.org\/{rel}","templated":true}]}}