{"id":3800,"date":"2016-07-11T09:51:49","date_gmt":"2016-07-11T07:51:49","guid":{"rendered":"http:\/\/bandyforbundet.no\/innebandy\/?page_id=3800"},"modified":"2024-09-24T06:33:34","modified_gmt":"2024-09-24T06:33:34","slug":"idrettssystemene","status":"publish","type":"page","link":"https:\/\/bandyforbundet.no\/innebandy\/?page_id=3800","title":{"rendered":"Idrettssystemene"},"content":{"rendered":"\n<div class=\"wp-block-msswb-spacer msswb-spacer-container\" style=\"height:21px\"><div class=\"line\" style=\"height:10px\"><\/div><div class=\"line-center-divider\"><\/div><\/div>\n\n\n\n<h1 class=\"wp-block-heading\">IDRETTSSYSTEMENE<\/h1>\n\n\n<div class=\"msswb-display-internal-post-frontend-app-v2\" data-url-encoded-attrs=\"%7B%22displayInternalPost%22%3A%7B%22blog_id%22%3A2%2C%22ID%22%3A929%7D%7D\" data-dip-id=\"\" ><\/div>\n\n\n<div class=\"wp-block-msswb-spacer msswb-spacer-container show-line\" style=\"height:9px\"><div class=\"line\" style=\"height:4px\"><\/div><div class=\"line-center-divider\"><\/div><\/div>\n\n\n\n<h5 class=\"wp-block-heading\">BRUKERVEILEDNINGER FOR DIGITAL DOMMERREGNING I TURNERINGSADMIN (TA) OG IDRETTSOPPGJ\u00d8R (IO) <br><\/h5>\n\n\n\n<p class=\"has-small-font-size\"><em>(Gjelder kun for Forbundsseriene og OABR)<\/em><strong><br><\/strong><\/p>\n\n\n\n<div class=\"wp-block-msswb-panel msswb-panel-container\"><div class=\"mwwsb-panel-header\"><div class=\"mwwsb-panel-title\">Hva gj\u00f8r dommer?<\/div><div class=\"mwwsb-panel-icon\"><span class=\"dashicon dashicons dashicons-arrow-down-alt2\"><\/span><\/div><\/div><div class=\"msswb-panel-content\"><div class=\"msswb-display-internal-post-frontend-app-v2\" data-url-encoded-attrs=\"%7B%22displayInternalPost%22%3A%7B%22blog_id%22%3A3%2C%22ID%22%3A3982%7D%7D\" data-dip-id=\"\" ><\/div><\/div><\/div>\n\n\n\n<div class=\"wp-block-msswb-panel msswb-panel-container\"><div class=\"mwwsb-panel-header\"><div class=\"mwwsb-panel-title\">Hva gj\u00f8r klubb?<\/div><div class=\"mwwsb-panel-icon\"><span class=\"dashicon dashicons dashicons-arrow-down-alt2\"><\/span><\/div><\/div><div class=\"msswb-panel-content\"><div class=\"msswb-display-internal-post-frontend-app-v2\" data-url-encoded-attrs=\"%7B%22displayInternalPost%22%3A%7B%22blog_id%22%3A3%2C%22ID%22%3A3981%7D%7D\" data-dip-id=\"\" ><\/div><\/div><\/div>\n\n\n\n<div class=\"wp-block-msswb-spacer msswb-spacer-container show-line\" style=\"height:50px\"><div class=\"line\" style=\"height:25px\"><\/div><div class=\"line-center-divider\"><\/div><\/div>\n\n\n\n<h5 class=\"wp-block-heading\">SEKRETARIATSKURSENE FOR INNEBANDY SOM E-L\u00c6RINGSKURS <br><\/h5>\n\n\n\n<div class=\"wp-block-msswb-panel msswb-panel-container\"><div class=\"mwwsb-panel-header\"><div class=\"mwwsb-panel-title\">Sekretariatskurs for bredde og forbundsseriene<\/div><div class=\"mwwsb-panel-icon\"><span class=\"dashicon dashicons dashicons-arrow-down-alt2\"><\/span><\/div><\/div><div class=\"msswb-panel-content\"><div class=\"msswb-display-internal-post-frontend-app-v2\" data-url-encoded-attrs=\"%7B%22displayInternalPost%22%3A%7B%22blog_id%22%3A3%2C%22ID%22%3A8925%7D%7D\" data-dip-id=\"\" ><\/div><\/div><\/div>\n\n\n\n<div class=\"wp-block-msswb-spacer msswb-spacer-container show-line\" style=\"height:45px\"><div class=\"line\" style=\"height:22px\"><\/div><div class=\"line-center-divider\"><\/div><\/div>\n\n\n\n<h5 class=\"wp-block-heading\">GENERELLE BRUKERVEILEDNINGER<\/h5>\n\n\n\n<div class=\"wp-block-msswb-panel msswb-panel-container\"><div class=\"mwwsb-panel-header\"><div class=\"mwwsb-panel-title\">Alle videoveiledningene for TurneringsAdmin, SportsAdmin og Live-admin (InnebandyLive)<\/div><div class=\"mwwsb-panel-icon\"><span class=\"dashicon dashicons dashicons-arrow-down-alt2\"><\/span><\/div><\/div><div class=\"msswb-panel-content\"><div class=\"msswb-display-internal-post-frontend-app-v2\" data-url-encoded-attrs=\"%7B%22displayInternalPost%22%3A%7B%22blog_id%22%3A3%2C%22ID%22%3A4389%7D%7D\" data-dip-id=\"\" ><\/div><\/div><\/div>\n\n\n\n<div class=\"wp-block-msswb-panel msswb-panel-container\"><div class=\"mwwsb-panel-header\"><div class=\"mwwsb-panel-title\">Brukerveiledning for oppdatering av funksjoner i SportsAdmin (SA)<\/div><div class=\"mwwsb-panel-icon\"><span class=\"dashicon dashicons dashicons-arrow-down-alt2\"><\/span><\/div><\/div><div class=\"msswb-panel-content\"><div class=\"msswb-display-internal-post-frontend-app-v2\" data-url-encoded-attrs=\"%7B%22displayInternalPost%22%3A%7B%22blog_id%22%3A3%2C%22ID%22%3A8701%7D%7D\" data-dip-id=\"\" ><\/div><\/div><\/div>\n\n\n\n<div class=\"wp-block-msswb-panel msswb-panel-container\"><div class=\"mwwsb-panel-header\"><div class=\"mwwsb-panel-title\">Hvordan tildele funksjoner i SportsAdmin med rettigheter til \u00e5 f\u00f8re Live-admin<\/div><div class=\"mwwsb-panel-icon\"><span class=\"dashicon dashicons dashicons-arrow-down-alt2\"><\/span><\/div><\/div><div class=\"msswb-panel-content\"><div class=\"msswb-display-internal-post-frontend-app-v2\" data-url-encoded-attrs=\"%7B%22displayInternalPost%22%3A%7B%22blog_id%22%3A3%2C%22ID%22%3A4426%7D%7D\" data-dip-id=\"\" ><\/div><\/div><\/div>\n\n\n\n<div class=\"wp-block-msswb-panel msswb-panel-container\"><div class=\"mwwsb-panel-header\"><div class=\"mwwsb-panel-title\">Hvordan legge til klubblogoen p\u00e5 et lag i SportsAdmin<\/div><div class=\"mwwsb-panel-icon\"><span class=\"dashicon dashicons dashicons-arrow-down-alt2\"><\/span><\/div><\/div><div class=\"msswb-panel-content\"><div class=\"msswb-display-internal-post-frontend-app-v2\" data-url-encoded-attrs=\"%7B%22displayInternalPost%22%3A%7B%22blog_id%22%3A3%2C%22ID%22%3A4427%7D%7D\" data-dip-id=\"\" ><\/div><\/div><\/div>\n\n\n\n<div class=\"wp-block-msswb-panel msswb-panel-container\"><div class=\"mwwsb-panel-header\"><div class=\"mwwsb-panel-title\">Hurtigguide for f\u00f8ring av kamper i InnebandyLive (Live-admin)<\/div><div class=\"mwwsb-panel-icon\"><span class=\"dashicon dashicons dashicons-arrow-down-alt2\"><\/span><\/div><\/div><div class=\"msswb-panel-content\"><div class=\"msswb-display-internal-post-frontend-app-v2\" data-url-encoded-attrs=\"%7B%22displayInternalPost%22%3A%7B%22blog_id%22%3A4%2C%22ID%22%3A1811%7D%7D\" data-dip-id=\"\" ><\/div><\/div><\/div>\n\n\n\n<div class=\"wp-block-msswb-panel msswb-panel-container\"><div class=\"mwwsb-panel-header\"><div class=\"mwwsb-panel-title\">Hvordan logge inn i TurneringsAdmin via Min Idrett<\/div><div class=\"mwwsb-panel-icon\"><span class=\"dashicon dashicons dashicons-arrow-down-alt2\"><\/span><\/div><\/div><div class=\"msswb-panel-content\"><div class=\"msswb-display-internal-post-frontend-app-v2\" data-url-encoded-attrs=\"%7B%22displayInternalPost%22%3A%7B%22blog_id%22%3A3%2C%22ID%22%3A4425%7D%7D\" data-dip-id=\"\" ><\/div><\/div><\/div>\n\n\n\n<div class=\"wp-block-msswb-panel msswb-panel-container\"><div class=\"mwwsb-panel-header\"><div class=\"mwwsb-panel-title\">Legge inn spillerstall i TurneringsAdmin (TA)<\/div><div class=\"mwwsb-panel-icon\"><span class=\"dashicon dashicons dashicons-arrow-down-alt2\"><\/span><\/div><\/div><div class=\"msswb-panel-content\"><div class=\"msswb-display-internal-post-frontend-app-v2\" data-url-encoded-attrs=\"%7B%22displayInternalPost%22%3A%7B%22blog_id%22%3A3%2C%22ID%22%3A4913%7D%7D\" data-dip-id=\"\" ><\/div><\/div><\/div>\n\n\n\n<div class=\"wp-block-msswb-panel msswb-panel-container\"><div class=\"mwwsb-panel-header\"><div class=\"mwwsb-panel-title\">Hvordan legge til spiller i spillerstall med duplikater registrert i SportsAdmin\/MinIdrett<\/div><div class=\"mwwsb-panel-icon\"><span class=\"dashicon dashicons dashicons-arrow-down-alt2\"><\/span><\/div><\/div><div class=\"msswb-panel-content\"><div class=\"msswb-display-internal-post-frontend-app-v2\" data-url-encoded-attrs=\"%7B%22displayInternalPost%22%3A%7B%22blog_id%22%3A3%2C%22ID%22%3A4438%7D%7D\" data-dip-id=\"\" ><\/div><\/div><\/div>\n\n\n\n<div class=\"wp-block-msswb-panel msswb-panel-container\"><div class=\"mwwsb-panel-header\"><div class=\"mwwsb-panel-title\">Legge inn kamptropp i TurneringsAdmin (TA)<\/div><div class=\"mwwsb-panel-icon\"><span class=\"dashicon dashicons dashicons-arrow-down-alt2\"><\/span><\/div><\/div><div class=\"msswb-panel-content\"><div class=\"msswb-display-internal-post-frontend-app-v2\" data-url-encoded-attrs=\"%7B%22displayInternalPost%22%3A%7B%22blog_id%22%3A3%2C%22ID%22%3A4912%7D%7D\" data-dip-id=\"\" ><\/div><\/div><\/div>\n\n\n\n<div class=\"wp-block-msswb-panel msswb-panel-container\"><div class=\"mwwsb-panel-header\"><div class=\"mwwsb-panel-title\">Hvordan legge inn kamptropp i MinBandy<\/div><div class=\"mwwsb-panel-icon\"><span class=\"dashicon dashicons dashicons-arrow-down-alt2\"><\/span><\/div><\/div><div class=\"msswb-panel-content\"><div class=\"msswb-display-internal-post-frontend-app-v2\" data-url-encoded-attrs=\"%7B%22displayInternalPost%22%3A%7B%22blog_id%22%3A3%2C%22ID%22%3A4437%7D%7D\" data-dip-id=\"\" ><\/div><\/div><\/div>\n\n\n\n<div class=\"wp-block-msswb-panel msswb-panel-container\"><div class=\"mwwsb-panel-header\"><div class=\"mwwsb-panel-title\">Hvordan finne Live-kamper i TurneringsAdmin<\/div><div class=\"mwwsb-panel-icon\"><span class=\"dashicon dashicons dashicons-arrow-down-alt2\"><\/span><\/div><\/div><div class=\"msswb-panel-content\"><div class=\"msswb-display-internal-post-frontend-app-v2\" data-url-encoded-attrs=\"%7B%22displayInternalPost%22%3A%7B%22blog_id%22%3A3%2C%22ID%22%3A4400%7D%7D\" data-dip-id=\"\" ><\/div><\/div><\/div>\n\n\n\n<div class=\"wp-block-msswb-panel msswb-panel-container\"><div class=\"mwwsb-panel-header\"><div class=\"mwwsb-panel-title\">Hvordan eksportere kamp fra TurneringsAdmin til Live-admin<\/div><div class=\"mwwsb-panel-icon\"><span class=\"dashicon dashicons dashicons-arrow-down-alt2\"><\/span><\/div><\/div><div class=\"msswb-panel-content\"><div class=\"msswb-display-internal-post-frontend-app-v2\" data-url-encoded-attrs=\"%7B%22displayInternalPost%22%3A%7B%22blog_id%22%3A3%2C%22ID%22%3A4399%7D%7D\" data-dip-id=\"\" ><\/div><\/div><\/div>\n\n\n\n<div class=\"wp-block-msswb-panel msswb-panel-container\"><div class=\"mwwsb-panel-header\"><div class=\"mwwsb-panel-title\">Hvordan oppgradere fra registreringsniv\u00e5 standard (uten skudd) til avansert (med skudd) i Live-admin<\/div><div class=\"mwwsb-panel-icon\"><span class=\"dashicon dashicons dashicons-arrow-down-alt2\"><\/span><\/div><\/div><div class=\"msswb-panel-content\"><div class=\"msswb-display-internal-post-frontend-app-v2\" data-url-encoded-attrs=\"%7B%22displayInternalPost%22%3A%7B%22blog_id%22%3A3%2C%22ID%22%3A4398%7D%7D\" data-dip-id=\"\" ><\/div><\/div><\/div>\n\n\n\n<div class=\"wp-block-msswb-panel msswb-panel-container\"><div class=\"mwwsb-panel-header\"><div class=\"mwwsb-panel-title\">Kontroll av kamptropp f\u00f8r signering i Live-admin<\/div><div class=\"mwwsb-panel-icon\"><span class=\"dashicon dashicons dashicons-arrow-down-alt2\"><\/span><\/div><\/div><div class=\"msswb-panel-content\"><div class=\"msswb-display-internal-post-frontend-app-v2\" data-url-encoded-attrs=\"%7B%22displayInternalPost%22%3A%7B%22blog_id%22%3A3%2C%22ID%22%3A4405%7D%7D\" data-dip-id=\"\" ><\/div><\/div><\/div>\n\n\n\n<div class=\"wp-block-msswb-panel msswb-panel-container\"><div class=\"mwwsb-panel-header\"><div class=\"mwwsb-panel-title\">Brukerveiledning for f\u00f8ring av InnebandyLIVE (elektronisk kampskjema)<\/div><div class=\"mwwsb-panel-icon\"><span class=\"dashicon dashicons dashicons-arrow-down-alt2\"><\/span><\/div><\/div><div class=\"msswb-panel-content\"><div class=\"msswb-display-internal-post-frontend-app-v2\" data-url-encoded-attrs=\"%7B%22displayInternalPost%22%3A%7B%22blog_id%22%3A3%2C%22ID%22%3A4911%7D%7D\" data-dip-id=\"\" ><\/div><\/div><\/div>\n\n\n\n<div class=\"wp-block-msswb-panel msswb-panel-container\"><div class=\"mwwsb-panel-header\"><div class=\"mwwsb-panel-title\">Viktige momenter ved f\u00f8ring av InnebandyLIVE<\/div><div class=\"mwwsb-panel-icon\"><span class=\"dashicon dashicons dashicons-arrow-down-alt2\"><\/span><\/div><\/div><div class=\"msswb-panel-content\"><div class=\"msswb-display-internal-post-frontend-app-v2\" data-url-encoded-attrs=\"%7B%22displayInternalPost%22%3A%7B%22blog_id%22%3A3%2C%22ID%22%3A4879%7D%7D\" data-dip-id=\"\" ><\/div><\/div><\/div>\n\n\n\n<div class=\"wp-block-msswb-panel msswb-panel-container\"><div class=\"mwwsb-panel-header\"><div class=\"mwwsb-panel-title\">Hvordan avslutte en kamp korrekt i Live-admin<\/div><div class=\"mwwsb-panel-icon\"><span class=\"dashicon dashicons dashicons-arrow-down-alt2\"><\/span><\/div><\/div><div class=\"msswb-panel-content\"><div class=\"msswb-display-internal-post-frontend-app-v2\" data-url-encoded-attrs=\"%7B%22displayInternalPost%22%3A%7B%22blog_id%22%3A3%2C%22ID%22%3A4436%7D%7D\" data-dip-id=\"\" ><\/div><\/div><\/div>\n\n\n\n<div class=\"wp-block-msswb-panel msswb-panel-container\"><div class=\"mwwsb-panel-header\"><div class=\"mwwsb-panel-title\">Viktig info om forlenget spilletid og straffekonkurranse i InnebandyLIVE<\/div><div class=\"mwwsb-panel-icon\"><span class=\"dashicon dashicons dashicons-arrow-down-alt2\"><\/span><\/div><\/div><div class=\"msswb-panel-content\"><div class=\"msswb-display-internal-post-frontend-app-v2\" data-url-encoded-attrs=\"%7B%22displayInternalPost%22%3A%7B%22blog_id%22%3A3%2C%22ID%22%3A4471%7D%7D\" data-dip-id=\"\" ><\/div><\/div><\/div>\n\n\n\n<div class=\"wp-block-msswb-panel msswb-panel-container\"><div class=\"mwwsb-panel-header\"><div class=\"mwwsb-panel-title\">Informasjon til lagledere om InnebandyLIVE<\/div><div class=\"mwwsb-panel-icon\"><span class=\"dashicon dashicons dashicons-arrow-down-alt2\"><\/span><\/div><\/div><div class=\"msswb-panel-content\"><div class=\"msswb-display-internal-post-frontend-app-v2\" data-url-encoded-attrs=\"%7B%22displayInternalPost%22%3A%7B%22blog_id%22%3A3%2C%22ID%22%3A4878%7D%7D\" data-dip-id=\"\" ><\/div><\/div><\/div>\n\n\n\n<div class=\"wp-block-msswb-panel msswb-panel-container\"><div class=\"mwwsb-panel-header\"><div class=\"mwwsb-panel-title\">Hente pinkode i appen Min Bandy til signering av kamptropp\/kampskjema i Live-admin<\/div><div class=\"mwwsb-panel-icon\"><span class=\"dashicon dashicons dashicons-arrow-down-alt2\"><\/span><\/div><\/div><div class=\"msswb-panel-content\"><div class=\"msswb-display-internal-post-frontend-app-v2\" data-url-encoded-attrs=\"%7B%22displayInternalPost%22%3A%7B%22blog_id%22%3A3%2C%22ID%22%3A4877%7D%7D\" data-dip-id=\"\" ><\/div><\/div><\/div>\n\n\n\n<div class=\"wp-block-msswb-panel msswb-panel-container\"><div class=\"mwwsb-panel-header\"><div class=\"mwwsb-panel-title\">Hvordan registrere selvm\u00e5l i InnebandyLIVE<\/div><div class=\"mwwsb-panel-icon\"><span class=\"dashicon dashicons dashicons-arrow-down-alt2\"><\/span><\/div><\/div><div class=\"msswb-panel-content\"><div class=\"msswb-display-internal-post-frontend-app-v2\" data-url-encoded-attrs=\"%7B%22displayInternalPost%22%3A%7B%22blog_id%22%3A3%2C%22ID%22%3A4876%7D%7D\" data-dip-id=\"\" ><\/div><\/div><\/div>\n\n\n\n<div class=\"wp-block-msswb-panel msswb-panel-container\"><div class=\"mwwsb-panel-header\"><div class=\"mwwsb-panel-title\">HUSK \u00e5 avslutte periode n\u00e5r man f\u00f8rer InnebandyLive<\/div><div class=\"mwwsb-panel-icon\"><span class=\"dashicon dashicons dashicons-arrow-down-alt2\"><\/span><\/div><\/div><div class=\"msswb-panel-content\"><div class=\"msswb-display-internal-post-frontend-app-v2\" data-url-encoded-attrs=\"%7B%22displayInternalPost%22%3A%7B%22blog_id%22%3A3%2C%22ID%22%3A18392%7D%7D\" data-dip-id=\"JXV4a\" ><\/div><\/div><\/div>\n\n\n\n<div class=\"wp-block-msswb-panel msswb-panel-container\"><div class=\"mwwsb-panel-header\"><div class=\"mwwsb-panel-title\">F\u00f8ring av InnebandyLive &#8211; Str\u00f8mming &#8211; U\u00f8nskede hendelser &#8211; STOPPKNAPP &#8211; VARSLING &#8211;<\/div><div class=\"mwwsb-panel-icon\"><span class=\"dashicon dashicons dashicons-arrow-down-alt2\"><\/span><\/div><\/div><div class=\"msswb-panel-content\"><div class=\"msswb-display-internal-post-frontend-app-v2\" data-url-encoded-attrs=\"%7B%22displayInternalPost%22%3A%7B%22blog_id%22%3A3%2C%22ID%22%3A12011%7D%7D\" data-dip-id=\"\" ><\/div><\/div><\/div>\n\n\n\n<div class=\"wp-block-msswb-panel msswb-panel-container\"><div class=\"mwwsb-panel-header\"><div class=\"mwwsb-panel-title\">Hvordan f\u00f8lge cup, sluttspill, turnering i mobilappen MinBandy<\/div><div class=\"mwwsb-panel-icon\"><span class=\"dashicon dashicons dashicons-arrow-down-alt2\"><\/span><\/div><\/div><div class=\"msswb-panel-content\"><div class=\"msswb-display-internal-post-frontend-app-v2\" data-url-encoded-attrs=\"%7B%22displayInternalPost%22%3A%7B%22blog_id%22%3A3%2C%22ID%22%3A4435%7D%7D\" data-dip-id=\"\" ><\/div><\/div><\/div>\n\n\n\n<div class=\"wp-block-msswb-panel msswb-panel-container\"><div class=\"mwwsb-panel-header\"><div class=\"mwwsb-panel-title\">Hvordan melde p\u00e5 lag til en turnering i TA<\/div><div class=\"mwwsb-panel-icon\"><span class=\"dashicon dashicons dashicons-arrow-down-alt2\"><\/span><\/div><\/div><div class=\"msswb-panel-content\"><div class=\"msswb-display-internal-post-frontend-app-v2\" data-url-encoded-attrs=\"%7B%22displayInternalPost%22%3A%7B%22blog_id%22%3A3%2C%22ID%22%3A4230%7D%7D\" data-dip-id=\"\" ><\/div><\/div><\/div>\n\n\n\n<div class=\"wp-block-msswb-panel msswb-panel-container\"><div class=\"mwwsb-panel-header\"><div class=\"mwwsb-panel-title\">Nytt i InnebandyLive fra og med sesongen 2019\/2020<\/div><div class=\"mwwsb-panel-icon\"><span class=\"dashicon dashicons dashicons-arrow-down-alt2\"><\/span><\/div><\/div><div class=\"msswb-panel-content\">\n<p><a href=\"https:\/\/bandyforbundet.no\/innebandy\/?msswb-post=nytt-i-innebandylive\">Les artikkel<\/a><\/p>\n<\/div><\/div>\n\n\n\n<div class=\"wp-block-msswb-spacer msswb-spacer-container show-line\" style=\"height:50px\"><div class=\"line\" style=\"height:25px\"><\/div><div class=\"line-center-divider\"><\/div><\/div>\n\n\n\n<p><strong>Disse to skal kun benyttes i n\u00f8dstilfelle (hvis InnebandyLive ikke har fungert e.l.):<\/strong><\/p>\n\n\n\n<div class=\"wp-block-msswb-panel msswb-panel-container\"><div class=\"mwwsb-panel-header\"><div class=\"mwwsb-panel-title\">Brukerveiledning for resultatregistrering i TurneringsAdmin (TA)<\/div><div class=\"mwwsb-panel-icon\"><span class=\"dashicon dashicons dashicons-arrow-down-alt2\"><\/span><\/div><\/div><div class=\"msswb-panel-content\"><div class=\"msswb-display-internal-post-frontend-app-v2\" data-url-encoded-attrs=\"%7B%22displayInternalPost%22%3A%7B%22blog_id%22%3A3%2C%22ID%22%3A5375%7D%7D\" data-dip-id=\"\" ><\/div><\/div><\/div>\n\n\n\n<div class=\"wp-block-msswb-panel msswb-panel-container\"><div class=\"mwwsb-panel-header\"><div class=\"mwwsb-panel-title\">Brukerveiledning for resultatregistrering i appen Min Bandy (mobil)<\/div><div class=\"mwwsb-panel-icon\"><span class=\"dashicon dashicons dashicons-arrow-down-alt2\"><\/span><\/div><\/div><div class=\"msswb-panel-content\"><div class=\"msswb-display-internal-post-frontend-app-v2\" data-url-encoded-attrs=\"%7B%22displayInternalPost%22%3A%7B%22blog_id%22%3A3%2C%22ID%22%3A5376%7D%7D\" data-dip-id=\"\" ><\/div><\/div><\/div>\n","protected":false},"excerpt":{"rendered":"<p>IDRETTSSYSTEMENE BRUKERVEILEDNINGER FOR DIGITAL DOMMERREGNING I TURNERINGSADMIN (TA) OG IDRETTSOPPGJ\u00d8R (IO) (Gjelder kun for Forbundsseriene og OABR) SEKRETARIATSKURSENE FOR INNEBANDY SOM E-L\u00c6RINGSKURS GENERELLE BRUKERVEILEDNINGER Disse to skal kun benyttes i n\u00f8dstilfelle (hvis InnebandyLive ikke har fungert e.l.):<\/p>\n","protected":false},"author":47,"featured_media":0,"parent":3795,"menu_order":0,"comment_status":"closed","ping_status":"closed","template":"","meta":{"cover_meta":"","footnotes":""},"class_list":["post-3800","page","type-page","status-publish","hentry"],"_links":{"self":[{"href":"https:\/\/bandyforbundet.no\/innebandy\/index.php?rest_route=\/wp\/v2\/pages\/3800","targetHints":{"allow":["GET"]}}],"collection":[{"href":"https:\/\/bandyforbundet.no\/innebandy\/index.php?rest_route=\/wp\/v2\/pages"}],"about":[{"href":"https:\/\/bandyforbundet.no\/innebandy\/index.php?rest_route=\/wp\/v2\/types\/page"}],"author":[{"embeddable":true,"href":"https:\/\/bandyforbundet.no\/innebandy\/index.php?rest_route=\/wp\/v2\/users\/47"}],"replies":[{"embeddable":true,"href":"https:\/\/bandyforbundet.no\/innebandy\/index.php?rest_route=%2Fwp%2Fv2%2Fcomments&post=3800"}],"version-history":[{"count":30,"href":"https:\/\/bandyforbundet.no\/innebandy\/index.php?rest_route=\/wp\/v2\/pages\/3800\/revisions"}],"predecessor-version":[{"id":18394,"href":"https:\/\/bandyforbundet.no\/innebandy\/index.php?rest_route=\/wp\/v2\/pages\/3800\/revisions\/18394"}],"up":[{"embeddable":true,"href":"https:\/\/bandyforbundet.no\/innebandy\/index.php?rest_route=\/wp\/v2\/pages\/3795"}],"wp:attachment":[{"href":"https:\/\/bandyforbundet.no\/innebandy\/index.php?rest_route=%2Fwp%2Fv2%2Fmedia&parent=3800"}],"curies":[{"name":"wp","href":"https:\/\/api.w.org\/{rel}","templated":true}]}}