{"id":3807,"date":"2016-04-30T12:29:49","date_gmt":"2016-04-30T10:29:49","guid":{"rendered":"http:\/\/bandyforbundet.no\/innebandy\/?page_id=3807"},"modified":"2022-06-01T14:35:21","modified_gmt":"2022-06-01T14:35:21","slug":"protokoller-og-referater-2","status":"publish","type":"page","link":"https:\/\/bandyforbundet.no\/innebandy\/?page_id=3807","title":{"rendered":"Protokoller og referater"},"content":{"rendered":"\n<div class=\"wp-block-msswb-spacer msswb-spacer-container show-line\" style=\"height:17px\"><div class=\"line\" style=\"height:8px\"><\/div><div class=\"line-center-divider\"><\/div><\/div>\n\n\n\n<p><a href=\"https:\/\/bandyforbundet.no\/innebandy\/?page_id=11278\">Protokoller fra innebandyens Seksjons\u00e5rsm\u00f8ter<\/a><\/p>\n\n\n\n<div class=\"wp-block-msswb-spacer msswb-spacer-container show-line\" style=\"height:17px\"><div class=\"line\" style=\"height:8px\"><\/div><div class=\"line-center-divider\"><\/div><\/div>\n\n\n\n<div class=\"wp-block-columns\">\n<div class=\"wp-block-column\">\n<h3 class=\"has-text-align-center wp-block-heading\">Seksjonsstyret<\/h3>\n\n\n<div class=\"msswb-display-posts-frontend-app-v2\" data-url-encoded-attrs=\"%7B%22mode%22%3A%22list%22%2C%22carouselHeight%22%3A500%2C%22carouselMax%22%3A10%2C%22startAnimation%22%3A%22start%22%2C%22design%22%3A%22msswbcard%22%2C%22hideExcerpt%22%3Afalse%2C%22filterDate%22%3A%22fromdate%22%2C%22dateObj%22%3A%7B%7D%2C%22scrollDirection%22%3A%22vertical%22%2C%22displayPostsFromCategories%22%3A%5B%7B%22blog_id%22%3A3%2C%22included%22%3A%5B117%5D%2C%22excluded%22%3A%5B%5D%7D%5D%2C%22displayPostsFromSharedCategories%22%3A%5B%5D%2C%22maxCols%22%3A4%7D\" ><\/div><\/div>\n\n\n\n<div class=\"wp-block-column\">\n<h3 class=\"has-text-align-center wp-block-heading\">\u00c5rsm\u00f8tet<\/h3>\n\n\n<div class=\"msswb-display-posts-frontend-app-v2\" data-url-encoded-attrs=\"%7B%22mode%22%3A%22list%22%2C%22carouselHeight%22%3A500%2C%22carouselMax%22%3A10%2C%22startAnimation%22%3A%22start%22%2C%22design%22%3A%22msswbcard%22%2C%22hideExcerpt%22%3Afalse%2C%22filterDate%22%3A%22custom%22%2C%22dateObj%22%3A%7B%7D%2C%22scrollDirection%22%3A%22vertical%22%2C%22displayPostsFromCategories%22%3A%5B%7B%22blog_id%22%3A3%2C%22included%22%3A%5B90%5D%2C%22excluded%22%3A%5B%5D%7D%5D%2C%22displayPostsFromSharedCategories%22%3A%5B%5D%2C%22maxCols%22%3A4%7D\" ><\/div><\/div>\n\n\n\n<div class=\"wp-block-column\">\n<h3 class=\"has-text-align-center wp-block-heading\">Forbundsstyret<\/h3>\n\n\n<div class=\"msswb-display-posts-frontend-app-v2\" data-url-encoded-attrs=\"%7B%22mode%22%3A%22list%22%2C%22carouselHeight%22%3A500%2C%22carouselMax%22%3A10%2C%22startAnimation%22%3A%22start%22%2C%22design%22%3A%22msswbcard%22%2C%22hideExcerpt%22%3Afalse%2C%22filterDate%22%3A%22fromdate%22%2C%22dateObj%22%3A%7B%7D%2C%22scrollDirection%22%3A%22vertical%22%2C%22displayPostsFromCategories%22%3A%5B%7B%22blog_id%22%3A3%2C%22included%22%3A%5B%5D%2C%22excluded%22%3A%5B%5D%7D%5D%2C%22displayPostsFromSharedCategories%22%3A%5B%7B%22blog_id%22%3A2%2C%22included%22%3A%5B156%5D%2C%22excluded%22%3A%5B%5D%7D%5D%2C%22maxCols%22%3A4%7D\" ><\/div><\/div>\n\n\n\n<div class=\"wp-block-column\">\n<h3 class=\"has-text-align-center wp-block-heading\">Forbundstinget<\/h3>\n\n\n<div class=\"msswb-display-posts-frontend-app-v2\" data-url-encoded-attrs=\"%7B%22mode%22%3A%22list%22%2C%22carouselHeight%22%3A500%2C%22carouselMax%22%3A10%2C%22startAnimation%22%3A%22start%22%2C%22design%22%3A%22msswbcard%22%2C%22hideExcerpt%22%3Afalse%2C%22filterDate%22%3A%22fromdate%22%2C%22dateObj%22%3A%7B%7D%2C%22scrollDirection%22%3A%22vertical%22%2C%22displayPostsFromCategories%22%3A%5B%7B%22blog_id%22%3A3%2C%22included%22%3A%5B%5D%2C%22excluded%22%3A%5B%5D%7D%5D%2C%22displayPostsFromSharedCategories%22%3A%5B%7B%22blog_id%22%3A2%2C%22included%22%3A%5B157%5D%2C%22excluded%22%3A%5B%5D%7D%5D%2C%22maxCols%22%3A4%7D\" ><\/div><\/div>\n<\/div>\n\n\n\n<div class=\"wp-block-msswb-spacer msswb-spacer-container show-line\" style=\"height:31px\"><div class=\"line\" style=\"height:15px\"><\/div><div class=\"line-center-divider\"><\/div><\/div>\n\n\n\n<h2 class=\"has-text-align-center wp-block-heading\">Siste protokoller<\/h2>\n\n\n<div class=\"msswb-display-posts-frontend-app-v2\" data-url-encoded-attrs=\"%7B%22mode%22%3A%22grid%22%2C%22carouselHeight%22%3A500%2C%22carouselMax%22%3A10%2C%22startAnimation%22%3A%22start%22%2C%22design%22%3A%22msswbcard%22%2C%22hideExcerpt%22%3Afalse%2C%22filterDate%22%3A%22fromdate%22%2C%22dateObj%22%3A%7B%7D%2C%22scrollDirection%22%3A%22vertical%22%2C%22displayPostsFromCategories%22%3A%5B%7B%22blog_id%22%3A3%2C%22included%22%3A%5B115%2C90%2C117%5D%2C%22excluded%22%3A%5B%5D%2C%22filterDate%22%3A%22from1yearago%22%2C%22dateObj%22%3A%7B%22fromDate%22%3A%221%20year%20ago%22%2C%22toDate%22%3A%22%22%7D%7D%5D%2C%22displayPostsFromSharedCategories%22%3A%5B%7B%22blog_id%22%3A2%2C%22included%22%3A%5B155%5D%2C%22excluded%22%3A%5B%5D%7D%5D%2C%22maxCols%22%3A3%7D\" ><\/div>","protected":false},"excerpt":{"rendered":"<p>Protokoller fra innebandyens Seksjons\u00e5rsm\u00f8ter Seksjonsstyret \u00c5rsm\u00f8tet Forbundsstyret Forbundstinget Siste protokoller<\/p>\n","protected":false},"author":25,"featured_media":0,"parent":3795,"menu_order":0,"comment_status":"closed","ping_status":"closed","template":"templates\/template-cover.php","meta":{"cover_meta":"{\"showBackgroundImage\":true,\"bgImage\":{\"image_id\":275,\"blog_id\":3,\"term_id\":178,\"selected_size\":\"full\"},\"showOverlay\":true,\"overlayColor\":\"#ad1724\",\"overlayOpacity\":0.8,\"showIntro\":true,\"introColor\":\"white\",\"intro\":\"Innebandy - Forbund\",\"title\":\"PROTOKOLLER\",\"titleColor\":\"white\",\"showOutro\":true,\"outroColor\":\"white\",\"outro\":\"Styrem\u00f8ter - \u00c5rsm\u00f8ter - Ting\"}","footnotes":""},"class_list":["post-3807","page","type-page","status-publish","hentry"],"_links":{"self":[{"href":"https:\/\/bandyforbundet.no\/innebandy\/index.php?rest_route=\/wp\/v2\/pages\/3807","targetHints":{"allow":["GET"]}}],"collection":[{"href":"https:\/\/bandyforbundet.no\/innebandy\/index.php?rest_route=\/wp\/v2\/pages"}],"about":[{"href":"https:\/\/bandyforbundet.no\/innebandy\/index.php?rest_route=\/wp\/v2\/types\/page"}],"author":[{"embeddable":true,"href":"https:\/\/bandyforbundet.no\/innebandy\/index.php?rest_route=\/wp\/v2\/users\/25"}],"replies":[{"embeddable":true,"href":"https:\/\/bandyforbundet.no\/innebandy\/index.php?rest_route=%2Fwp%2Fv2%2Fcomments&post=3807"}],"version-history":[{"count":11,"href":"https:\/\/bandyforbundet.no\/innebandy\/index.php?rest_route=\/wp\/v2\/pages\/3807\/revisions"}],"predecessor-version":[{"id":11343,"href":"https:\/\/bandyforbundet.no\/innebandy\/index.php?rest_route=\/wp\/v2\/pages\/3807\/revisions\/11343"}],"up":[{"embeddable":true,"href":"https:\/\/bandyforbundet.no\/innebandy\/index.php?rest_route=\/wp\/v2\/pages\/3795"}],"wp:attachment":[{"href":"https:\/\/bandyforbundet.no\/innebandy\/index.php?rest_route=%2Fwp%2Fv2%2Fmedia&parent=3807"}],"curies":[{"name":"wp","href":"https:\/\/api.w.org\/{rel}","templated":true}]}}