{"id":3826,"date":"2016-05-02T11:47:15","date_gmt":"2016-05-02T11:47:15","guid":{"rendered":"http:\/\/bandyforbundet.no\/innebandy\/?page_id=3826"},"modified":"2021-06-28T11:28:18","modified_gmt":"2021-06-28T11:28:18","slug":"hvordan-starte-en-klubb","status":"publish","type":"page","link":"https:\/\/bandyforbundet.no\/innebandy\/?page_id=3826","title":{"rendered":"Hvordan starte en klubb"},"content":{"rendered":"<p>\u00d8nsker du \u00e5 starte egen innebandyklubb eller innebandygruppe i et\u00a0eksisterende idrettslag? Ta kontakt med din lokale\u00a0utviklingskonsulent\u00a0og din\u00a0idrettskrets. B\u00e5de utviklingskonsulent og idrettskrets vil hjelpe nettopp deg og din klubb i opprettelsen.<\/p>\n<p>\u00a0<\/p>\n<div class=\"wp-block-msswb-panel msswb-panel-container\"><div class=\"mwwsb-panel-header\"><div class=\"mwwsb-panel-title\">Ansatte Utviklingsavdelingen<\/div><div class=\"mwwsb-panel-icon\"><span class=\"dashicon dashicons dashicons-arrow-down-alt2\"><\/span><\/div><\/div><div class=\"msswb-panel-content\"><div class=\"msswb-display-internal-post-frontend-app-v2\" data-url-encoded-attrs=\"%7B%22displayInternalPost%22%3A%7B%22blog_id%22%3A2%2C%22ID%22%3A943%7D%7D\" data-dip-id=\"\" ><\/div><\/div><\/div><div class=\"wp-block-buttons aligncenter\"><div class=\"wp-block-button\"><a class=\"wp-block-button__link\" href=\"https:\/\/www.idrettsforbundet.no\/idrettskretser\/\" style=\"border-radius:10px\" target=\"_blank\" rel=\"noopener\">Kontakt din idrettskrets<\/a><\/div><\/div><p><strong>Ta kontakt med din lokale utviklingskonsulent<\/strong><\/p>\n<p>Utviklingskonsulenten vil kunne hjelpe dere i oppstartsfasen, og guide dere videre i prosessen. Utviklingsavdelingen i Norges Bandyforbund har konsulenter som dekker hele landet, og disse kan hjelpe deg\/dere i gang med din\/deres innebandyklubb eller\u00a0innebandygruppe\u00a0i et\u00a0eksisterende idrettslag.<\/p>\n<p><strong>Ta kontakt med idrettskretsen dere tilh\u00f8rer\u00a0<\/strong><br \/>Idrettskretsen er instansen som tar opp deres nye klubb eller innebandygruppe i et eksisterende idrettslag.\u00a0De 19 ulike idrettskretsene\u00a0har ulike rutiner\u00a0for opptak av nye klubber\u00a0og nye grupper i eksisterende idrettslag. Vi r\u00e5der derfor til \u00e5 ta kontakt\u00a0med idrettskretsen dere tilh\u00f8rer\u00a0for\u00a0\u00e5\u00a0f\u00e5 rett s\u00f8knadsskjema og rutiner for opptak av deres nye innebandyklubb eller nye innebandygruppe i et eksisterende idrettslag.\u00a0<a href=\"https:\/\/www.idrettsforbundet.no\/klubbguiden\/stiftelse-og-opptak-av-idrettslag\/\">Her<\/a>\u00a0finner du mer informasjon.<\/p>\n<p>\u00a0<\/p>\n<p><strong>Kostnad<\/strong><\/p>\n<p>Innmelding i Norges Bandyforbund (NBF) er gratis.\u00a0<\/p>\n<p>Ved deltakelse i ordin\u00e6rt seriespill m\u00e5 f\u00f8lgende avgifter dekkes:<\/p>\n<ul>\n<li>\u00c5rsavgift p\u00e5 kr. 750,-<\/li>\n<li>Media-avgift p\u00e5 kr. 800,- (Gjelder kun innebandyklubber\/grupper).<\/li>\n<li>\u00c5rsm\u00f8teavgift p\u00e5 kr. 500,-\u00a0(Gjelder kun innebandyklubber\/grupper).<\/li>\n<\/ul>\n<h4 class=\"wp-block-heading\">Fordeler som medlem f\u00e5r en tilgang til tilbud gjennom NBF og Utviklingsavdelingen<\/h4><div class=\"wp-block-buttons aligncenter\"><div class=\"wp-block-button\"><a class=\"wp-block-button__link\" href=\"https:\/\/standardnbfdev.localhost\/?p=21156&#038;mAct=23404&#038;mID=69\" style=\"border-radius:10px\" target=\"_blank\" rel=\"noopener\">Tilbud om utdanning av trenere, dommere, ledere<\/a><\/div><\/div>","protected":false},"excerpt":{"rendered":"<p>\u00d8nsker du \u00e5 starte egen innebandyklubb eller innebandygruppe i et\u00a0eksisterende idrettslag? Ta kontakt med din lokale\u00a0utviklingskonsulent\u00a0og din\u00a0idrettskrets. B\u00e5de utviklingskonsulent og idrettskrets vil hjelpe nettopp deg og din klubb i opprettelsen. \u00a0 Ta kontakt med din lokale utviklingskonsulent Utviklingskonsulenten vil kunne hjelpe dere i oppstartsfasen, og guide dere videre i prosessen. Utviklingsavdelingen i Norges Bandyforbund har [&hellip;]<\/p>\n","protected":false},"author":47,"featured_media":0,"parent":3795,"menu_order":0,"comment_status":"closed","ping_status":"closed","template":"","meta":{"cover_meta":"","footnotes":""},"class_list":["post-3826","page","type-page","status-publish","hentry"],"_links":{"self":[{"href":"https:\/\/bandyforbundet.no\/innebandy\/index.php?rest_route=\/wp\/v2\/pages\/3826","targetHints":{"allow":["GET"]}}],"collection":[{"href":"https:\/\/bandyforbundet.no\/innebandy\/index.php?rest_route=\/wp\/v2\/pages"}],"about":[{"href":"https:\/\/bandyforbundet.no\/innebandy\/index.php?rest_route=\/wp\/v2\/types\/page"}],"author":[{"embeddable":true,"href":"https:\/\/bandyforbundet.no\/innebandy\/index.php?rest_route=\/wp\/v2\/users\/47"}],"replies":[{"embeddable":true,"href":"https:\/\/bandyforbundet.no\/innebandy\/index.php?rest_route=%2Fwp%2Fv2%2Fcomments&post=3826"}],"version-history":[{"count":2,"href":"https:\/\/bandyforbundet.no\/innebandy\/index.php?rest_route=\/wp\/v2\/pages\/3826\/revisions"}],"predecessor-version":[{"id":5615,"href":"https:\/\/bandyforbundet.no\/innebandy\/index.php?rest_route=\/wp\/v2\/pages\/3826\/revisions\/5615"}],"up":[{"embeddable":true,"href":"https:\/\/bandyforbundet.no\/innebandy\/index.php?rest_route=\/wp\/v2\/pages\/3795"}],"wp:attachment":[{"href":"https:\/\/bandyforbundet.no\/innebandy\/index.php?rest_route=%2Fwp%2Fv2%2Fmedia&parent=3826"}],"curies":[{"name":"wp","href":"https:\/\/api.w.org\/{rel}","templated":true}]}}