{"id":7612,"date":"2021-08-25T11:36:45","date_gmt":"2021-08-25T11:36:45","guid":{"rendered":"http:\/\/bandyforbundet.no\/innebandy\/?page_id=7612"},"modified":"2025-05-20T07:58:51","modified_gmt":"2025-05-20T07:58:51","slug":"dobbel-representasjon","status":"publish","type":"page","link":"https:\/\/bandyforbundet.no\/innebandy\/?page_id=7612","title":{"rendered":"Dobbel representasjon"},"content":{"rendered":"\n<div class=\"wp-block-msswb-spacer msswb-spacer-container\" style=\"height:21px\"><div class=\"line\" style=\"height:10px\"><\/div><div class=\"line-center-divider\"><\/div><\/div>\n\n\n\n<h2 class=\"wp-block-heading\">Dobbel representasjonsrett for spillere mellom 15 og 22 \u00e5r<\/h2>\n\n\n\n<p>Spillere mellom 15 og 22 \u00e5r kan spille for moderklubb p\u00e5 juniorniv\u00e5 og tilleggsklubb p\u00e5 seniorniv\u00e5 eller moderklubb p\u00e5 seniorniv\u00e5 og tilleggsklubb p\u00e5 annet seniorniv\u00e5 eller moderklubb p\u00e5 juniorniv\u00e5 og tilleggsklubb p\u00e5 et h\u00f8yere juniorniv\u00e5. Begrensninger i den doble representasjonen fremg\u00e5r av f\u00f8ringene under. Det gis ikke dispensasjon for \u00e5 inng\u00e5 avtale om dobbel representasjonsrett for spillere utenfor aldersgruppen 15-22 \u00e5r eller for andre kombinasjoner av spill for klubber p\u00e5 tvers enn skissert i kampreglementets \u00a7 3 punkt 1.<\/p>\n\n\n\n<p><em><strong>Intensjonen med ordningen er \u00e5 gi spillere en utviklingsarena i tilleggsklubb, som moderklubb ikke kan gi dem, men likevel slik at spillerne blir lengst mulig i moderklubb for \u00e5 opprettholde et milj\u00f8 og lag der.<\/strong><\/em><\/p>\n\n\n\n<p>Avtale om dobbel representasjon for en sesong kan inng\u00e5s i perioden 1. mai til 15. januar etter s\u00f8knad og innbetalt gebyr p\u00e5 kr. 1649,- til NBF.<\/p>\n\n\n\n<div class=\"wp-block-msswb-panel msswb-panel-container\"><div class=\"mwwsb-panel-header\"><div class=\"mwwsb-panel-title\">Avtaleskjema for dobbel representasjonsrett sesongen 2025\/26<\/div><div class=\"mwwsb-panel-icon\"><span class=\"dashicon dashicons dashicons-arrow-down-alt2\"><\/span><\/div><\/div><div class=\"msswb-panel-content\"><div class=\"msswb-display-internal-post-frontend-app-v2\" data-url-encoded-attrs=\"%7B%22displayInternalPost%22%3A%7B%22blog_id%22%3A3%2C%22ID%22%3A7605%7D%7D\" data-dip-id=\"\" ><\/div>\n\n\n<div class=\"wp-block-msswb-spacer msswb-spacer-container show-line\" style=\"height:0px\"><div class=\"line\" style=\"height:0px\"><\/div><div class=\"line-center-divider\"><\/div><\/div>\n\n\n\n<p><strong>Skjemaet undertegnes av alle parter og sendes til:<\/strong><br><em>Norges Bandyforbund<br>Postboks 5000, 0840 Oslo<br>E-post: Ann-Mari.Ellefsen@nif.idrett.no<\/em><\/p>\n\n\n\n<p><strong>Avgift p\u00e5 kr.1649,- skal innbetales til konto 1813.76.23176, kvittering sendes vedlagt.<\/strong><br>(S\u00f8knaden behandles ikke uten at NBF har mottatt gyldig dokumentasjon p\u00e5 betalt gebyr.)<\/p>\n<\/div><\/div>\n\n\n\n<div class=\"wp-block-msswb-panel msswb-panel-container\"><div class=\"mwwsb-panel-header\"><div class=\"mwwsb-panel-title\">Liste over spillere med godkjent dobbel representasjon 2025\/26<\/div><div class=\"mwwsb-panel-icon\"><span class=\"dashicon dashicons dashicons-arrow-down-alt2\"><\/span><\/div><\/div><div class=\"msswb-panel-content\"><div class=\"msswb-display-internal-post-frontend-app-v2\" data-url-encoded-attrs=\"%7B%22displayInternalPost%22%3A%7B%22blog_id%22%3A3%2C%22ID%22%3A20385%7D%7D\" data-dip-id=\"\" ><\/div><\/div><\/div>\n\n\n\n<div class=\"wp-block-msswb-spacer msswb-spacer-container show-line\" style=\"height:50px\"><div class=\"line\" style=\"height:25px\"><\/div><div class=\"line-center-divider\"><\/div><\/div>\n\n\n\n<h3 class=\"wp-block-heading\">Rammer for dobbel representasjon:<\/h3>\n\n\n\n<p>Kampreglementet \u00a7 3. Medlemskap, tillitsverv, representasjonsrett og kontrakter.<\/p>\n\n\n\n<p>Punkt 1. Medlemskap, tillitsverv, representasjonsrett.<br>Man kan v\u00e6re medlem av flere klubber, men bare representasjonsberettiget for en klubb i samme idrett, med unntak av spillere i alderen 15-22 \u00e5r som kan representere to klubber i samme idrett. Gjennom den ene klubben har medlemmet sine rettigheter og forpliktelser innen forbund og krets (Moderklubben). I den andre klubben har medlemmet kun en tilleggsrettighet for spill (Tilleggsklubben). F\u00f8lgende kombinasjoner for dobbel representasjon er mulig:<\/p>\n\n\n\n<p>Spill for Moderklubben p\u00e5 juniorniv\u00e5 og spill for Tilleggsklubben p\u00e5 seniorniv\u00e5<br>Spill for Moderklubben p\u00e5 seniorniv\u00e5 og spill for Tilleggsklubben p\u00e5 seniorniv\u00e5 i samme klasse (herrer\/damer), men ikke i samme divisjon<br>Spill for Moderklubben p\u00e5 juniorniv\u00e5 og spill for Tilleggsklubben p\u00e5 juniorniv\u00e5, men kun for spill i en eldre \u00e5rsklasse, eller for spill i gutteklasse i samme \u00e5rsklasse for jentespillere<\/p>\n\n\n\n<p>En tillitsvalgt og\/eller dommer kan likevel spille for en annen klubbs oldboys-, oldgirls- eller veteranlag s\u00e5fremt ikke egen klubb deltar med lag i ordin\u00e6rt seriesystem i disse klasser i samme idrett.\u00bb<\/p>\n\n\n\n<div class=\"wp-block-msswb-spacer msswb-spacer-container show-line\" style=\"height:50px\"><div class=\"line\" style=\"height:25px\"><\/div><div class=\"line-center-divider\"><\/div><\/div>\n\n\n\n<h3 class=\"wp-block-heading\">F\u00f8ringer for dobbel representasjon:<\/h3>\n\n\n\n<p>Avtale om dobbel representasjon kan inng\u00e5s i perioden 1. mai til 15. januar, gjeldende for en sesong.<\/p>\n\n\n\n<p>En klubb kan kun gjennomf\u00f8re totalt 10 doble representasjonsretter pr. sesong. Enten alle til klubben, alle fra klubben, eller alle kombinasjoner derimellom. En klubb kan imidlertid kun tilegne seg 2 spillere, av hvert kj\u00f8nn, fra samme klubb med dobbel representasjonsrett.<\/p>\n\n\n\n<p>Det m\u00e5 beregnes inntil fire dagers saksbehandlingstid for godkjennelse av s\u00f8knader om dobbel representasjon.<\/p>\n\n\n\n<p>Ved kampkollisjon beslutter Moderklubben hvor spilleren skal spille.<\/p>\n\n\n\n<p>Dobbel representasjonsrett med spill for tilleggsklubben i NM er ikke tillatt.<\/p>\n\n\n\n<p>Den doble representasjonsretten opph\u00f8rer 30. april.<br>Dersom spilleren melder en tidsbegrenset eller varig overgang til en ny klubb, opph\u00f8rer den doble representasjonsretten. En spiller som allerede er utl\u00e5nt p\u00e5 en tidsbegrenset overgang tillates ikke \u00e5 tegne en avtale om dobbel representasjon.<\/p>\n\n\n\n<p>Det gis ikke dispensasjon for \u00e5 inng\u00e5 avtale om dobbel representasjonsrett for spillere utenfor aldersgruppen 15-22 \u00e5r eller for andre kombinasjoner av spill for klubber p\u00e5 tvers enn skissert i punktene over.<\/p>\n","protected":false},"excerpt":{"rendered":"<p>Dobbel representasjonsrett for spillere mellom 15 og 22 \u00e5r Spillere mellom 15 og 22 \u00e5r kan spille for moderklubb p\u00e5 juniorniv\u00e5 og tilleggsklubb p\u00e5 seniorniv\u00e5 eller moderklubb p\u00e5 seniorniv\u00e5 og tilleggsklubb p\u00e5 annet seniorniv\u00e5 eller moderklubb p\u00e5 juniorniv\u00e5 og tilleggsklubb p\u00e5 et h\u00f8yere juniorniv\u00e5. Begrensninger i den doble representasjonen fremg\u00e5r av f\u00f8ringene under. Det gis [&hellip;]<\/p>\n","protected":false},"author":16,"featured_media":0,"parent":3795,"menu_order":0,"comment_status":"closed","ping_status":"closed","template":"templates\/template-cover.php","meta":{"cover_meta":"{\"showBackgroundImage\":true,\"bgImage\":{\"image_id\":8850,\"blog_id\":3,\"term_id\":256,\"selected_size\":\"full\"},\"showOverlay\":true,\"overlayColor\":\"#40304e\",\"overlayOpacity\":0.8,\"showIntro\":true,\"introColor\":\"white\",\"intro\":\"Innebandy\",\"title\":\"Dobbel representasjonsrett\",\"titleColor\":\"white\",\"showOutro\":true,\"outroColor\":\"white\",\"outro\":\"for spillere mellom 15 og 22 \u00e5r\"}","footnotes":""},"class_list":["post-7612","page","type-page","status-publish","hentry"],"_links":{"self":[{"href":"https:\/\/bandyforbundet.no\/innebandy\/index.php?rest_route=\/wp\/v2\/pages\/7612","targetHints":{"allow":["GET"]}}],"collection":[{"href":"https:\/\/bandyforbundet.no\/innebandy\/index.php?rest_route=\/wp\/v2\/pages"}],"about":[{"href":"https:\/\/bandyforbundet.no\/innebandy\/index.php?rest_route=\/wp\/v2\/types\/page"}],"author":[{"embeddable":true,"href":"https:\/\/bandyforbundet.no\/innebandy\/index.php?rest_route=\/wp\/v2\/users\/16"}],"replies":[{"embeddable":true,"href":"https:\/\/bandyforbundet.no\/innebandy\/index.php?rest_route=%2Fwp%2Fv2%2Fcomments&post=7612"}],"version-history":[{"count":17,"href":"https:\/\/bandyforbundet.no\/innebandy\/index.php?rest_route=\/wp\/v2\/pages\/7612\/revisions"}],"predecessor-version":[{"id":20388,"href":"https:\/\/bandyforbundet.no\/innebandy\/index.php?rest_route=\/wp\/v2\/pages\/7612\/revisions\/20388"}],"up":[{"embeddable":true,"href":"https:\/\/bandyforbundet.no\/innebandy\/index.php?rest_route=\/wp\/v2\/pages\/3795"}],"wp:attachment":[{"href":"https:\/\/bandyforbundet.no\/innebandy\/index.php?rest_route=%2Fwp%2Fv2%2Fmedia&parent=7612"}],"curies":[{"name":"wp","href":"https:\/\/api.w.org\/{rel}","templated":true}]}}