{"id":8422,"date":"2021-09-23T07:35:34","date_gmt":"2021-09-23T07:35:34","guid":{"rendered":"http:\/\/bandyforbundet.no\/innebandy\/?page_id=8422"},"modified":"2021-10-19T07:13:47","modified_gmt":"2021-10-19T07:13:47","slug":"rekruttere-utovere","status":"publish","type":"page","link":"https:\/\/bandyforbundet.no\/innebandy\/?page_id=8422","title":{"rendered":"Rekruttere ut\u00f8vere"},"content":{"rendered":"\n<h2 class=\"wp-block-heading\">Rekruttere ut\u00f8vere<\/h2>\n\n\n\n<p>\u00c5 rekruttere ut\u00f8vere er det f\u00f8rste man tenker p\u00e5 med en klubb. For hva har man dersom man ikke har noen aktive som ut\u00f8ver aktiviteten? Her har vi i Utviklingsavdelingen lang erfaring med hvordan vi skal bidra til at klubbene f\u00e5r markedsf\u00f8rt sin idrett i skolene i n\u00e6rheten. Skolebes\u00f8k er noe vi gj\u00f8r mest av og som vi har sv\u00e6rt gode erfaringer med. For \u00e5 f\u00e5 \u00f8kt medlemsmassen blant de yngste er skolebes\u00f8ket ofte n\u00f8kkelen. Det er klubben selv som avgj\u00f8r hvilke alderstrinn man \u00f8nsker \u00e5 rekruttere fra, men p\u00e5 generelt grunnlag anbefaler vi barneskoletrinnene. Her er det enklest \u00e5 f\u00e5 barna til \u00e5 begynne med en ny idrett \u2013 og det er ogs\u00e5 lettest \u00e5 f\u00e5 med aktive foresatte.<\/p>\n\n\n\n<div class=\"wp-block-msswb-spacer msswb-spacer-container\" style=\"height:50px\"><div class=\"line\" style=\"height:25px\"><\/div><div class=\"line-center-divider\"><\/div><\/div>\n\n\n\n<div class=\"wp-block-columns\">\n<div class=\"wp-block-column\">\n<h2 class=\"wp-block-heading\">Hvilke tiltak har vi?<\/h2>\n\n\n\n<div class=\"wp-block-msswb-panel msswb-panel-container\"><div class=\"mwwsb-panel-header\"><div class=\"mwwsb-panel-title\">Skolebes\u00f8k<\/div><div class=\"mwwsb-panel-icon\"><span class=\"dashicon dashicons dashicons-arrow-down-alt2\"><\/span><\/div><\/div><div class=\"msswb-panel-content\">\n<div class=\"wp-block-msswb-panel msswb-panel-container\"><div class=\"mwwsb-panel-header\"><div class=\"mwwsb-panel-title\">Om skolebes\u00f8ket<\/div><div class=\"mwwsb-panel-icon\"><span class=\"dashicon dashicons dashicons-arrow-down-alt2\"><\/span><\/div><\/div><div class=\"msswb-panel-content\"><div class=\"msswb-display-internal-post-frontend-app-v2\" data-url-encoded-attrs=\"%7B%22displayInternalPost%22%3A%7B%22blog_id%22%3A3%2C%22ID%22%3A8418%7D%7D\" data-dip-id=\"\" ><\/div><\/div><\/div>\n\n\n\n<div class=\"wp-block-msswb-panel msswb-panel-container\"><div class=\"mwwsb-panel-header\"><div class=\"mwwsb-panel-title\">F\u00f8r skolebes\u00f8ket<\/div><div class=\"mwwsb-panel-icon\"><span class=\"dashicon dashicons dashicons-arrow-down-alt2\"><\/span><\/div><\/div><div class=\"msswb-panel-content\">\n<ol class=\"wp-block-list\"><li>Klubben tar kontakt med Utviklingskonsulent med tanke p\u00e5 skolebes\u00f8k. Klubben m\u00e5 ha en plan for hvilke skoler og hvilke trinn man \u00f8nsker \u00e5 rekruttere fra.<\/li><li>Utviklingskonsulenten avtaler med skolen tidspunkt for skolebes\u00f8k<\/li><li>Klubben m\u00e5 lage et informasjonsskriv om innebandyaktiviteten i klubben som skal deles ut til alle elever p\u00e5 selve skolebes\u00f8ket<\/li><li>Det er viktig at klubben har en treningstid til de ulike gruppene man da \u00f8nsker skal starte med innebandy.<\/li><\/ol>\n<\/div><\/div>\n\n\n\n<div class=\"wp-block-msswb-panel msswb-panel-container\"><div class=\"mwwsb-panel-header\"><div class=\"mwwsb-panel-title\">Etter skolebes\u00f8ket<\/div><div class=\"mwwsb-panel-icon\"><span class=\"dashicon dashicons dashicons-arrow-down-alt2\"><\/span><\/div><\/div><div class=\"msswb-panel-content\">\n<ol class=\"wp-block-list\"><li>Avtal med Utviklingskonsulenten at man avholder et nybegynnerkurs s\u00e5 tidlig som mulig etter skolebes\u00f8k.<\/li><li>Viktig at klubben har satt av en fast treningstid til de som \u00f8nsker \u00e5 starte<\/li><li>Avhold et foreldrem\u00f8te samtidig som barna er p\u00e5 trening nr. 1 eller 2.&nbsp;<\/li><li>Kommuniser at det er viktig at de foresatte bidrar i klubben for at aktiviteten skal videref\u00f8res. Her trengs b\u00e5de trenere\/lagledere etc.<\/li><\/ol>\n<\/div><\/div>\n<\/div><\/div>\n\n\n\n<div class=\"wp-block-msswb-panel msswb-panel-container\"><div class=\"mwwsb-panel-header\"><div class=\"mwwsb-panel-title\">Oppstart av lag<\/div><div class=\"mwwsb-panel-icon\"><span class=\"dashicon dashicons dashicons-arrow-down-alt2\"><\/span><\/div><\/div><div class=\"msswb-panel-content\">\n<div class=\"wp-block-msswb-panel msswb-panel-container\"><div class=\"mwwsb-panel-header\"><div class=\"mwwsb-panel-title\">Nybegynnerkurs<\/div><div class=\"mwwsb-panel-icon\"><span class=\"dashicon dashicons dashicons-arrow-down-alt2\"><\/span><\/div><\/div><div class=\"msswb-panel-content\"><div class=\"msswb-display-internal-post-frontend-app-v2\" data-url-encoded-attrs=\"%7B%22displayInternalPost%22%3A%7B%22blog_id%22%3A3%2C%22ID%22%3A8430%7D%7D\" data-dip-id=\"\" ><\/div><\/div><\/div>\n<\/div><\/div>\n\n\n\n<div class=\"wp-block-msswb-panel msswb-panel-container\"><div class=\"mwwsb-panel-header\"><div class=\"mwwsb-panel-title\">Camper<\/div><div class=\"mwwsb-panel-icon\"><span class=\"dashicon dashicons dashicons-arrow-down-alt2\"><\/span><\/div><\/div><div class=\"msswb-panel-content\"><div class=\"msswb-display-internal-post-frontend-app-v2\" data-url-encoded-attrs=\"%7B%22displayInternalPost%22%3A%7B%22blog_id%22%3A3%2C%22ID%22%3A8436%7D%7D\" data-dip-id=\"\" ><\/div><\/div><\/div>\n<\/div>\n\n\n\n<div class=\"wp-block-column\"><div class=\"msswb-image-frontend-app\"data-href-target=\"false\" data-href=\"%22%22\" data-use-link=\"false\" data-screen-width=\"false\" data-alignment=\"%22full%22\" data-url=\"%22%5C%2Fwp-content%5C%2Fuploads%5C%2Fsites%5C%2F3%5C%2F2021%5C%2F09%5C%2Futvikling_illustrasjon.jpg%22\" data-is-background-image=\"false\" data-border-radius=\"0\" data-image-width=\"1618\" data-image-height=\"1288\" data-selected-image=\"%7B%22image_id%22%3A8451%2C%22blog_id%22%3A3%2C%22term_id%22%3A244%2C%22selected_size%22%3A%22full%22%7D\" data-image-aspect-ratio=\"0.8\" data-alt-text=\"%22%22\" data-caption=\"%22%22\" data-width=\"1618\" data-height=\"1288\" data-focal-point=\"\" data-show-light-box=\"false\" >\n<div class=\"msswb-image-block msswbfull\"><div class=\"msswb-image\"><div class=\"image-container fullwidth\" style=\"width:100%;height:100%\"><img decoding=\"async\" style=\"width:100%\" src=\"\/wp-content\/uploads\/sites\/3\/2021\/09\/utvikling_illustrasjon.jpg\"\/><\/div><\/div><div class=\"msswb-image-attribution\"><\/div><div class=\"msswb-image-caption\"><\/div><\/div>\n<\/div><\/div>\n<\/div>\n\n\n\n<div class=\"wp-block-msswb-spacer msswb-spacer-container\" style=\"height:50px\"><div class=\"line\" style=\"height:25px\"><\/div><div class=\"line-center-divider\"><\/div><\/div>\n\n\n\n<p class=\"has-drop-cap has-background\" style=\"background-color:#eceeee\">Dette er den prim\u00e6re tiltakspakken vi har for \u00e5 bist\u00e5 klubbene med \u00e5 rekruttere ut\u00f8vere. Alt dette er klubbstyrt \u2013 vi stiller med personell til \u00e5 gj\u00f8re den f\u00f8rste rekrutteringsfasen. Det er viktig \u00e5 huske p\u00e5 at en ting er \u00e5 f\u00e5 rekruttert de inn til den f\u00f8rste klubbtreningen i fra skolebes\u00f8ket \u2013 mens det er helt opp til klubben om man klarer \u00e5 beholde disse ut\u00f8verne uke etter uke. N\u00f8kkelen her trenere\/lagledere og et sosialt godt milj\u00f8. F\u00e5r man til dette i alle klubbens ulike lag er man godt p\u00e5 vei. Vi anbefaler alle klubber \u00e5 jobbe for \u00e5 \u00f8ke rekrutteringen \u2013 og vi i NBF skal selvf\u00f8lgelig bist\u00e5. Kontakt oss n\u00e5!<\/p>\n\n\n\n<div class=\"wp-block-msswb-spacer msswb-spacer-container\" style=\"height:50px\"><div class=\"line\" style=\"height:25px\"><\/div><div class=\"line-center-divider\"><\/div><\/div>\n\n\n\n<div class=\"wp-block-msswb-panel msswb-panel-container\"><div class=\"mwwsb-panel-header\"><div class=\"mwwsb-panel-title\">Kontakt Utviklingsavdelingen<\/div><div class=\"mwwsb-panel-icon\"><span class=\"dashicon dashicons dashicons-arrow-down-alt2\"><\/span><\/div><\/div><div class=\"msswb-panel-content\"><div class=\"msswb-display-internal-post-frontend-app-v2\" data-url-encoded-attrs=\"%7B%22displayInternalPost%22%3A%7B%22blog_id%22%3A2%2C%22ID%22%3A943%7D%7D\" data-dip-id=\"\" ><\/div><\/div><\/div>\n","protected":false},"excerpt":{"rendered":"<p>Rekruttere ut\u00f8vere \u00c5 rekruttere ut\u00f8vere er det f\u00f8rste man tenker p\u00e5 med en klubb. For hva har man dersom man ikke har noen aktive som ut\u00f8ver aktiviteten? Her har vi i Utviklingsavdelingen lang erfaring med hvordan vi skal bidra til at klubbene f\u00e5r markedsf\u00f8rt sin idrett i skolene i n\u00e6rheten. Skolebes\u00f8k er noe vi gj\u00f8r [&hellip;]<\/p>\n","protected":false},"author":11,"featured_media":0,"parent":3821,"menu_order":0,"comment_status":"closed","ping_status":"closed","template":"templates\/template-cover.php","meta":{"cover_meta":"{\"showBackgroundImage\":true,\"bgImage\":{\"image_id\":2520,\"blog_id\":2,\"term_id\":159,\"selected_size\":\"full\"},\"showOverlay\":true,\"overlayColor\":\"#003047\",\"overlayOpacity\":0.4,\"showIntro\":true,\"introColor\":\"white\",\"intro\":\"\",\"title\":\"Rekruttering\",\"titleColor\":\"white\",\"showOutro\":false,\"outroColor\":\"white\",\"outro\":\"\"}","footnotes":""},"class_list":["post-8422","page","type-page","status-publish","hentry"],"_links":{"self":[{"href":"https:\/\/bandyforbundet.no\/innebandy\/index.php?rest_route=\/wp\/v2\/pages\/8422","targetHints":{"allow":["GET"]}}],"collection":[{"href":"https:\/\/bandyforbundet.no\/innebandy\/index.php?rest_route=\/wp\/v2\/pages"}],"about":[{"href":"https:\/\/bandyforbundet.no\/innebandy\/index.php?rest_route=\/wp\/v2\/types\/page"}],"author":[{"embeddable":true,"href":"https:\/\/bandyforbundet.no\/innebandy\/index.php?rest_route=\/wp\/v2\/users\/11"}],"replies":[{"embeddable":true,"href":"https:\/\/bandyforbundet.no\/innebandy\/index.php?rest_route=%2Fwp%2Fv2%2Fcomments&post=8422"}],"version-history":[{"count":9,"href":"https:\/\/bandyforbundet.no\/innebandy\/index.php?rest_route=\/wp\/v2\/pages\/8422\/revisions"}],"predecessor-version":[{"id":8797,"href":"https:\/\/bandyforbundet.no\/innebandy\/index.php?rest_route=\/wp\/v2\/pages\/8422\/revisions\/8797"}],"up":[{"embeddable":true,"href":"https:\/\/bandyforbundet.no\/innebandy\/index.php?rest_route=\/wp\/v2\/pages\/3821"}],"wp:attachment":[{"href":"https:\/\/bandyforbundet.no\/innebandy\/index.php?rest_route=%2Fwp%2Fv2%2Fmedia&parent=8422"}],"curies":[{"name":"wp","href":"https:\/\/api.w.org\/{rel}","templated":true}]}}