{"id":8432,"date":"2021-09-23T07:43:22","date_gmt":"2021-09-23T07:43:22","guid":{"rendered":"http:\/\/bandyforbundet.no\/innebandy\/?page_id=8432"},"modified":"2021-09-23T07:43:35","modified_gmt":"2021-09-23T07:43:35","slug":"lage-ny-klubb","status":"publish","type":"page","link":"https:\/\/bandyforbundet.no\/innebandy\/?page_id=8432","title":{"rendered":"Lage ny klubb"},"content":{"rendered":"\n<div class=\"wp-block-msswb-spacer msswb-spacer-container\" style=\"height:50px\"><div class=\"line\" style=\"height:25px\"><\/div><div class=\"line-center-divider\"><\/div><\/div>\n\n\n\n<h2 class=\"wp-block-heading\">Vil du lage en ny klubb?<\/h2>\n\n\n\n<p>Dersom man \u00f8nsker \u00e5 lage en ny innebandyklubb har man to muligheter. Enten m\u00e5 man bli en undergruppe i et eksisterende idrettslag eller s\u00e5 m\u00e5 man lage et helt nytt idrettslag. Det finnes positive sider og utfordringer ved begge. Vi skal fors\u00f8ke \u00e5 gi en oversikt over hva som m\u00e5 gj\u00f8res.<\/p>\n\n\n\n<div class=\"wp-block-msswb-spacer msswb-spacer-container\" style=\"height:50px\"><div class=\"line\" style=\"height:25px\"><\/div><div class=\"line-center-divider\"><\/div><\/div>\n\n\n\n<div class=\"wp-block-columns\">\n<div class=\"wp-block-column\">\n<h2 class=\"wp-block-heading\">Ny innebandyklubb<\/h2>\n\n\n\n<p>Skal man stifte et helt nytt idrettslag m\u00e5 man starte \u00abp\u00e5 bar bakke\u00bb med det meste. Det er en ganske enkelt og slavisk oppskrift, men den krever noe tid.<br>Man m\u00e5 minst v\u00e6re 10-15 personer som man er sikre p\u00e5 er med som medlemmer i idrettslaget fra f\u00f8rste dag.\u00a0<\/p>\n\n\n\n<div class=\"wp-block-msswb-panel msswb-panel-container\"><div class=\"mwwsb-panel-header\"><div class=\"mwwsb-panel-title\">Oppskrift ny innebandyklubb<\/div><div class=\"mwwsb-panel-icon\"><span class=\"dashicon dashicons dashicons-arrow-down-alt2\"><\/span><\/div><\/div><div class=\"msswb-panel-content\"><\/div><\/div>\n\n\n\n<div class=\"wp-block-msswb-panel msswb-panel-container\"><div class=\"mwwsb-panel-header\"><div class=\"mwwsb-panel-title\">Fordeler\/ulemper ny innebandyklubb<\/div><div class=\"mwwsb-panel-icon\"><span class=\"dashicon dashicons dashicons-arrow-down-alt2\"><\/span><\/div><\/div><div class=\"msswb-panel-content\"><\/div><\/div>\n<\/div>\n\n\n\n<div class=\"wp-block-column\">\n<h2 class=\"wp-block-heading\">Undergruppe i eksisterende idrettslag<\/h2>\n\n\n\n<p>I en del tilfeller vil man oppleve at det er ressursbesparende \u00e5 g\u00e5 inn i et eksisterende idrettslag og starte opp innebandyaktivitet som en del av idrettslaget. Det krever mindre administrativt arbeid og man slipper \u00e5 tenke p\u00e5 en del strategiske ting. Ofte har slike idrettslag en plan for rekruttering og et eget nedslagsfelt.<\/p>\n\n\n\n<div class=\"wp-block-msswb-panel msswb-panel-container\"><div class=\"mwwsb-panel-header\"><div class=\"mwwsb-panel-title\">Oppskrift undergruppe i et IL<\/div><div class=\"mwwsb-panel-icon\"><span class=\"dashicon dashicons dashicons-arrow-down-alt2\"><\/span><\/div><\/div><div class=\"msswb-panel-content\"><\/div><\/div>\n\n\n\n<div class=\"wp-block-msswb-panel msswb-panel-container\"><div class=\"mwwsb-panel-header\"><div class=\"mwwsb-panel-title\">Fordeler\/ulemper undergruppe i et IL<\/div><div class=\"mwwsb-panel-icon\"><span class=\"dashicon dashicons dashicons-arrow-down-alt2\"><\/span><\/div><\/div><div class=\"msswb-panel-content\"><\/div><\/div>\n<\/div>\n<\/div>\n\n\n\n<div class=\"wp-block-msswb-spacer msswb-spacer-container\" style=\"height:50px\"><div class=\"line\" style=\"height:25px\"><\/div><div class=\"line-center-divider\"><\/div><\/div>\n\n\n\n<p class=\"has-background\" style=\"background-color:#e6e6e6\">\u00c5 f\u00e5 etablert nye klubber er noe av det vi i Norges Bandyforbund er mest opptatt av, s\u00e5 her stiller vi det som er n\u00f8dvendig av ressurser til disposisjon for \u00e5 n\u00e5 m\u00e5let om ny klubb sammen med dere. Vi har lang erfaring i denne type arbeid, og vil gjerne kobles p\u00e5 s\u00e5 tidlig som mulig i prosessen.<\/p>\n\n\n\n<div class=\"wp-block-msswb-spacer msswb-spacer-container\" style=\"height:50px\"><div class=\"line\" style=\"height:25px\"><\/div><div class=\"line-center-divider\"><\/div><\/div>\n\n\n\n<div class=\"wp-block-msswb-panel msswb-panel-container\"><div class=\"mwwsb-panel-header\"><div class=\"mwwsb-panel-title\">Kontakt Utviklingsavdelingen<\/div><div class=\"mwwsb-panel-icon\"><span class=\"dashicon dashicons dashicons-arrow-down-alt2\"><\/span><\/div><\/div><div class=\"msswb-panel-content\"><div class=\"msswb-display-internal-post-frontend-app-v2\" data-url-encoded-attrs=\"%7B%22displayInternalPost%22%3A%7B%22blog_id%22%3A2%2C%22ID%22%3A943%7D%7D\" data-dip-id=\"\" ><\/div><\/div><\/div>\n","protected":false},"excerpt":{"rendered":"<p>Vil du lage en ny klubb? Dersom man \u00f8nsker \u00e5 lage en ny innebandyklubb har man to muligheter. Enten m\u00e5 man bli en undergruppe i et eksisterende idrettslag eller s\u00e5 m\u00e5 man lage et helt nytt idrettslag. Det finnes positive sider og utfordringer ved begge. Vi skal fors\u00f8ke \u00e5 gi en oversikt over hva som [&hellip;]<\/p>\n","protected":false},"author":11,"featured_media":0,"parent":3821,"menu_order":0,"comment_status":"closed","ping_status":"closed","template":"","meta":{"cover_meta":"","footnotes":""},"class_list":["post-8432","page","type-page","status-publish","hentry"],"_links":{"self":[{"href":"https:\/\/bandyforbundet.no\/innebandy\/index.php?rest_route=\/wp\/v2\/pages\/8432","targetHints":{"allow":["GET"]}}],"collection":[{"href":"https:\/\/bandyforbundet.no\/innebandy\/index.php?rest_route=\/wp\/v2\/pages"}],"about":[{"href":"https:\/\/bandyforbundet.no\/innebandy\/index.php?rest_route=\/wp\/v2\/types\/page"}],"author":[{"embeddable":true,"href":"https:\/\/bandyforbundet.no\/innebandy\/index.php?rest_route=\/wp\/v2\/users\/11"}],"replies":[{"embeddable":true,"href":"https:\/\/bandyforbundet.no\/innebandy\/index.php?rest_route=%2Fwp%2Fv2%2Fcomments&post=8432"}],"version-history":[{"count":2,"href":"https:\/\/bandyforbundet.no\/innebandy\/index.php?rest_route=\/wp\/v2\/pages\/8432\/revisions"}],"predecessor-version":[{"id":8440,"href":"https:\/\/bandyforbundet.no\/innebandy\/index.php?rest_route=\/wp\/v2\/pages\/8432\/revisions\/8440"}],"up":[{"embeddable":true,"href":"https:\/\/bandyforbundet.no\/innebandy\/index.php?rest_route=\/wp\/v2\/pages\/3821"}],"wp:attachment":[{"href":"https:\/\/bandyforbundet.no\/innebandy\/index.php?rest_route=%2Fwp%2Fv2%2Fmedia&parent=8432"}],"curies":[{"name":"wp","href":"https:\/\/api.w.org\/{rel}","templated":true}]}}