{"id":1003,"date":"2021-06-29T09:33:24","date_gmt":"2021-06-29T09:33:24","guid":{"rendered":"http:\/\/bandyforbundet.no\/innlandet-bandyregion\/?page_id=1003"},"modified":"2023-04-21T07:01:09","modified_gmt":"2023-04-21T07:01:09","slug":"1003-2","status":"publish","type":"page","link":"https:\/\/bandyforbundet.no\/innlandet-bandyregion\/?page_id=1003","title":{"rendered":"Utviklingsfond"},"content":{"rendered":"\n<div class=\"wp-block-msswb-spacer msswb-spacer-container\" style=\"height:50px\"><div class=\"line\" style=\"height:25px\"><\/div><div class=\"line-center-divider\"><\/div><\/div>\n\n\n\n<h2 class=\"wp-block-heading\"><strong>Utviklingsfond<\/strong> Innlandet Bandyregion<\/h2>\n\n\n\n<p>Fondet sin utlysning av midler for 2023 er klar. Se dokument nedenfor for detaljer og \u00f8vrige formaliteter. <\/p>\n\n\n\n<p><strong>Vi ber s\u00f8knadsklubber om \u00e5 merke kort s\u00f8knadsfrist. \u00c5rets s\u00f8knadsfrist er 20. mai 2023. <\/strong><\/p>\n\n\n\n<p>Vi h\u00e5per \u00e5 motta mange s\u00f8knader om tiltak det \u00f8nskes midler til. Vi ber klubbene vise moderasjon i forhold til s\u00f8knadsbel\u00f8p. For 2023 er det totalt inntil kr 29.195,- som er s\u00f8kbare midler.\u00a0<\/p>\n\n\n\n<p><strong>Utlysningstekst og mal for s\u00f8knadsskjema finner du nedenfor:\u00a0<\/strong><\/p>\n\n\n\n<div class=\"msswb-file\"><a href=\"https:\/\/bandyforbundet.no\/innlandet-bandyregion\/wp-content\/uploads\/sites\/15\/2023\/04\/Utviklingsfond-for-2023.pdf\" class=\"file-button\" download><span class=\"dashicon dashicons dashicons-download\"><\/span><\/a><a class=\"file-link\" href=\"https:\/\/bandyforbundet.no\/innlandet-bandyregion\/wp-content\/uploads\/sites\/15\/2023\/04\/Utviklingsfond-for-2023.pdf\">Utviklingsfond for 2023<\/a><\/div>\n\n\n\n<div class=\"msswb-file\"><a href=\"https:\/\/bandyforbundet.no\/innlandet-bandyregion\/wp-content\/uploads\/sites\/15\/2023\/04\/Utviklingsfond-soknadsskjema-2023.docx\" class=\"file-button\" download><span class=\"dashicon dashicons dashicons-download\"><\/span><\/a><a class=\"file-link\" href=\"https:\/\/bandyforbundet.no\/innlandet-bandyregion\/wp-content\/uploads\/sites\/15\/2023\/04\/Utviklingsfond-soknadsskjema-2023.docx\">Utviklingsfond s\u00f8knadsskjema 2023<\/a><\/div>\n","protected":false},"excerpt":{"rendered":"<p>Utviklingsfond Innlandet Bandyregion Fondet sin utlysning av midler for 2023 er klar. Se dokument nedenfor for detaljer og \u00f8vrige formaliteter. Vi ber s\u00f8knadsklubber om \u00e5 merke kort s\u00f8knadsfrist. \u00c5rets s\u00f8knadsfrist er 20. mai 2023. Vi h\u00e5per \u00e5 motta mange s\u00f8knader om tiltak det \u00f8nskes midler til. Vi ber klubbene vise moderasjon i forhold til s\u00f8knadsbel\u00f8p. [&hellip;]<\/p>\n","protected":false},"author":39,"featured_media":0,"parent":399,"menu_order":0,"comment_status":"closed","ping_status":"closed","template":"","meta":{"cover_meta":"","footnotes":""},"class_list":["post-1003","page","type-page","status-publish","hentry"],"_links":{"self":[{"href":"https:\/\/bandyforbundet.no\/innlandet-bandyregion\/index.php?rest_route=\/wp\/v2\/pages\/1003","targetHints":{"allow":["GET"]}}],"collection":[{"href":"https:\/\/bandyforbundet.no\/innlandet-bandyregion\/index.php?rest_route=\/wp\/v2\/pages"}],"about":[{"href":"https:\/\/bandyforbundet.no\/innlandet-bandyregion\/index.php?rest_route=\/wp\/v2\/types\/page"}],"author":[{"embeddable":true,"href":"https:\/\/bandyforbundet.no\/innlandet-bandyregion\/index.php?rest_route=\/wp\/v2\/users\/39"}],"replies":[{"embeddable":true,"href":"https:\/\/bandyforbundet.no\/innlandet-bandyregion\/index.php?rest_route=%2Fwp%2Fv2%2Fcomments&post=1003"}],"version-history":[{"count":12,"href":"https:\/\/bandyforbundet.no\/innlandet-bandyregion\/index.php?rest_route=\/wp\/v2\/pages\/1003\/revisions"}],"predecessor-version":[{"id":4432,"href":"https:\/\/bandyforbundet.no\/innlandet-bandyregion\/index.php?rest_route=\/wp\/v2\/pages\/1003\/revisions\/4432"}],"up":[{"embeddable":true,"href":"https:\/\/bandyforbundet.no\/innlandet-bandyregion\/index.php?rest_route=\/wp\/v2\/pages\/399"}],"wp:attachment":[{"href":"https:\/\/bandyforbundet.no\/innlandet-bandyregion\/index.php?rest_route=%2Fwp%2Fv2%2Fmedia&parent=1003"}],"curies":[{"name":"wp","href":"https:\/\/api.w.org\/{rel}","templated":true}]}}