{"id":1988,"date":"2022-01-12T14:04:41","date_gmt":"2022-01-12T14:04:41","guid":{"rendered":"http:\/\/bandyforbundet.no\/innlandet-bandyregion\/?page_id=1988"},"modified":"2024-06-04T14:16:42","modified_gmt":"2024-06-04T14:16:42","slug":"medieavtale","status":"publish","type":"page","link":"https:\/\/bandyforbundet.no\/innlandet-bandyregion\/?page_id=1988","title":{"rendered":"Medieavtale"},"content":{"rendered":"\n<div class=\"wp-block-msswb-spacer msswb-spacer-container\" style=\"height:50px\"><div class=\"line\" style=\"height:25px\"><\/div><div class=\"line-center-divider\"><\/div><\/div>\n\n\n\n<p>Norges Bandyforbund har <a href=\"https:\/\/bandyforbundet.no\/innebandy\/?msswb-post=na-kommer-norsk-innebandy-pa-tv-2\">inng\u00e5tt en avtale<\/a>\u00a0med selskapet\u00a0<a rel=\"noreferrer noopener\" href=\"http:\/\/www.mygame.no\/\" target=\"_blank\">MyGame<\/a>\u00a0og TV2 vedr. sending av innebandykamper. F\u00f8rst og fremst handler dette om eliteaktiviteten, men det er ogs\u00e5 konkrete planer om \u00e5 realisere muligheten for at alle innebandykamper i Norge kan vises p\u00e5 en felles plattform. For at dette skal bli mulig kreves det installering av kamerateknologi i alle landets idrettshaller, noe som man kan anta at vil komme p\u00e5 plass utover i sesongen 2022\/2023. Dette er et samarbeid mellom MyGame og de st\u00f8rste hallidrettene i landet. MyGame vil da ogs\u00e5 h\u00e5ndtere det administrative omkring samtykker etc. For ytterligere detaljer viser Innlandet Bandyregion til kontrakten mellom NBF og MyGame, samt MyGame sine nettsider. <\/p>\n\n\n\n<p>NBF er rettighetshaver av alle obligatoriske innebandykamper i Norge. Dersom klubben \u00f8nsker \u00e5 streame kampaktivitet er det fullt ut MyGame som gjelder. <\/p>\n\n\n<div class=\"msswb-image-frontend-app\"data-href-target=\"false\" data-href=\"%22%22\" data-use-link=\"false\" data-screen-width=\"false\" data-alignment=\"%22center%22\" data-url=\"%22%5C%2Fwp-content%5C%2Fuploads%5C%2F2021%5C%2F05%5C%2FArtikkellistebilde-avtale_1.jpg%22\" data-is-background-image=\"false\" data-border-radius=\"0\" data-image-width=\"700\" data-image-height=\"432\" data-selected-image=\"%7B%22image_id%22%3A51%2C%22blog_id%22%3A1%2C%22term_id%22%3A-1%2C%22selected_size%22%3A%22full%22%7D\" data-image-aspect-ratio=\"0.62\" data-alt-text=\"%22Foto%20av%3A%20Frank%20Nordseth%22\" data-caption=\"%22%22\" data-width=\"611\" data-height=\"378\" data-focal-point=\"\" data-show-light-box=\"false\" >\n<div class=\"msswb-image-block msswbcenter\" style=\"width:611px\"><div class=\"msswb-image\"><div class=\"image-container\" style=\"width:611px;height:378px\"><img decoding=\"async\" style=\"width:611px;height:378px\" src=\"\/wp-content\/uploads\/2021\/05\/Artikkellistebilde-avtale_1.jpg\"\/><\/div><\/div><div class=\"msswb-image-attribution\">Foto av: Frank Nordseth<\/div><div class=\"msswb-image-caption\"><\/div><\/div>\n<\/div>\n\n\n<p><strong>Innlandet Bandyregion sitt styre<\/strong> stiller seg utelukkende positive til at en medieavtale er inng\u00e5tt, som p\u00e5 sikt vil kunne omfatte streaming for andre niv\u00e5 enn landslag\/elite. Saken er diskutert i styrem\u00f8te, og styret \u00f8nsker \u00e5 understreke viktigheten av at personvernregler som foreligger i avtalen blir fulgt, at det utarbeides en tydelig instruks n\u00e5r man ankommer arrangement hvor slike kamera befinner seg, ogs\u00e5 dersom de ikke er i bruk, og at klubber med tilh\u00f8righet i hall hvor slike kamera blir installert tar opp temaet p\u00e5 en klubbkveld\/informerer internt i sin klubb. Styret i Regionen \u00f8nsker \u00e5 understreke at regionen ikke har noe ansvar for det tekniske i tilknytning kameraene. Regionen stiller seg positive til at dette skal bli tilgjengelig i v\u00e5r region, slik at det kan anvendes for de som skulle \u00f8nske det. <\/p>\n","protected":false},"excerpt":{"rendered":"<p>Norges Bandyforbund har inng\u00e5tt en avtale\u00a0med selskapet\u00a0MyGame\u00a0og TV2 vedr. sending av innebandykamper. F\u00f8rst og fremst handler dette om eliteaktiviteten, men det er ogs\u00e5 konkrete planer om \u00e5 realisere muligheten for at alle innebandykamper i Norge kan vises p\u00e5 en felles plattform. For at dette skal bli mulig kreves det installering av kamerateknologi i alle landets [&hellip;]<\/p>\n","protected":false},"author":39,"featured_media":0,"parent":382,"menu_order":0,"comment_status":"closed","ping_status":"closed","template":"","meta":{"cover_meta":"","footnotes":""},"class_list":["post-1988","page","type-page","status-publish","hentry"],"_links":{"self":[{"href":"https:\/\/bandyforbundet.no\/innlandet-bandyregion\/index.php?rest_route=\/wp\/v2\/pages\/1988","targetHints":{"allow":["GET"]}}],"collection":[{"href":"https:\/\/bandyforbundet.no\/innlandet-bandyregion\/index.php?rest_route=\/wp\/v2\/pages"}],"about":[{"href":"https:\/\/bandyforbundet.no\/innlandet-bandyregion\/index.php?rest_route=\/wp\/v2\/types\/page"}],"author":[{"embeddable":true,"href":"https:\/\/bandyforbundet.no\/innlandet-bandyregion\/index.php?rest_route=\/wp\/v2\/users\/39"}],"replies":[{"embeddable":true,"href":"https:\/\/bandyforbundet.no\/innlandet-bandyregion\/index.php?rest_route=%2Fwp%2Fv2%2Fcomments&post=1988"}],"version-history":[{"count":8,"href":"https:\/\/bandyforbundet.no\/innlandet-bandyregion\/index.php?rest_route=\/wp\/v2\/pages\/1988\/revisions"}],"predecessor-version":[{"id":2517,"href":"https:\/\/bandyforbundet.no\/innlandet-bandyregion\/index.php?rest_route=\/wp\/v2\/pages\/1988\/revisions\/2517"}],"up":[{"embeddable":true,"href":"https:\/\/bandyforbundet.no\/innlandet-bandyregion\/index.php?rest_route=\/wp\/v2\/pages\/382"}],"wp:attachment":[{"href":"https:\/\/bandyforbundet.no\/innlandet-bandyregion\/index.php?rest_route=%2Fwp%2Fv2%2Fmedia&parent=1988"}],"curies":[{"name":"wp","href":"https:\/\/api.w.org\/{rel}","templated":true}]}}