{"id":2647,"date":"2022-06-15T07:31:17","date_gmt":"2022-06-15T07:31:17","guid":{"rendered":"https:\/\/bandyforbundet.no\/innlandet-bandyregion\/?page_id=2647"},"modified":"2025-01-03T08:11:39","modified_gmt":"2025-01-03T08:11:39","slug":"klubbhjornet","status":"publish","type":"page","link":"https:\/\/bandyforbundet.no\/innlandet-bandyregion\/?page_id=2647","title":{"rendered":"Klubbhj\u00f8rnet"},"content":{"rendered":"\n<h2 class=\"wp-block-heading has-text-align-center\">VELKOMMEN TIL KLUBBHJ\u00d8RNET<\/h2>\n\n\n\n<div class=\"wp-block-msswb-spacer msswb-spacer-container\" style=\"height:20px\"><div class=\"line\" style=\"height:10px\"><\/div><div class=\"line-center-divider\"><\/div><\/div>\n\n\n\n<p class=\"has-text-align-center\">Vi har laget en samleside med <strong>aktuell informasjon og andre nyheter<\/strong> for v\u00e5re klubber! Vi h\u00e5per dette bidrar med \u00e5 skape oversikt og at vi n\u00e5r ut med nyttig informasjon om prosjekt og tiltak! Klikk p\u00e5 \u00f8nsket &laquo;boks&raquo; nedenfor, for informasjon om \u00f8nsket omr\u00e5de. <strong>Om dere som klubb har informasjon dere \u00f8nsker \u00e5 dele videre, send dette inn til oss slik at vi kan lage egne artikler som blir liggende p\u00e5 denne siden.  <\/strong><\/p>\n\n\n\n<p class=\"has-text-align-center\"><strong>Har dere innspill, tanker og ideer setter vi stor pris p\u00e5 om dere spiller inn dette til oss. Kontaktinfo finner du nederst til h\u00f8yre p\u00e5 siden. <\/strong> <\/p>\n\n\n\n<div class=\"wp-block-msswb-spacer msswb-spacer-container\" style=\"height:20px\"><div class=\"line\" style=\"height:10px\"><\/div><div class=\"line-center-divider\"><\/div><\/div>\n\n\n<div class=\"msswb-link-box-grid-frontend-app-v2\" data-url-encoded-attrs=\"%7B%22maxCols%22%3A4%2C%22showTitle%22%3Atrue%2C%22titleColor%22%3A%22%23ffffff%22%2C%22useColorBackground%22%3Atrue%2C%22bgColor%22%3A%22%23d45c5c%22%2C%22overlayColor%22%3A%7B%22r%22%3A69%2C%22g%22%3A126%2C%22b%22%3A191%2C%22a%22%3A0.1%7D%2C%22linkBoxes%22%3A%5B%7B%22link_type%22%3A%22page%22%2C%22blog_id%22%3A15%2C%22ID%22%3A2716%2C%22link%22%3A%22https%3A%2F%2Fbandyforbundet.no%2Finnlandet-bandyregion%2F%3Fpage_id%3D2716%22%2C%22image%22%3Afalse%2C%22featuredImage%22%3Afalse%2C%22from_shared%22%3Atrue%2C%22showAltTitle%22%3Atrue%2C%22altTitle%22%3A%22Arrangements-pakke%22%7D%2C%7B%22link_type%22%3A%22page%22%2C%22blog_id%22%3A15%2C%22ID%22%3A2736%2C%22link%22%3A%22https%3A%2F%2Fbandyforbundet.no%2Finnlandet-bandyregion%2F%3Fpage_id%3D2736%22%2C%22image%22%3Afalse%2C%22featuredImage%22%3Afalse%2C%22from_shared%22%3Atrue%2C%22showAltTitle%22%3Atrue%2C%22altTitle%22%3A%22Innlands-akademiet%22%7D%2C%7B%22link_type%22%3A%22page%22%2C%22blog_id%22%3A15%2C%22ID%22%3A2713%2C%22link%22%3A%22https%3A%2F%2Fbandyforbundet.no%2Finnlandet-bandyregion%2F%3Fpage_id%3D2713%22%2C%22image%22%3A%7B%22image_id%22%3A2590%2C%22blog_id%22%3A15%2C%22term_id%22%3A-1%2C%22selected_size%22%3A%22full%22%7D%2C%22featuredImage%22%3Afalse%2C%22from_shared%22%3Atrue%2C%22showAltTitle%22%3Atrue%2C%22altTitle%22%3A%22Jente-innebandy%22%7D%2C%7B%22link_type%22%3A%22page%22%2C%22blog_id%22%3A15%2C%22ID%22%3A2739%2C%22link%22%3A%22https%3A%2F%2Fbandyforbundet.no%2Finnlandet-bandyregion%2F%3Fpage_id%3D2739%22%2C%22image%22%3Afalse%2C%22featuredImage%22%3Afalse%2C%22from_shared%22%3Atrue%2C%22showAltTitle%22%3Afalse%2C%22altTitle%22%3A%22%22%7D%2C%7B%22link_type%22%3A%22page%22%2C%22blog_id%22%3A15%2C%22ID%22%3A2746%2C%22link%22%3A%22https%3A%2F%2Fbandyforbundet.no%2Finnlandet-bandyregion%2F%3Fpage_id%3D2746%22%2C%22image%22%3Afalse%2C%22featuredImage%22%3Afalse%2C%22from_shared%22%3Atrue%2C%22showAltTitle%22%3Afalse%2C%22altTitle%22%3A%22%22%7D%2C%7B%22link_type%22%3A%22page%22%2C%22blog_id%22%3A15%2C%22ID%22%3A2743%2C%22link%22%3A%22https%3A%2F%2Fbandyforbundet.no%2Finnlandet-bandyregion%2F%3Fpage_id%3D2743%22%2C%22image%22%3Afalse%2C%22featuredImage%22%3Afalse%2C%22from_shared%22%3Atrue%2C%22showAltTitle%22%3Atrue%2C%22altTitle%22%3A%22Trener-nettverk%22%7D%2C%7B%22link_type%22%3A%22page%22%2C%22blog_id%22%3A15%2C%22ID%22%3A2721%2C%22link%22%3A%22https%3A%2F%2Fbandyforbundet.no%2Finnlandet-bandyregion%2F%3Fpage_id%3D2721%22%2C%22image%22%3Afalse%2C%22featuredImage%22%3Afalse%2C%22from_shared%22%3Atrue%2C%22showAltTitle%22%3Atrue%2C%22altTitle%22%3A%22Utstyr%20og%20Anlegg%22%7D%2C%7B%22link_type%22%3A%22page%22%2C%22blog_id%22%3A15%2C%22ID%22%3A400%2C%22link%22%3A%22http%3A%2F%2Fbandyforbundet.no%2Finnlandet-bandyregion%2F%3Fpage_id%3D400%22%2C%22image%22%3Afalse%2C%22featuredImage%22%3Afalse%2C%22from_shared%22%3Atrue%2C%22showAltTitle%22%3Afalse%2C%22altTitle%22%3A%22%22%7D%5D%7D\" ><\/div>\n\n\n<div class=\"wp-block-msswb-spacer msswb-spacer-container\" style=\"height:50px\"><div class=\"line\" style=\"height:25px\"><\/div><div class=\"line-center-divider\"><\/div><\/div>\n\n\n<div class=\"msswb-display-posts-frontend-app-v2\" data-url-encoded-attrs=\"%7B%22mode%22%3A%22grid%22%2C%22carouselHeight%22%3A500%2C%22carouselMax%22%3A10%2C%22startAnimation%22%3A%22start%22%2C%22design%22%3A%22msswbcard%22%2C%22hideExcerpt%22%3Afalse%2C%22filterDate%22%3A%22from1yearago%22%2C%22dateObj%22%3A%7B%7D%2C%22scrollDirection%22%3A%22vertical%22%2C%22displayPostsFromCategories%22%3A%5B%7B%22blog_id%22%3A15%2C%22included%22%3A%5B109%2C71%5D%2C%22excluded%22%3A%5B%5D%7D%5D%2C%22displayPostsFromSharedCategories%22%3A%5B%5D%2C%22maxCols%22%3A3%7D\" ><\/div>","protected":false},"excerpt":{"rendered":"<p>VELKOMMEN TIL KLUBBHJ\u00d8RNET Vi har laget en samleside med aktuell informasjon og andre nyheter for v\u00e5re klubber! Vi h\u00e5per dette bidrar med \u00e5 skape oversikt og at vi n\u00e5r ut med nyttig informasjon om prosjekt og tiltak! Klikk p\u00e5 \u00f8nsket &laquo;boks&raquo; nedenfor, for informasjon om \u00f8nsket omr\u00e5de. Om dere som klubb har informasjon dere \u00f8nsker [&hellip;]<\/p>\n","protected":false},"author":39,"featured_media":0,"parent":359,"menu_order":0,"comment_status":"closed","ping_status":"closed","template":"templates\/template-cover.php","meta":{"cover_meta":"{\"showBackgroundImage\":true,\"bgImage\":{\"image_id\":2333,\"blog_id\":3,\"term_id\":190,\"selected_size\":\"full\"},\"showOverlay\":true,\"overlayColor\":\"#005a87\",\"overlayOpacity\":0.6,\"showIntro\":true,\"introColor\":\"white\",\"intro\":\"Velkommen til\",\"title\":\"Klubbhj\u00f8rnet\",\"titleColor\":\"white\",\"showOutro\":true,\"outroColor\":\"white\",\"outro\":\"Informasjon, prosjekt og tiltak\"}","footnotes":""},"class_list":["post-2647","page","type-page","status-publish","hentry"],"_links":{"self":[{"href":"https:\/\/bandyforbundet.no\/innlandet-bandyregion\/index.php?rest_route=\/wp\/v2\/pages\/2647","targetHints":{"allow":["GET"]}}],"collection":[{"href":"https:\/\/bandyforbundet.no\/innlandet-bandyregion\/index.php?rest_route=\/wp\/v2\/pages"}],"about":[{"href":"https:\/\/bandyforbundet.no\/innlandet-bandyregion\/index.php?rest_route=\/wp\/v2\/types\/page"}],"author":[{"embeddable":true,"href":"https:\/\/bandyforbundet.no\/innlandet-bandyregion\/index.php?rest_route=\/wp\/v2\/users\/39"}],"replies":[{"embeddable":true,"href":"https:\/\/bandyforbundet.no\/innlandet-bandyregion\/index.php?rest_route=%2Fwp%2Fv2%2Fcomments&post=2647"}],"version-history":[{"count":32,"href":"https:\/\/bandyforbundet.no\/innlandet-bandyregion\/index.php?rest_route=\/wp\/v2\/pages\/2647\/revisions"}],"predecessor-version":[{"id":5304,"href":"https:\/\/bandyforbundet.no\/innlandet-bandyregion\/index.php?rest_route=\/wp\/v2\/pages\/2647\/revisions\/5304"}],"up":[{"embeddable":true,"href":"https:\/\/bandyforbundet.no\/innlandet-bandyregion\/index.php?rest_route=\/wp\/v2\/pages\/359"}],"wp:attachment":[{"href":"https:\/\/bandyforbundet.no\/innlandet-bandyregion\/index.php?rest_route=%2Fwp%2Fv2%2Fmedia&parent=2647"}],"curies":[{"name":"wp","href":"https:\/\/api.w.org\/{rel}","templated":true}]}}