{"id":370,"date":"2020-05-18T09:01:31","date_gmt":"2020-05-18T07:01:31","guid":{"rendered":"http:\/\/bandyforbundet.no\/innlandet-bandyregion\/?page_id=370"},"modified":"2022-09-15T07:55:53","modified_gmt":"2022-09-15T07:55:53","slug":"resultat-tidligere-sesonger","status":"publish","type":"page","link":"https:\/\/bandyforbundet.no\/innlandet-bandyregion\/?page_id=370","title":{"rendered":"Arkiv: Tidligere sesonger"},"content":{"rendered":"\n<div class=\"wp-block-msswb-spacer msswb-spacer-container\" style=\"height:22px\"><div class=\"line\" style=\"height:11px\"><\/div><div class=\"line-center-divider\"><\/div><\/div>\n\n\n\n<p>For de som er interessert i tidligere \u00e5rs resultater fra seriespill, finner dere et lite arkiv med resultater og tabeller fra tidligere \u00e5rs sesonger nedenfor.&nbsp;<\/p>\n\n\n\n<p>Vi har ogs\u00e5 funnet frem oversikt p\u00e5 statistikk for noen \u00e5r tilbake.&nbsp;<br><strong>NB!<\/strong> Det vil kun v\u00e6re resultater og statistikk fra \u00e5rene vi har brukt Turneringsadmin (TA) som vil v\u00e6re tilgjengelig.&nbsp;<\/p>\n\n\n\n<div class=\"wp-block-msswb-spacer msswb-spacer-container show-line\" style=\"height:25px\"><div class=\"line\" style=\"height:12px\"><\/div><div class=\"line-center-divider\"><\/div><\/div>\n\n\n\n<div class=\"wp-block-msswb-panel msswb-panel-container\"><div class=\"mwwsb-panel-header\"><div class=\"mwwsb-panel-title\">Sesongen 2021\/2022<\/div><div class=\"mwwsb-panel-icon\"><span class=\"dashicon dashicons dashicons-arrow-down-alt2\"><\/span><\/div><\/div><div class=\"msswb-panel-content\">\n<div class=\"wp-block-msswb-panel msswb-panel-container\"><div class=\"mwwsb-panel-header\"><div class=\"mwwsb-panel-title\">Tabell\/resultater sesongen 2021\/2022<\/div><div class=\"mwwsb-panel-icon\"><span class=\"dashicon dashicons dashicons-arrow-down-alt2\"><\/span><\/div><\/div><div class=\"msswb-panel-content\">\n<p><a rel=\"noreferrer noopener\" href=\"https:\/\/wp.nif.no\/PageTournamentDetailWithMatches.aspx?tournamentId=405115&amp;seasonId=200834&amp;number=all&amp;showFilters=true\" target=\"_blank\">2. div herre <\/a><br><a rel=\"noreferrer noopener\" href=\"https:\/\/wp.nif.no\/PageTournamentDetailWithMatches.aspx?tournamentId=405117&amp;seasonId=200834&amp;number=all&amp;showFilters=true\" target=\"_blank\">2. div dame<\/a><br><a rel=\"noreferrer noopener\" href=\"https:\/\/wp.nif.no\/PageTournamentDetailWithMatches.aspx?tournamentId=405116&amp;seasonId=200834&amp;number=all&amp;showFilters=true\" target=\"_blank\">3. div herre<\/a><br><a href=\"https:\/\/wp.nif.no\/PageTournamentDetailWithMatches.aspx?tournamentId=408838&amp;seasonId=200834&amp;number=all&amp;showFilters=true\">GJ15 seriespill v\u00e5ren 2022<br><\/a><a href=\"https:\/\/wp.nif.no\/PageTournamentDetailWithMatches.aspx?tournamentId=408837&amp;seasonId=200834&amp;number=all&amp;showFilters=true\">GJ13 seriespill v\u00e5ren 2022<\/a><\/p>\n<\/div><\/div>\n\n\n\n<div class=\"wp-block-msswb-panel msswb-panel-container\"><div class=\"mwwsb-panel-header\"><div class=\"mwwsb-panel-title\">Spillerstatistikk sesongen 2021\/2022<\/div><div class=\"mwwsb-panel-icon\"><span class=\"dashicon dashicons dashicons-arrow-down-alt2\"><\/span><\/div><\/div><div class=\"msswb-panel-content\">\n<p><a rel=\"noreferrer noopener\" href=\"https:\/\/wp.nif.no\/FloorballPlayerStatistics\/Index?tournamentId=405115\" target=\"_blank\">2. div herre<\/a><br><a rel=\"noreferrer noopener\" href=\"https:\/\/wp.nif.no\/FloorballPlayerStatistics\/Index?tournamentId=405117\" target=\"_blank\">2. div dame<\/a><br><a rel=\"noreferrer noopener\" href=\"https:\/\/wp.nif.no\/FloorballPlayerStatistics\/Index?tournamentId=405116\" target=\"_blank\">3. div herre<\/a><br><a rel=\"noreferrer noopener\" href=\"https:\/\/wp.nif.no\/PageTournamentDetailWithMatches.aspx?tournamentId=405116&amp;seasonId=200834&amp;number=all&amp;showFilters=true\" target=\"_blank\">3. div herre<\/a><br><a href=\"https:\/\/wp.nif.no\/FloorballPlayerStatistics\/Index?tournamentId=408838\">GJ15 seriespill v\u00e5ren 2022<\/a><br><a href=\"https:\/\/wp.nif.no\/FloorballPlayerStatistics\/Index?tournamentId=408837\">GJ13 seriespill v\u00e5ren 2022<\/a><\/p>\n<\/div><\/div>\n<\/div><\/div>\n\n\n\n<div class=\"wp-block-msswb-panel msswb-panel-container\"><div class=\"mwwsb-panel-header\"><div class=\"mwwsb-panel-title\">Sesongen 2020\/2021<\/div><div class=\"mwwsb-panel-icon\"><span class=\"dashicon dashicons dashicons-arrow-down-alt2\"><\/span><\/div><\/div><div class=\"msswb-panel-content\">\n<p>Denne sesongen ble aldre spilt, grunnet restriksjoner og begrensninger i forbindelse med Covid-19.<\/p>\n<\/div><\/div>\n\n\n\n<div class=\"wp-block-msswb-panel msswb-panel-container\"><div class=\"mwwsb-panel-header\"><div class=\"mwwsb-panel-title\">Sesongen 2019\/2020<\/div><div class=\"mwwsb-panel-icon\"><span class=\"dashicon dashicons dashicons-arrow-down-alt2\"><\/span><\/div><\/div><div class=\"msswb-panel-content\">\n<div class=\"wp-block-msswb-panel msswb-panel-container\"><div class=\"mwwsb-panel-header\"><div class=\"mwwsb-panel-title\">Tabell\/resultater sesongen 2019\/2020<\/div><div class=\"mwwsb-panel-icon\"><span class=\"dashicon dashicons dashicons-arrow-down-alt2\"><\/span><\/div><\/div><div class=\"msswb-panel-content\">\n<p>Sesongen ble avbrutt grunnet nedstenging av Norge i forbindelse med Covid-19. Det ble utregnet en endelig tabell etter bestemmelser besluttet av forbundsstyret i NBF. Sesongen ble avlyst f\u00f8r alle lag hadde spilt ferdig sine kamper. Les med om bestemmelsene som er til grunn for utregningen av tabellene:<\/p>\n\n\n\n<div class=\"wp-block-buttons\">\n<div class=\"wp-block-button aligncenter has-custom-width wp-block-button__width-50 is-style-fill\"><a class=\"wp-block-button__link\" href=\"\/forbundet\/?p=540\" style=\"border-radius:50px\">regnet ut etter f\u00f8lgende bestemmelser<\/a><\/div>\n<\/div>\n\n\n\n<div class=\"wp-block-msswb-panel msswb-panel-container\"><div class=\"mwwsb-panel-header\"><div class=\"mwwsb-panel-title\">Tabell\/resultater 2. div herre<\/div><div class=\"mwwsb-panel-icon\"><span class=\"dashicon dashicons dashicons-arrow-down-alt2\"><\/span><\/div><\/div><div class=\"msswb-panel-content\">\n<p><a rel=\"noreferrer noopener\" href=\"https:\/\/wp.nif.no\/PageTournamentDetailWithMatches.aspx?tournamentId=390541&amp;seasonId=200834&amp;number=all&amp;showFilters=true\" target=\"_blank\">2. div herre<\/a><\/p>\n\n\n<div class=\"msswb-image-frontend-app\"data-href-target=\"false\" data-href=\"%22%22\" data-use-link=\"false\" data-screen-width=\"false\" data-alignment=\"%22center%22\" data-url=\"%22%5C%2Fwp-content%5C%2Fuploads%5C%2Fsites%5C%2F15%5C%2F2021%5C%2F10%5C%2FTabell-20192020-2.div-herre.jpg%22\" data-is-background-image=\"false\" data-border-radius=\"0\" data-image-width=\"1552\" data-image-height=\"298\" data-selected-image=\"%7B%22image_id%22%3A1748%2C%22blog_id%22%3A15%2C%22term_id%22%3A-1%2C%22selected_size%22%3A%22full%22%7D\" data-image-aspect-ratio=\"0.19\" data-alt-text=\"%22%22\" data-caption=\"%22%22\" data-width=\"1070\" data-height=\"203\" data-focal-point=\"\" data-show-light-box=\"false\" >\n<div class=\"msswb-image-block msswbcenter\" style=\"width:1070px\"><div class=\"msswb-image \"><div class=\"image-container\" style=\"width:1070px;height:203px\"><img decoding=\"async\" style=\"width:1070px;height:203px\" src=\"\/wp-content\/uploads\/sites\/15\/2021\/10\/Tabell-20192020-2.div-herre.jpg\" \/><\/div><\/div><div class=\"msswb-image-caption-container\"><div class=\"msswb-image-caption\"><\/div><\/div><\/div>\n<\/div><\/div><\/div>\n\n\n\n<div class=\"wp-block-msswb-panel msswb-panel-container\"><div class=\"mwwsb-panel-header\"><div class=\"mwwsb-panel-title\">Tabell\/resultater 2. div dame<\/div><div class=\"mwwsb-panel-icon\"><span class=\"dashicon dashicons dashicons-arrow-down-alt2\"><\/span><\/div><\/div><div class=\"msswb-panel-content\">\n<p><a rel=\"noreferrer noopener\" href=\"https:\/\/wp.nif.no\/PageTournamentDetailWithMatches.aspx?tournamentId=390540&amp;seasonId=200834&amp;number=all&amp;showFilters=true\" target=\"_blank\">2. div dame<\/a><\/p>\n\n\n<div class=\"msswb-image-frontend-app\"data-href-target=\"false\" data-href=\"%22%22\" data-use-link=\"false\" data-screen-width=\"false\" data-alignment=\"%22center%22\" data-url=\"%22%5C%2Fwp-content%5C%2Fuploads%5C%2Fsites%5C%2F15%5C%2F2021%5C%2F10%5C%2FTabell-20192020-2.div-dame.jpg%22\" data-is-background-image=\"false\" data-border-radius=\"0\" data-image-width=\"1552\" data-image-height=\"327\" data-selected-image=\"%7B%22image_id%22%3A1747%2C%22blog_id%22%3A15%2C%22term_id%22%3A-1%2C%22selected_size%22%3A%22full%22%7D\" data-image-aspect-ratio=\"0.21\" data-alt-text=\"%22%22\" data-caption=\"%22%22\" data-width=\"1074\" data-height=\"225\" data-focal-point=\"\" data-show-light-box=\"false\" >\n<div class=\"msswb-image-block msswbcenter\" style=\"width:1074px\"><div class=\"msswb-image \"><div class=\"image-container\" style=\"width:1074px;height:225px\"><img decoding=\"async\" style=\"width:1074px;height:225px\" src=\"\/wp-content\/uploads\/sites\/15\/2021\/10\/Tabell-20192020-2.div-dame.jpg\" \/><\/div><\/div><div class=\"msswb-image-caption-container\"><div class=\"msswb-image-caption\"><\/div><\/div><\/div>\n<\/div><\/div><\/div>\n\n\n\n<div class=\"wp-block-msswb-panel msswb-panel-container\"><div class=\"mwwsb-panel-header\"><div class=\"mwwsb-panel-title\">Tabell\/resultater 3. div herre<\/div><div class=\"mwwsb-panel-icon\"><span class=\"dashicon dashicons dashicons-arrow-down-alt2\"><\/span><\/div><\/div><div class=\"msswb-panel-content\">\n<p><a rel=\"noreferrer noopener\" href=\"https:\/\/wp.nif.no\/PageTournamentDetailWithMatches.aspx?tournamentId=390542&amp;seasonId=200834&amp;number=all&amp;showFilters=true\" target=\"_blank\">3. div herre<\/a><\/p>\n\n\n<div class=\"msswb-image-frontend-app\"data-href-target=\"false\" data-href=\"%22%22\" data-use-link=\"false\" data-screen-width=\"false\" data-alignment=\"%22center%22\" data-url=\"%22%5C%2Fwp-content%5C%2Fuploads%5C%2Fsites%5C%2F15%5C%2F2021%5C%2F10%5C%2FTabell-20192020-3.div-herre.jpg%22\" data-is-background-image=\"false\" data-border-radius=\"0\" data-image-width=\"1547\" data-image-height=\"327\" data-selected-image=\"%7B%22image_id%22%3A1749%2C%22blog_id%22%3A15%2C%22term_id%22%3A-1%2C%22selected_size%22%3A%22full%22%7D\" data-image-aspect-ratio=\"0.21\" data-alt-text=\"%22%22\" data-caption=\"%22%22\" data-width=\"1082\" data-height=\"227\" data-focal-point=\"\" data-show-light-box=\"false\" >\n<div class=\"msswb-image-block msswbcenter\" style=\"width:1082px\"><div class=\"msswb-image \"><div class=\"image-container\" style=\"width:1082px;height:227px\"><img decoding=\"async\" style=\"width:1082px;height:227px\" src=\"\/wp-content\/uploads\/sites\/15\/2021\/10\/Tabell-20192020-3.div-herre.jpg\" \/><\/div><\/div><div class=\"msswb-image-caption-container\"><div class=\"msswb-image-caption\"><\/div><\/div><\/div>\n<\/div><\/div><\/div>\n<\/div><\/div>\n\n\n\n<div class=\"wp-block-msswb-panel msswb-panel-container\"><div class=\"mwwsb-panel-header\"><div class=\"mwwsb-panel-title\">Spillerstatistikk sesongen 2019\/2020<\/div><div class=\"mwwsb-panel-icon\"><span class=\"dashicon dashicons dashicons-arrow-down-alt2\"><\/span><\/div><\/div><div class=\"msswb-panel-content\">\n<p><a rel=\"noopener\" href=\"https:\/\/wp.nif.no\/FloorballPlayerStatistics\/Index?tournamentId=390541\" target=\"_blank\">2. div herre&nbsp;<\/a><br><a rel=\"noopener\" href=\"https:\/\/wp.nif.no\/FloorballPlayerStatistics\/Index?tournamentId=390540\" target=\"_blank\">2. div dame&nbsp;<\/a><br><a rel=\"noopener\" href=\"https:\/\/wp.nif.no\/FloorballPlayerStatistics\/Index?tournamentId=390542\" target=\"_blank\">3. div herre&nbsp;<\/a>&nbsp;<\/p>\n<\/div><\/div>\n<\/div><\/div>\n\n\n\n<div class=\"wp-block-msswb-panel msswb-panel-container\"><div class=\"mwwsb-panel-header\"><div class=\"mwwsb-panel-title\">Sesongen 2018\/2019<\/div><div class=\"mwwsb-panel-icon\"><span class=\"dashicon dashicons dashicons-arrow-down-alt2\"><\/span><\/div><\/div><div class=\"msswb-panel-content\">\n<div class=\"wp-block-msswb-panel msswb-panel-container\"><div class=\"mwwsb-panel-header\"><div class=\"mwwsb-panel-title\">Tabell\/resultater sesongen 2018\/2019<\/div><div class=\"mwwsb-panel-icon\"><span class=\"dashicon dashicons dashicons-arrow-down-alt2\"><\/span><\/div><\/div><div class=\"msswb-panel-content\">\n<p><a href=\"https:\/\/wp.nif.no\/PageTournamentDetailWithMatches.aspx?tournamentId=383962&amp;seasonId=200834&amp;number=all&amp;showFilters=true\" target=\"_blank\" rel=\"noopener\">2. div herre<\/a><br><a href=\"https:\/\/wp.nif.no\/PageTournamentDetailWithMatches.aspx?tournamentId=383966&amp;seasonId=200834&amp;number=all&amp;showFilters=true\" target=\"_blank\" rel=\"noopener\">2. div dame<\/a><br><a href=\"https:\/\/wp.nif.no\/PageTournamentDetailWithMatches.aspx?tournamentId=384087&amp;seasonId=200834&amp;number=all&amp;showFilters=true\" target=\"_blank\" rel=\"noopener\">3. div herre<\/a><\/p>\n<\/div><\/div>\n\n\n\n<div class=\"wp-block-msswb-panel msswb-panel-container\"><div class=\"mwwsb-panel-header\"><div class=\"mwwsb-panel-title\">Spillerstatistikk sesongen 2018\/2019<\/div><div class=\"mwwsb-panel-icon\"><span class=\"dashicon dashicons dashicons-arrow-down-alt2\"><\/span><\/div><\/div><div class=\"msswb-panel-content\">\n<p><a rel=\"noopener\" href=\"https:\/\/wp.nif.no\/FloorballPlayerStatistics\/Index?tournamentId=383962\" target=\"_blank\">2. div herre<\/a><strong><br><\/strong><a rel=\"noopener\" href=\"https:\/\/wp.nif.no\/FloorballPlayerStatistics\/Index?tournamentId=383966\" target=\"_blank\">2. div dame<\/a><br><a rel=\"noopener\" href=\"https:\/\/wp.nif.no\/FloorballPlayerStatistics\/Index?tournamentId=384087\" target=\"_blank\">3. div herre<\/a><\/p>\n<\/div><\/div>\n<\/div><\/div>\n\n\n\n<div class=\"wp-block-msswb-panel msswb-panel-container\"><div class=\"mwwsb-panel-header\"><div class=\"mwwsb-panel-title\">Sesongen 2017\/2018<\/div><div class=\"mwwsb-panel-icon\"><span class=\"dashicon dashicons dashicons-arrow-down-alt2\"><\/span><\/div><\/div><div class=\"msswb-panel-content\">\n<div class=\"wp-block-msswb-panel msswb-panel-container\"><div class=\"mwwsb-panel-header\"><div class=\"mwwsb-panel-title\">Tabell\/resultater sesongen 2017\/2018<\/div><div class=\"mwwsb-panel-icon\"><span class=\"dashicon dashicons dashicons-arrow-down-alt2\"><\/span><\/div><\/div><div class=\"msswb-panel-content\">\n<p><a href=\"https:\/\/wp.nif.no\/PageTournamentDetailWithMatches.aspx?tournamentId=390541&amp;seasonId=200834&amp;number=all&amp;showFilters=true\" target=\"_blank\" rel=\"noreferrer noopener\">2. div herre&nbsp;<\/a><br><a rel=\"noopener\" href=\"https:\/\/wp.nif.no\/PageTournamentDetailWithMatches.aspx?tournamentId=377934&amp;seasonId=200834&amp;number=all&amp;showFilters=true\" target=\"_blank\">2. div dame<\/a><br><a rel=\"noopener\" href=\"https:\/\/wp.nif.no\/PageTournamentDetailWithMatches.aspx?tournamentId=377929&amp;seasonId=200834&amp;number=all&amp;showFilters=true\" target=\"_blank\">3. div herre<\/a><\/p>\n<\/div><\/div>\n\n\n\n<div class=\"wp-block-msswb-panel msswb-panel-container\"><div class=\"mwwsb-panel-header\"><div class=\"mwwsb-panel-title\">Spillerstatistikk sesongen 2017\/2018<\/div><div class=\"mwwsb-panel-icon\"><span class=\"dashicon dashicons dashicons-arrow-down-alt2\"><\/span><\/div><\/div><div class=\"msswb-panel-content\">\n<p>Spillerstatistikk ikke tilgjengelig. <\/p>\n<\/div><\/div>\n<\/div><\/div>\n","protected":false},"excerpt":{"rendered":"<p>For de som er interessert i tidligere \u00e5rs resultater fra seriespill, finner dere et lite arkiv med resultater og tabeller fra tidligere \u00e5rs sesonger nedenfor.&nbsp; Vi har ogs\u00e5 funnet frem oversikt p\u00e5 statistikk for noen \u00e5r tilbake.&nbsp;NB! Det vil kun v\u00e6re resultater og statistikk fra \u00e5rene vi har brukt Turneringsadmin (TA) som vil v\u00e6re tilgjengelig.&nbsp;<\/p>\n","protected":false},"author":39,"featured_media":0,"parent":369,"menu_order":0,"comment_status":"closed","ping_status":"closed","template":"","meta":{"cover_meta":"","footnotes":""},"class_list":["post-370","page","type-page","status-publish","hentry"],"_links":{"self":[{"href":"https:\/\/bandyforbundet.no\/innlandet-bandyregion\/index.php?rest_route=\/wp\/v2\/pages\/370","targetHints":{"allow":["GET"]}}],"collection":[{"href":"https:\/\/bandyforbundet.no\/innlandet-bandyregion\/index.php?rest_route=\/wp\/v2\/pages"}],"about":[{"href":"https:\/\/bandyforbundet.no\/innlandet-bandyregion\/index.php?rest_route=\/wp\/v2\/types\/page"}],"author":[{"embeddable":true,"href":"https:\/\/bandyforbundet.no\/innlandet-bandyregion\/index.php?rest_route=\/wp\/v2\/users\/39"}],"replies":[{"embeddable":true,"href":"https:\/\/bandyforbundet.no\/innlandet-bandyregion\/index.php?rest_route=%2Fwp%2Fv2%2Fcomments&post=370"}],"version-history":[{"count":34,"href":"https:\/\/bandyforbundet.no\/innlandet-bandyregion\/index.php?rest_route=\/wp\/v2\/pages\/370\/revisions"}],"predecessor-version":[{"id":3026,"href":"https:\/\/bandyforbundet.no\/innlandet-bandyregion\/index.php?rest_route=\/wp\/v2\/pages\/370\/revisions\/3026"}],"up":[{"embeddable":true,"href":"https:\/\/bandyforbundet.no\/innlandet-bandyregion\/index.php?rest_route=\/wp\/v2\/pages\/369"}],"wp:attachment":[{"href":"https:\/\/bandyforbundet.no\/innlandet-bandyregion\/index.php?rest_route=%2Fwp%2Fv2%2Fmedia&parent=370"}],"curies":[{"name":"wp","href":"https:\/\/api.w.org\/{rel}","templated":true}]}}