{"id":377,"date":"2017-11-27T09:46:26","date_gmt":"2017-11-27T08:46:26","guid":{"rendered":"http:\/\/bandyforbundet.no\/innlandet-bandyregion\/?page_id=377"},"modified":"2026-02-15T20:29:16","modified_gmt":"2026-02-15T20:29:16","slug":"minirunder-8","status":"publish","type":"page","link":"https:\/\/bandyforbundet.no\/innlandet-bandyregion\/?page_id=377","title":{"rendered":"Rundespill"},"content":{"rendered":"\n<h1 class=\"wp-block-heading\">&nbsp;<\/h1>\n\n\n\n<h1 class=\"wp-block-heading\"><strong>Velkommen til rundespill sesongen 2025\/2026!<\/strong><\/h1>\n\n\n\n<p>Kommende sesong er det planlagt \u00e5tte helger med Minirunde og Playmaker. Minirunde spilles p\u00e5 l\u00f8rdag, mens 3v3 Playmaker spilles s\u00f8ndag (dersom alt lar seg gjennomf\u00f8re samme dag spilles Playmaker l\u00f8rdag <strong>etter<\/strong> minirunde). Les mer om rundespill-tilbudene i Innlandet Bandyregion <a href=\"https:\/\/bandyforbundet.no\/innlandet-bandyregion\/?msswb-post=informasjon-om-rundespill-sesongen-2024-2025-i-innlandet-bandyregion\">p\u00e5 denne lenken<\/a>. <\/p>\n\n\n\n<p>P\u00e5melding til rundespillene foreg\u00e5r via Turneringsadmin (TA) i forkant av hver enkelt runde. <strong>P\u00e5meldingsfrist er fredag 15 dager f\u00f8r aktuelle runde. <\/strong><\/p>\n\n\n\n<p><strong>Alle spillere skal ha l\u00f8st lisens ut fra riktig niv\u00e5! <\/strong>Ved sp\u00f8rsm\u00e5l om lisens, ta kontakt med regionen i forkant av den aktuelle runden. <\/p>\n\n\n\n<p>I panelet \u201cAktivitetstilbud\u201d nedenfor finner du viktig informasjon om detaljer for gjennomf\u00f8ring, regler, etc for hver enkelt klasse. <\/p>\n\n\n\n<div class=\"wp-block-msswb-panel msswb-panel-container\"><div class=\"mwwsb-panel-header\"><div class=\"mwwsb-panel-title\">Aktivitetstilbud<\/div><div class=\"mwwsb-panel-icon\"><span class=\"dashicon dashicons dashicons-arrow-down-alt2\"><\/span><\/div><\/div><div class=\"msswb-panel-content\">\n<div class=\"wp-block-msswb-panel msswb-panel-container\"><div class=\"mwwsb-panel-header\"><div class=\"mwwsb-panel-title\">Minirunde (GJ7-GJ9)<\/div><div class=\"mwwsb-panel-icon\"><span class=\"dashicon dashicons dashicons-arrow-down-alt2\"><\/span><\/div><\/div><div class=\"msswb-panel-content\"><div class=\"msswb-display-internal-post-frontend-app-v2\" data-url-encoded-attrs=\"%7B%22displayInternalPost%22%3A%7B%22blog_id%22%3A15%2C%22ID%22%3A503%7D%7D\" data-dip-id=\"\" ><\/div><\/div><\/div>\n\n\n\n<div class=\"wp-block-msswb-panel msswb-panel-container\"><div class=\"mwwsb-panel-header\"><div class=\"mwwsb-panel-title\">Playmayker (GJ11-GJ15)<\/div><div class=\"mwwsb-panel-icon\"><span class=\"dashicon dashicons dashicons-arrow-down-alt2\"><\/span><\/div><\/div><div class=\"msswb-panel-content\">\n<p>Tilbud for lag i klassene GJ11-15. Kampene spilles over 1*15 minutter p\u00e5 1\/3 bane. GJ11 spiller med juniorm\u00e5lbur (90cm x 120cm), GJ13-15 spiller med store m\u00e5lbur. <\/p>\n\n\n\n<p>Det er 3 utespillere + 1 m\u00e5lvakt. <\/p>\n\n\n\n<p>Deltagende lag spiller mot lag i samme aldersklasse, s\u00e5 lenge det er mulig.<\/p>\n\n\n\n<p>Alle lag og spillere skal v\u00e6re registrert i TurneringsAdmin (TA) f\u00f8r runden. &nbsp;<\/p>\n<\/div><\/div>\n\n\n\n<div class=\"wp-block-msswb-panel msswb-panel-container\"><div class=\"mwwsb-panel-header\"><div class=\"mwwsb-panel-title\">GJ11 &#8211; aktivitetsserie<\/div><div class=\"mwwsb-panel-icon\"><span class=\"dashicon dashicons dashicons-arrow-down-alt2\"><\/span><\/div><\/div><div class=\"msswb-panel-content\"><div class=\"msswb-display-internal-post-frontend-app-v2\" data-url-encoded-attrs=\"%7B%22displayInternalPost%22%3A%7B%22blog_id%22%3A15%2C%22ID%22%3A2704%7D%7D\" data-dip-id=\"\" ><\/div><\/div><\/div>\n\n\n\n<div class=\"wp-block-msswb-panel msswb-panel-container\"><div class=\"mwwsb-panel-header\"><div class=\"mwwsb-panel-title\">GJ13 &#8211; seriespill<\/div><div class=\"mwwsb-panel-icon\"><span class=\"dashicon dashicons dashicons-arrow-down-alt2\"><\/span><\/div><\/div><div class=\"msswb-panel-content\"><div class=\"msswb-display-internal-post-frontend-app-v2\" data-url-encoded-attrs=\"%7B%22displayInternalPost%22%3A%7B%22blog_id%22%3A15%2C%22ID%22%3A502%7D%7D\" data-dip-id=\"\" ><\/div><\/div><\/div>\n\n\n\n<div class=\"wp-block-msswb-panel msswb-panel-container\"><div class=\"mwwsb-panel-header\"><div class=\"mwwsb-panel-title\">G15 &#8211; seriespill<\/div><div class=\"mwwsb-panel-icon\"><span class=\"dashicon dashicons dashicons-arrow-down-alt2\"><\/span><\/div><\/div><div class=\"msswb-panel-content\"><div class=\"msswb-display-internal-post-frontend-app-v2\" data-url-encoded-attrs=\"%7B%22displayInternalPost%22%3A%7B%22blog_id%22%3A15%2C%22ID%22%3A501%7D%7D\" data-dip-id=\"\" ><\/div><\/div><\/div>\n<\/div><\/div>\n\n\n\n<p>I hvert enkelt panel nedenfor finner du oversikt over dato, sted, p\u00e5melding og oppsett for rundespillene kommende sesong.&nbsp;P\u00e5melding gj\u00f8res av trener\/lagleder via TurneringsAdmin (TA). Har du ikke riktig tilgang i systemet, ta kontakt med leder i egen klubb eller administrasjonen i Regionen. Klassene GJ13 og GJ15 spiller ordin\u00e6rt seriespill. Terminliste og resultater finner du under &laquo;Kamper&raquo; i menyen \u00f8verst til h\u00f8yre. <\/p>\n\n\n\n<div class=\"wp-block-msswb-panel msswb-panel-container\"><div class=\"mwwsb-panel-header\"><div class=\"mwwsb-panel-title\">Minirunder  GJ7\/GJ9<\/div><div class=\"mwwsb-panel-icon\"><span class=\"dashicon dashicons dashicons-arrow-down-alt2\"><\/span><\/div><\/div><div class=\"msswb-panel-content\">\n<p><strong>P\u00e5melding til minirunder er fredag 15 dager f\u00f8r aktuelle minirundel\u00f8rdag!<\/strong> <\/p>\n\n\n\n<p><strong>MERK: <\/strong>Lag som trekker seg fra minirunde etter p\u00e5meldingsfristens utl\u00f8p faktureres p\u00e5meldingsavgift + 1000 kr!<\/p>\n\n\n\n<div class=\"wp-block-msswb-panel msswb-panel-container\"><div class=\"mwwsb-panel-header\"><div class=\"mwwsb-panel-title\">Minirunde 1 GJ7\/GJ9<\/div><div class=\"mwwsb-panel-icon\"><span class=\"dashicon dashicons dashicons-arrow-down-alt2\"><\/span><\/div><\/div><div class=\"msswb-panel-content\">\n<p><strong>DATO: 25.10.2025<\/strong><br><strong>STED: \u00c5pen<br>ARRANG\u00d8R: Ingen arrang\u00f8r!  <\/strong><br><strong>P\u00c5MELDINGSFRIST: 10.10.2025<br>P\u00c5MELDING: <a rel=\"noreferrer noopener\" href=\"https:\/\/ta.nif.no\/\/\" target=\"_blank\">ta.nif.no<\/a><\/strong><\/p>\n<\/div><\/div>\n\n\n\n<div class=\"wp-block-msswb-panel msswb-panel-container\"><div class=\"mwwsb-panel-header\"><div class=\"mwwsb-panel-title\">Minirunde 2 GJ7\/GJ9<\/div><div class=\"mwwsb-panel-icon\"><span class=\"dashicon dashicons dashicons-arrow-down-alt2\"><\/span><\/div><\/div><div class=\"msswb-panel-content\">\n<p><strong>DATO: 08.11.2025<br>STED: Raufosshallen<br>ARRANG\u00d8R: Raufoss IL &#8211; innebandy<\/strong><br><strong>P\u00c5MELDINGSFRIST: 24.10.2025<br>P\u00c5MELDING: <a rel=\"noreferrer noopener\" href=\"https:\/\/ta.nif.no\/\/\" target=\"_blank\">ta.nif.no<\/a><\/strong><\/p>\n<\/div><\/div>\n\n\n\n<div class=\"wp-block-msswb-panel msswb-panel-container\"><div class=\"mwwsb-panel-header\"><div class=\"mwwsb-panel-title\">Minirunde 3 GJ7\/GJ9<\/div><div class=\"mwwsb-panel-icon\"><span class=\"dashicon dashicons dashicons-arrow-down-alt2\"><\/span><\/div><\/div><div class=\"msswb-panel-content\">\n<p><strong>DATO: 29.11.2025<br>STED: Nordre \u00c5l Flerbrukshall<br>ARRANG\u00d8R: Lillehammer IBK<\/strong><br><strong>P\u00c5MELDINGSFRIST: 14.11.2025<\/strong><strong><br>P\u00c5MELDING: <a rel=\"noreferrer noopener\" href=\"https:\/\/ta.nif.no\/\/\" target=\"_blank\">ta.nif.no<\/a><\/strong><\/p>\n<\/div><\/div>\n\n\n\n<div class=\"wp-block-msswb-panel msswb-panel-container\"><div class=\"mwwsb-panel-header\"><div class=\"mwwsb-panel-title\">Minirunde 4 GJ7\/GJ9<\/div><div class=\"mwwsb-panel-icon\"><span class=\"dashicon dashicons dashicons-arrow-down-alt2\"><\/span><\/div><\/div><div class=\"msswb-panel-content\">\n<p><strong>DATO: 13.12.2025<br>STED: Ottestadhallen<br>ARRANG\u00d8R: Ottestad IL &#8211; innebandy<\/strong><br><strong>P\u00c5MELDINGSFRIST:<\/strong> <strong>28.11.2025<br>P\u00c5MELDING: <a rel=\"noreferrer noopener\" href=\"https:\/\/ta.nif.no\/\/\" target=\"_blank\">ta.nif.no<\/a><\/strong><\/p>\n<\/div><\/div>\n\n\n\n<div class=\"wp-block-msswb-panel msswb-panel-container\"><div class=\"mwwsb-panel-header\"><div class=\"mwwsb-panel-title\">Minirunde 5 GJ7\/GJ9<\/div><div class=\"mwwsb-panel-icon\"><span class=\"dashicon dashicons dashicons-arrow-down-alt2\"><\/span><\/div><\/div><div class=\"msswb-panel-content\">\n<p><strong>DATO: 18.01.2026<br>STED: Stangehallen<br>ARRANG\u00d8R: Stange SK &#8211; innebandy<\/strong><br><strong>P\u00c5MELDINGSFRIST: 02.01.2025<\/strong><strong><br>P\u00c5MELDING: <a rel=\"noreferrer noopener\" href=\"https:\/\/ta.nif.no\/\/\" target=\"_blank\">ta.nif.no<\/a><\/strong><\/p>\n<\/div><\/div>\n\n\n\n<div class=\"wp-block-msswb-panel msswb-panel-container\"><div class=\"mwwsb-panel-header\"><div class=\"mwwsb-panel-title\">Minirunde 6 GJ7\/GJ9<\/div><div class=\"mwwsb-panel-icon\"><span class=\"dashicon dashicons dashicons-arrow-down-alt2\"><\/span><\/div><\/div><div class=\"msswb-panel-content\">\n<p><strong>DATO: 31.01.2026<br>STED:  Neshallen, Stavsj\u00f8<br>ARRANG\u00d8R: Nes SK &#8211; innebandy<\/strong><br><strong>P\u00c5MELDINGSFRIST:<\/strong> <strong>16.01.2026<br>P\u00c5MELDING: <a rel=\"noreferrer noopener\" href=\"https:\/\/ta.nif.no\/\/\" target=\"_blank\">ta.nif.no<\/a><\/strong><\/p>\n<\/div><\/div>\n\n\n\n<div class=\"wp-block-msswb-panel msswb-panel-container\"><div class=\"mwwsb-panel-header\"><div class=\"mwwsb-panel-title\">Minirunde ekstrarunde GJ7\/GJ9<\/div><div class=\"mwwsb-panel-icon\"><span class=\"dashicon dashicons dashicons-arrow-down-alt2\"><\/span><\/div><\/div><div class=\"msswb-panel-content\">\n<p><strong>DATO: 14.02.2026<br>STED:  Furneshallen, Furnes<br>ARRANG\u00d8R: Ajer IBK<\/strong><br><strong>P\u00c5MELDINGSFRIST:<\/strong> <strong>30.01.2026<br>P\u00c5MELDING: <a href=\"https:\/\/ta.nif.no\/\/\" target=\"_blank\" rel=\"noreferrer noopener\">ta.nif.no<\/a><\/strong><\/p>\n<\/div><\/div>\n\n\n\n<div class=\"wp-block-msswb-panel msswb-panel-container\"><div class=\"mwwsb-panel-header\"><div class=\"mwwsb-panel-title\">Minirunde 7 GJ7\/GJ9<\/div><div class=\"mwwsb-panel-icon\"><span class=\"dashicon dashicons dashicons-arrow-down-alt2\"><\/span><\/div><\/div><div class=\"msswb-panel-content\">\n<p><strong>DATO: 07.03.2026<br>STED: Fagerlundhallen, Brumunddal<br>ARRANG\u00d8R: Brumunddal IBK<\/strong><br><strong>P\u00c5MELDINGSFRIST: 20.02.2026<\/strong><strong><br>P\u00c5MELDING: <a rel=\"noreferrer noopener\" href=\"https:\/\/ta.nif.no\/\/\" target=\"_blank\">ta.nif.no<\/a><\/strong><\/p>\n<\/div><\/div>\n\n\n\n<div class=\"wp-block-msswb-panel msswb-panel-container\"><div class=\"mwwsb-panel-header\"><div class=\"mwwsb-panel-title\">Minirunde 8 GJ7\/GJ9<\/div><div class=\"mwwsb-panel-icon\"><span class=\"dashicon dashicons dashicons-arrow-down-alt2\"><\/span><\/div><\/div><div class=\"msswb-panel-content\">\n<p><strong>DATO: 22.03.2026<br>STED: Gausdal Arena<\/strong><strong><br>ARRANG\u00d8R: RM &#8211; Innlandet Bandyregion<\/strong><br><strong>P\u00c5MELDINGSFRIST: Informeres om i egen invitasjon!<br>P\u00c5MELDING: <a href=\"https:\/\/ta.nif.no\/\/\" target=\"_blank\" rel=\"noreferrer noopener\">ta.nif.no<\/a><\/strong><\/p>\n<\/div><\/div>\n<\/div><\/div>\n\n\n\n<div class=\"wp-block-msswb-panel msswb-panel-container\"><div class=\"mwwsb-panel-header\"><div class=\"mwwsb-panel-title\">Playmaker GJ11-GJ15<\/div><div class=\"mwwsb-panel-icon\"><span class=\"dashicon dashicons dashicons-arrow-down-alt2\"><\/span><\/div><\/div><div class=\"msswb-panel-content\">\n<p><strong>P\u00e5melding til Playmaker-runde er fredag 15 dager f\u00f8r turneringsdag!<\/strong> <\/p>\n\n\n\n<div class=\"wp-block-msswb-panel msswb-panel-container\"><div class=\"mwwsb-panel-header\"><div class=\"mwwsb-panel-title\">Playmaker runde 1 (GJ11-GJ15)<\/div><div class=\"mwwsb-panel-icon\"><span class=\"dashicon dashicons dashicons-arrow-down-alt2\"><\/span><\/div><\/div><div class=\"msswb-panel-content\">\n<p><strong>DATO: 25.10.2025<\/strong><br><strong>STED: \u00c5pen<br>ARRANG\u00d8R: Ingen arrang\u00f8r!  <\/strong><br><strong>P\u00c5MELDINGSFRIST: 10.10.2025<br>P\u00c5MELDING: <a rel=\"noreferrer noopener\" href=\"https:\/\/ta.nif.no\/\/\" target=\"_blank\">ta.nif.no<\/a><\/strong><\/p>\n<\/div><\/div>\n\n\n\n<div class=\"wp-block-msswb-panel msswb-panel-container\"><div class=\"mwwsb-panel-header\"><div class=\"mwwsb-panel-title\">Playmaker runde 2 (GJ11-GJ15)<\/div><div class=\"mwwsb-panel-icon\"><span class=\"dashicon dashicons dashicons-arrow-down-alt2\"><\/span><\/div><\/div><div class=\"msswb-panel-content\">\n<p><strong>DATO: 08.11.2024<br>STED: Raufosshallen<br>ARRANG\u00d8R: Raufoss IL &#8211; innebandy<\/strong><br><strong>P\u00c5MELDINGSFRIST: 24.10.2025<\/strong><strong><br>P\u00c5MELDING: <a rel=\"noreferrer noopener\" href=\"https:\/\/ta.nif.no\/\/\" target=\"_blank\">ta.nif.no<\/a><\/strong><\/p>\n<\/div><\/div>\n\n\n\n<div class=\"wp-block-msswb-panel msswb-panel-container\"><div class=\"mwwsb-panel-header\"><div class=\"mwwsb-panel-title\">Playmaker runde 3 (GJ11-GJ15)<\/div><div class=\"mwwsb-panel-icon\"><span class=\"dashicon dashicons dashicons-arrow-down-alt2\"><\/span><\/div><\/div><div class=\"msswb-panel-content\">\n<p><strong>DATO: 29.11.2025<br>STED: Nordre \u00c5l Flerbrukshall<br>ARRANG\u00d8R: Lillehammer IBK<\/strong><br><strong>P\u00c5MELDINGSFRIST: 14.11.2025<br>P\u00c5MELDING: <a rel=\"noreferrer noopener\" href=\"https:\/\/ta.nif.no\/\/\" target=\"_blank\">ta.nif.no<\/a><\/strong><\/p>\n<\/div><\/div>\n\n\n\n<div class=\"wp-block-msswb-panel msswb-panel-container\"><div class=\"mwwsb-panel-header\"><div class=\"mwwsb-panel-title\">Playmaker runde 4 (GJ11-GJ15)<\/div><div class=\"mwwsb-panel-icon\"><span class=\"dashicon dashicons dashicons-arrow-down-alt2\"><\/span><\/div><\/div><div class=\"msswb-panel-content\">\n<p><strong><strong>DATO: 13.12.2025<br>STED: Ottestadhallen<br>ARRANG\u00d8R: <\/strong>Ottestad IL &#8211; innebandy<br><strong>P\u00c5MELDINGSFRIST:<\/strong> 02.12.2025<strong><br>P\u00c5MELDING: <a href=\"https:\/\/ta.nif.no\/\/\" target=\"_blank\" rel=\"noreferrer noopener\">ta.nif.no<\/a><\/strong><br><\/strong><\/p>\n<\/div><\/div>\n\n\n\n<div class=\"wp-block-msswb-panel msswb-panel-container\"><div class=\"mwwsb-panel-header\"><div class=\"mwwsb-panel-title\">Playmaker runde 5 (GJ11-GJ15)<\/div><div class=\"mwwsb-panel-icon\"><span class=\"dashicon dashicons dashicons-arrow-down-alt2\"><\/span><\/div><\/div><div class=\"msswb-panel-content\">\n<p><strong>DATO: 18.01.2026<br>STED: Stangehallen<br>ARRANG\u00d8R: Stange SK &#8211; innebandy<\/strong><br><strong>P\u00c5MELDINGSFRIST: <strong>02.01.2026<\/strong><br>P\u00c5MELDING: <a rel=\"noreferrer noopener\" href=\"https:\/\/ta.nif.no\/\/\" target=\"_blank\">ta.nif.no<\/a><\/strong><\/p>\n<\/div><\/div>\n\n\n\n<div class=\"wp-block-msswb-panel msswb-panel-container\"><div class=\"mwwsb-panel-header\"><div class=\"mwwsb-panel-title\">Playmaker runde 6 (GJ11-GJ15)<\/div><div class=\"mwwsb-panel-icon\"><span class=\"dashicon dashicons dashicons-arrow-down-alt2\"><\/span><\/div><\/div><div class=\"msswb-panel-content\">\n<p><strong><strong>DATO: 31.01.2026<br>STED: Neshallen, Stavsj\u00f8<br>ARRANG\u00d8R: <\/strong>Nes SK &#8211; innebandy<br><strong>P\u00c5MELDINGSFRIST:<\/strong> 16.01.2026<strong><br>P\u00c5MELDING: <a rel=\"noreferrer noopener\" href=\"https:\/\/ta.nif.no\/\/\" target=\"_blank\">ta.nif.no<\/a><\/strong><\/strong><\/p>\n<\/div><\/div>\n\n\n\n<div class=\"wp-block-msswb-panel msswb-panel-container\"><div class=\"mwwsb-panel-header\"><div class=\"mwwsb-panel-title\">Playmaker ekstrarunde (GJ11-GJ15)<\/div><div class=\"mwwsb-panel-icon\"><span class=\"dashicon dashicons dashicons-arrow-down-alt2\"><\/span><\/div><\/div><div class=\"msswb-panel-content\">\n<p><strong>DATO: 14.02.2026<br>STED:  Furneshallen, Furnes<br>ARRANG\u00d8R: Ajer IBK<\/strong><br><strong>P\u00c5MELDINGSFRIST:<\/strong> <strong>30.01.2026<br>P\u00c5MELDING: <a href=\"https:\/\/ta.nif.no\/\/\" target=\"_blank\" rel=\"noreferrer noopener\">ta.nif.no<\/a><\/strong><\/p>\n<\/div><\/div>\n\n\n\n<div class=\"wp-block-msswb-panel msswb-panel-container\"><div class=\"mwwsb-panel-header\"><div class=\"mwwsb-panel-title\">Playmaker runde 7 (GJ11-GJ15)<\/div><div class=\"mwwsb-panel-icon\"><span class=\"dashicon dashicons dashicons-arrow-down-alt2\"><\/span><\/div><\/div><div class=\"msswb-panel-content\">\n<p><strong>DATO: 07.03.2026<br>STED: Fagerlundhallen, Brumunddal<br>ARRANG\u00d8R: Brumunddal IBK<\/strong><br><strong>P\u00c5MELDINGSFRIST: <strong>20.02.2026<\/strong><br>P\u00c5MELDING: <a rel=\"noreferrer noopener\" href=\"https:\/\/ta.nif.no\/\/\" target=\"_blank\">ta.nif.no<\/a><\/strong><\/p>\n<\/div><\/div>\n\n\n\n<div class=\"wp-block-msswb-panel msswb-panel-container\"><div class=\"mwwsb-panel-header\"><div class=\"mwwsb-panel-title\">Playmaker runde 8 (GJ11-GJ15)<\/div><div class=\"mwwsb-panel-icon\"><span class=\"dashicon dashicons dashicons-arrow-down-alt2\"><\/span><\/div><\/div><div class=\"msswb-panel-content\">\n<p><strong>DATO: 22.03.2026<br>STED: Gausdal Arena<\/strong><strong><br>ARRANG\u00d8R: RM &#8211; Innlandet Bandyregion<\/strong><br><strong>P\u00c5MELDINGSFRIST: Informeres om i egen invitasjon! <br>P\u00c5MELDING: <a href=\"https:\/\/ta.nif.no\/\/\" target=\"_blank\" rel=\"noreferrer noopener\">ta.nif.no<\/a><\/strong><\/p>\n<\/div><\/div>\n<\/div><\/div>\n\n\n\n<div class=\"wp-block-msswb-panel msswb-panel-container\"><div class=\"mwwsb-panel-header\"><div class=\"mwwsb-panel-title\">Aktivitetsserie GJ11<\/div><div class=\"mwwsb-panel-icon\"><span class=\"dashicon dashicons dashicons-arrow-down-alt2\"><\/span><\/div><\/div><div class=\"msswb-panel-content\">\n<p><strong>Aktivitetsserien deles inn i to (en f\u00f8r jul, ny serie etter jul). P\u00e5melding skjer i forkant av hver serie. <\/strong><\/p>\n\n\n\n<div class=\"wp-block-msswb-panel msswb-panel-container\"><div class=\"mwwsb-panel-header\"><div class=\"mwwsb-panel-title\">GJ11- aktivitetsrunde 1<\/div><div class=\"mwwsb-panel-icon\"><span class=\"dashicon dashicons dashicons-arrow-down-alt2\"><\/span><\/div><\/div><div class=\"msswb-panel-content\">\n<p><strong>DATO: 02.11.2025<\/strong><br><strong>STED: Stangehallen<\/strong><br><strong>ARRANG\u00d8R: Stange SK &#8211; innebandy<\/strong><br><strong>P\u00c5MELDINGSFRIST: 10.10.2025<br>P\u00c5MELDING: VIA TA AV LAGLEDER\/TRENER<\/strong><\/p>\n<\/div><\/div>\n\n\n\n<div class=\"wp-block-msswb-panel msswb-panel-container\"><div class=\"mwwsb-panel-header\"><div class=\"mwwsb-panel-title\">GJ11- aktivitetsrunde 2<\/div><div class=\"mwwsb-panel-icon\"><span class=\"dashicon dashicons dashicons-arrow-down-alt2\"><\/span><\/div><\/div><div class=\"msswb-panel-content\">\n<p><strong>DATO: 16.11.2025<br>STED: Neshallen, Stavsj\u00f8<br>ARRANG\u00d8R: Nes Sp.kl. <\/strong><br><strong><strong>P\u00c5MELDINGSFRIST:<\/strong> 10.10.2025<\/strong><strong><br><strong>P\u00c5MELDING: VIA TA AV LAGLEDER\/TRENER<\/strong><\/strong><\/p>\n<\/div><\/div>\n\n\n\n<div class=\"wp-block-msswb-panel msswb-panel-container\"><div class=\"mwwsb-panel-header\"><div class=\"mwwsb-panel-title\">GJ11- aktivitetsrunde 3<\/div><div class=\"mwwsb-panel-icon\"><span class=\"dashicon dashicons dashicons-arrow-down-alt2\"><\/span><\/div><\/div><div class=\"msswb-panel-content\">\n<p><strong>DATO: 06.12.2025<\/strong><br><strong>STED: Fagerlundhallen, Brumunddal<br>ARRANG\u00d8R: Brumunddal IBK<\/strong><br><strong><strong>P\u00c5MELDINGSFRIST:<\/strong> 10.10.2025<br><strong>P\u00c5MELDING: VIA TA AV LAGLEDER\/TRENER<\/strong><\/strong><\/p>\n<\/div><\/div>\n\n\n\n<div class=\"wp-block-msswb-panel msswb-panel-container\"><div class=\"mwwsb-panel-header\"><div class=\"mwwsb-panel-title\">GJ11- aktivitetsrunde 4<\/div><div class=\"mwwsb-panel-icon\"><span class=\"dashicon dashicons dashicons-arrow-down-alt2\"><\/span><\/div><\/div><div class=\"msswb-panel-content\">\n<p><strong>DATO:  25.01.2025<br>STED: Ottestadhallen<br>ARRANG\u00d8R: Ottestad IL &#8211; innebandy<\/strong><br><strong>P\u00c5MELDINGSFRIST: 10.01.2026<\/strong> <br><strong><strong><strong><strong>P\u00c5MELDING: VIA TA AV LAGLEDER\/TRENER<\/strong><\/strong><\/strong> (de lag som deltar p\u00e5 Aktivitetsserie f\u00f8r jul er automatisk p\u00e5meldt etter jul)<br><\/strong><\/p>\n<\/div><\/div>\n\n\n\n<div class=\"wp-block-msswb-panel msswb-panel-container\"><div class=\"mwwsb-panel-header\"><div class=\"mwwsb-panel-title\">GJ11- aktivitetsrunde 5<\/div><div class=\"mwwsb-panel-icon\"><span class=\"dashicon dashicons dashicons-arrow-down-alt2\"><\/span><\/div><\/div><div class=\"msswb-panel-content\">\n<p><strong>DATO: 15.02.2025<br>STED: Norde \u00c5l Flerbrukshall<br>ARRANG\u00d8R: Lillehammer IBK<\/strong><br><strong><strong><strong><strong><strong><strong><strong>P\u00c5MELDINGSFRIST: 10.01.2026<\/strong> <br><strong><strong><strong><strong>P\u00c5MELDING: VIA TA AV LAGLEDER\/TRENER<\/strong><\/strong><\/strong> (de lag som deltar p\u00e5 Aktivitetsserie f\u00f8r jul er automatisk p\u00e5meldt etter jul)<br><\/strong><\/strong><\/strong><\/strong><\/strong><\/strong><\/strong><\/p>\n<\/div><\/div>\n\n\n\n<div class=\"wp-block-msswb-panel msswb-panel-container\"><div class=\"mwwsb-panel-header\"><div class=\"mwwsb-panel-title\">GJ11- aktivitetsrunde 6<\/div><div class=\"mwwsb-panel-icon\"><span class=\"dashicon dashicons dashicons-arrow-down-alt2\"><\/span><\/div><\/div><div class=\"msswb-panel-content\">\n<p><strong>DATO: 15.03.2025<br>STED: \u00c5PEN<br>ARRANG\u00d8R: Ingen arrang\u00f8r <\/strong><br><strong><strong><strong><strong><strong>P\u00c5MELDINGSFRIST: 10.01.2026<\/strong> <br><strong><strong><strong><strong>P\u00c5MELDING: VIA TA AV LAGLEDER\/TRENER<\/strong><\/strong><\/strong> (de lag som deltar p\u00e5 Aktivitetsserie f\u00f8r jul er automatisk p\u00e5meldt etter jul)<br><\/strong><\/strong><br><\/strong><\/strong><\/strong><\/p>\n<\/div><\/div>\n<\/div><\/div>\n\n\n\n<p><strong>Alle spillere under 13 \u00e5r med medlemskap i en innebandyklubb, er automatisk forsikret gjennom Norges Bandyforbund. Vi anbefaler alle foreldre og lagledere \u00e5 ta en titt p\u00e5&nbsp;<a href=\"https:\/\/www.idrettsforbundet.no\/tema\/barneidrett\/\">barneidrettsbestemmelsene<\/a>.<\/strong><\/p>\n","protected":false},"excerpt":{"rendered":"<p>&nbsp; Velkommen til rundespill sesongen 2025\/2026! Kommende sesong er det planlagt \u00e5tte helger med Minirunde og Playmaker. Minirunde spilles p\u00e5 l\u00f8rdag, mens 3v3 Playmaker spilles s\u00f8ndag (dersom alt lar seg gjennomf\u00f8re samme dag spilles Playmaker l\u00f8rdag etter minirunde). Les mer om rundespill-tilbudene i Innlandet Bandyregion p\u00e5 denne lenken. P\u00e5melding til rundespillene foreg\u00e5r via Turneringsadmin (TA) [&hellip;]<\/p>\n","protected":false},"author":29,"featured_media":0,"parent":359,"menu_order":0,"comment_status":"closed","ping_status":"closed","template":"","meta":{"cover_meta":"","footnotes":""},"class_list":["post-377","page","type-page","status-publish","hentry"],"_links":{"self":[{"href":"https:\/\/bandyforbundet.no\/innlandet-bandyregion\/index.php?rest_route=\/wp\/v2\/pages\/377","targetHints":{"allow":["GET"]}}],"collection":[{"href":"https:\/\/bandyforbundet.no\/innlandet-bandyregion\/index.php?rest_route=\/wp\/v2\/pages"}],"about":[{"href":"https:\/\/bandyforbundet.no\/innlandet-bandyregion\/index.php?rest_route=\/wp\/v2\/types\/page"}],"author":[{"embeddable":true,"href":"https:\/\/bandyforbundet.no\/innlandet-bandyregion\/index.php?rest_route=\/wp\/v2\/users\/29"}],"replies":[{"embeddable":true,"href":"https:\/\/bandyforbundet.no\/innlandet-bandyregion\/index.php?rest_route=%2Fwp%2Fv2%2Fcomments&post=377"}],"version-history":[{"count":145,"href":"https:\/\/bandyforbundet.no\/innlandet-bandyregion\/index.php?rest_route=\/wp\/v2\/pages\/377\/revisions"}],"predecessor-version":[{"id":5687,"href":"https:\/\/bandyforbundet.no\/innlandet-bandyregion\/index.php?rest_route=\/wp\/v2\/pages\/377\/revisions\/5687"}],"up":[{"embeddable":true,"href":"https:\/\/bandyforbundet.no\/innlandet-bandyregion\/index.php?rest_route=\/wp\/v2\/pages\/359"}],"wp:attachment":[{"href":"https:\/\/bandyforbundet.no\/innlandet-bandyregion\/index.php?rest_route=%2Fwp%2Fv2%2Fmedia&parent=377"}],"curies":[{"name":"wp","href":"https:\/\/api.w.org\/{rel}","templated":true}]}}