{"id":379,"date":"2018-08-09T10:01:11","date_gmt":"2018-08-09T08:01:11","guid":{"rendered":"http:\/\/bandyforbundet.no\/innlandet-bandyregion\/?page_id=379"},"modified":"2022-11-23T09:12:10","modified_gmt":"2022-11-23T09:12:10","slug":"arrangorinstruks-7","status":"publish","type":"page","link":"https:\/\/bandyforbundet.no\/innlandet-bandyregion\/?page_id=379","title":{"rendered":"Arrang\u00f8rinstruks"},"content":{"rendered":"\n<div class=\"wp-block-msswb-spacer msswb-spacer-container\" style=\"height:50px\"><div class=\"line\" style=\"height:25px\"><\/div><div class=\"line-center-divider\"><\/div><\/div>\n\n\n\n<p>Nedenfor finner du retningslinjer\/huskeliste for gjennomf\u00f8ring av yngresrunder, som dere som arrang\u00f8rklubb m\u00e5 huske p\u00e5.&nbsp;<\/p>\n\n\n\n<div class=\"msswb-file\"><a href=\"https:\/\/bandyforbundet.no\/innlandet-bandyregion\/wp-content\/uploads\/sites\/15\/2021\/10\/Arrangementinstruks-Innlandet-Bandyregion.pdf\" class=\"file-button\" download><span class=\"dashicon dashicons dashicons-download\"><\/span><\/a><a class=\"file-link\" href=\"https:\/\/bandyforbundet.no\/innlandet-bandyregion\/wp-content\/uploads\/sites\/15\/2021\/10\/Arrangementinstruks-Innlandet-Bandyregion.pdf\">Arrangementinstruks Innlandet Bandyregion<\/a><\/div>\n\n\n<div class=\"msswb-image-frontend-app\"data-href-target=\"false\" data-href=\"%22%22\" data-use-link=\"false\" data-screen-width=\"false\" data-alignment=\"%22right%22\" data-url=\"%22https%3A%5C%2F%5C%2Fbandyforbundet.no%5C%2Finnebandy%5C%2Fwp-content%5C%2Fuploads%5C%2Fsites%5C%2F3%5C%2F2016%5C%2F07%5C%2FaIMG_5977-300x159.jpg%22\" data-is-background-image=\"false\" data-border-radius=\"0\" data-image-width=\"300\" data-image-height=\"159\" data-selected-image=\"%7B%22image_id%22%3A3523%2C%22blog_id%22%3A%2215%22%2C%22term_id%22%3A193%2C%22selected_size%22%3A%22full%22%7D\" data-image-aspect-ratio=\"0.53\" data-alt-text=\"%22Foto%20av%3A%20Frank%20Nordseth%22\" data-caption=\"%22%22\" data-width=\"400\" data-height=\"212\" data-focal-point=\"\" data-show-light-box=\"false\" >\n<div class=\"msswb-image-block msswbright\" style=\"width:400px\"><div class=\"msswb-image \"><div class=\"image-container\" style=\"width:400px;height:212px\"><img decoding=\"async\" style=\"width:400px;height:212px\" src=\"https:\/\/bandyforbundet.no\/innebandy\/wp-content\/uploads\/sites\/3\/2016\/07\/aIMG_5977-300x159.jpg\" \/><\/div><\/div><div class=\"msswb-image-caption-container\"><div class=\"msswb-image-caption\"><\/div><div class=\"msswb-image-attribution\">Foto av: Frank Nordseth<\/div><\/div><\/div>\n<\/div>","protected":false},"excerpt":{"rendered":"<p>Nedenfor finner du retningslinjer\/huskeliste for gjennomf\u00f8ring av yngresrunder, som dere som arrang\u00f8rklubb m\u00e5 huske p\u00e5.&nbsp;<\/p>\n","protected":false},"author":39,"featured_media":0,"parent":377,"menu_order":0,"comment_status":"closed","ping_status":"closed","template":"","meta":{"cover_meta":"","footnotes":""},"class_list":["post-379","page","type-page","status-publish","hentry"],"_links":{"self":[{"href":"https:\/\/bandyforbundet.no\/innlandet-bandyregion\/index.php?rest_route=\/wp\/v2\/pages\/379","targetHints":{"allow":["GET"]}}],"collection":[{"href":"https:\/\/bandyforbundet.no\/innlandet-bandyregion\/index.php?rest_route=\/wp\/v2\/pages"}],"about":[{"href":"https:\/\/bandyforbundet.no\/innlandet-bandyregion\/index.php?rest_route=\/wp\/v2\/types\/page"}],"author":[{"embeddable":true,"href":"https:\/\/bandyforbundet.no\/innlandet-bandyregion\/index.php?rest_route=\/wp\/v2\/users\/39"}],"replies":[{"embeddable":true,"href":"https:\/\/bandyforbundet.no\/innlandet-bandyregion\/index.php?rest_route=%2Fwp%2Fv2%2Fcomments&post=379"}],"version-history":[{"count":6,"href":"https:\/\/bandyforbundet.no\/innlandet-bandyregion\/index.php?rest_route=\/wp\/v2\/pages\/379\/revisions"}],"predecessor-version":[{"id":3419,"href":"https:\/\/bandyforbundet.no\/innlandet-bandyregion\/index.php?rest_route=\/wp\/v2\/pages\/379\/revisions\/3419"}],"up":[{"embeddable":true,"href":"https:\/\/bandyforbundet.no\/innlandet-bandyregion\/index.php?rest_route=\/wp\/v2\/pages\/377"}],"wp:attachment":[{"href":"https:\/\/bandyforbundet.no\/innlandet-bandyregion\/index.php?rest_route=%2Fwp%2Fv2%2Fmedia&parent=379"}],"curies":[{"name":"wp","href":"https:\/\/api.w.org\/{rel}","templated":true}]}}