{"id":386,"date":"2020-02-13T14:10:22","date_gmt":"2020-02-13T13:10:22","guid":{"rendered":"http:\/\/bandyforbundet.no\/innlandet-bandyregion\/?page_id=386"},"modified":"2022-06-07T11:14:38","modified_gmt":"2022-06-07T11:14:38","slug":"etiske-retningslinjer","status":"publish","type":"page","link":"https:\/\/bandyforbundet.no\/innlandet-bandyregion\/?page_id=386","title":{"rendered":"Etiske retningslinjer"},"content":{"rendered":"\n<h2 class=\"wp-block-heading\">Innlandet Bandyregion sine etiske retningslinjer<\/h2>\n\n\n\n<p class=\"has-text-align-left\">Regionens styre har utarbeidet en mer detaljert beskrivelse om hva de \u201cEtiske retningslinjene\u201d, vedtatt p\u00e5 regionens \u00e5rsm\u00f8te 12.april 2018, omhandler. Se vedlegg nedenfor for mer informasjon og orientering.<\/p>\n\n\n\n<p><\/p>\n\n\n\n<div class=\"msswb-file\"><a href=\"https:\/\/bandyforbundet.no\/innlandet-bandyregion\/wp-content\/uploads\/sites\/15\/2022\/06\/Etiske-retningslinjer-IBR-rev.-2022.pdf\" class=\"file-button\" download><span class=\"dashicon dashicons dashicons-download\"><\/span><\/a><a class=\"file-link\" href=\"https:\/\/bandyforbundet.no\/innlandet-bandyregion\/wp-content\/uploads\/sites\/15\/2022\/06\/Etiske-retningslinjer-IBR-rev.-2022.pdf\">Etiske retningslinjer, IBR rev. 2022<\/a><\/div>\n","protected":false},"excerpt":{"rendered":"<p>Innlandet Bandyregion sine etiske retningslinjer Regionens styre har utarbeidet en mer detaljert beskrivelse om hva de \u201cEtiske retningslinjene\u201d, vedtatt p\u00e5 regionens \u00e5rsm\u00f8te 12.april 2018, omhandler. Se vedlegg nedenfor for mer informasjon og orientering.<\/p>\n","protected":false},"author":39,"featured_media":0,"parent":382,"menu_order":0,"comment_status":"closed","ping_status":"closed","template":"","meta":{"cover_meta":"","footnotes":""},"class_list":["post-386","page","type-page","status-publish","hentry"],"_links":{"self":[{"href":"https:\/\/bandyforbundet.no\/innlandet-bandyregion\/index.php?rest_route=\/wp\/v2\/pages\/386","targetHints":{"allow":["GET"]}}],"collection":[{"href":"https:\/\/bandyforbundet.no\/innlandet-bandyregion\/index.php?rest_route=\/wp\/v2\/pages"}],"about":[{"href":"https:\/\/bandyforbundet.no\/innlandet-bandyregion\/index.php?rest_route=\/wp\/v2\/types\/page"}],"author":[{"embeddable":true,"href":"https:\/\/bandyforbundet.no\/innlandet-bandyregion\/index.php?rest_route=\/wp\/v2\/users\/39"}],"replies":[{"embeddable":true,"href":"https:\/\/bandyforbundet.no\/innlandet-bandyregion\/index.php?rest_route=%2Fwp%2Fv2%2Fcomments&post=386"}],"version-history":[{"count":5,"href":"https:\/\/bandyforbundet.no\/innlandet-bandyregion\/index.php?rest_route=\/wp\/v2\/pages\/386\/revisions"}],"predecessor-version":[{"id":2646,"href":"https:\/\/bandyforbundet.no\/innlandet-bandyregion\/index.php?rest_route=\/wp\/v2\/pages\/386\/revisions\/2646"}],"up":[{"embeddable":true,"href":"https:\/\/bandyforbundet.no\/innlandet-bandyregion\/index.php?rest_route=\/wp\/v2\/pages\/382"}],"wp:attachment":[{"href":"https:\/\/bandyforbundet.no\/innlandet-bandyregion\/index.php?rest_route=%2Fwp%2Fv2%2Fmedia&parent=386"}],"curies":[{"name":"wp","href":"https:\/\/api.w.org\/{rel}","templated":true}]}}