{"id":393,"date":"2018-07-30T12:01:17","date_gmt":"2018-07-30T10:01:17","guid":{"rendered":"http:\/\/bandyforbundet.no\/innlandet-bandyregion\/?page_id=393"},"modified":"2022-06-15T11:26:59","modified_gmt":"2022-06-15T11:26:59","slug":"om-oss-2","status":"publish","type":"page","link":"https:\/\/bandyforbundet.no\/innlandet-bandyregion\/?page_id=393","title":{"rendered":"Om oss"},"content":{"rendered":"\n<div class=\"wp-block-msswb-spacer msswb-spacer-container\" style=\"height:50px\"><div class=\"line\" style=\"height:25px\"><\/div><div class=\"line-center-divider\"><\/div><\/div>\n\n\n\n<h2 class=\"wp-block-heading\">Om oss:<\/h2>\n\n\n\n<figure class=\"wp-block-table\"><table><tbody><tr><td>Stiftet:<\/td><\/tr><tr><td>Bes\u00f8ksadresse: Idrettens Hus, L\u00f8vstadvegen 7, 2312 Ottestad<\/td><\/tr><tr><td>Postadresse: Idrettens Hus, L\u00f8vstadvegen 7, 2312 Ottestad<\/td><\/tr><tr><td>E-post: <a href=\"mailto:innlandetbandyregion@gmail.com\">innlandetbandyregion@gmail.com<\/a><\/td><\/tr><tr><td>Kontonummer: 1644.26.15431<\/td><\/tr><tr><td>Organisasjonsnummer: 914279739<\/td><\/tr><tr><td>Klubber i regionen: 22<\/td><\/tr><tr><td>Aktive spillere i regionen: 1974<\/td><\/tr><\/tbody><\/table><\/figure>\n","protected":false},"excerpt":{"rendered":"<p>Om oss: Stiftet: Bes\u00f8ksadresse: Idrettens Hus, L\u00f8vstadvegen 7, 2312 Ottestad Postadresse: Idrettens Hus, L\u00f8vstadvegen 7, 2312 Ottestad E-post: innlandetbandyregion@gmail.com Kontonummer: 1644.26.15431 Organisasjonsnummer: 914279739 Klubber i regionen: 22 Aktive spillere i regionen: 1974<\/p>\n","protected":false},"author":39,"featured_media":0,"parent":382,"menu_order":0,"comment_status":"closed","ping_status":"closed","template":"","meta":{"cover_meta":"","footnotes":""},"class_list":["post-393","page","type-page","status-publish","hentry"],"_links":{"self":[{"href":"https:\/\/bandyforbundet.no\/innlandet-bandyregion\/index.php?rest_route=\/wp\/v2\/pages\/393","targetHints":{"allow":["GET"]}}],"collection":[{"href":"https:\/\/bandyforbundet.no\/innlandet-bandyregion\/index.php?rest_route=\/wp\/v2\/pages"}],"about":[{"href":"https:\/\/bandyforbundet.no\/innlandet-bandyregion\/index.php?rest_route=\/wp\/v2\/types\/page"}],"author":[{"embeddable":true,"href":"https:\/\/bandyforbundet.no\/innlandet-bandyregion\/index.php?rest_route=\/wp\/v2\/users\/39"}],"replies":[{"embeddable":true,"href":"https:\/\/bandyforbundet.no\/innlandet-bandyregion\/index.php?rest_route=%2Fwp%2Fv2%2Fcomments&post=393"}],"version-history":[{"count":6,"href":"https:\/\/bandyforbundet.no\/innlandet-bandyregion\/index.php?rest_route=\/wp\/v2\/pages\/393\/revisions"}],"predecessor-version":[{"id":2770,"href":"https:\/\/bandyforbundet.no\/innlandet-bandyregion\/index.php?rest_route=\/wp\/v2\/pages\/393\/revisions\/2770"}],"up":[{"embeddable":true,"href":"https:\/\/bandyforbundet.no\/innlandet-bandyregion\/index.php?rest_route=\/wp\/v2\/pages\/382"}],"wp:attachment":[{"href":"https:\/\/bandyforbundet.no\/innlandet-bandyregion\/index.php?rest_route=%2Fwp%2Fv2%2Fmedia&parent=393"}],"curies":[{"name":"wp","href":"https:\/\/api.w.org\/{rel}","templated":true}]}}